{"id":2338,"date":"2025-08-22T14:10:26","date_gmt":"2025-08-22T14:10:26","guid":{"rendered":"https:\/\/birdie.lv\/?page_id=2338"},"modified":"2026-03-06T21:06:59","modified_gmt":"2026-03-06T21:06:59","slug":"kontakti","status":"publish","type":"page","link":"https:\/\/birdie.lv\/en\/kontakti\/","title":{"rendered":"Kontakti"},"content":{"rendered":"\t\t<div data-elementor-type=\"wp-page\" data-elementor-id=\"2338\" class=\"elementor elementor-2338\">\n\t\t\t\t<div class=\"wd-negative-gap elementor-element elementor-element-440987e1 e-flex e-con-boxed e-con e-parent\" data-id=\"440987e1\" data-element_type=\"container\" data-e-type=\"container\">\n\t\t\t\t\t<div class=\"e-con-inner\">\n\t\t<div class=\"wd-sticky-container-lg elementor-element elementor-element-24623131 e-con-full wd-col-offcanvas-md-sm wd-col-offcanvas-sm e-flex wd-alignment-left e-con e-child\" data-id=\"24623131\" data-element_type=\"container\" data-e-type=\"container\">\n\t\t\t\t<div class=\"elementor-element elementor-element-1501b947 elementor-widget elementor-widget-wd_mega_menu\" data-id=\"1501b947\" data-element_type=\"widget\" data-e-type=\"widget\" data-widget_type=\"wd_mega_menu.default\">\n\t\t\t\t<div class=\"elementor-widget-container\">\n\t\t\t\t\t\t\t<div class=\"wd-menu widget_nav_mega_menu\">\n\t\t\t\t\t\t<ul id=\"menu-content-menu\" class=\"menu wd-nav wd-nav-vertical wd-design-simple wd-gap-l\"><li id=\"menu-item-4701\" class=\"menu-item menu-item-type-post_type menu-item-object-page menu-item-4701 item-level-0 menu-simple-dropdown wd-event-hover\" ><a href=\"https:\/\/birdie.lv\/en\/kontakti\/\" class=\"woodmart-nav-link\"><span class=\"nav-link-text\">Kontakti<\/span><\/a><\/li>\n<li id=\"menu-item-4702\" class=\"menu-item menu-item-type-post_type menu-item-object-page menu-item-4702 item-level-0 menu-simple-dropdown wd-event-hover\" ><a href=\"https:\/\/birdie.lv\/en\/piegade\/\" class=\"woodmart-nav-link\"><span class=\"nav-link-text\">Pieg\u0101de<\/span><\/a><\/li>\n<li id=\"menu-item-4705\" class=\"menu-item menu-item-type-post_type menu-item-object-page menu-item-4705 item-level-0 menu-simple-dropdown wd-event-hover\" ><a href=\"https:\/\/birdie.lv\/en\/privatuma-politika\/\" class=\"woodmart-nav-link\"><span class=\"nav-link-text\">Priv\u0101tuma Politika<\/span><\/a><\/li>\n<li id=\"menu-item-4703\" class=\"menu-item menu-item-type-post_type menu-item-object-page menu-item-4703 item-level-0 menu-simple-dropdown wd-event-hover\" ><a href=\"https:\/\/birdie.lv\/en\/lietosanas-noteikumi\/\" class=\"woodmart-nav-link\"><span class=\"nav-link-text\">Lieto\u0161anas noteikumi<\/span><\/a><\/li>\n<li id=\"menu-item-4704\" class=\"menu-item menu-item-type-post_type menu-item-object-page menu-item-4704 item-level-0 menu-simple-dropdown wd-event-hover\" ><a href=\"https:\/\/birdie.lv\/en\/sikdatnu-politika\/\" class=\"woodmart-nav-link\"><span class=\"nav-link-text\">S\u012bkdat\u0146u politika<\/span><\/a><\/li>\n<\/ul>\t\t<\/div>\n\t\t\t\t\t\t<\/div>\n\t\t\t\t<\/div>\n\t\t\t\t<\/div>\n\t\t<div class=\"elementor-element elementor-element-2a4b1c61 e-con-full wd-col-content-md-sm wd-col-content-sm e-flex e-con e-child\" data-id=\"2a4b1c61\" data-element_type=\"container\" data-e-type=\"container\">\n\t\t\t\t<div class=\"elementor-element elementor-element-5d3dd7e elementor-widget elementor-widget-wd_text_block\" data-id=\"5d3dd7e\" data-element_type=\"widget\" data-e-type=\"widget\" data-widget_type=\"wd_text_block.default\">\n\t\t\t\t<div class=\"elementor-widget-container\">\n\t\t\t\t\t\t\t<div class=\"wd-text-block reset-last-child text-left\">\n\t\t\t\n\t\t\t<h4 class=\"has-text-color has-link-color has-woostify-heading-6-font-size\">Birdie.lv ir disku golfa invent\u0101ra e-komercijas platforma, kas radusies, darbojoties kop\u0101 diviem draugiem \u2013 disku golfa entuziastiem. Abi disku golfu s\u0101k\u0101m iepaz\u012bt 2025. gad\u0101 un \u0101tri vien saprat\u0101m, ka disku golfa invent\u0101ra pieejam\u012bba ir maza. Nol\u0113m\u0101m \u0137erties pie lietas un to main\u012bt, t\u0101p\u0113c 2025. gada nogali esam pasludin\u0101ju\u0161i par Birdie.lv dzim\u0161anas dienu!<\/h4>\n<h3><!-- \/wp:paragraph --><!-- wp:paragraph {\"style\":{\"color\":{\"text\":\"#000000\"},\"elements\":{\"link\":{\"color\":{\"text\":\"#000000\"}}}},\"fontSize\":\"woostify-heading-6\"} --><\/h3>\n<h4 class=\"has-text-color has-link-color has-woostify-heading-6-font-size\"><strong>Lai labi lido, <\/strong>J\u016bsu Birdie.lv<!-- \/wp:paragraph --><\/h4>\n\n\t\t\t\t\t<\/div>\n\t\t\t\t\t\t<\/div>\n\t\t\t\t<\/div>\n\t\t\t\t<div class=\"elementor-element elementor-element-cacdb8b elementor-widget-divider--view-line elementor-widget elementor-widget-divider\" data-id=\"cacdb8b\" data-element_type=\"widget\" data-e-type=\"widget\" data-widget_type=\"divider.default\">\n\t\t\t\t\t\t\t<div class=\"elementor-divider\">\n\t\t\t<span class=\"elementor-divider-separator\">\n\t\t\t\t\t\t<\/span>\n\t\t<\/div>\n\t\t\t\t\t\t<\/div>\n\t\t\t\t<div class=\"elementor-element elementor-element-03f3c56 elementor-widget elementor-widget-wd_text_block\" data-id=\"03f3c56\" data-element_type=\"widget\" data-e-type=\"widget\" data-widget_type=\"wd_text_block.default\">\n\t\t\t\t<div class=\"elementor-widget-container\">\n\t\t\t\t\t\t\t<div class=\"wd-text-block reset-last-child text-left\">\n\t\t\t\n\t\t\t<h4><strong>Kontaktinform\u0101cija:<\/strong><br \/>E-pasta adrese:\u00a0<a title=\"\" href=\"mailto:info@birdie.lv\">info@birdie.lv<\/a><br \/>Telefona nr.:\u00a0<strong><a title=\"+371 28613416\" href=\"http:\/\/:tel\/\">+371 28613416<\/a>\u00a0(Mat\u012bss)<\/strong><br \/>Telefona nr.:\u00a0<strong><a title=\"+371 26 326 335\" href=\"http:\/\/:tel\/\">+371 26 326 335<\/a>\u00a0(Kristers)<\/strong><br \/><br \/>Rekviz\u012bti:<br \/><strong>SIA KRIPEX<\/strong>\u00a0(Birdie.lv)<br \/>Re\u0123istr\u0101cijas numurs:\u00a0<strong>40203666784<\/strong><br \/>PVN maks\u0101t\u0101ja numurs:\u00a0<strong>LV40203666784<\/strong><br \/>Juridisk\u0101 adrese:\u00a0<strong>Akmens iela 2 \u2013 9, C\u0113sis, C\u0113su nov., LV-4101<\/strong><\/h4>\n\t\t\t\t\t<\/div>\n\t\t\t\t\t\t<\/div>\n\t\t\t\t<\/div>\n\t\t<div class=\"elementor-element elementor-element-ded6080 e-grid e-con-full e-con e-child\" data-id=\"ded6080\" data-element_type=\"container\" data-e-type=\"container\">\n\t\t\t\t<div class=\"elementor-element elementor-element-266d9f7 wd-width-100 elementor-widget elementor-widget-wd_open_street_map\" data-id=\"266d9f7\" data-element_type=\"widget\" data-e-type=\"widget\" data-widget_type=\"wd_open_street_map.default\">\n\t\t\t\t<div class=\"elementor-widget-container\">\n\t\t\t\t\t\t\t<div class=\"wd-osm-map-container wd-map-container map-container-with-content\" style=\"--wd-justify-content: left; --wd-align-items: start;\">\n\t\t\t<div id=\"wd-osm-map-266d9f7\" class=\"wd-osm-map-wrapper wd-map-wrapper\" data-settings=\"{&quot;zoom&quot;:15,&quot;iconUrl&quot;:&quot;https:\\\/\\\/birdie.lv\\\/wp-content\\\/themes\\\/woodmart\\\/images\\\/icons\\\/marker-icon.png&quot;,&quot;scrollWheelZoom&quot;:&quot;no&quot;,&quot;zoomControl&quot;:&quot;yes&quot;,&quot;dragging&quot;:&quot;yes&quot;,&quot;geoapify_tile&quot;:&quot;osm-carto&quot;,&quot;markers&quot;:[{&quot;marker&quot;:{&quot;_id&quot;:&quot;19791b6&quot;,&quot;marker_coords&quot;:&quot;57.53080838466819, 25.429201656712802&quot;,&quot;marker_title&quot;:&quot;&quot;,&quot;marker_description&quot;:&quot;&quot;,&quot;marker_behavior&quot;:&quot;popup&quot;,&quot;show_button&quot;:&quot;no&quot;,&quot;button_text&quot;:null,&quot;button_url&quot;:null,&quot;button_url_target&quot;:null,&quot;image&quot;:{&quot;url&quot;:&quot;&quot;,&quot;id&quot;:&quot;&quot;,&quot;size&quot;:&quot;&quot;},&quot;image_size&quot;:[],&quot;image_custom_dimension&quot;:null},&quot;lat&quot;:&quot;57.53080838466819&quot;,&quot;lng&quot;:&quot; 25.429201656712802&quot;}],&quot;center&quot;:&quot;57.530808384668,25.429201656713&quot;,&quot;init_type&quot;:&quot;page_load&quot;}\"><\/div>\n\n\t\t\t\n\t\t\t\n\t\t\t\t\t\t\t<div class=\"wd-osm-map-content-wrap wd-map-content-wrap wd-fill\">\n\t\t\t\t\t<div class=\"wd-osm-map-content wd-map-content wd-entry-content\">\n\t\t\t\t\t\t\t\t\t\t\t\t\t<p>Valmieras sa\u0146em\u0161ana uz vietas.<\/p>\n\t\t\t\t\t\t\t\t\t\t\t<\/div>\n\t\t\t\t<\/div>\n\t\t\t\t\t<\/div>\n\t\t\t\t\t\t<\/div>\n\t\t\t\t<\/div>\n\t\t\t\t<div class=\"elementor-element elementor-element-2fd7488 wd-width-100 elementor-widget elementor-widget-wd_open_street_map\" data-id=\"2fd7488\" data-element_type=\"widget\" data-e-type=\"widget\" data-widget_type=\"wd_open_street_map.default\">\n\t\t\t\t<div class=\"elementor-widget-container\">\n\t\t\t\t\t\t\t<div class=\"wd-osm-map-container wd-map-container map-container-with-content\" style=\"--wd-justify-content: right; --wd-align-items: start;\">\n\t\t\t<div id=\"wd-osm-map-2fd7488\" class=\"wd-osm-map-wrapper wd-map-wrapper\" data-settings=\"{&quot;zoom&quot;:15,&quot;iconUrl&quot;:&quot;https:\\\/\\\/birdie.lv\\\/wp-content\\\/themes\\\/woodmart\\\/images\\\/icons\\\/marker-icon.png&quot;,&quot;scrollWheelZoom&quot;:&quot;no&quot;,&quot;zoomControl&quot;:&quot;yes&quot;,&quot;dragging&quot;:&quot;yes&quot;,&quot;geoapify_tile&quot;:&quot;osm-carto&quot;,&quot;markers&quot;:[{&quot;marker&quot;:{&quot;_id&quot;:&quot;19791b6&quot;,&quot;marker_coords&quot;:&quot;57.319050, 25.282331&quot;,&quot;marker_title&quot;:&quot;&quot;,&quot;marker_description&quot;:&quot;&quot;,&quot;marker_behavior&quot;:&quot;popup&quot;,&quot;show_button&quot;:&quot;no&quot;,&quot;button_text&quot;:null,&quot;button_url&quot;:null,&quot;button_url_target&quot;:null,&quot;image&quot;:{&quot;url&quot;:&quot;&quot;,&quot;id&quot;:&quot;&quot;,&quot;size&quot;:&quot;&quot;},&quot;image_size&quot;:[],&quot;image_custom_dimension&quot;:null},&quot;lat&quot;:&quot;57.319050&quot;,&quot;lng&quot;:&quot; 25.282331&quot;}],&quot;center&quot;:&quot;57.31905,25.282331&quot;,&quot;init_type&quot;:&quot;page_load&quot;}\"><\/div>\n\n\t\t\t\n\t\t\t\n\t\t\t\t\t\t\t<div class=\"wd-osm-map-content-wrap wd-map-content-wrap wd-fill\">\n\t\t\t\t\t<div class=\"wd-osm-map-content wd-map-content wd-entry-content\">\n\t\t\t\t\t\t\t\t\t\t\t\t\t<p>Juridisk\u0101 adrese.<\/p>\n\t\t\t\t\t\t\t\t\t\t\t<\/div>\n\t\t\t\t<\/div>\n\t\t\t\t\t<\/div>\n\t\t\t\t\t\t<\/div>\n\t\t\t\t<\/div>\n\t\t\t\t<\/div>\n\t\t\t\t<\/div>\n\t\t\t\t\t<\/div>\n\t\t\t\t<\/div>\n\t\t\t\t<\/div>\n\t\t","protected":false},"excerpt":{"rendered":"<p>About Affiliate Partner Careers Birdie.lv ir disku golfa invent\u0101ra e-komercijas platforma, kas radusies, darbojoties kop\u0101 diviem draugiem \u2013 disku golfa<\/p>","protected":false},"author":1,"featured_media":0,"parent":0,"menu_order":0,"comment_status":"closed","ping_status":"closed","template":"","meta":{"om_disable_all_campaigns":false,"footnotes":""},"class_list":["post-2338","page","type-page","status-publish","hentry"],"aioseo_notices":[],"jetpack_sharing_enabled":true,"_links":{"self":[{"href":"https:\/\/birdie.lv\/en\/wp-json\/wp\/v2\/pages\/2338","targetHints":{"allow":["GET"]}}],"collection":[{"href":"https:\/\/birdie.lv\/en\/wp-json\/wp\/v2\/pages"}],"about":[{"href":"https:\/\/birdie.lv\/en\/wp-json\/wp\/v2\/types\/page"}],"author":[{"embeddable":true,"href":"https:\/\/birdie.lv\/en\/wp-json\/wp\/v2\/users\/1"}],"replies":[{"embeddable":true,"href":"https:\/\/birdie.lv\/en\/wp-json\/wp\/v2\/comments?post=2338"}],"version-history":[{"count":16,"href":"https:\/\/birdie.lv\/en\/wp-json\/wp\/v2\/pages\/2338\/revisions"}],"predecessor-version":[{"id":4695,"href":"https:\/\/birdie.lv\/en\/wp-json\/wp\/v2\/pages\/2338\/revisions\/4695"}],"wp:attachment":[{"href":"https:\/\/birdie.lv\/en\/wp-json\/wp\/v2\/media?parent=2338"}],"curies":[{"name":"wp","href":"https:\/\/api.w.org\/{rel}","templated":true}]}}