{"id":2347,"date":"2025-08-22T16:01:36","date_gmt":"2025-08-22T16:01:36","guid":{"rendered":"https:\/\/birdie.lv\/?page_id=2347"},"modified":"2026-03-06T20:04:08","modified_gmt":"2026-03-06T20:04:08","slug":"privatuma-politika","status":"publish","type":"page","link":"https:\/\/birdie.lv\/en\/privatuma-politika\/","title":{"rendered":"Priv\u0101tuma Politika"},"content":{"rendered":"<div data-elementor-type=\"wp-page\" data-elementor-id=\"2347\" class=\"elementor elementor-2347\">\n\t\t\t\t<div class=\"wd-negative-gap elementor-element elementor-element-1601bb73 e-flex e-con-boxed e-con e-parent\" data-id=\"1601bb73\" data-element_type=\"container\" data-e-type=\"container\">\n\t\t\t\t\t<div class=\"e-con-inner\">\n\t\t<div class=\"wd-sticky-container-lg elementor-element elementor-element-6623eb48 e-con-full wd-col-offcanvas-md-sm wd-col-offcanvas-sm e-flex wd-alignment-left e-con e-child\" data-id=\"6623eb48\" data-element_type=\"container\" data-e-type=\"container\">\n\t\t\t\t<div class=\"elementor-element elementor-element-2b1f7f06 elementor-widget elementor-widget-wd_mega_menu\" data-id=\"2b1f7f06\" data-element_type=\"widget\" data-e-type=\"widget\" data-widget_type=\"wd_mega_menu.default\">\n\t\t\t\t<div class=\"elementor-widget-container\">\n\t\t\t\t\t\t\t<div class=\"wd-menu widget_nav_mega_menu\">\n\t\t\t\t\t\t<ul id=\"menu-content-menu\" class=\"menu wd-nav wd-nav-vertical wd-design-simple wd-gap-l\"><li id=\"menu-item-4701\" class=\"menu-item menu-item-type-post_type menu-item-object-page menu-item-4701 item-level-0 menu-simple-dropdown wd-event-hover\" ><a href=\"https:\/\/birdie.lv\/en\/kontakti\/\" class=\"woodmart-nav-link\"><span class=\"nav-link-text\">Kontakti<\/span><\/a><\/li>\n<li id=\"menu-item-4702\" class=\"menu-item menu-item-type-post_type menu-item-object-page menu-item-4702 item-level-0 menu-simple-dropdown wd-event-hover\" ><a href=\"https:\/\/birdie.lv\/en\/piegade\/\" class=\"woodmart-nav-link\"><span class=\"nav-link-text\">Pieg\u0101de<\/span><\/a><\/li>\n<li id=\"menu-item-4705\" class=\"menu-item menu-item-type-post_type menu-item-object-page menu-item-4705 item-level-0 menu-simple-dropdown wd-event-hover\" ><a href=\"https:\/\/birdie.lv\/en\/privatuma-politika\/\" class=\"woodmart-nav-link\"><span class=\"nav-link-text\">Priv\u0101tuma Politika<\/span><\/a><\/li>\n<li id=\"menu-item-4703\" class=\"menu-item menu-item-type-post_type menu-item-object-page menu-item-4703 item-level-0 menu-simple-dropdown wd-event-hover\" ><a href=\"https:\/\/birdie.lv\/en\/lietosanas-noteikumi\/\" class=\"woodmart-nav-link\"><span class=\"nav-link-text\">Lieto\u0161anas noteikumi<\/span><\/a><\/li>\n<li id=\"menu-item-4704\" class=\"menu-item menu-item-type-post_type menu-item-object-page menu-item-4704 item-level-0 menu-simple-dropdown wd-event-hover\" ><a href=\"https:\/\/birdie.lv\/en\/sikdatnu-politika\/\" class=\"woodmart-nav-link\"><span class=\"nav-link-text\">S\u012bkdat\u0146u politika<\/span><\/a><\/li>\n<\/ul>\t\t<\/div>\n\t\t\t\t\t\t<\/div>\n\t\t\t\t<\/div>\n\t\t\t\t<\/div>\n\t\t<div class=\"elementor-element elementor-element-1bc87aa5 e-con-full wd-col-content-md-sm wd-col-content-sm e-flex e-con e-child\" data-id=\"1bc87aa5\" data-element_type=\"container\" data-e-type=\"container\">\n\t\t<div class=\"elementor-element elementor-element-346f13d4 e-con-full e-flex e-con e-child\" data-id=\"346f13d4\" data-element_type=\"container\" data-e-type=\"container\">\n\t\t\t\t<div class=\"elementor-element elementor-element-5822bde1 elementor-hidden-desktop wd-action-hide-btn elementor-widget elementor-widget-wd_builder_off_canvas_column_btn\" data-id=\"5822bde1\" data-element_type=\"widget\" data-e-type=\"widget\" data-widget_type=\"wd_builder_off_canvas_column_btn.default\">\n\t\t\t\t<div class=\"elementor-widget-container\">\n\t\t\t\t\t\n\t\t<div class=\"wd-off-canvas-btn wd-action-btn wd-style-text wd-burger-icon\">\n\t\t\t<a href=\"#\" rel=\"nofollow\">\n\t\t\t\t\t\t\t\tShow sidebar\t\t\t<\/a>\n\t\t<\/div>\n\n\t\t\t\t\t<div class=\"wd-sidebar-opener wd-show-on-scroll wd-action-btn wd-style-icon wd-burger-icon\">\n\t\t\t\t<a href=\"#\" rel=\"nofollow\">\n\t\t\t\t\t\t\t\t\t<\/a>\n\t\t\t<\/div>\n\t\t\t\t\t\t\t\t<\/div>\n\t\t\t\t<\/div>\n\t\t\t\t<div class=\"elementor-element elementor-element-a733c05 elementor-widget elementor-widget-wd_text_block\" data-id=\"a733c05\" data-element_type=\"widget\" data-e-type=\"widget\" data-widget_type=\"wd_text_block.default\">\n\t\t\t\t<div class=\"elementor-widget-container\">\n\t\t\t\t\t\t\t<div class=\"wd-text-block reset-last-child text-left\">\n\t\t\t\n\t\t\t<h4>\u0160\u012b priv\u0101tuma politika apraksta, k\u0101 m\u0113s apstr\u0101d\u0101jam un aizsarg\u0101jam J\u016bsu personas datus, izmantojot m\u016bsu interneta veikalu\u00a0<strong>Birdie.lv<\/strong>. M\u0113s iev\u0113rojam Eiropas Savien\u012bbas Visp\u0101r\u012bgo datu aizsardz\u012bbas regulu (GDPR) un Latvijas Republikas normat\u012bvos aktus.<\/h4>\n\t\t\t\t\t<\/div>\n\t\t\t\t\t\t<\/div>\n\t\t\t\t<\/div>\n\t\t\t\t<div class=\"elementor-element elementor-element-6807d9bb elementor-widget elementor-widget-wd_accordion\" data-id=\"6807d9bb\" data-element_type=\"widget\" data-e-type=\"widget\" data-widget_type=\"wd_accordion.default\">\n\t\t\t\t<div class=\"elementor-widget-container\">\n\t\t\t\t\t\n\t\t<div class=\"wd-accordion wd-style-default wd-border-off wd-titles-left wd-opener-pos-right wd-opener-style-arrow\" data-state=\"all_closed\">\n\t\t\t\t\t\t\t\n\t\t\t\t<div class=\"wd-accordion-item\">\n\t\t\t\t\t<div class=\"wd-accordion-title wd-role-btn\" data-accordion-index=\"0\" tabindex=\"0\">\n\t\t\t\t\t\t<div class=\"wd-accordion-title-text\">\n\t\t\t\t\t\t\t\t\t\t\t\t\t\t<span>\n\t\t\t\t\t\t\t\t1. Visp\u0101r\u012bgie noteikumi\t\t\t\t\t\t\t<\/span>\n\t\t\t\t\t\t<\/div>\n\t\t\t\t\t\t<span class=\"wd-accordion-opener\"><\/span>\n\t\t\t\t\t<\/div>\n\n\t\t\t\t\t<div class=\"wd-accordion-content wd-entry-content\" data-accordion-index=\"0\">\n\t\t\t\t\t\t\t\t\t\t\t\t\t\n\t\t\t\t\t\t\t<p>\u0160\u012b priv\u0101tuma politika apraksta, k\u0101 m\u0113s apstr\u0101d\u0101jam un aizsarg\u0101jam J\u016bsu personas datus, izmantojot m\u016bsu interneta veikalu\u00a0<strong>Birdie.lv<\/strong>. M\u0113s iev\u0113rojam Eiropas Savien\u012bbas Visp\u0101r\u012bgo datu aizsardz\u012bbas regulu (GDPR) un Latvijas Republikas normat\u012bvos aktus.<\/p>\n\t\t\t\t\t\t\t\t\t\t\t\t\t\t\t\t\t\t<\/div>\n\t\t\t\t<\/div>\n\t\t\t\t\t\t\t\n\t\t\t\t<div class=\"wd-accordion-item\">\n\t\t\t\t\t<div class=\"wd-accordion-title wd-role-btn\" data-accordion-index=\"1\" tabindex=\"0\">\n\t\t\t\t\t\t<div class=\"wd-accordion-title-text\">\n\t\t\t\t\t\t\t\t\t\t\t\t\t\t<span>\n\t\t\t\t\t\t\t\t2. Personas datu p\u0101rzinis\t\t\t\t\t\t\t<\/span>\n\t\t\t\t\t\t<\/div>\n\t\t\t\t\t\t<span class=\"wd-accordion-opener\"><\/span>\n\t\t\t\t\t<\/div>\n\n\t\t\t\t\t<div class=\"wd-accordion-content wd-entry-content\" data-accordion-index=\"1\">\n\t\t\t\t\t\t\t\t\t\t\t\t\t\n\t\t\t\t\t\t\t<p>Personas datu p\u0101rzinis ir:<\/p>\n<p><strong>SIA \u201cKRIPEX\u201d \u2013 BIRDIE.LV<\/strong><br \/>Re\u0123istr\u0101cijas Nr.: 40203666784<br \/>Juridisk\u0101 adrese: Akmens iela 2 \u2013 9, C\u0113sis, C\u0113su nov., LV-4101<br \/>E-pasts:\u00a0<a href=\"mailto:info@birdie.lv\">info@birdie.lv<\/a><br \/>T\u0101lrunis:\u00a0<a href=\"tel:+371\">+371 28613416<\/a><\/p>\n\t\t\t\t\t\t\t\t\t\t\t\t\t\t\t\t\t\t<\/div>\n\t\t\t\t<\/div>\n\t\t\t\t\t\t\t\n\t\t\t\t<div class=\"wd-accordion-item\">\n\t\t\t\t\t<div class=\"wd-accordion-title wd-role-btn\" data-accordion-index=\"2\" tabindex=\"0\">\n\t\t\t\t\t\t<div class=\"wd-accordion-title-text\">\n\t\t\t\t\t\t\t\t\t\t\t\t\t\t<span>\n\t\t\t\t\t\t\t\t3. Apstr\u0101d\u0101tie personas dati\t\t\t\t\t\t\t<\/span>\n\t\t\t\t\t\t<\/div>\n\t\t\t\t\t\t<span class=\"wd-accordion-opener\"><\/span>\n\t\t\t\t\t<\/div>\n\n\t\t\t\t\t<div class=\"wd-accordion-content wd-entry-content\" data-accordion-index=\"2\">\n\t\t\t\t\t\t\t\t\t\t\t\t\t\n\t\t\t\t\t\t\t<ul class=\"wp-block-list\">\n<li>V\u0101rds, uzv\u0101rds<\/li>\n<li>Kontaktinform\u0101cija (e-pasts, t\u0101lrunis, pieg\u0101des adrese)<\/li>\n<li>Pas\u016bt\u012bjumu v\u0113sture<\/li>\n<li>Vietnes lieto\u0161anas dati (IP adrese, s\u012bkdat\u0146u dati)<\/li>\n<\/ul>\n\t\t\t\t\t\t\t\t\t\t\t\t\t\t\t\t\t\t<\/div>\n\t\t\t\t<\/div>\n\t\t\t\t\t\t\t\n\t\t\t\t<div class=\"wd-accordion-item\">\n\t\t\t\t\t<div class=\"wd-accordion-title wd-role-btn\" data-accordion-index=\"3\" tabindex=\"0\">\n\t\t\t\t\t\t<div class=\"wd-accordion-title-text\">\n\t\t\t\t\t\t\t\t\t\t\t\t\t\t<span>\n\t\t\t\t\t\t\t\t4. Personas datu izmanto\u0161anas m\u0113r\u0137i\t\t\t\t\t\t\t<\/span>\n\t\t\t\t\t\t<\/div>\n\t\t\t\t\t\t<span class=\"wd-accordion-opener\"><\/span>\n\t\t\t\t\t<\/div>\n\n\t\t\t\t\t<div class=\"wd-accordion-content wd-entry-content\" data-accordion-index=\"3\">\n\t\t\t\t\t\t\t\t\t\t\t\t\t\n\t\t\t\t\t\t\t<ul class=\"wp-block-list\">\n<li>Pas\u016bt\u012bjumu apstr\u0101de un pieg\u0101de<\/li>\n<li>R\u0113\u0137inu sagatavo\u0161ana un gr\u0101matved\u012bbas uzskaite<\/li>\n<li>Klientu atbalsta nodro\u0161in\u0101\u0161ana<\/li>\n<li>M\u0101rketinga un jaunumusaturs\u016bt\u012b\u0161ana (tikai ar J\u016bsu piekri\u0161anu)<\/li>\n<li>Vietnes darb\u012bbas un dro\u0161\u012bbas nodro\u0161in\u0101\u0161ana<\/li>\n<\/ul>\n\t\t\t\t\t\t\t\t\t\t\t\t\t\t\t\t\t\t<\/div>\n\t\t\t\t<\/div>\n\t\t\t\t\t\t\t\n\t\t\t\t<div class=\"wd-accordion-item\">\n\t\t\t\t\t<div class=\"wd-accordion-title wd-role-btn\" data-accordion-index=\"4\" tabindex=\"0\">\n\t\t\t\t\t\t<div class=\"wd-accordion-title-text\">\n\t\t\t\t\t\t\t\t\t\t\t\t\t\t<span>\n\t\t\t\t\t\t\t\t5. Personas datu glab\u0101\u0161anas termi\u0146\u0161\t\t\t\t\t\t\t<\/span>\n\t\t\t\t\t\t<\/div>\n\t\t\t\t\t\t<span class=\"wd-accordion-opener\"><\/span>\n\t\t\t\t\t<\/div>\n\n\t\t\t\t\t<div class=\"wd-accordion-content wd-entry-content\" data-accordion-index=\"4\">\n\t\t\t\t\t\t\t\t\t\t\t\t\t\n\t\t\t\t\t\t\t<p>J\u016bsu dati tiek glab\u0101ti tik ilgi, cik nepiecie\u0161ams:<\/p>\n<ul class=\"wp-block-list\">\n<li>L\u012bguma izpildei un gr\u0101matved\u012bbas pras\u012bbu nodro\u0161in\u0101\u0161anai (5\u201310 gadi saska\u0146\u0101 ar likumu)<\/li>\n<li>M\u0101rketinga piekri\u0161anas gad\u012bjum\u0101 \u2013 l\u012bdz piekri\u0161anas atsauk\u0161anai<\/li>\n<\/ul>\n\t\t\t\t\t\t\t\t\t\t\t\t\t\t\t\t\t\t<\/div>\n\t\t\t\t<\/div>\n\t\t\t\t\t\t\t\n\t\t\t\t<div class=\"wd-accordion-item\">\n\t\t\t\t\t<div class=\"wd-accordion-title wd-role-btn\" data-accordion-index=\"5\" tabindex=\"0\">\n\t\t\t\t\t\t<div class=\"wd-accordion-title-text\">\n\t\t\t\t\t\t\t\t\t\t\t\t\t\t<span>\n\t\t\t\t\t\t\t\t6. Datu nodo\u0161ana tre\u0161aj\u0101m pus\u0113m\t\t\t\t\t\t\t<\/span>\n\t\t\t\t\t\t<\/div>\n\t\t\t\t\t\t<span class=\"wd-accordion-opener\"><\/span>\n\t\t\t\t\t<\/div>\n\n\t\t\t\t\t<div class=\"wd-accordion-content wd-entry-content\" data-accordion-index=\"5\">\n\t\t\t\t\t\t\t\t\t\t\t\t\t\n\t\t\t\t\t\t\t<p>M\u0113s varam nodot J\u016bsu datus:<\/p>\n<ul class=\"wp-block-list\">\n<li>Maks\u0101jumu apstr\u0101di nodro\u0161ina maks\u0101jumu platforma\u00a0<a href=\"https:\/\/makecommerce.lv\/\">makecommerce.lv<\/a>, t\u0101p\u0113c m\u016bsu uz\u0146\u0113mums maks\u0101jumu izpildei nepiecie\u0161amos personas datus nodod platformas \u012bpa\u0161niekam Maksekeskus AS.\u201d<\/li>\n<li>Pieg\u0101des un lo\u0123istikas uz\u0146\u0113mumiem<\/li>\n<li>IT sist\u0113mu uztur\u0113t\u0101jiem un hostinga pakalpojumiem<\/li>\n<\/ul>\n<p>Visos gad\u012bjumos m\u0113s nodro\u0161in\u0101m, ka tre\u0161\u0101s puses apstr\u0101d\u0101 J\u016bsu datus tikai saska\u0146\u0101 ar ties\u012bbu aktiem un l\u012bgumiem.<\/p>\n\t\t\t\t\t\t\t\t\t\t\t\t\t\t\t\t\t\t<\/div>\n\t\t\t\t<\/div>\n\t\t\t\t\t\t\t\n\t\t\t\t<div class=\"wd-accordion-item\">\n\t\t\t\t\t<div class=\"wd-accordion-title wd-role-btn\" data-accordion-index=\"6\" tabindex=\"0\">\n\t\t\t\t\t\t<div class=\"wd-accordion-title-text\">\n\t\t\t\t\t\t\t\t\t\t\t\t\t\t<span>\n\t\t\t\t\t\t\t\t7. S\u012bkdatnes (Cookies)\t\t\t\t\t\t\t<\/span>\n\t\t\t\t\t\t<\/div>\n\t\t\t\t\t\t<span class=\"wd-accordion-opener\"><\/span>\n\t\t\t\t\t<\/div>\n\n\t\t\t\t\t<div class=\"wd-accordion-content wd-entry-content\" data-accordion-index=\"6\">\n\t\t\t\t\t\t\t\t\t\t\t\t\t\n\t\t\t\t\t\t\t<p>M\u016bsu vietne izmanto s\u012bkdatnes, lai uzlabotu lietot\u0101ja pieredzi un analiz\u0113tu vietnes darb\u012bbu. J\u016bs varat p\u0101rvald\u012bt s\u012bkdat\u0146u iestat\u012bjumus sav\u0101 p\u0101rl\u016bkprogramm\u0101.<\/p>\n\t\t\t\t\t\t\t\t\t\t\t\t\t\t\t\t\t\t<\/div>\n\t\t\t\t<\/div>\n\t\t\t\t\t\t\t\n\t\t\t\t<div class=\"wd-accordion-item\">\n\t\t\t\t\t<div class=\"wd-accordion-title wd-role-btn\" data-accordion-index=\"7\" tabindex=\"0\">\n\t\t\t\t\t\t<div class=\"wd-accordion-title-text\">\n\t\t\t\t\t\t\t\t\t\t\t\t\t\t<span>\n\t\t\t\t\t\t\t\t8. J\u016bsu ties\u012bbas\t\t\t\t\t\t\t<\/span>\n\t\t\t\t\t\t<\/div>\n\t\t\t\t\t\t<span class=\"wd-accordion-opener\"><\/span>\n\t\t\t\t\t<\/div>\n\n\t\t\t\t\t<div class=\"wd-accordion-content wd-entry-content\" data-accordion-index=\"7\">\n\t\t\t\t\t\t\t\t\t\t\t\t\t\n\t\t\t\t\t\t\t<p>Jums ir ties\u012bbas:<\/p>\n<ul class=\"wp-block-list\">\n<li>Piepras\u012bt piek\u013cuvi saviem datiem<\/li>\n<li>Labot vai dz\u0113st savus datus<\/li>\n<li>Ierobe\u017eot datu apstr\u0101di<\/li>\n<li>P\u0101rcelt savus datus citam p\u0101rzinim<\/li>\n<li>Atsaukt piekri\u0161anu m\u0101rketinga sazi\u0146ai<\/li>\n<li>Iesniegt s\u016bdz\u012bbu Datu valsts inspekcij\u0101<\/li>\n<\/ul>\n\t\t\t\t\t\t\t\t\t\t\t\t\t\t\t\t\t\t<\/div>\n\t\t\t\t<\/div>\n\t\t\t\t\t\t\t\n\t\t\t\t<div class=\"wd-accordion-item\">\n\t\t\t\t\t<div class=\"wd-accordion-title wd-role-btn\" data-accordion-index=\"8\" tabindex=\"0\">\n\t\t\t\t\t\t<div class=\"wd-accordion-title-text\">\n\t\t\t\t\t\t\t\t\t\t\t\t\t\t<span>\n\t\t\t\t\t\t\t\t9. Priv\u0101tuma politikas izmai\u0146as\t\t\t\t\t\t\t<\/span>\n\t\t\t\t\t\t<\/div>\n\t\t\t\t\t\t<span class=\"wd-accordion-opener\"><\/span>\n\t\t\t\t\t<\/div>\n\n\t\t\t\t\t<div class=\"wd-accordion-content wd-entry-content\" data-accordion-index=\"8\">\n\t\t\t\t\t\t\t\t\t\t\t\t\t\n\t\t\t\t\t\t\t<p>M\u0113s paturam ties\u012bbas laiku pa laikam atjaunin\u0101t \u0161o priv\u0101tuma politiku. Aktu\u0101l\u0101 versija vienm\u0113r b\u016bs public\u0113ta m\u016bsu vietn\u0113.<\/p>\n\t\t\t\t\t\t\t\t\t\t\t\t\t\t\t\t\t\t<\/div>\n\t\t\t\t<\/div>\n\t\t\t\t\t<\/div>\n\t\t\t\t\t\t<\/div>\n\t\t\t\t<\/div>\n\t\t\t\t<\/div>\n\t\t\t\t<\/div>\n\t\t\t\t\t<\/div>\n\t\t\t\t<\/div>\n\t\t\t\t<\/div>","protected":false},"excerpt":{"rendered":"<p>About Affiliate Partner Careers Show sidebar \u0160\u012b priv\u0101tuma politika apraksta, k\u0101 m\u0113s apstr\u0101d\u0101jam un aizsarg\u0101jam J\u016bsu personas datus, izmantojot m\u016bsu<\/p>","protected":false},"author":1,"featured_media":0,"parent":0,"menu_order":0,"comment_status":"closed","ping_status":"closed","template":"","meta":{"om_disable_all_campaigns":false,"footnotes":""},"class_list":["post-2347","page","type-page","status-publish","hentry"],"aioseo_notices":[],"jetpack_sharing_enabled":true,"_links":{"self":[{"href":"https:\/\/birdie.lv\/en\/wp-json\/wp\/v2\/pages\/2347","targetHints":{"allow":["GET"]}}],"collection":[{"href":"https:\/\/birdie.lv\/en\/wp-json\/wp\/v2\/pages"}],"about":[{"href":"https:\/\/birdie.lv\/en\/wp-json\/wp\/v2\/types\/page"}],"author":[{"embeddable":true,"href":"https:\/\/birdie.lv\/en\/wp-json\/wp\/v2\/users\/1"}],"replies":[{"embeddable":true,"href":"https:\/\/birdie.lv\/en\/wp-json\/wp\/v2\/comments?post=2347"}],"version-history":[{"count":8,"href":"https:\/\/birdie.lv\/en\/wp-json\/wp\/v2\/pages\/2347\/revisions"}],"predecessor-version":[{"id":4697,"href":"https:\/\/birdie.lv\/en\/wp-json\/wp\/v2\/pages\/2347\/revisions\/4697"}],"wp:attachment":[{"href":"https:\/\/birdie.lv\/en\/wp-json\/wp\/v2\/media?parent=2347"}],"curies":[{"name":"wp","href":"https:\/\/api.w.org\/{rel}","templated":true}]}}