{"id":2352,"date":"2025-08-22T16:05:08","date_gmt":"2025-08-22T16:05:08","guid":{"rendered":"https:\/\/birdie.lv\/?page_id=2352"},"modified":"2026-03-06T21:22:44","modified_gmt":"2026-03-06T21:22:44","slug":"sikdatnu-politika","status":"publish","type":"page","link":"https:\/\/birdie.lv\/en\/sikdatnu-politika\/","title":{"rendered":"S\u012bkdat\u0146u politika"},"content":{"rendered":"<div data-elementor-type=\"wp-page\" data-elementor-id=\"2352\" class=\"elementor elementor-2352\">\n\t\t\t\t<div class=\"wd-negative-gap elementor-element elementor-element-70612c30 e-flex e-con-boxed e-con e-parent\" data-id=\"70612c30\" data-element_type=\"container\" data-e-type=\"container\">\n\t\t\t\t\t<div class=\"e-con-inner\">\n\t\t<div class=\"wd-sticky-container-lg elementor-element elementor-element-79fd42e2 e-con-full wd-col-offcanvas-md-sm wd-col-offcanvas-sm e-flex wd-alignment-left e-con e-child\" data-id=\"79fd42e2\" data-element_type=\"container\" data-e-type=\"container\">\n\t\t\t\t<div class=\"elementor-element elementor-element-39b47a58 elementor-widget elementor-widget-wd_mega_menu\" data-id=\"39b47a58\" data-element_type=\"widget\" data-e-type=\"widget\" data-widget_type=\"wd_mega_menu.default\">\n\t\t\t\t<div class=\"elementor-widget-container\">\n\t\t\t\t\t\t\t<div class=\"wd-menu widget_nav_mega_menu\">\n\t\t\t\t\t\t<ul id=\"menu-content-menu\" class=\"menu wd-nav wd-nav-vertical wd-design-simple wd-gap-l\"><li id=\"menu-item-4701\" class=\"menu-item menu-item-type-post_type menu-item-object-page menu-item-4701 item-level-0 menu-simple-dropdown wd-event-hover\" ><a href=\"https:\/\/birdie.lv\/en\/kontakti\/\" class=\"woodmart-nav-link\"><span class=\"nav-link-text\">Kontakti<\/span><\/a><\/li>\n<li id=\"menu-item-4702\" class=\"menu-item menu-item-type-post_type menu-item-object-page menu-item-4702 item-level-0 menu-simple-dropdown wd-event-hover\" ><a href=\"https:\/\/birdie.lv\/en\/piegade\/\" class=\"woodmart-nav-link\"><span class=\"nav-link-text\">Pieg\u0101de<\/span><\/a><\/li>\n<li id=\"menu-item-4705\" class=\"menu-item menu-item-type-post_type menu-item-object-page menu-item-4705 item-level-0 menu-simple-dropdown wd-event-hover\" ><a href=\"https:\/\/birdie.lv\/en\/privatuma-politika\/\" class=\"woodmart-nav-link\"><span class=\"nav-link-text\">Priv\u0101tuma Politika<\/span><\/a><\/li>\n<li id=\"menu-item-4703\" class=\"menu-item menu-item-type-post_type menu-item-object-page menu-item-4703 item-level-0 menu-simple-dropdown wd-event-hover\" ><a href=\"https:\/\/birdie.lv\/en\/lietosanas-noteikumi\/\" class=\"woodmart-nav-link\"><span class=\"nav-link-text\">Lieto\u0161anas noteikumi<\/span><\/a><\/li>\n<li id=\"menu-item-4704\" class=\"menu-item menu-item-type-post_type menu-item-object-page menu-item-4704 item-level-0 menu-simple-dropdown wd-event-hover\" ><a href=\"https:\/\/birdie.lv\/en\/sikdatnu-politika\/\" class=\"woodmart-nav-link\"><span class=\"nav-link-text\">S\u012bkdat\u0146u politika<\/span><\/a><\/li>\n<\/ul>\t\t<\/div>\n\t\t\t\t\t\t<\/div>\n\t\t\t\t<\/div>\n\t\t\t\t<\/div>\n\t\t<div class=\"elementor-element elementor-element-2bcdd4e9 e-con-full wd-col-content-md-sm wd-col-content-sm e-flex e-con e-child\" data-id=\"2bcdd4e9\" data-element_type=\"container\" data-e-type=\"container\">\n\t\t<div class=\"elementor-element elementor-element-5e0d3816 e-con-full e-flex e-con e-child\" data-id=\"5e0d3816\" data-element_type=\"container\" data-e-type=\"container\">\n\t\t\t\t<div class=\"elementor-element elementor-element-142e7697 elementor-hidden-desktop wd-action-hide-btn elementor-widget elementor-widget-wd_builder_off_canvas_column_btn\" data-id=\"142e7697\" data-element_type=\"widget\" data-e-type=\"widget\" data-widget_type=\"wd_builder_off_canvas_column_btn.default\">\n\t\t\t\t<div class=\"elementor-widget-container\">\n\t\t\t\t\t\n\t\t<div class=\"wd-off-canvas-btn wd-action-btn wd-style-text wd-burger-icon\">\n\t\t\t<a href=\"#\" rel=\"nofollow\">\n\t\t\t\t\t\t\t\tShow sidebar\t\t\t<\/a>\n\t\t<\/div>\n\n\t\t\t\t\t<div class=\"wd-sidebar-opener wd-show-on-scroll wd-action-btn wd-style-icon wd-burger-icon\">\n\t\t\t\t<a href=\"#\" rel=\"nofollow\">\n\t\t\t\t\t\t\t\t\t<\/a>\n\t\t\t<\/div>\n\t\t\t\t\t\t\t\t<\/div>\n\t\t\t\t<\/div>\n\t\t\t\t<div class=\"elementor-element elementor-element-58dae64d elementor-widget elementor-widget-wd_accordion\" data-id=\"58dae64d\" data-element_type=\"widget\" data-e-type=\"widget\" data-widget_type=\"wd_accordion.default\">\n\t\t\t\t<div class=\"elementor-widget-container\">\n\t\t\t\t\t\n\t\t<div class=\"wd-accordion wd-style-default wd-border-off wd-titles-left wd-opener-pos-right wd-opener-style-arrow\" data-state=\"all_closed\">\n\t\t\t\t\t\t\t\n\t\t\t\t<div class=\"wd-accordion-item\">\n\t\t\t\t\t<div class=\"wd-accordion-title wd-role-btn\" data-accordion-index=\"0\" tabindex=\"0\">\n\t\t\t\t\t\t<div class=\"wd-accordion-title-text\">\n\t\t\t\t\t\t\t\t\t\t\t\t\t\t<span>\n\t\t\t\t\t\t\t\t1. Visp\u0101r\u012bgi\t\t\t\t\t\t\t<\/span>\n\t\t\t\t\t\t<\/div>\n\t\t\t\t\t\t<span class=\"wd-accordion-opener\"><\/span>\n\t\t\t\t\t<\/div>\n\n\t\t\t\t\t<div class=\"wd-accordion-content wd-entry-content\" data-accordion-index=\"0\">\n\t\t\t\t\t\t\t\t\t\t\t\t\t\n\t\t\t\t\t\t\t<p>\u0160\u012b s\u012bkdat\u0146u politika paskaidro, k\u0101\u00a0<strong>Birdie.lv<\/strong>\u00a0izmanto s\u012bkdatnes, lai uzlabotu lietot\u0101ja pieredzi, analiz\u0113tu vietnes darb\u012bbu un nodro\u0161in\u0101tu m\u016bsu pakalpojumu kvalit\u0101ti. Izmantojot m\u016bsu vietni, J\u016bs piekr\u012btat s\u012bkdat\u0146u izmanto\u0161anai saska\u0146\u0101 ar \u0161o politiku.<\/p>\n\t\t\t\t\t\t\t\t\t\t\t\t\t\t\t\t\t\t<\/div>\n\t\t\t\t<\/div>\n\t\t\t\t\t\t\t\n\t\t\t\t<div class=\"wd-accordion-item\">\n\t\t\t\t\t<div class=\"wd-accordion-title wd-role-btn\" data-accordion-index=\"1\" tabindex=\"0\">\n\t\t\t\t\t\t<div class=\"wd-accordion-title-text\">\n\t\t\t\t\t\t\t\t\t\t\t\t\t\t<span>\n\t\t\t\t\t\t\t\t2. Kas ir s\u012bkdatnes?\t\t\t\t\t\t\t<\/span>\n\t\t\t\t\t\t<\/div>\n\t\t\t\t\t\t<span class=\"wd-accordion-opener\"><\/span>\n\t\t\t\t\t<\/div>\n\n\t\t\t\t\t<div class=\"wd-accordion-content wd-entry-content\" data-accordion-index=\"1\">\n\t\t\t\t\t\t\t\t\t\t\t\t\t\n\t\t\t\t\t\t\t<p>S\u012bkdatnes (cookies) ir mazi teksta faili, kas tiek saglab\u0101ti J\u016bsu ier\u012bc\u0113, kad J\u016bs apmekl\u0113jat m\u016bsu vietni. Tie pal\u012bdz vietnei atpaz\u012bt J\u016bsu ier\u012bci, atcer\u0113ties J\u016bsu iestat\u012bjumus un uzlabot vietnes funkcionalit\u0101ti.<\/p>\n\t\t\t\t\t\t\t\t\t\t\t\t\t\t\t\t\t\t<\/div>\n\t\t\t\t<\/div>\n\t\t\t\t\t\t\t\n\t\t\t\t<div class=\"wd-accordion-item\">\n\t\t\t\t\t<div class=\"wd-accordion-title wd-role-btn\" data-accordion-index=\"2\" tabindex=\"0\">\n\t\t\t\t\t\t<div class=\"wd-accordion-title-text\">\n\t\t\t\t\t\t\t\t\t\t\t\t\t\t<span>\n\t\t\t\t\t\t\t\t3. K\u0101das s\u012bkdatnes m\u0113s izmantojam?\t\t\t\t\t\t\t<\/span>\n\t\t\t\t\t\t<\/div>\n\t\t\t\t\t\t<span class=\"wd-accordion-opener\"><\/span>\n\t\t\t\t\t<\/div>\n\n\t\t\t\t\t<div class=\"wd-accordion-content wd-entry-content\" data-accordion-index=\"2\">\n\t\t\t\t\t\t\t\t\t\t\t\t\t\n\t\t\t\t\t\t\t<ul class=\"wp-block-list\">\n<li><strong>Nepiecie\u0161am\u0101s s\u012bkdatnes:<\/strong>\u00a0Nodro\u0161ina vietnes pamata darb\u012bbu (piem\u0113ram, iepirkumu groza darb\u012bba, autentifik\u0101cija).<\/li>\n<li><strong>Veiktsp\u0113jas s\u012bkdatnes:<\/strong>\u00a0Pal\u012bdz analiz\u0113t, k\u0101 lietot\u0101ji izmanto vietni, lai uzlabotu m\u016bsu pakalpojumus (piem\u0113ram, Google Analytics).<\/li>\n<li><strong>Funkcion\u0101l\u0101s s\u012bkdatnes:<\/strong>\u00a0Atceras J\u016bsu izv\u0113l\u0113tos iestat\u012bjumus un preferen\u010du izv\u0113li.<\/li>\n<li><strong>M\u0101rketinga s\u012bkdatnes:<\/strong>\u00a0Izmanto rekl\u0101mas personaliz\u0113\u0161anai un m\u0113r\u0137\u0113\u0161anai.<\/li>\n<\/ul>\n\t\t\t\t\t\t\t\t\t\t\t\t\t\t\t\t\t\t<\/div>\n\t\t\t\t<\/div>\n\t\t\t\t\t\t\t\n\t\t\t\t<div class=\"wd-accordion-item\">\n\t\t\t\t\t<div class=\"wd-accordion-title wd-role-btn\" data-accordion-index=\"3\" tabindex=\"0\">\n\t\t\t\t\t\t<div class=\"wd-accordion-title-text\">\n\t\t\t\t\t\t\t\t\t\t\t\t\t\t<span>\n\t\t\t\t\t\t\t\t4. Tre\u0161o pu\u0161u s\u012bkdatnes\t\t\t\t\t\t\t<\/span>\n\t\t\t\t\t\t<\/div>\n\t\t\t\t\t\t<span class=\"wd-accordion-opener\"><\/span>\n\t\t\t\t\t<\/div>\n\n\t\t\t\t\t<div class=\"wd-accordion-content wd-entry-content\" data-accordion-index=\"3\">\n\t\t\t\t\t\t\t\t\t\t\t\t\t\n\t\t\t\t\t\t\t<p>M\u016bsu vietn\u0113 var tikt izmantotas tre\u0161o pu\u0161u s\u012bkdatnes, piem\u0113ram, anal\u012btikas un rekl\u0101mas pakalpojumu sniedz\u0113ju. \u0160ie pakalpojumu sniedz\u0113ji var izmantot J\u016bsu datus atbilsto\u0161i saviem noteikumiem. Da\u017ei piem\u0113ri:<\/p>\n<ul class=\"wp-block-list\">\n<li>Google Analytics<\/li>\n<li>Facebook Pixel<\/li>\n<li>Rekl\u0101mas t\u012bklu s\u012bkdatnes<\/li>\n<\/ul>\n\t\t\t\t\t\t\t\t\t\t\t\t\t\t\t\t\t\t<\/div>\n\t\t\t\t<\/div>\n\t\t\t\t\t\t\t\n\t\t\t\t<div class=\"wd-accordion-item\">\n\t\t\t\t\t<div class=\"wd-accordion-title wd-role-btn\" data-accordion-index=\"4\" tabindex=\"0\">\n\t\t\t\t\t\t<div class=\"wd-accordion-title-text\">\n\t\t\t\t\t\t\t\t\t\t\t\t\t\t<span>\n\t\t\t\t\t\t\t\t5. J\u016bsu ties\u012bbas\t\t\t\t\t\t\t<\/span>\n\t\t\t\t\t\t<\/div>\n\t\t\t\t\t\t<span class=\"wd-accordion-opener\"><\/span>\n\t\t\t\t\t<\/div>\n\n\t\t\t\t\t<div class=\"wd-accordion-content wd-entry-content\" data-accordion-index=\"4\">\n\t\t\t\t\t\t\t\t\t\t\t\t\t\n\t\t\t\t\t\t\t<p>Jums ir ties\u012bbas:<\/p>\n<ul class=\"wp-block-list\">\n<li>Atsaukt piekri\u0161anu s\u012bkdat\u0146u izmanto\u0161anai jebkur\u0101 laik\u0101<\/li>\n<li>Iestat\u012bt p\u0101rl\u016bkprogrammu, lai blo\u0137\u0113tu vai dz\u0113stu s\u012bkdatnes<\/li>\n<li>Kontrol\u0113t, kuras s\u012bkdatnes tiek saglab\u0101tas J\u016bsu ier\u012bc\u0113<\/li>\n<\/ul>\n\t\t\t\t\t\t\t\t\t\t\t\t\t\t\t\t\t\t<\/div>\n\t\t\t\t<\/div>\n\t\t\t\t\t\t\t\n\t\t\t\t<div class=\"wd-accordion-item\">\n\t\t\t\t\t<div class=\"wd-accordion-title wd-role-btn\" data-accordion-index=\"5\" tabindex=\"0\">\n\t\t\t\t\t\t<div class=\"wd-accordion-title-text\">\n\t\t\t\t\t\t\t\t\t\t\t\t\t\t<span>\n\t\t\t\t\t\t\t\t6. S\u012bkdat\u0146u p\u0101rvald\u012bba\t\t\t\t\t\t\t<\/span>\n\t\t\t\t\t\t<\/div>\n\t\t\t\t\t\t<span class=\"wd-accordion-opener\"><\/span>\n\t\t\t\t\t<\/div>\n\n\t\t\t\t\t<div class=\"wd-accordion-content wd-entry-content\" data-accordion-index=\"5\">\n\t\t\t\t\t\t\t\t\t\t\t\t\t\n\t\t\t\t\t\t\t<p>Liel\u0101k\u0101 da\u013ca p\u0101rl\u016bkprogrammu \u013cauj Jums kontrol\u0113t s\u012bkdat\u0146u saglab\u0101\u0161anu un dz\u0113\u0161anu. Lai main\u012btu iestat\u012bjumus, J\u016bs varat izmantot p\u0101rl\u016bkprogrammas preferences:<\/p>\n<ul class=\"wp-block-list\">\n<li><a href=\"https:\/\/support.google.com\/chrome\/answer\/95647\" target=\"_blank\" rel=\"noreferrer noopener\">Google Chrome<\/a><\/li>\n<li><a href=\"https:\/\/support.mozilla.org\/lv\/kb\/kas-ir-sikdatnes\" target=\"_blank\" rel=\"noreferrer noopener\">Mozilla Firefox<\/a><\/li>\n<li><a href=\"https:\/\/support.microsoft.com\/lv-lv\/help\/4027947\/windows-delete-cookies\" target=\"_blank\" rel=\"noreferrer noopener\">Microsoft Edge<\/a><\/li>\n<li><a href=\"https:\/\/support.apple.com\/lv-lv\/guide\/safari\/sfri11471\/mac\" target=\"_blank\" rel=\"noreferrer noopener\">Safari<\/a><\/li>\n<\/ul>\n\t\t\t\t\t\t\t\t\t\t\t\t\t\t\t\t\t\t<\/div>\n\t\t\t\t<\/div>\n\t\t\t\t\t\t\t\n\t\t\t\t<div class=\"wd-accordion-item\">\n\t\t\t\t\t<div class=\"wd-accordion-title wd-role-btn\" data-accordion-index=\"6\" tabindex=\"0\">\n\t\t\t\t\t\t<div class=\"wd-accordion-title-text\">\n\t\t\t\t\t\t\t\t\t\t\t\t\t\t<span>\n\t\t\t\t\t\t\t\t7. Izmai\u0146as politik\u0101\t\t\t\t\t\t\t<\/span>\n\t\t\t\t\t\t<\/div>\n\t\t\t\t\t\t<span class=\"wd-accordion-opener\"><\/span>\n\t\t\t\t\t<\/div>\n\n\t\t\t\t\t<div class=\"wd-accordion-content wd-entry-content\" data-accordion-index=\"6\">\n\t\t\t\t\t\t\t\t\t\t\t\t\t\n\t\t\t\t\t\t\t<p>M\u0113s paturam ties\u012bbas laiku pa laikam atjaunin\u0101t \u0161o s\u012bkdat\u0146u politiku. Ja veiksim b\u016btiskas izmai\u0146as, t\u0101s b\u016bs redzamas \u0161aj\u0101 lap\u0101.<\/p>\n\t\t\t\t\t\t\t\t\t\t\t\t\t\t\t\t\t\t<\/div>\n\t\t\t\t<\/div>\n\t\t\t\t\t<\/div>\n\t\t\t\t\t\t<\/div>\n\t\t\t\t<\/div>\n\t\t\t\t<\/div>\n\t\t\t\t<\/div>\n\t\t\t\t\t<\/div>\n\t\t\t\t<\/div>\n\t\t\t\t<\/div>","protected":false},"excerpt":{"rendered":"<p>Kontakti Pieg\u0101de Priv\u0101tuma Politika Lieto\u0161anas noteikumi S\u012bkdat\u0146u politika Show sidebar 1. Visp\u0101r\u012bgi \u0160\u012b s\u012bkdat\u0146u politika paskaidro, k\u0101\u00a0Birdie.lv\u00a0izmanto s\u012bkdatnes, lai uzlabotu<\/p>","protected":false},"author":1,"featured_media":0,"parent":0,"menu_order":0,"comment_status":"closed","ping_status":"closed","template":"","meta":{"om_disable_all_campaigns":false,"footnotes":""},"class_list":["post-2352","page","type-page","status-publish","hentry"],"aioseo_notices":[],"jetpack_sharing_enabled":true,"_links":{"self":[{"href":"https:\/\/birdie.lv\/en\/wp-json\/wp\/v2\/pages\/2352","targetHints":{"allow":["GET"]}}],"collection":[{"href":"https:\/\/birdie.lv\/en\/wp-json\/wp\/v2\/pages"}],"about":[{"href":"https:\/\/birdie.lv\/en\/wp-json\/wp\/v2\/types\/page"}],"author":[{"embeddable":true,"href":"https:\/\/birdie.lv\/en\/wp-json\/wp\/v2\/users\/1"}],"replies":[{"embeddable":true,"href":"https:\/\/birdie.lv\/en\/wp-json\/wp\/v2\/comments?post=2352"}],"version-history":[{"count":4,"href":"https:\/\/birdie.lv\/en\/wp-json\/wp\/v2\/pages\/2352\/revisions"}],"predecessor-version":[{"id":4715,"href":"https:\/\/birdie.lv\/en\/wp-json\/wp\/v2\/pages\/2352\/revisions\/4715"}],"wp:attachment":[{"href":"https:\/\/birdie.lv\/en\/wp-json\/wp\/v2\/media?parent=2352"}],"curies":[{"name":"wp","href":"https:\/\/api.w.org\/{rel}","templated":true}]}}