{"id":2357,"date":"2025-08-22T16:13:16","date_gmt":"2025-08-22T16:13:16","guid":{"rendered":"https:\/\/birdie.lv\/?page_id=2357"},"modified":"2026-03-06T19:58:56","modified_gmt":"2026-03-06T19:58:56","slug":"lietosanas-noteikumi","status":"publish","type":"page","link":"https:\/\/birdie.lv\/en\/lietosanas-noteikumi\/","title":{"rendered":"Lieto\u0161anas noteikumi"},"content":{"rendered":"<div data-elementor-type=\"wp-page\" data-elementor-id=\"2357\" class=\"elementor elementor-2357\">\n\t\t\t\t<div class=\"elementor-element elementor-element-4334b209 e-con-full e-flex e-con e-parent\" data-id=\"4334b209\" data-element_type=\"container\" data-e-type=\"container\">\n\t\t<div class=\"wd-sticky-container-lg elementor-element elementor-element-539f658f e-con-full wd-col-offcanvas-md-sm wd-col-offcanvas-sm e-flex wd-alignment-left e-con e-child\" data-id=\"539f658f\" data-element_type=\"container\" data-e-type=\"container\">\n\t\t\t\t<div class=\"elementor-element elementor-element-29439ec2 elementor-widget elementor-widget-wd_mega_menu\" data-id=\"29439ec2\" data-element_type=\"widget\" data-e-type=\"widget\" data-widget_type=\"wd_mega_menu.default\">\n\t\t\t\t<div class=\"elementor-widget-container\">\n\t\t\t\t\t\t\t<div class=\"wd-menu widget_nav_mega_menu\">\n\t\t\t\t\t\t<ul id=\"menu-content-menu\" class=\"menu wd-nav wd-nav-vertical wd-design-simple wd-gap-l\"><li id=\"menu-item-4701\" class=\"menu-item menu-item-type-post_type menu-item-object-page menu-item-4701 item-level-0 menu-simple-dropdown wd-event-hover\" ><a href=\"https:\/\/birdie.lv\/en\/kontakti\/\" class=\"woodmart-nav-link\"><span class=\"nav-link-text\">Kontakti<\/span><\/a><\/li>\n<li id=\"menu-item-4702\" class=\"menu-item menu-item-type-post_type menu-item-object-page menu-item-4702 item-level-0 menu-simple-dropdown wd-event-hover\" ><a href=\"https:\/\/birdie.lv\/en\/piegade\/\" class=\"woodmart-nav-link\"><span class=\"nav-link-text\">Pieg\u0101de<\/span><\/a><\/li>\n<li id=\"menu-item-4705\" class=\"menu-item menu-item-type-post_type menu-item-object-page menu-item-4705 item-level-0 menu-simple-dropdown wd-event-hover\" ><a href=\"https:\/\/birdie.lv\/en\/privatuma-politika\/\" class=\"woodmart-nav-link\"><span class=\"nav-link-text\">Priv\u0101tuma Politika<\/span><\/a><\/li>\n<li id=\"menu-item-4703\" class=\"menu-item menu-item-type-post_type menu-item-object-page menu-item-4703 item-level-0 menu-simple-dropdown wd-event-hover\" ><a href=\"https:\/\/birdie.lv\/en\/lietosanas-noteikumi\/\" class=\"woodmart-nav-link\"><span class=\"nav-link-text\">Lieto\u0161anas noteikumi<\/span><\/a><\/li>\n<li id=\"menu-item-4704\" class=\"menu-item menu-item-type-post_type menu-item-object-page menu-item-4704 item-level-0 menu-simple-dropdown wd-event-hover\" ><a href=\"https:\/\/birdie.lv\/en\/sikdatnu-politika\/\" class=\"woodmart-nav-link\"><span class=\"nav-link-text\">S\u012bkdat\u0146u politika<\/span><\/a><\/li>\n<\/ul>\t\t<\/div>\n\t\t\t\t\t\t<\/div>\n\t\t\t\t<\/div>\n\t\t\t\t<\/div>\n\t\t<div class=\"elementor-element elementor-element-57c48b88 e-con-full wd-col-content-md-sm wd-col-content-sm e-flex e-con e-child\" data-id=\"57c48b88\" data-element_type=\"container\" data-e-type=\"container\">\n\t\t<div class=\"elementor-element elementor-element-756fcc08 e-con-full e-flex e-con e-child\" data-id=\"756fcc08\" data-element_type=\"container\" data-e-type=\"container\">\n\t\t\t\t<div class=\"elementor-element elementor-element-d85f5a8 elementor-hidden-desktop wd-action-hide-btn elementor-widget elementor-widget-wd_builder_off_canvas_column_btn\" data-id=\"d85f5a8\" data-element_type=\"widget\" data-e-type=\"widget\" data-widget_type=\"wd_builder_off_canvas_column_btn.default\">\n\t\t\t\t<div class=\"elementor-widget-container\">\n\t\t\t\t\t\n\t\t<div class=\"wd-off-canvas-btn wd-action-btn wd-style-text wd-burger-icon\">\n\t\t\t<a href=\"#\" rel=\"nofollow\">\n\t\t\t\t\t\t\t\tShow sidebar\t\t\t<\/a>\n\t\t<\/div>\n\n\t\t\t\t\t<div class=\"wd-sidebar-opener wd-show-on-scroll wd-action-btn wd-style-icon wd-burger-icon\">\n\t\t\t\t<a href=\"#\" rel=\"nofollow\">\n\t\t\t\t\t\t\t\t\t<\/a>\n\t\t\t<\/div>\n\t\t\t\t\t\t\t\t<\/div>\n\t\t\t\t<\/div>\n\t\t\t\t<div class=\"elementor-element elementor-element-05bf2a5 elementor-widget elementor-widget-wd_text_block\" data-id=\"05bf2a5\" data-element_type=\"widget\" data-e-type=\"widget\" data-widget_type=\"wd_text_block.default\">\n\t\t\t\t<div class=\"elementor-widget-container\">\n\t\t\t\t\t\t\t<div class=\"wd-text-block reset-last-child text-left\">\n\t\t\t\n\t\t\t<h4><strong>BIRDIE.lv, SIA KRIPEX, Re\u0123. Nr. 40203666784, Akmens iela 2\u20139, C\u0113sis, C\u0113su nov., LV-4101<\/strong>, turpm\u0101k \u2013\u00a0<em>Internetveikals<\/em>, nodro\u0161ina m\u0101jaslap\u0101 pieejamo saturu un sniedz preces\/pakalpojumus saska\u0146\u0101 ar zem\u0101k izkl\u0101st\u012btajiem Lieto\u0161anas noteikumiem.<\/h4>\n\t\t\t\t\t<\/div>\n\t\t\t\t\t\t<\/div>\n\t\t\t\t<\/div>\n\t\t\t\t<div class=\"elementor-element elementor-element-6035cf0 elementor-widget elementor-widget-wd_accordion\" data-id=\"6035cf0\" data-element_type=\"widget\" data-e-type=\"widget\" data-widget_type=\"wd_accordion.default\">\n\t\t\t\t<div class=\"elementor-widget-container\">\n\t\t\t\t\t\n\t\t<div class=\"wd-accordion wd-style-default wd-border-off wd-titles-left wd-opener-pos-right wd-opener-style-arrow\" data-state=\"all_closed\">\n\t\t\t\t\t\t\t\n\t\t\t\t<div class=\"wd-accordion-item\">\n\t\t\t\t\t<div class=\"wd-accordion-title wd-role-btn\" data-accordion-index=\"0\" tabindex=\"0\">\n\t\t\t\t\t\t<div class=\"wd-accordion-title-text\">\n\t\t\t\t\t\t\t\t\t\t\t\t\t\t<span>\n\t\t\t\t\t\t\t\t1. Visp\u0101r\u012bgie noteikumi\t\t\t\t\t\t\t<\/span>\n\t\t\t\t\t\t<\/div>\n\t\t\t\t\t\t<span class=\"wd-accordion-opener\"><\/span>\n\t\t\t\t\t<\/div>\n\n\t\t\t\t\t<div class=\"wd-accordion-content wd-entry-content\" data-accordion-index=\"0\">\n\t\t\t\t\t\t\t\t\t\t\t\t\t\n\t\t\t\t\t\t\t<p>Ja pat\u0113r\u0113t\u0101js, izmantojot m\u0101jaslapas starpniec\u012bbu, ieg\u0101d\u0101jas preces\/pakalpojumus, \u0161\u0101da vieno\u0161an\u0101s tiek uzskat\u012bta par distances l\u012bgumu un ir pak\u013cauta Latvijas Republikas ties\u012bbu norm\u0101m, tai skait\u0101 Pat\u0113r\u0113t\u0101ju ties\u012bbu aizsardz\u012bbas likumam, MK noteikumiem \u201cNoteikumi par distances l\u012bgumu\u201d u.c.<\/p>\n\t\t\t\t\t\t\t\t\t\t\t\t\t\t\t\t\t\t<\/div>\n\t\t\t\t<\/div>\n\t\t\t\t\t\t\t\n\t\t\t\t<div class=\"wd-accordion-item\">\n\t\t\t\t\t<div class=\"wd-accordion-title wd-role-btn\" data-accordion-index=\"1\" tabindex=\"0\">\n\t\t\t\t\t\t<div class=\"wd-accordion-title-text\">\n\t\t\t\t\t\t\t\t\t\t\t\t\t\t<span>\n\t\t\t\t\t\t\t\t2. Pirkumu veik\u0161ana\t\t\t\t\t\t\t<\/span>\n\t\t\t\t\t\t<\/div>\n\t\t\t\t\t\t<span class=\"wd-accordion-opener\"><\/span>\n\t\t\t\t\t<\/div>\n\n\t\t\t\t\t<div class=\"wd-accordion-content wd-entry-content\" data-accordion-index=\"1\">\n\t\t\t\t\t\t\t\t\t\t\t\t\t\n\t\t\t\t\t\t\t<ul class=\"wp-block-list\">\n<li>Interneta veikal\u0101 p\u0101rdoto produktu cenas un specifik\u0101cija ir nor\u0101d\u012btas blakus produktiem.<\/li>\n<li>Lai veiktu pas\u016bt\u012bjumu, pirc\u0113js pievieno preces grozam, aizpilda nepiecie\u0161amos datus un izv\u0113las pieg\u0101des veidu.<\/li>\n<li>Pas\u016bt\u012bjuma kopsumma ar pieg\u0101di tiek par\u0101d\u012bta pirms apmaksas.<\/li>\n<li>Pre\u010du att\u0113li var nedaudz at\u0161\u0137irties no faktisk\u0101 izskata.<\/li>\n<\/ul>\n\t\t\t\t\t\t\t\t\t\t\t\t\t\t\t\t\t\t<\/div>\n\t\t\t\t<\/div>\n\t\t\t\t\t\t\t\n\t\t\t\t<div class=\"wd-accordion-item\">\n\t\t\t\t\t<div class=\"wd-accordion-title wd-role-btn\" data-accordion-index=\"2\" tabindex=\"0\">\n\t\t\t\t\t\t<div class=\"wd-accordion-title-text\">\n\t\t\t\t\t\t\t\t\t\t\t\t\t\t<span>\n\t\t\t\t\t\t\t\t3. Apmaksas noteikumi\t\t\t\t\t\t\t<\/span>\n\t\t\t\t\t\t<\/div>\n\t\t\t\t\t\t<span class=\"wd-accordion-opener\"><\/span>\n\t\t\t\t\t<\/div>\n\n\t\t\t\t\t<div class=\"wd-accordion-content wd-entry-content\" data-accordion-index=\"2\">\n\t\t\t\t\t\t\t\t\t\t\t\t\t\n\t\t\t\t\t\t\t<p>Nor\u0113\u0137inu val\u016bta vietn\u0113 ir eiro. Maks\u0101jumu iesp\u0113jas nodro\u0161ina\u00a0<a href=\"https:\/\/makecommerce.lv\/\" target=\"_blank\" rel=\"noreferrer noopener\">MakeCommerce.lv<\/a>\u00a0un Maksekeskus AS:<\/p>\n<ul class=\"wp-block-list\">\n<li>Latvijas internetbanku maks\u0101jumi: Swedbank, SEB, Citadele, Luminor<\/li>\n<li>Igaunijas internetbanku maks\u0101jumi: Swedbank, SEB, Luminor<\/li>\n<li>Lietuvas internetbanku maks\u0101jumi: Swedbank, SEB, Luminor<\/li>\n<li>Somijas internetbanku maks\u0101jumi: Aktia, \u00c5landsbanken, Danske, Handelsbanken, Nordea, Oma S\u00e4\u00e4stopankki, Pohjola, POP Pankki, S-Pankki, S\u00e4\u00e4stopankki Visa\/Mastercard kar\u0161u maks\u0101jumi<\/li>\n<\/ul>\n<p><br \/>Personas dati, kas nepiecie\u0161ami maks\u0101jumu veik\u0161anai, tiek nodoti licenc\u0113tai maks\u0101jumu iest\u0101dei Maksekeskus AS. L\u012bgums st\u0101jas sp\u0113k\u0101 p\u0113c veiksm\u012bgas maks\u0101juma apstiprin\u0101\u0161anas. Ja pas\u016bt\u012bjumu izpild\u012bt neb\u016bs iesp\u0113jams, Pirc\u0113js tiks inform\u0113ts un samaks\u0101t\u0101 summa atmaks\u0101ta 14 dienu laik\u0101.<\/p>\n\t\t\t\t\t\t\t\t\t\t\t\t\t\t\t\t\t\t<\/div>\n\t\t\t\t<\/div>\n\t\t\t\t\t\t\t\n\t\t\t\t<div class=\"wd-accordion-item\">\n\t\t\t\t\t<div class=\"wd-accordion-title wd-role-btn\" data-accordion-index=\"3\" tabindex=\"0\">\n\t\t\t\t\t\t<div class=\"wd-accordion-title-text\">\n\t\t\t\t\t\t\t\t\t\t\t\t\t\t<span>\n\t\t\t\t\t\t\t\t4. Pieg\u0101des noteikumi\t\t\t\t\t\t\t<\/span>\n\t\t\t\t\t\t<\/div>\n\t\t\t\t\t\t<span class=\"wd-accordion-opener\"><\/span>\n\t\t\t\t\t<\/div>\n\n\t\t\t\t\t<div class=\"wd-accordion-content wd-entry-content\" data-accordion-index=\"3\">\n\t\t\t\t\t\t\t\t\t\t\t\t\t\n\t\t\t\t\t\t\t<ul class=\"wp-block-list\">\n<li>Preces tiek pieg\u0101d\u0101tas uz sekojo\u0161\u0101m valst\u012bm: Latvija.<\/li>\n<li>Pieg\u0101des veidi:\n<ul class=\"wp-block-list\">\n<li>Omniva pakom\u0101ti,<\/li>\n<li>Venipak pakom\u0101ti,<\/li>\n<li>Unisend pakom\u0101ti,<\/li>\n<li>pre\u010du sa\u0146em\u0161ana uz vietas.<\/li>\n<\/ul>\n<\/li>\n<li>Pieg\u0101des laiks: 2\u20136 darba dienas. Iz\u0146\u0113muma gad\u012bjumos \u2013 l\u012bdz 45 kalend\u0101ra dien\u0101m, inform\u0113jot klientu.<\/li>\n<\/ul>\n\t\t\t\t\t\t\t\t\t\t\t\t\t\t\t\t\t\t<\/div>\n\t\t\t\t<\/div>\n\t\t\t\t\t\t\t\n\t\t\t\t<div class=\"wd-accordion-item\">\n\t\t\t\t\t<div class=\"wd-accordion-title wd-role-btn\" data-accordion-index=\"4\" tabindex=\"0\">\n\t\t\t\t\t\t<div class=\"wd-accordion-title-text\">\n\t\t\t\t\t\t\t\t\t\t\t\t\t\t<span>\n\t\t\t\t\t\t\t\t5. Atteikuma ties\u012bbas\t\t\t\t\t\t\t<\/span>\n\t\t\t\t\t\t<\/div>\n\t\t\t\t\t\t<span class=\"wd-accordion-opener\"><\/span>\n\t\t\t\t\t<\/div>\n\n\t\t\t\t\t<div class=\"wd-accordion-content wd-entry-content\" data-accordion-index=\"4\">\n\t\t\t\t\t\t\t\t\t\t\t\t\t\n\t\t\t\t\t\t\t<ul class=\"wp-block-list\">\n<li>Pirc\u0113jam ir ties\u012bbas 14 kalend\u0101ro dienu laik\u0101 atteikties no preces (iz\u0146emot juridiskas personas un personaliz\u0113tas preces).<\/li>\n<li>Lai izmantotu atteikuma ties\u012bbas, pirc\u0113js iesniedz atteikuma pieteikumu, rakstot uz\u00a0<strong><a>info@birdie.lv<\/a><\/strong>. Katrs gad\u012bjums tiek izskat\u012bts atsevis\u0137i.<\/li>\n<li>Atgrie\u0161anas izmaksas sedz pirc\u0113js, ja vien prece neatbilst pas\u016bt\u012bjumam.<\/li>\n<\/ul>\n<p>Atmaksa tiek veikta 14 dienu laik\u0101 p\u0113c preces atpaka\u013csa\u0146em\u0161anas.<\/p>\n<p><strong>Atpaka\u013c pie\u0146emt\u0101s preces nosac\u012bjumi:<\/strong><br \/>Internetveikals nepie\u0146em preci atpaka\u013c, ja:<\/p>\n<ol class=\"wp-block-list\">\n<li>T\u0101 ir\u00a0<strong>boj\u0101ta<\/strong>\u00a0pirc\u0113ja vainas d\u0113\u013c.<\/li>\n<li>T\u0101 ir\u00a0<strong>lieta neatbilsto\u0161i paredz\u0113tajam m\u0113r\u0137im<\/strong>\u00a0vai intens\u012bvi lietota.<\/li>\n<li>Nav saglab\u0101tas preces\u00a0<strong>lietojuma \u012bpa\u0161\u012bbas<\/strong>\u00a0(piem., funkcionalit\u0101te, dro\u0161ums).<\/li>\n<li>Preces\u00a0<strong>izskats ir b\u016btiski main\u012bjies<\/strong>\u00a0(piem., skr\u0101p\u0113jumi, net\u012brumi u.c.), kas ietekm\u0113 t\u0101s v\u0113rt\u012bbu.<\/li>\n<\/ol>\n<p>\u26a0\ufe0f Ori\u0123in\u0101lais iepakojums\u00a0<strong>netiek uzskat\u012bts par b\u016btisku<\/strong>\u00a0atteikuma ties\u012bbu piem\u0113ro\u0161anai.<\/p>\n\t\t\t\t\t\t\t\t\t\t\t\t\t\t\t\t\t\t<\/div>\n\t\t\t\t<\/div>\n\t\t\t\t\t\t\t\n\t\t\t\t<div class=\"wd-accordion-item\">\n\t\t\t\t\t<div class=\"wd-accordion-title wd-role-btn\" data-accordion-index=\"5\" tabindex=\"0\">\n\t\t\t\t\t\t<div class=\"wd-accordion-title-text\">\n\t\t\t\t\t\t\t\t\t\t\t\t\t\t<span>\n\t\t\t\t\t\t\t\t6. Pat\u0113r\u0113t\u0101ja ties\u012bbas par l\u012bgumam neatbilsto\u0161u preci\t\t\t\t\t\t\t<\/span>\n\t\t\t\t\t\t<\/div>\n\t\t\t\t\t\t<span class=\"wd-accordion-opener\"><\/span>\n\t\t\t\t\t<\/div>\n\n\t\t\t\t\t<div class=\"wd-accordion-content wd-entry-content\" data-accordion-index=\"5\">\n\t\t\t\t\t\t\t\t\t\t\t\t\t\n\t\t\t\t\t\t\t<p><strong>Atbild\u012bbas periods<\/strong>:<\/p>\n<ol class=\"wp-block-list\">\n<li>Internetveikals atbild par preces neatbilst\u012bbu l\u012bgumam 14 dienas p\u0113c preces sa\u0146em\u0161anas. Tas attiecas uz vis\u0101m prec\u0113m, tostarp diska golfa apr\u012bkojumu un citiem sporta invent\u0101ra izstr\u0101d\u0101jumiem.<\/li>\n<\/ol>\n<p><strong>Pirc\u0113ja pien\u0101kums:<\/strong><\/p>\n<ol class=\"wp-block-list\">\n<li>Ja prece neatbilst l\u012bgumam (piem\u0113ram, ir boj\u0101ta, tr\u016bkst da\u013cu vai nav atbilsto\u0161a aprakstam), pirc\u0113jam j\u0101inform\u0113 internetveikals 14 dienu laik\u0101 p\u0113c neatbilst\u012bbas atkl\u0101\u0161anas, s\u016btot zi\u0146ojumu uz\u00a0<strong><a>info@birdie.lv<\/a><\/strong>. Zi\u0146ojum\u0101 j\u0101nor\u0101da pas\u016bt\u012bjuma numurs, preces nosaukums un neatbilst\u012bbas apraksts.<\/li>\n<\/ol>\n<p><strong>Risin\u0101juma iesp\u0113jas:<\/strong><\/p>\n<p>P\u0113c pazi\u0146ojuma sa\u0146em\u0161anas internetveikals nodro\u0161ina vienu no \u0161\u0101diem risin\u0101jumiem:<\/p>\n<ol class=\"wp-block-list\">\n<li><strong>Preces apmai\u0146a\u00a0<\/strong>pret l\u012bdzv\u0113rt\u012bgu preci;<\/li>\n<li><strong>Naudas atmaksa<\/strong>\u00a015 dienu laik\u0101 no pazi\u0146ojuma sa\u0146em\u0161anas dienas.<\/li>\n<\/ol>\n<p><strong>Papildinform\u0101cija<\/strong><\/p>\n<ol class=\"wp-block-list\">\n<li>Pirc\u0113jam ir ties\u012bbas sa\u0146emt preces atbilst\u012bg\u0101 st\u0101vokl\u012b saska\u0146\u0101 ar Latvijas Republikas Pat\u0113r\u0113t\u0101ju ties\u012bbu aizsardz\u012bbas likumu un citiem sp\u0113k\u0101 eso\u0161ajiem normat\u012bvajiem aktiem.<\/li>\n<\/ol>\n\t\t\t\t\t\t\t\t\t\t\t\t\t\t\t\t\t\t<\/div>\n\t\t\t\t<\/div>\n\t\t\t\t\t\t\t\n\t\t\t\t<div class=\"wd-accordion-item\">\n\t\t\t\t\t<div class=\"wd-accordion-title wd-role-btn\" data-accordion-index=\"6\" tabindex=\"0\">\n\t\t\t\t\t\t<div class=\"wd-accordion-title-text\">\n\t\t\t\t\t\t\t\t\t\t\t\t\t\t<span>\n\t\t\t\t\t\t\t\t7. Pirc\u0113ja personas datu apstr\u0101de\t\t\t\t\t\t\t<\/span>\n\t\t\t\t\t\t<\/div>\n\t\t\t\t\t\t<span class=\"wd-accordion-opener\"><\/span>\n\t\t\t\t\t<\/div>\n\n\t\t\t\t\t<div class=\"wd-accordion-content wd-entry-content\" data-accordion-index=\"6\">\n\t\t\t\t\t\t\t\t\t\t\t\t\t\n\t\t\t\t\t\t\t<p>Apstr\u0101d\u0101 tikai tos personas datus, ko pirc\u0113js sniedz pas\u016bt\u012bjuma veik\u0161anai (v\u0101rds, uzv\u0101rds, e-pasts u.c.).<\/p>\n<p>Dati tiek nodoti transporta pakalpojumu sniedz\u0113jiem pre\u010du pieg\u0101dei. Ja pirc\u0113js piekritis m\u0101rketinga komunik\u0101cijai, vi\u0146am ir ties\u012bbas atteikties, rakstot uz info@birdie.lv.<\/p>\n\t\t\t\t\t\t\t\t\t\t\t\t\t\t\t\t\t\t<\/div>\n\t\t\t\t<\/div>\n\t\t\t\t\t\t\t\n\t\t\t\t<div class=\"wd-accordion-item\">\n\t\t\t\t\t<div class=\"wd-accordion-title wd-role-btn\" data-accordion-index=\"7\" tabindex=\"0\">\n\t\t\t\t\t\t<div class=\"wd-accordion-title-text\">\n\t\t\t\t\t\t\t\t\t\t\t\t\t\t<span>\n\t\t\t\t\t\t\t\t8. Str\u012bdu iz\u0161\u0137ir\u0161ana\t\t\t\t\t\t\t<\/span>\n\t\t\t\t\t\t<\/div>\n\t\t\t\t\t\t<span class=\"wd-accordion-opener\"><\/span>\n\t\t\t\t\t<\/div>\n\n\t\t\t\t\t<div class=\"wd-accordion-content wd-entry-content\" data-accordion-index=\"7\">\n\t\t\t\t\t\t\t\t\t\t\t\t\t\n\t\t\t\t\t\t\t<p>Str\u012bdus risina savstarp\u0113ju sarunu vai rakstisk\u0101s sarakstes ce\u013c\u0101. Ja tas neizdodas, str\u012bdus risina Latvijas Republikas ties\u0101 vai Pat\u0113r\u0113t\u0101ju ties\u012bbu aizsardz\u012bbas centr\u0101. Pirc\u0113jam ir ties\u012bbas v\u0113rsties ar\u012b ES str\u012bdu iz\u0161\u0137ir\u0161anas iest\u0101d\u0113s.<\/p>\n\t\t\t\t\t\t\t\t\t\t\t\t\t\t\t\t\t\t<\/div>\n\t\t\t\t<\/div>\n\t\t\t\t\t<\/div>\n\t\t\t\t\t\t<\/div>\n\t\t\t\t<\/div>\n\t\t\t\t<\/div>\n\t\t\t\t<\/div>\n\t\t\t\t<\/div>\n\t\t\t\t<\/div>","protected":false},"excerpt":{"rendered":"<p>About Affiliate Partner Careers Show sidebar BIRDIE.lv, SIA KRIPEX, Re\u0123. Nr. 40203666784, Akmens iela 2\u20139, C\u0113sis, C\u0113su nov., LV-4101, turpm\u0101k<\/p>","protected":false},"author":1,"featured_media":0,"parent":0,"menu_order":0,"comment_status":"closed","ping_status":"closed","template":"","meta":{"om_disable_all_campaigns":false,"footnotes":""},"class_list":["post-2357","page","type-page","status-publish","hentry"],"aioseo_notices":[],"jetpack_sharing_enabled":true,"_links":{"self":[{"href":"https:\/\/birdie.lv\/en\/wp-json\/wp\/v2\/pages\/2357","targetHints":{"allow":["GET"]}}],"collection":[{"href":"https:\/\/birdie.lv\/en\/wp-json\/wp\/v2\/pages"}],"about":[{"href":"https:\/\/birdie.lv\/en\/wp-json\/wp\/v2\/types\/page"}],"author":[{"embeddable":true,"href":"https:\/\/birdie.lv\/en\/wp-json\/wp\/v2\/users\/1"}],"replies":[{"embeddable":true,"href":"https:\/\/birdie.lv\/en\/wp-json\/wp\/v2\/comments?post=2357"}],"version-history":[{"count":34,"href":"https:\/\/birdie.lv\/en\/wp-json\/wp\/v2\/pages\/2357\/revisions"}],"predecessor-version":[{"id":4618,"href":"https:\/\/birdie.lv\/en\/wp-json\/wp\/v2\/pages\/2357\/revisions\/4618"}],"wp:attachment":[{"href":"https:\/\/birdie.lv\/en\/wp-json\/wp\/v2\/media?parent=2357"}],"curies":[{"name":"wp","href":"https:\/\/api.w.org\/{rel}","templated":true}]}}