{"id":3258,"date":"2025-09-11T10:18:19","date_gmt":"2025-09-11T10:18:19","guid":{"rendered":"https:\/\/birdie.lv\/?page_id=3258"},"modified":"2026-03-12T18:20:25","modified_gmt":"2026-03-12T18:20:25","slug":"piegade","status":"publish","type":"page","link":"https:\/\/birdie.lv\/en\/piegade\/","title":{"rendered":"Pieg\u0101de"},"content":{"rendered":"\t\t<div data-elementor-type=\"wp-page\" data-elementor-id=\"3258\" class=\"elementor elementor-3258\">\n\t\t\t\t<div class=\"wd-negative-gap elementor-element elementor-element-3288aaa4 e-flex e-con-boxed e-con e-parent\" data-id=\"3288aaa4\" data-element_type=\"container\" data-e-type=\"container\">\n\t\t\t\t\t<div class=\"e-con-inner\">\n\t\t\t\t\t<link rel=\"stylesheet\" id=\"wd-int-elem-opt-off-canvas-column-css\" href=\"https:\/\/birdie.lv\/wp-content\/themes\/woodmart\/css\/parts\/int-elem-opt-off-canvas-column.min.css?ver=8.3.9\" type=\"text\/css\" media=\"all\" \/> \t\t\t\t\t\t<link rel=\"stylesheet\" id=\"wd-int-elem-opt-sticky-column-css\" href=\"https:\/\/birdie.lv\/wp-content\/themes\/woodmart\/css\/parts\/int-elem-opt-sticky-column.min.css?ver=8.3.9\" type=\"text\/css\" media=\"all\" \/> \t\t\t<div class=\"wd-sticky-container-lg elementor-element elementor-element-25dcd473 e-con-full wd-col-offcanvas-md-sm wd-col-offcanvas-sm e-flex wd-alignment-left e-con e-child\" data-id=\"25dcd473\" data-element_type=\"container\" data-e-type=\"container\">\n\t\t\t\t<div class=\"elementor-element elementor-element-73caa8fa elementor-widget elementor-widget-wd_mega_menu\" data-id=\"73caa8fa\" data-element_type=\"widget\" data-e-type=\"widget\" data-widget_type=\"wd_mega_menu.default\">\n\t\t\t\t<div class=\"elementor-widget-container\">\n\t\t\t\t\t\t\t<div class=\"wd-menu widget_nav_mega_menu\">\n\t\t\t\t\t\t<ul id=\"menu-content-menu\" class=\"menu wd-nav wd-nav-vertical wd-design-simple wd-gap-l\"><li id=\"menu-item-4701\" class=\"menu-item menu-item-type-post_type menu-item-object-page menu-item-4701 item-level-0 menu-simple-dropdown wd-event-hover\" ><a href=\"https:\/\/birdie.lv\/en\/kontakti\/\" class=\"woodmart-nav-link\"><span class=\"nav-link-text\">Kontakti<\/span><\/a><\/li>\n<li id=\"menu-item-4702\" class=\"menu-item menu-item-type-post_type menu-item-object-page menu-item-4702 item-level-0 menu-simple-dropdown wd-event-hover\" ><a href=\"https:\/\/birdie.lv\/en\/piegade\/\" class=\"woodmart-nav-link\"><span class=\"nav-link-text\">Pieg\u0101de<\/span><\/a><\/li>\n<li id=\"menu-item-4705\" class=\"menu-item menu-item-type-post_type menu-item-object-page menu-item-4705 item-level-0 menu-simple-dropdown wd-event-hover\" ><a href=\"https:\/\/birdie.lv\/en\/privatuma-politika\/\" class=\"woodmart-nav-link\"><span class=\"nav-link-text\">Priv\u0101tuma Politika<\/span><\/a><\/li>\n<li id=\"menu-item-4703\" class=\"menu-item menu-item-type-post_type menu-item-object-page menu-item-4703 item-level-0 menu-simple-dropdown wd-event-hover\" ><a href=\"https:\/\/birdie.lv\/en\/lietosanas-noteikumi\/\" class=\"woodmart-nav-link\"><span class=\"nav-link-text\">Lieto\u0161anas noteikumi<\/span><\/a><\/li>\n<li id=\"menu-item-4704\" class=\"menu-item menu-item-type-post_type menu-item-object-page menu-item-4704 item-level-0 menu-simple-dropdown wd-event-hover\" ><a href=\"https:\/\/birdie.lv\/en\/sikdatnu-politika\/\" class=\"woodmart-nav-link\"><span class=\"nav-link-text\">S\u012bkdat\u0146u politika<\/span><\/a><\/li>\n<\/ul>\t\t<\/div>\n\t\t\t\t\t\t<\/div>\n\t\t\t\t<\/div>\n\t\t\t\t<\/div>\n\t\t<div class=\"elementor-element elementor-element-27f172be e-con-full wd-col-content-md-sm wd-col-content-sm e-flex e-con e-child\" data-id=\"27f172be\" data-element_type=\"container\" data-e-type=\"container\">\n\t\t\t\t<div class=\"elementor-element elementor-element-807ea89 elementor-widget elementor-widget-image\" data-id=\"807ea89\" data-element_type=\"widget\" data-e-type=\"widget\" data-widget_type=\"image.default\">\n\t\t\t\t\t\t\t\t\t\t\t\t\t\t\t<img loading=\"lazy\" decoding=\"async\" width=\"1024\" height=\"434\" src=\"https:\/\/birdie.lv\/wp-content\/themes\/woodmart\/images\/lazy.svg\" class=\"attachment-large size-large wp-image-4664\" alt=\"\" srcset=\"\" sizes=\"auto, (max-width: 1024px) 100vw, 1024px\" data-src=\"https:\/\/birdie.lv\/wp-content\/uploads\/2026\/03\/peigade2-1024x434.jpg\" data-srcset=\"https:\/\/birdie.lv\/wp-content\/uploads\/2026\/03\/peigade2-1024x434.jpg 1024w, https:\/\/birdie.lv\/wp-content\/uploads\/2026\/03\/peigade2-300x127.jpg 300w, https:\/\/birdie.lv\/wp-content\/uploads\/2026\/03\/peigade2-768x325.jpg 768w, https:\/\/birdie.lv\/wp-content\/uploads\/2026\/03\/peigade2-1536x651.jpg 1536w, https:\/\/birdie.lv\/wp-content\/uploads\/2026\/03\/peigade2-600x254.jpg 600w, https:\/\/birdie.lv\/wp-content\/uploads\/2026\/03\/peigade2-150x64.jpg 150w, https:\/\/birdie.lv\/wp-content\/uploads\/2026\/03\/peigade2.jpg 1586w\" \/>\t\t\t\t\t\t\t\t\t\t\t\t\t\t\t<\/div>\n\t\t\t\t<div class=\"elementor-element elementor-element-bf50c5a elementor-widget elementor-widget-wd_text_block\" data-id=\"bf50c5a\" data-element_type=\"widget\" data-e-type=\"widget\" data-widget_type=\"wd_text_block.default\">\n\t\t\t\t<div class=\"elementor-widget-container\">\n\t\t\t\t\t\t\t<div class=\"wd-text-block reset-last-child text-left\">\n\t\t\t\n\t\t\t<h2 class=\"wp-block-heading\">Pieg\u0101de un sa\u0146em\u0161ana<\/h2>\n<p>M\u016bsu veikal\u0101 tiek pied\u0101v\u0101tas tikai preces, kas ir pieejamas m\u016bsu kr\u0101jum\u0101, nodro\u0161inot \u0101tru pieg\u0101di.<\/p>\n<p>Pas\u016bt\u012bjums tiek sagatavots\u00a0<strong>taj\u0101 pa\u0161\u0101 dien\u0101<\/strong>, kad tas veikts.\u00a0<strong>Slikt\u0101kaj\u0101 gad\u012bjum\u0101 sagatavo\u0161ana var aiz\u0146emt 1\u20132 darba dienas.<\/strong><br \/><strong>Pre\u010du pieg\u0101de uz izsnieg\u0161anas punktiem<\/strong>:<\/p>\n<ul class=\"wp-block-list\">\n<li><strong>Omniva pakom\u0101ti:<\/strong>\u00a0pieg\u0101des laiks 1 \u2013 2 darba dienas, atkar\u012bb\u0101 no pakom\u0101ta noslodzes.<\/li>\n<li><strong>Venipak pakom\u0101ti:<\/strong>\u00a0pieg\u0101des laiks 1 \u2013 4 darba dienas, atkar\u012bb\u0101 no pakom\u0101ta noslodzes.<\/li>\n<li><strong>Unisend pakom\u0101ti:<\/strong> pieg\u0101des laiks 1 \u2013 4 darba dienas, atkar\u012bb\u0101 no pakom\u0101ta noslodzes.<\/li>\n<\/ul>\n<p><strong>Pieg\u0101des izmaksas<\/strong>\u00a0s\u0101kas no\u00a0<strong>2,41 EUR<\/strong>\u00a0+ PVN. Prec\u012bzas izmaksas katrai precei iesp\u0113jams apl\u016bkot pas\u016btijuma noform\u0113\u0161anas sol\u012b.<\/p>\n<hr class=\"wp-block-separator has-alpha-channel-opacity\" \/>\n<h2>\u00a0<\/h2>\n<h2 class=\"wp-block-heading\">Bezmaksas pre\u010du sa\u0146em\u0161ana uz vietas (Stacijas iela 10, Valmiera)\u00a0<\/h2>\n<ul class=\"wp-block-list\">\n<li>Saska\u0146ojot laiku \u2013<a title=\"RAKSTI WHATSAP\u0100, VAI ZVANI.\" href=\"https:\/\/wa.me\/+37125610387\"><strong>\u00a0RAKSTOT WHATSAPP (spied \u0161eit)<\/strong><\/a>.<\/li>\n<\/ul>\n\n\t\t\t\t\t<\/div>\n\t\t\t\t\t\t<\/div>\n\t\t\t\t<\/div>\n\t\t\t\t<div class=\"elementor-element elementor-element-12ac75e wd-width-100 elementor-widget elementor-widget-wd_open_street_map\" data-id=\"12ac75e\" data-element_type=\"widget\" data-e-type=\"widget\" data-widget_type=\"wd_open_street_map.default\">\n\t\t\t\t<div class=\"elementor-widget-container\">\n\t\t\t\t\t\t\t\t<link rel=\"stylesheet\" id=\"wd-map-css\" href=\"https:\/\/birdie.lv\/wp-content\/themes\/woodmart\/css\/parts\/el-map.min.css?ver=8.3.9\" type=\"text\/css\" media=\"all\" \/> \t\t\t\t\t\t<link rel=\"stylesheet\" id=\"wd-el-open-street-map-css\" href=\"https:\/\/birdie.lv\/wp-content\/themes\/woodmart\/css\/parts\/el-open-street-map.min.css?ver=8.3.9\" type=\"text\/css\" media=\"all\" \/> \t\t\t\t\t<div class=\"wd-osm-map-container wd-map-container map-container-with-content\" style=\"--wd-justify-content: left; --wd-align-items: start;\">\n\t\t\t<div id=\"wd-osm-map-12ac75e\" class=\"wd-osm-map-wrapper wd-map-wrapper\" data-settings=\"{&quot;zoom&quot;:15,&quot;iconUrl&quot;:&quot;https:\\\/\\\/birdie.lv\\\/wp-content\\\/uploads\\\/2026\\\/03\\\/New-Project-32.png&quot;,&quot;iconSize&quot;:[&quot;32&quot;,&quot;32&quot;],&quot;scrollWheelZoom&quot;:&quot;no&quot;,&quot;zoomControl&quot;:&quot;yes&quot;,&quot;dragging&quot;:&quot;yes&quot;,&quot;geoapify_tile&quot;:&quot;osm-carto&quot;,&quot;markers&quot;:[{&quot;marker&quot;:{&quot;_id&quot;:&quot;893cd1b&quot;,&quot;marker_coords&quot;:&quot;57.53080838466819, 25.429201656712802&quot;,&quot;marker_title&quot;:&quot;&quot;,&quot;marker_description&quot;:&quot;&quot;,&quot;marker_behavior&quot;:&quot;popup&quot;,&quot;show_button&quot;:&quot;no&quot;,&quot;button_text&quot;:null,&quot;button_url&quot;:null,&quot;button_url_target&quot;:null,&quot;image&quot;:{&quot;url&quot;:&quot;&quot;,&quot;id&quot;:&quot;&quot;,&quot;size&quot;:&quot;&quot;},&quot;image_size&quot;:[],&quot;image_custom_dimension&quot;:null},&quot;lat&quot;:&quot;57.53080838466819&quot;,&quot;lng&quot;:&quot; 25.429201656712802&quot;}],&quot;center&quot;:&quot;57.530808384668,25.429201656713&quot;,&quot;init_type&quot;:&quot;page_load&quot;}\"><\/div>\n\n\t\t\t\n\t\t\t\n\t\t\t\t\t\t\t<div class=\"wd-osm-map-content-wrap wd-map-content-wrap wd-fill\">\n\t\t\t\t\t<div class=\"wd-osm-map-content wd-map-content wd-entry-content\">\n\t\t\t\t\t\t\t\t\t\t\t\t\t<p>Sa\u0146em\u0161ana uz vietas<\/p>\n\t\t\t\t\t\t\t\t\t\t\t<\/div>\n\t\t\t\t<\/div>\n\t\t\t\t\t<\/div>\n\t\t\t\t\t\t<\/div>\n\t\t\t\t<\/div>\n\t\t\t\t<\/div>\n\t\t\t\t\t<\/div>\n\t\t\t\t<\/div>\n\t\t\t\t<\/div>\n\t\t","protected":false},"excerpt":{"rendered":"<p>Kontakti Pieg\u0101de Priv\u0101tuma Politika Lieto\u0161anas noteikumi S\u012bkdat\u0146u politika Pieg\u0101de un sa\u0146em\u0161ana M\u016bsu veikal\u0101 tiek pied\u0101v\u0101tas tikai preces, kas ir pieejamas<\/p>","protected":false},"author":1,"featured_media":0,"parent":0,"menu_order":0,"comment_status":"closed","ping_status":"closed","template":"","meta":{"om_disable_all_campaigns":false,"footnotes":""},"class_list":["post-3258","page","type-page","status-publish","hentry"],"aioseo_notices":[],"jetpack_sharing_enabled":true,"_links":{"self":[{"href":"https:\/\/birdie.lv\/en\/wp-json\/wp\/v2\/pages\/3258","targetHints":{"allow":["GET"]}}],"collection":[{"href":"https:\/\/birdie.lv\/en\/wp-json\/wp\/v2\/pages"}],"about":[{"href":"https:\/\/birdie.lv\/en\/wp-json\/wp\/v2\/types\/page"}],"author":[{"embeddable":true,"href":"https:\/\/birdie.lv\/en\/wp-json\/wp\/v2\/users\/1"}],"replies":[{"embeddable":true,"href":"https:\/\/birdie.lv\/en\/wp-json\/wp\/v2\/comments?post=3258"}],"version-history":[{"count":41,"href":"https:\/\/birdie.lv\/en\/wp-json\/wp\/v2\/pages\/3258\/revisions"}],"predecessor-version":[{"id":4919,"href":"https:\/\/birdie.lv\/en\/wp-json\/wp\/v2\/pages\/3258\/revisions\/4919"}],"wp:attachment":[{"href":"https:\/\/birdie.lv\/en\/wp-json\/wp\/v2\/media?parent=3258"}],"curies":[{"name":"wp","href":"https:\/\/api.w.org\/{rel}","templated":true}]}}