{"id":4925,"date":"2026-03-16T18:40:24","date_gmt":"2026-03-16T18:40:24","guid":{"rendered":"https:\/\/birdie.lv\/?page_id=4925"},"modified":"2026-03-16T19:07:06","modified_gmt":"2026-03-16T19:07:06","slug":"kur-spelet-disku-golfu-latvija","status":"publish","type":"page","link":"https:\/\/birdie.lv\/en\/kur-spelet-disku-golfu-latvija\/","title":{"rendered":"Kur sp\u0113l\u0113t disku golfu Latvij\u0101"},"content":{"rendered":"<div data-elementor-type=\"wp-page\" data-elementor-id=\"4925\" class=\"elementor elementor-4925\">\n\t\t\t\t<div class=\"wd-negative-gap elementor-element elementor-element-d8392bd e-flex e-con-boxed e-con e-parent\" data-id=\"d8392bd\" data-element_type=\"container\" data-e-type=\"container\" data-settings=\"{&quot;background_background&quot;:&quot;classic&quot;}\">\n\t\t\t\t\t<div class=\"e-con-inner\">\n\t\t\t\t<div class=\"elementor-element elementor-element-04e7656 color-scheme-inherit text-left elementor-widget elementor-widget-text-editor\" data-id=\"04e7656\" data-element_type=\"widget\" data-e-type=\"widget\" data-widget_type=\"text-editor.default\">\n\t\t\t\t\t\t\t\t\t<p data-start=\"340\" data-end=\"558\">Ja mekl\u0113 <strong data-start=\"349\" data-end=\"383\">kur sp\u0113l\u0113t disku golfu Latvij\u0101<\/strong>, lab\u0101 zi\u0146a \u2013 Latvij\u0101 ir desmitiem kvalitat\u012bvu disku golfa laukumu. Disku golfs k\u013c\u016bst arvien popul\u0101r\u0101ks, un jaunas trases regul\u0101ri par\u0101d\u0101s parkos, me\u017eos un atp\u016btas kompleksos.<\/p><p data-start=\"560\" data-end=\"595\">\u0160aj\u0101 lap\u0101 atrad\u012bsi inform\u0101ciju par:<\/p><ul data-start=\"597\" data-end=\"760\"><li data-section-id=\"3kzyax\" data-start=\"597\" data-end=\"647\"><p data-start=\"599\" data-end=\"647\">popul\u0101r\u0101kajiem <strong data-start=\"614\" data-end=\"647\">disku golfa laukumiem Latvij\u0101<\/strong><\/p><\/li><li data-section-id=\"13c0lc0\" data-start=\"648\" data-end=\"670\"><p data-start=\"650\" data-end=\"670\"><strong data-start=\"650\" data-end=\"670\">disku golfu R\u012bg\u0101<\/strong><\/p><\/li><li data-section-id=\"1wukw3z\" data-start=\"671\" data-end=\"711\"><p data-start=\"673\" data-end=\"711\">k\u0101 atrast <strong data-start=\"683\" data-end=\"711\">tuv\u0101ko disku golfa trasi<\/strong><\/p><\/li><li data-section-id=\"1tebv9n\" data-start=\"712\" data-end=\"760\"><p data-start=\"714\" data-end=\"760\">kas nepiecie\u0161ams, lai s\u0101ktu sp\u0113l\u0113t disku golfu<\/p><\/li><\/ul><p>Ja v\u0113l tikai s\u0101c sp\u0113l\u0113t, vari apskat\u012bt ar\u012b<a href=\"https:\/\/birdie.lv\/en\/diski-iesacejiem\/\"> <strong data-start=\"805\" data-end=\"838\">disku golfa diskus ies\u0101c\u0113jiem<\/strong><\/a>, kas pal\u012bdz\u0113s \u0101tr\u0101k uzlabot savu sp\u0113li.<\/p>\t\t\t\t\t\t\t\t<\/div>\n\t\t\t\t\t<\/div>\n\t\t\t\t<\/div>\n\t\t<div class=\"wd-negative-gap elementor-element elementor-element-8a53093 e-flex e-con-boxed e-con e-parent\" data-id=\"8a53093\" data-element_type=\"container\" data-e-type=\"container\" data-settings=\"{&quot;background_background&quot;:&quot;classic&quot;}\">\n\t\t\t\t\t<div class=\"e-con-inner\">\n\t\t\t\t<div class=\"elementor-element elementor-element-09f8b38 elementor-widget elementor-widget-wd_text_block\" data-id=\"09f8b38\" data-element_type=\"widget\" data-e-type=\"widget\" data-widget_type=\"wd_text_block.default\">\n\t\t\t\t<div class=\"elementor-widget-container\">\n\t\t\t\t\t\t\t<div class=\"wd-text-block reset-last-child text-left\">\n\t\t\t\n\t\t\t<h2 data-section-id=\"140dx49\" data-start=\"885\" data-end=\"915\">Disku golfa laukumi Latvij\u0101<\/h2><p data-start=\"917\" data-end=\"1078\">Latvij\u0101 \u0161obr\u012bd ir vair\u0101k nek\u0101 <strong data-start=\"947\" data-end=\"973\">50 disku golfa laukumi<\/strong>, un to skaits katru gadu pieaug. Daudzi laukumi ir pieejami bez maksas un atrodas skaist\u0101s dabas viet\u0101s.<\/p><p data-start=\"1080\" data-end=\"1131\">\u00a0Kur sp\u0113l\u0113t disku golfu Latvij\u0101:<\/p>\n\t\t\t\t\t<\/div>\n\t\t\t\t\t\t<\/div>\n\t\t\t\t<\/div>\n\t\t\t\t<div class=\"elementor-element elementor-element-ae413c7 elementor-widget elementor-widget-html\" data-id=\"ae413c7\" data-element_type=\"widget\" data-e-type=\"widget\" data-widget_type=\"html.default\">\n\t\t\t\t\t<iframe loading=\"lazy\" src=\"https:\/\/www.google.com\/maps\/d\/embed?mid=1xLtAgT6U7sJzMmPANRcWpYDAV17NI-M6&ehbc=2E312F\" width=\"640\" height=\"480\"><\/iframe>\t\t\t\t<\/div>\n\t\t\t\t\t<\/div>\n\t\t\t\t<\/div>\n\t\t<div class=\"elementor-element elementor-element-4886c46 e-con-full e-flex e-con e-parent\" data-id=\"4886c46\" data-element_type=\"container\" data-e-type=\"container\" data-settings=\"{&quot;background_background&quot;:&quot;classic&quot;}\">\n\t\t\t\t<div class=\"elementor-element elementor-element-788ae22 color-scheme-inherit text-left elementor-widget elementor-widget-text-editor\" data-id=\"788ae22\" data-element_type=\"widget\" data-e-type=\"widget\" data-widget_type=\"text-editor.default\">\n\t\t\t\t\t\t\t\t\t<h2 data-section-id=\"1ort4lr\" data-start=\"2488\" data-end=\"2536\">K\u0101 atrast disku golfa laukumu net\u0101lu no sevis<\/h2><p data-start=\"2538\" data-end=\"2645\">Vienk\u0101r\u0161\u0101kais veids, k\u0101 atrast <strong data-start=\"2569\" data-end=\"2599\">tuv\u0101ko disku golfa laukumu<\/strong>, ir izmantot disku golfa kartes un lietotnes.<\/p><p data-start=\"2647\" data-end=\"2664\">Popul\u0101r\u0101kie r\u012bki:<\/p><ul><li><a href=\"https:\/\/discgolfmetrix.com\/\"><strong data-start=\"2668\" data-end=\"2686\">Disc golf metrix<\/strong> <\/a>\u2013 Igaunij\u0101 b\u0101z\u0113ta platforma. \u0160\u012b ir popul\u0101r\u0101k\u0101 platforma turn\u012bru organiz\u0113\u0161anai Latvij\u0101, k\u0101 ar\u012b lielisks r\u012bks treni\u0146u rezult\u0101tu ievad\u012b\u0161anai.<\/li><\/ul><ul data-start=\"2666\" data-end=\"2806\"><li data-section-id=\"en62wf\" data-start=\"2666\" data-end=\"2725\"><p data-start=\"2668\" data-end=\"2725\"><strong data-start=\"2668\" data-end=\"2686\">UDisc lietotne<\/strong> \u2013 pasaules disku golfa laukumu karte<\/p><\/li><\/ul>\t\t\t\t\t\t\t\t<\/div>\n\t\t\t\t<\/div>\n\t\t<div class=\"elementor-element elementor-element-787cb37 e-con-full e-flex e-con e-parent\" data-id=\"787cb37\" data-element_type=\"container\" data-e-type=\"container\" data-settings=\"{&quot;background_background&quot;:&quot;classic&quot;}\">\n\t\t\t\t<div class=\"elementor-element elementor-element-56d47d4 color-scheme-inherit text-left elementor-widget elementor-widget-text-editor\" data-id=\"56d47d4\" data-element_type=\"widget\" data-e-type=\"widget\" data-widget_type=\"text-editor.default\">\n\t\t\t\t\t\t\t\t\t<h2 data-section-id=\"15i9nk8\" data-start=\"3378\" data-end=\"3425\">K\u0101p\u0113c disku golfs Latvij\u0101 k\u013c\u016bst tik popul\u0101rs<\/h2><p data-start=\"3427\" data-end=\"3492\">Disku golfa popularit\u0101te Latvij\u0101 strauji aug vair\u0101ku iemeslu d\u0113\u013c:<\/p><ul data-start=\"3494\" data-end=\"3632\"><li data-section-id=\"1nb3eeu\" data-start=\"3494\" data-end=\"3532\"><p data-start=\"3496\" data-end=\"3532\">sp\u0113le ir <strong data-start=\"3505\" data-end=\"3532\">pieejama gandr\u012bz visiem<\/strong><\/p><\/li><li data-section-id=\"1xdemuw\" data-start=\"3533\" data-end=\"3566\"><p data-start=\"3535\" data-end=\"3566\">daudz laukumu ir <strong data-start=\"3552\" data-end=\"3566\">bez maksas<\/strong><\/p><\/li><li data-section-id=\"17x2r6h\" data-start=\"3567\" data-end=\"3597\"><p data-start=\"3569\" data-end=\"3597\">t\u0101 ir <strong data-start=\"3575\" data-end=\"3597\">akt\u012bva atp\u016bta dab\u0101<\/strong><\/p><\/li><li data-section-id=\"1gmexmb\" data-start=\"3598\" data-end=\"3632\"><p data-start=\"3600\" data-end=\"3632\">nepiecie\u0161ams minim\u0101ls apr\u012bkojums<\/p><\/li><\/ul><p data-start=\"3634\" data-end=\"3762\">Arvien vair\u0101k pa\u0161vald\u012bbu Latvij\u0101 invest\u0113 jaunos laukumos, kas noz\u012bm\u0113, ka tuv\u0101kajos gados disku golfa iesp\u0113jas k\u013c\u016bs v\u0113l pla\u0161\u0101kas.<\/p>\t\t\t\t\t\t\t\t<\/div>\n\t\t\t\t<\/div>\n\t\t<div class=\"wd-negative-gap elementor-element elementor-element-ba21bf4 e-flex e-con-boxed e-con e-parent\" data-id=\"ba21bf4\" data-element_type=\"container\" data-e-type=\"container\" data-settings=\"{&quot;background_background&quot;:&quot;classic&quot;}\">\n\t\t\t\t\t<div class=\"e-con-inner\">\n\t\t\t\t<div class=\"elementor-element elementor-element-e4ee993 elementor-widget elementor-widget-wd_accordion\" data-id=\"e4ee993\" data-element_type=\"widget\" data-e-type=\"widget\" data-widget_type=\"wd_accordion.default\">\n\t\t\t\t<div class=\"elementor-widget-container\">\n\t\t\t\t\t\n\t\t<div class=\"wd-accordion wd-style-default wd-titles-left wd-opener-pos-left wd-opener-style-arrow\" data-state=\"first\">\n\t\t\t\t\t\t\t\n\t\t\t\t<div class=\"wd-accordion-item\">\n\t\t\t\t\t<div class=\"wd-accordion-title wd-role-btn wd-active\" data-accordion-index=\"0\" tabindex=\"0\">\n\t\t\t\t\t\t<div class=\"wd-accordion-title-text\">\n\t\t\t\t\t\t\t\t\t\t\t\t\t\t<span>\n\t\t\t\t\t\t\t\tKur Latvij\u0101 var sp\u0113l\u0113t disku golfu?\t\t\t\t\t\t\t<\/span>\n\t\t\t\t\t\t<\/div>\n\t\t\t\t\t\t<span class=\"wd-accordion-opener\"><\/span>\n\t\t\t\t\t<\/div>\n\n\t\t\t\t\t<div class=\"wd-accordion-content wd-entry-content wd-active\" data-accordion-index=\"0\">\n\t\t\t\t\t\t\t\t\t\t\t\t\t\n\t\t\t\t\t\t\t<p>Disku golfu Latvij\u0101 var sp\u0113l\u0113t vair\u0101k nek\u0101 50 laukumos vis\u0101 valst\u012b \u2013 popul\u0101r\u0101kie atrodas R\u012bg\u0101, Valmier\u0101, Prieku\u013cos, Ventspil\u012b, Talsos, Riekstu kaln\u0101 un citur.<\/p>\n\t\t\t\t\t\t\t\t\t\t\t\t\t\t\t\t\t\t<\/div>\n\t\t\t\t<\/div>\n\t\t\t\t\t\t\t\n\t\t\t\t<div class=\"wd-accordion-item\">\n\t\t\t\t\t<div class=\"wd-accordion-title wd-role-btn\" data-accordion-index=\"1\" tabindex=\"0\">\n\t\t\t\t\t\t<div class=\"wd-accordion-title-text\">\n\t\t\t\t\t\t\t\t\t\t\t\t\t\t<span>\n\t\t\t\t\t\t\t\tVai disku golfa laukumi Latvij\u0101 ir bez maksas?\t\t\t\t\t\t\t<\/span>\n\t\t\t\t\t\t<\/div>\n\t\t\t\t\t\t<span class=\"wd-accordion-opener\"><\/span>\n\t\t\t\t\t<\/div>\n\n\t\t\t\t\t<div class=\"wd-accordion-content wd-entry-content\" data-accordion-index=\"1\">\n\t\t\t\t\t\t\t\t\t\t\t\t\t\n\t\t\t\t\t\t\t<p>Daudzi disku golfa laukumi Latvij\u0101 ir bez maksas, \u012bpa\u0161i tie, kas atrodas parkos un dabas teritorij\u0101s.<\/p>\n\t\t\t\t\t\t\t\t\t\t\t\t\t\t\t\t\t\t<\/div>\n\t\t\t\t<\/div>\n\t\t\t\t\t\t\t\n\t\t\t\t<div class=\"wd-accordion-item\">\n\t\t\t\t\t<div class=\"wd-accordion-title wd-role-btn\" data-accordion-index=\"2\" tabindex=\"0\">\n\t\t\t\t\t\t<div class=\"wd-accordion-title-text\">\n\t\t\t\t\t\t\t\t\t\t\t\t\t\t<span>\n\t\t\t\t\t\t\t\tCik maks\u0101 s\u0101kt sp\u0113l\u0113t disku golfu?\t\t\t\t\t\t\t<\/span>\n\t\t\t\t\t\t<\/div>\n\t\t\t\t\t\t<span class=\"wd-accordion-opener\"><\/span>\n\t\t\t\t\t<\/div>\n\n\t\t\t\t\t<div class=\"wd-accordion-content wd-entry-content\" data-accordion-index=\"2\">\n\t\t\t\t\t\t\t\t\t\t\t\t\t\n\t\t\t\t\t\t\t<p>Lai s\u0101ktu sp\u0113l\u0113t disku golfu, pietiek ar vienu disku. Ies\u0101c\u0113ji bie\u017ei ieg\u0101d\u0101jas startera komplektu ar vair\u0101kiem diskiem.<\/p>\n\t\t\t\t\t\t\t\t\t\t\t\t\t\t\t\t\t\t<\/div>\n\t\t\t\t<\/div>\n\t\t\t\t\t<\/div>\n\t\t\t\t\t\t<\/div>\n\t\t\t\t<\/div>\n\t\t\t\t\t<\/div>\n\t\t\t\t<\/div>\n\t\t\t\t<\/div>","protected":false},"excerpt":{"rendered":"<p>Ja mekl\u0113 kur sp\u0113l\u0113t disku golfu Latvij\u0101, lab\u0101 zi\u0146a \u2013 Latvij\u0101 ir desmitiem kvalitat\u012bvu disku golfa laukumu. Disku golfs k\u013c\u016bst<\/p>","protected":false},"author":1,"featured_media":0,"parent":0,"menu_order":0,"comment_status":"closed","ping_status":"closed","template":"","meta":{"om_disable_all_campaigns":false,"footnotes":""},"class_list":["post-4925","page","type-page","status-publish","hentry"],"aioseo_notices":[],"jetpack_sharing_enabled":true,"_links":{"self":[{"href":"https:\/\/birdie.lv\/en\/wp-json\/wp\/v2\/pages\/4925","targetHints":{"allow":["GET"]}}],"collection":[{"href":"https:\/\/birdie.lv\/en\/wp-json\/wp\/v2\/pages"}],"about":[{"href":"https:\/\/birdie.lv\/en\/wp-json\/wp\/v2\/types\/page"}],"author":[{"embeddable":true,"href":"https:\/\/birdie.lv\/en\/wp-json\/wp\/v2\/users\/1"}],"replies":[{"embeddable":true,"href":"https:\/\/birdie.lv\/en\/wp-json\/wp\/v2\/comments?post=4925"}],"version-history":[{"count":10,"href":"https:\/\/birdie.lv\/en\/wp-json\/wp\/v2\/pages\/4925\/revisions"}],"predecessor-version":[{"id":4936,"href":"https:\/\/birdie.lv\/en\/wp-json\/wp\/v2\/pages\/4925\/revisions\/4936"}],"wp:attachment":[{"href":"https:\/\/birdie.lv\/en\/wp-json\/wp\/v2\/media?parent=4925"}],"curies":[{"name":"wp","href":"https:\/\/api.w.org\/{rel}","templated":true}]}}