{"id":2540,"date":"2025-08-30T15:49:32","date_gmt":"2025-08-30T15:49:32","guid":{"rendered":"https:\/\/birdie.lv\/?post_type=product&#038;p=2540"},"modified":"2026-03-27T18:17:58","modified_gmt":"2026-03-27T18:17:58","slug":"thunderbird-halo-star","status":"publish","type":"product","link":"https:\/\/birdie.lv\/en\/product\/thunderbird-halo-star\/","title":{"rendered":"Innova Halo Star Thunderbird"},"content":{"rendered":"<p data-path-to-node=\"9\">Vai mekl\u0113jat disku, kur\u0101 apvienota <b data-path-to-node=\"9\" data-index-in-node=\"35\">le\u0123end\u0101r\u0101 TeeBird precizit\u0101te<\/b> ar <b data-path-to-node=\"9\" data-index-in-node=\"68\">Valkyrie distanci<\/b>? <b data-path-to-node=\"9\" data-index-in-node=\"87\">Innova Thunderbird<\/b> ir viens no univers\u0101l\u0101kajiem distances diskiem (<i data-path-to-node=\"9\" data-index-in-node=\"154\">fairway driver<\/i>), kas k\u013cuvis par standartu profesion\u0101lu sp\u0113l\u0113t\u0101ju som\u0101s.<\/p>\n<p data-path-to-node=\"10\">Thunderbird izce\u013cas ar prognoz\u0113jamu stabilit\u0101ti pat sp\u0113c\u012bg\u0101 v\u0113j\u0101, padarot to par ide\u0101lu izv\u0113li gan jaud\u012bgiem <b data-path-to-node=\"10\" data-index-in-node=\"109\">forehand<\/b> metieniem, gan prec\u012bziem <b data-path-to-node=\"10\" data-index-in-node=\"143\">backhand<\/b> &#8220;l\u012bniju&#8221; vilk\u0161anas metieniem.<\/p>\n<p data-path-to-node=\"11\"><b data-path-to-node=\"11\" data-index-in-node=\"0\">K\u0101p\u0113c izv\u0113l\u0113ties Halo Star plastmasu?<\/b> Innova Halo Star s\u0113rija nav tikai vizu\u0101ls baud\u012bjums ar unik\u0101lu divu to\u0146u dizainu. \u0160\u012b premium plastmasa ir:<\/p>\n<ul data-path-to-node=\"12\">\n<li>\n<p data-path-to-node=\"12,0,0\"><b data-path-to-node=\"12,0,0\" data-index-in-node=\"0\">Iztur\u012bg\u0101ka:<\/b> Saglab\u0101 lidojuma \u012bpa\u0161\u012bbas pat p\u0113c neskait\u0101m\u0101m sadursm\u0113m ar kokiem.<\/p>\n<\/li>\n<li>\n<p data-path-to-node=\"12,1,0\"><b data-path-to-node=\"12,1,0\" data-index-in-node=\"0\">Liel\u0101ks Glide (Plan\u0113jums):<\/b> Halo Star materi\u0101ls bie\u017ei vien nodro\u0161ina papildu &#8220;pac\u0113lumu&#8221;, pal\u012bdzot sasniegt liel\u0101ku distanci.<\/p>\n<\/li>\n<li>\n<p data-path-to-node=\"12,2,0\"><b data-path-to-node=\"12,2,0\" data-index-in-node=\"0\">Stabilit\u0101te:<\/b> Parasti Halo Star Thunderbird ir nedaudz stabil\u0101ks nek\u0101 parastais Star materi\u0101ls, nodro\u0161inot uzticamu &#8220;feidu&#8221; lidojuma beig\u0101s.<\/p>\n<\/li>\n<\/ul>","protected":false},"excerpt":{"rendered":"<p><b data-path-to-node=\"22\" data-index-in-node=\"0\">Innova Halo Star Thunderbird<\/b> \u2013 Disks, kuram vari uztic\u0113ties jebkuros laikapst\u0101k\u013cos. Apvienojot 9. \u0101truma jaudu ar izcilu kontroli, \u0161is disks ir oblig\u0101ts r\u012bks gan t\u0101lajiem &#8220;tunnel shot&#8221; metieniem, gan prec\u012bziem pieg\u0101jieniem pie groza. Ekskluz\u012bvais Halo dizains nodro\u0161ina, ka tavs disks izskat\u012bsies tikpat iespaid\u012bgi, cik lidos. <b data-path-to-node=\"22\" data-index-in-node=\"327\">Pievieno savai somai stabilit\u0101ti un jaudu!<\/b><\/p>","protected":false},"featured_media":2549,"template":"","meta":{"om_disable_all_campaigns":false},"product_brand":[53],"product_cat":[48,67],"product_tag":[],"class_list":{"0":"post-2540","1":"product","2":"type-product","3":"status-publish","4":"has-post-thumbnail","6":"product_brand-innova","7":"product_cat-diski","8":"product_cat-distance-drivers","10":"first","11":"instock","12":"taxable","13":"shipping-taxable","14":"purchasable","15":"product-type-variable"},"aioseo_notices":[],"jetpack_sharing_enabled":true,"_links":{"self":[{"href":"https:\/\/birdie.lv\/en\/wp-json\/wp\/v2\/product\/2540","targetHints":{"allow":["GET"]}}],"collection":[{"href":"https:\/\/birdie.lv\/en\/wp-json\/wp\/v2\/product"}],"about":[{"href":"https:\/\/birdie.lv\/en\/wp-json\/wp\/v2\/types\/product"}],"version-history":[{"count":4,"href":"https:\/\/birdie.lv\/en\/wp-json\/wp\/v2\/product\/2540\/revisions"}],"predecessor-version":[{"id":5002,"href":"https:\/\/birdie.lv\/en\/wp-json\/wp\/v2\/product\/2540\/revisions\/5002"}],"wp:featuredmedia":[{"embeddable":true,"href":"https:\/\/birdie.lv\/en\/wp-json\/wp\/v2\/media\/2549"}],"wp:attachment":[{"href":"https:\/\/birdie.lv\/en\/wp-json\/wp\/v2\/media?parent=2540"}],"wp:term":[{"taxonomy":"product_brand","embeddable":true,"href":"https:\/\/birdie.lv\/en\/wp-json\/wp\/v2\/product_brand?post=2540"},{"taxonomy":"product_cat","embeddable":true,"href":"https:\/\/birdie.lv\/en\/wp-json\/wp\/v2\/product_cat?post=2540"},{"taxonomy":"product_tag","embeddable":true,"href":"https:\/\/birdie.lv\/en\/wp-json\/wp\/v2\/product_tag?post=2540"}],"curies":[{"name":"wp","href":"https:\/\/api.w.org\/{rel}","templated":true}]}}