{"id":2556,"date":"2025-08-30T17:51:31","date_gmt":"2025-08-30T17:51:31","guid":{"rendered":"https:\/\/birdie.lv\/?post_type=product&#038;p=2556"},"modified":"2026-03-27T18:25:45","modified_gmt":"2026-03-27T18:25:45","slug":"halo-star-mako3","status":"publish","type":"product","link":"https:\/\/birdie.lv\/en\/product\/halo-star-mako3\/","title":{"rendered":"Innova Halo Star Mako3"},"content":{"rendered":"<p data-path-to-node=\"11\">Vai mekl\u0113jat disku, kas lido tie\u0161i tur, kur j\u016bs to metat? <b data-path-to-node=\"11\" data-index-in-node=\"58\">Innova Mako3<\/b> ir moderniz\u0113ta versija le\u0123end\u0101rajam Mako modelim, pied\u0101v\u0101jot nedaudz liel\u0101ku \u0101trumu, bet saglab\u0101jot t\u0101s pa\u0161as apbr\u012bnojam\u0101s neitr\u0101l\u0101s lidojuma \u012bpa\u0161\u012bbas.<\/p>\n<p data-path-to-node=\"12\"><b data-path-to-node=\"12\" data-index-in-node=\"0\">K\u0101p\u0113c Mako3 ir oblig\u0101ts tav\u0101 som\u0101?<\/b><\/p>\n<ul data-path-to-node=\"13\">\n<li>\n<p data-path-to-node=\"13,0,0\"><b data-path-to-node=\"13,0,0\" data-index-in-node=\"0\">Taisn\u0101k\u0101 trajektorija:<\/b> Pateicoties 0 pagriezienam (<i data-path-to-node=\"13,0,0\" data-index-in-node=\"51\">turn<\/i>) un 0 beigu kritienam (<i data-path-to-node=\"13,0,0\" data-index-in-node=\"79\">fade<\/i>), \u0161is disks ir ide\u0101ls taisniem metieniem (&#8220;dead straight&#8221;), nebaidoties no negaid\u012bt\u0101m nob\u012bd\u0113m lidojuma beig\u0101s.<\/p>\n<\/li>\n<li>\n<p data-path-to-node=\"13,1,0\"><b data-path-to-node=\"13,1,0\" data-index-in-node=\"0\">Maksim\u0101ls Glide:<\/b> 5. l\u012bme\u0146a plan\u0113jums \u013cauj diskam ilgsto\u0161i atrasties gais\u0101, sasniedzot distanci ar minim\u0101lu piep\u016bli.<\/p>\n<\/li>\n<li>\n<p data-path-to-node=\"13,2,0\"><b data-path-to-node=\"13,2,0\" data-index-in-node=\"0\">Univers\u0101la pielietojam\u012bba:<\/b> Lielisks disks &#8220;hyzer-flip&#8221; metieniem, anhaizeru l\u012bniju tur\u0113\u0161anai un tehnikas sl\u012bp\u0113\u0161anai ies\u0101c\u0113jiem.<\/p>\n<\/li>\n<\/ul>\n<p data-path-to-node=\"14\"><b data-path-to-node=\"14\" data-index-in-node=\"0\">Halo Star plastmasas priek\u0161roc\u012bbas:<\/b> Innova Halo Star s\u0113rija ir paz\u012bstama ar savu unik\u0101lo divu to\u0146u dizainu, ta\u010du t\u0101 pied\u0101v\u0101 ar\u012b funkcion\u0101lus uzlabojumus. Halo Star plastmasa parasti ir nedaudz <b data-path-to-node=\"14\" data-index-in-node=\"193\">stabil\u0101ka<\/b> un <b data-path-to-node=\"14\" data-index-in-node=\"206\">iztur\u012bg\u0101ka<\/b> nek\u0101 standarta Star materi\u0101ls, kas noz\u012bm\u0113, ka disks saglab\u0101s savu &#8220;taisno&#8221; lidojumu daudz ilg\u0101k, pat p\u0113c regul\u0101ras tik\u0161an\u0101s ar koku stumbriem.<\/p>","protected":false},"excerpt":{"rendered":"<p><b data-path-to-node=\"6,0\" data-index-in-node=\"0\">Innova Halo Star Mako3<\/b> ir disku golfa &#8220;l\u0101zers&#8221; \u2013 nep\u0101rsp\u0113jami taisns vid\u0113j\u0101 att\u0101luma (<i data-path-to-node=\"6,0\" data-index-in-node=\"86\">midrange<\/i>) disks. Ar lidojuma parametriem <b data-path-to-node=\"6,0\" data-index-in-node=\"127\">5 | 5 | 0 | 0<\/b>, tas ir rad\u012bts prec\u012bz\u0101m l\u012bnij\u0101m me\u017ea tras\u0113s un \u0161auros gaite\u0146os. Ekskluz\u012bv\u0101 <b data-path-to-node=\"6,0\" data-index-in-node=\"216\">Halo Star<\/b> plastmasa nodro\u0161ina ne tikai premium dizainu, bet ar\u012b maksim\u0101lu iztur\u012bbu un izcilu sa\u0137eri jebkuros laikapst\u0101k\u013cos. Ide\u0101ls &#8220;point-and-shoot&#8221; disks gan ies\u0101c\u0113jiem, gan pro sp\u0113l\u0113t\u0101jiem.<\/p>","protected":false},"featured_media":2560,"template":"","meta":{"om_disable_all_campaigns":false},"product_brand":[53],"product_cat":[48,65],"product_tag":[],"class_list":{"0":"post-2556","1":"product","2":"type-product","3":"status-publish","4":"has-post-thumbnail","6":"product_brand-innova","7":"product_cat-diski","8":"product_cat-midrange","10":"first","11":"instock","12":"taxable","13":"shipping-taxable","14":"purchasable","15":"product-type-variable"},"aioseo_notices":[],"jetpack_sharing_enabled":true,"_links":{"self":[{"href":"https:\/\/birdie.lv\/en\/wp-json\/wp\/v2\/product\/2556","targetHints":{"allow":["GET"]}}],"collection":[{"href":"https:\/\/birdie.lv\/en\/wp-json\/wp\/v2\/product"}],"about":[{"href":"https:\/\/birdie.lv\/en\/wp-json\/wp\/v2\/types\/product"}],"version-history":[{"count":6,"href":"https:\/\/birdie.lv\/en\/wp-json\/wp\/v2\/product\/2556\/revisions"}],"predecessor-version":[{"id":5011,"href":"https:\/\/birdie.lv\/en\/wp-json\/wp\/v2\/product\/2556\/revisions\/5011"}],"wp:featuredmedia":[{"embeddable":true,"href":"https:\/\/birdie.lv\/en\/wp-json\/wp\/v2\/media\/2560"}],"wp:attachment":[{"href":"https:\/\/birdie.lv\/en\/wp-json\/wp\/v2\/media?parent=2556"}],"wp:term":[{"taxonomy":"product_brand","embeddable":true,"href":"https:\/\/birdie.lv\/en\/wp-json\/wp\/v2\/product_brand?post=2556"},{"taxonomy":"product_cat","embeddable":true,"href":"https:\/\/birdie.lv\/en\/wp-json\/wp\/v2\/product_cat?post=2556"},{"taxonomy":"product_tag","embeddable":true,"href":"https:\/\/birdie.lv\/en\/wp-json\/wp\/v2\/product_tag?post=2556"}],"curies":[{"name":"wp","href":"https:\/\/api.w.org\/{rel}","templated":true}]}}