{"id":2641,"date":"2025-09-06T05:14:24","date_gmt":"2025-09-06T05:14:24","guid":{"rendered":"https:\/\/birdie.lv\/?post_type=product&#038;p=2641"},"modified":"2026-04-06T05:06:57","modified_gmt":"2026-04-06T05:06:57","slug":"star-wraith","status":"publish","type":"product","link":"https:\/\/birdie.lv\/en\/product\/star-wraith\/","title":{"rendered":"Innova Star Wraith"},"content":{"rendered":"<p data-path-to-node=\"7\"><b class=\"\" data-path-to-node=\"7\" data-index-in-node=\"0\">Innova Star Wraith<\/b><span class=\"\"> ir le\u0123end\u0101rs t\u0101lmetienu r\u012bks,<\/span><span class=\"\"> kas pied\u0101v\u0101 izcilu \u0101truma,<\/span><span class=\"\"> plan\u0113juma un kontroles balansu.<\/span><span class=\"\"> Ja Destroyer tev \u0161\u0137iet par agres\u012bvu,<\/span><span class=\"\"> bet mekl\u0113 modeli,<\/span><span class=\"\"> kas sp\u0113j sasniegt l\u012bdz\u012bgu distanci,<\/span><span class=\"\"> Wraith ir tava lab\u0101k\u0101 izv\u0113le.<\/span><span class=\"\"> Pateicoties 11.<\/span><span class=\"\"> \u0101trumam,<\/span><span class=\"\"> \u0161is modelis ir viegl\u0101k p\u0101rvald\u0101ms vid\u0113ja l\u012bme\u0146a sp\u0113l\u0113t\u0101jiem,<\/span><span class=\"\"> nodro\u0161inot stabilu lidojumu bez p\u0101rlieku lielas piep\u016bles.<\/span><\/p>\n<p data-path-to-node=\"8\"><b class=\"\" data-path-to-node=\"8\" data-index-in-node=\"0\">K\u0101p\u0113c Wraith ir tava somas pamat\u0101?<\/b><\/p>\n<ul data-path-to-node=\"9\">\n<li>\n<p data-path-to-node=\"9,0,0\"><b class=\"\" data-path-to-node=\"9,0,0\" data-index-in-node=\"0\">Pieejama jauda:<\/b><span class=\"\"> 11.<\/span><span class=\"\"> \u0101trums \u013cauj viegl\u0101k sasniegt nepiecie\u0161amo rot\u0101ciju,<\/span><span class=\"\"> lai tas pilnv\u0113rt\u012bgi &#8220;atv\u0113rtos&#8221; lidojumam un veiktu savu distanci.<\/span><\/p>\n<\/li>\n<li>\n<p data-path-to-node=\"9,1,0\"><b class=\"\" data-path-to-node=\"9,1,0\" data-index-in-node=\"0\">Uzticams Fade:<\/b><span class=\"\"> Ar lidojuma parametriem <\/span><b class=\"\" data-path-to-node=\"9,1,0\" data-index-in-node=\"39\">11 | 5 | -1 | 3<\/b><span class=\"\">,<\/span><span class=\"\"> tas vienm\u0113r nodro\u0161in\u0101s prognoz\u0113jamu un stabilu piezem\u0113\u0161anos pat br\u0101zmain\u0101 v\u0113j\u0101.<\/span><\/p>\n<\/li>\n<li>\n<p data-path-to-node=\"9,2,0\"><b class=\"\" data-path-to-node=\"9,2,0\" data-index-in-node=\"0\">&#8220;S-Curve&#8221; potenci\u0101ls:<\/b><span class=\"\"> Pieredz\u0113ju\u0161iem met\u0113jiem \u0161is ir izcils instruments &#8220;distance flex&#8221; l\u012bnij\u0101m \u2013 tas sp\u0113j nedaudz pagriezties un tad eleganti atgriezties,<\/span><span class=\"\"> nobraucot maksim\u0101lu att\u0101lumu.<\/span><\/p>\n<\/li>\n<\/ul>\n<p data-path-to-node=\"10\"><b class=\"\" data-path-to-node=\"10\" data-index-in-node=\"0\">Star Plastmasa \u2013 Sa\u0137ere un ilgm\u016b\u017e\u012bba:<\/b><span class=\"\"> Innova Star materi\u0101ls ir zelta standarts profesion\u0101\u013cu vid\u016b.<\/span><span class=\"\"> Tas nodro\u0161ina:<\/span><\/p>\n<ol start=\"1\" data-path-to-node=\"11\">\n<li>\n<p data-path-to-node=\"11,0,0\"><b class=\"\" data-path-to-node=\"11,0,0\" data-index-in-node=\"0\">Premium sa\u0137eri:<\/b><span class=\"\"> Pat v\u0113sum\u0101 vai mitrum\u0101 tas rok\u0101 s\u0113\u017e stabili,<\/span><span class=\"\"> sniedzot p\u0101rliec\u012bbu katr\u0101 izmetien\u0101.<\/span><\/p>\n<\/li>\n<li>\n<p data-path-to-node=\"11,1,0\"><b class=\"\" data-path-to-node=\"11,1,0\" data-index-in-node=\"0\">Ilgsto\u0161u nemain\u012bbu:<\/b><span class=\"\"> Materi\u0101ls &#8220;iebraucas&#8221; l\u0113n\u0101k,<\/span><span class=\"\"> saglab\u0101jot savu stabilit\u0101ti simtiem metienu garum\u0101,<\/span><span class=\"\"> pat p\u0113c regul\u0101ras tik\u0161an\u0101s ar koku stumbriem me\u017ea tras\u0113s.<\/span><\/p>\n<\/li>\n<\/ol>","protected":false},"excerpt":{"rendered":"<p><b data-path-to-node=\"19,0\" data-index-in-node=\"0\">Innova Star Wraith<\/b> pied\u0101v\u0101 izcilu \u0101truma un kontroles balansu, pal\u012bdzot sasniegt maksim\u0101lu distanci ar prognoz\u0113jamu nosl\u0113gumu. Ar lidojuma parametriem <b data-path-to-node=\"19,0\" data-index-in-node=\"151\">11 | 5 | -1 | 3<\/b>, tas ir ide\u0101ls sabiedrotais katr\u0101 izmetien\u0101, ja mekl\u0113 uzticam\u012bbu un t\u0101lus &#8220;drive&#8221; metienus. Premium Star plastmasa garant\u0113 lab\u0101ko sa\u0137eri un gadiem ilgu kalpo\u0161anu jebkuros laikapst\u0101k\u013cos.<\/p>","protected":false},"featured_media":2660,"template":"","meta":{"om_disable_all_campaigns":false},"product_brand":[53],"product_cat":[67],"product_tag":[],"class_list":{"0":"post-2641","1":"product","2":"type-product","3":"status-publish","4":"has-post-thumbnail","6":"product_brand-innova","7":"product_cat-distance-drivers","9":"first","10":"instock","11":"taxable","12":"shipping-taxable","13":"purchasable","14":"product-type-variable"},"aioseo_notices":[],"jetpack_sharing_enabled":true,"_links":{"self":[{"href":"https:\/\/birdie.lv\/en\/wp-json\/wp\/v2\/product\/2641","targetHints":{"allow":["GET"]}}],"collection":[{"href":"https:\/\/birdie.lv\/en\/wp-json\/wp\/v2\/product"}],"about":[{"href":"https:\/\/birdie.lv\/en\/wp-json\/wp\/v2\/types\/product"}],"version-history":[{"count":4,"href":"https:\/\/birdie.lv\/en\/wp-json\/wp\/v2\/product\/2641\/revisions"}],"predecessor-version":[{"id":5031,"href":"https:\/\/birdie.lv\/en\/wp-json\/wp\/v2\/product\/2641\/revisions\/5031"}],"wp:featuredmedia":[{"embeddable":true,"href":"https:\/\/birdie.lv\/en\/wp-json\/wp\/v2\/media\/2660"}],"wp:attachment":[{"href":"https:\/\/birdie.lv\/en\/wp-json\/wp\/v2\/media?parent=2641"}],"wp:term":[{"taxonomy":"product_brand","embeddable":true,"href":"https:\/\/birdie.lv\/en\/wp-json\/wp\/v2\/product_brand?post=2641"},{"taxonomy":"product_cat","embeddable":true,"href":"https:\/\/birdie.lv\/en\/wp-json\/wp\/v2\/product_cat?post=2641"},{"taxonomy":"product_tag","embeddable":true,"href":"https:\/\/birdie.lv\/en\/wp-json\/wp\/v2\/product_tag?post=2641"}],"curies":[{"name":"wp","href":"https:\/\/api.w.org\/{rel}","templated":true}]}}