{"id":2674,"date":"2025-09-06T14:08:11","date_gmt":"2025-09-06T14:08:11","guid":{"rendered":"https:\/\/birdie.lv\/?post_type=product&#038;p=2674"},"modified":"2026-03-27T19:00:23","modified_gmt":"2026-03-27T19:00:23","slug":"star-destroyer","status":"publish","type":"product","link":"https:\/\/birdie.lv\/en\/product\/star-destroyer\/","title":{"rendered":"Innova Star Destroyer"},"content":{"rendered":"<p data-path-to-node=\"7\"><b data-path-to-node=\"7\" data-index-in-node=\"0\">Innova Star Destroyer<\/b> ir le\u0123end\u0101rs t\u0101lmetienu r\u012bks, kas k\u013cuvis par m\u0113rauklu visiem p\u0101r\u0113jiem distances mode\u013ciem. Ar lidojuma parametriem <b data-path-to-node=\"7\" data-index-in-node=\"136\">12 | 5 | -1 | 3<\/b>, tas pied\u0101v\u0101 perfektu stabilit\u0101tes un distances apvienojumu. \u0160is ir pirmais 12. \u0101truma modelis v\u0113stur\u0113, un tas joproj\u0101m ir visvair\u0101k izmantot\u0101 izv\u0113le profesion\u0101\u013cu som\u0101s vis\u0101 pasaul\u0113.<\/p>\n<p data-path-to-node=\"8\"><b data-path-to-node=\"8\" data-index-in-node=\"0\">K\u0101p\u0113c Destroyer ir nep\u0101rsp\u0113jams?<\/b><\/p>\n<ul data-path-to-node=\"9\">\n<li>\n<p data-path-to-node=\"9,0,0\"><b data-path-to-node=\"9,0,0\" data-index-in-node=\"0\">Maksim\u0101la jauda:<\/b> Izstr\u0101d\u0101ts sp\u0113l\u0113t\u0101jiem ar lielu metiena jaudu. Tas sp\u0113j iztur\u0113t agres\u012bvus izmetienus, nezaud\u0113jot savu lidojuma l\u012bniju.<\/p>\n<\/li>\n<li>\n<p data-path-to-node=\"9,1,0\"><b data-path-to-node=\"9,1,0\" data-index-in-node=\"0\">V\u0113ja kontrole:<\/b> Destroyer ir slavens ar savu sp\u0113ju &#8220;sagriezt&#8221; pretv\u0113ju. Pat br\u0101zmain\u0101 laik\u0101 tu vari uztic\u0113ties t\u0101 prognoz\u0113jamajam un sp\u0113c\u012bgajam nosl\u0113gumam (fade).<\/p>\n<\/li>\n<li>\n<p data-path-to-node=\"9,2,0\"><b data-path-to-node=\"9,2,0\" data-index-in-node=\"0\">Forehand un Backhand univers\u0101ls:<\/b> Pateicoties savai stabilit\u0101tei un \u0113rtajai apmalei (rim), tas ir vienl\u012bdz efekt\u012bvs gan t\u0101liem <i data-path-to-node=\"9,2,0\" data-index-in-node=\"126\">backhand<\/i> hizeriem, gan jaud\u012bgiem <i data-path-to-node=\"9,2,0\" data-index-in-node=\"159\">forehand<\/i> metieniem.<\/p>\n<\/li>\n<\/ul>\n<p data-path-to-node=\"10\"><b data-path-to-node=\"10\" data-index-in-node=\"0\">Star Plastmasa \u2013 Iztur\u012bba un kontrole:<\/b> Star materi\u0101ls ir iecien\u012bts t\u0101 ilgtsp\u0113jas un sa\u0137eres d\u0113\u013c:<\/p>\n<ol start=\"1\" data-path-to-node=\"11\">\n<li>\n<p data-path-to-node=\"11,0,0\"><b data-path-to-node=\"11,0,0\" data-index-in-node=\"0\">Uzticama sa\u0137ere:<\/b> Nodro\u0161ina kontrol\u0113tu izmetienu pat mitros vai v\u0113sos laikapst\u0101k\u013cos.<\/p>\n<\/li>\n<li>\n<p data-path-to-node=\"11,1,0\"><b data-path-to-node=\"11,1,0\" data-index-in-node=\"0\">Pak\u0101peniska &#8220;iebrauk\u0161an\u0101s&#8221;:<\/b> Jauns Star Destroyer b\u016bs \u013coti stabils, ta\u010du laika gait\u0101 tas k\u013c\u016bs par tavu t\u0101l\u0101ko un taisn\u0101ko metienu instrumentu, saglab\u0101jot savu strukt\u016bru gadiem ilgi.<\/p>\n<\/li>\n<\/ol>","protected":false},"excerpt":{"rendered":"<p><b data-path-to-node=\"17,0\" data-index-in-node=\"0\">Innova Star Destroyer<\/b> ir le\u0123enda, kas pied\u0101v\u0101 maksim\u0101lu distanci un uzticam\u012bbu jebkuros apst\u0101k\u013cos. Ar lidojuma parametriem <b data-path-to-node=\"17,0\" data-index-in-node=\"123\">12 | 5 | -1 | 3<\/b>, tas ir rad\u012bts jaud\u012bgiem metieniem, pied\u0101v\u0101jot izcilu kontroli pat sp\u0113c\u012bg\u0101 pretv\u0113j\u0101. Premium Star plastmasa garant\u0113 lab\u0101ko sa\u0137eri un ilgm\u016b\u017e\u012bbu tras\u0113. Ja mekl\u0113 r\u012bku, kas nekad nepievils t\u0101lajos izmetienos, Destroyer ir tava vien\u012bg\u0101 izv\u0113le.<\/p>","protected":false},"featured_media":2694,"template":"","meta":{"om_disable_all_campaigns":false},"product_brand":[53],"product_cat":[67],"product_tag":[],"class_list":{"0":"post-2674","1":"product","2":"type-product","3":"status-publish","4":"has-post-thumbnail","6":"product_brand-innova","7":"product_cat-distance-drivers","9":"first","10":"instock","11":"taxable","12":"shipping-taxable","13":"purchasable","14":"product-type-variable"},"aioseo_notices":[],"jetpack_sharing_enabled":true,"_links":{"self":[{"href":"https:\/\/birdie.lv\/en\/wp-json\/wp\/v2\/product\/2674","targetHints":{"allow":["GET"]}}],"collection":[{"href":"https:\/\/birdie.lv\/en\/wp-json\/wp\/v2\/product"}],"about":[{"href":"https:\/\/birdie.lv\/en\/wp-json\/wp\/v2\/types\/product"}],"version-history":[{"count":3,"href":"https:\/\/birdie.lv\/en\/wp-json\/wp\/v2\/product\/2674\/revisions"}],"predecessor-version":[{"id":2696,"href":"https:\/\/birdie.lv\/en\/wp-json\/wp\/v2\/product\/2674\/revisions\/2696"}],"wp:featuredmedia":[{"embeddable":true,"href":"https:\/\/birdie.lv\/en\/wp-json\/wp\/v2\/media\/2694"}],"wp:attachment":[{"href":"https:\/\/birdie.lv\/en\/wp-json\/wp\/v2\/media?parent=2674"}],"wp:term":[{"taxonomy":"product_brand","embeddable":true,"href":"https:\/\/birdie.lv\/en\/wp-json\/wp\/v2\/product_brand?post=2674"},{"taxonomy":"product_cat","embeddable":true,"href":"https:\/\/birdie.lv\/en\/wp-json\/wp\/v2\/product_cat?post=2674"},{"taxonomy":"product_tag","embeddable":true,"href":"https:\/\/birdie.lv\/en\/wp-json\/wp\/v2\/product_tag?post=2674"}],"curies":[{"name":"wp","href":"https:\/\/api.w.org\/{rel}","templated":true}]}}