{"id":2697,"date":"2025-09-06T14:28:55","date_gmt":"2025-09-06T14:28:55","guid":{"rendered":"https:\/\/birdie.lv\/?post_type=product&#038;p=2697"},"modified":"2026-03-27T19:01:32","modified_gmt":"2026-03-27T19:01:32","slug":"halo-star-firebird","status":"publish","type":"product","link":"https:\/\/birdie.lv\/en\/product\/halo-star-firebird\/","title":{"rendered":"Innova Halo Star Firebird"},"content":{"rendered":"<p data-path-to-node=\"6\"><b data-path-to-node=\"6\" data-index-in-node=\"0\">Innova Halo Star Firebird<\/b> ir uzticam\u012bbas simbols situ\u0101cij\u0101s, kur k\u013c\u016bd\u0101m nav vietas. Ja tev nepiecie\u0161ams r\u012bks, kas nepievils visstipr\u0101kaj\u0101 pretv\u0113j\u0101, \u0161is 9. \u0101truma modelis ir tava pirm\u0101 izv\u0113le. Ar lidojuma parametriem <b data-path-to-node=\"6\" data-index-in-node=\"216\">9 | 3 | 0 | 4<\/b>, tas pied\u0101v\u0101 nep\u0101rsp\u0113jamu stabilit\u0101ti un ir k\u013cuvis par standartu visiem p\u0101rstabilit\u0101tes (<i data-path-to-node=\"6\" data-index-in-node=\"319\">overstable<\/i>) distances draiveriem.<\/p>\n<p data-path-to-node=\"7\"><b data-path-to-node=\"7\" data-index-in-node=\"0\">K\u0101p\u0113c Halo Star Firebird ir le\u0123enda tav\u0101 som\u0101?<\/b><\/p>\n<ul data-path-to-node=\"8\">\n<li>\n<p data-path-to-node=\"8,0,0\"><b data-path-to-node=\"8,0,0\" data-index-in-node=\"0\">Pretv\u0113ja karalis:<\/b> T\u0101 lidojums nav atkar\u012bgs no br\u0101zm\u0101m. Tas ir izstr\u0101d\u0101ts, lai saglab\u0101tu trajektoriju pat visnelabv\u0113l\u012bg\u0101kajos laikapst\u0101k\u013cos, nodro\u0161inot prognoz\u0113jamu un sp\u0113c\u012bgu nosl\u0113gumu (<i data-path-to-node=\"8,0,0\" data-index-in-node=\"186\">fade<\/i>).<\/p>\n<\/li>\n<li>\n<p data-path-to-node=\"8,1,0\"><b data-path-to-node=\"8,1,0\" data-index-in-node=\"0\">Forehand meistars:<\/b> Pateicoties plakanajam profilam un stingrajai malai, \u0161is ir viens no lab\u0101kajiem mode\u013ciem jaud\u012bgiem <i data-path-to-node=\"8,1,0\" data-index-in-node=\"118\">forehand<\/i> metieniem. Tas iztur lielu rot\u0101ciju (<i data-path-to-node=\"8,1,0\" data-index-in-node=\"164\">torque<\/i>), neizgrie\u017eoties.<\/p>\n<\/li>\n<li>\n<p data-path-to-node=\"8,2,0\"><b data-path-to-node=\"8,2,0\" data-index-in-node=\"0\">Tehnisk\u0101 precizit\u0101te:<\/b> Ide\u0101ls r\u012bks &#8220;thumber&#8221;, &#8220;tomahawk&#8221; un &#8220;skip shot&#8221; metieniem, kur nepiecie\u0161ama agres\u012bva un paredzama uzved\u012bba p\u0113c saskarsmes ar zemi.<\/p>\n<\/li>\n<\/ul>\n<p data-path-to-node=\"9\"><b data-path-to-node=\"9\" data-index-in-node=\"0\">Halo Star \u2013 Augst\u0101k\u0101 stabilit\u0101tes pak\u0101pe:<\/b> Ekskluz\u012bv\u0101 Halo Star plastmasa nav tikai vizu\u0101ls akcents. T\u0101 pied\u0101v\u0101:<\/p>\n<ol start=\"1\" data-path-to-node=\"10\">\n<li>\n<p data-path-to-node=\"10,0,0\"><b data-path-to-node=\"10,0,0\" data-index-in-node=\"0\">Papildu stabilit\u0101ti:<\/b> Halo s\u0113rijas mode\u013ci bie\u017ei ir nedaudz stabil\u0101ki par standarta Star versij\u0101m, padarot \u0161o par vienu no &#8220;nikn\u0101kajiem&#8221; variantiem tirg\u016b.<\/p>\n<\/li>\n<li>\n<p data-path-to-node=\"10,1,0\"><b data-path-to-node=\"10,1,0\" data-index-in-node=\"0\">Premium sa\u0137eri un dizainu:<\/b> Unik\u0101lais divu to\u0146u dizains apvienojum\u0101 ar iztur\u012bgu materi\u0101lu nodro\u0161ina maksim\u0101lu p\u0101rliec\u012bbu katr\u0101 izmetien\u0101.<\/p>\n<\/li>\n<\/ol>","protected":false},"excerpt":{"rendered":"<p><b data-path-to-node=\"17,0\" data-index-in-node=\"0\">Innova Halo Star Firebird<\/b> pied\u0101v\u0101 absol\u016btu kontroli un uzticam\u012bbu jebkuros laikapst\u0101k\u013cos. Ar lidojuma parametriem <b data-path-to-node=\"17,0\" data-index-in-node=\"114\">9 | 3 | 0 | 4<\/b>, tas ir nep\u0101rsp\u0113jams r\u012bks jaud\u012bgiem metieniem un c\u012b\u0146ai ar sp\u0113c\u012bgu v\u0113ju. Ekskluz\u012bv\u0101 Halo Star plastmasa nodro\u0161ina maksim\u0101lu stabilit\u0101ti, premium dizainu un ilgm\u016b\u017e\u012bbu. Ja mekl\u0113 uzticam\u0101ko sabiedroto sare\u017e\u0123\u012bt\u0101m tras\u0113m vai atkl\u0101tiem laukiem, Firebird ir tava vien\u012bg\u0101 izv\u0113le.<\/p>","protected":false},"featured_media":2701,"template":"","meta":{"om_disable_all_campaigns":false},"product_brand":[53],"product_cat":[48,67],"product_tag":[],"class_list":{"0":"post-2697","1":"product","2":"type-product","3":"status-publish","4":"has-post-thumbnail","6":"product_brand-innova","7":"product_cat-diski","8":"product_cat-distance-drivers","10":"first","11":"instock","12":"taxable","13":"shipping-taxable","14":"purchasable","15":"product-type-variable"},"aioseo_notices":[],"jetpack_sharing_enabled":true,"_links":{"self":[{"href":"https:\/\/birdie.lv\/en\/wp-json\/wp\/v2\/product\/2697","targetHints":{"allow":["GET"]}}],"collection":[{"href":"https:\/\/birdie.lv\/en\/wp-json\/wp\/v2\/product"}],"about":[{"href":"https:\/\/birdie.lv\/en\/wp-json\/wp\/v2\/types\/product"}],"version-history":[{"count":3,"href":"https:\/\/birdie.lv\/en\/wp-json\/wp\/v2\/product\/2697\/revisions"}],"predecessor-version":[{"id":5033,"href":"https:\/\/birdie.lv\/en\/wp-json\/wp\/v2\/product\/2697\/revisions\/5033"}],"wp:featuredmedia":[{"embeddable":true,"href":"https:\/\/birdie.lv\/en\/wp-json\/wp\/v2\/media\/2701"}],"wp:attachment":[{"href":"https:\/\/birdie.lv\/en\/wp-json\/wp\/v2\/media?parent=2697"}],"wp:term":[{"taxonomy":"product_brand","embeddable":true,"href":"https:\/\/birdie.lv\/en\/wp-json\/wp\/v2\/product_brand?post=2697"},{"taxonomy":"product_cat","embeddable":true,"href":"https:\/\/birdie.lv\/en\/wp-json\/wp\/v2\/product_cat?post=2697"},{"taxonomy":"product_tag","embeddable":true,"href":"https:\/\/birdie.lv\/en\/wp-json\/wp\/v2\/product_tag?post=2697"}],"curies":[{"name":"wp","href":"https:\/\/api.w.org\/{rel}","templated":true}]}}