{"id":2703,"date":"2025-09-06T14:34:41","date_gmt":"2025-09-06T14:34:41","guid":{"rendered":"https:\/\/birdie.lv\/?post_type=product&#038;p=2703"},"modified":"2026-04-06T18:07:58","modified_gmt":"2026-04-06T18:07:58","slug":"star-thunderbird-calvin-heimburg-tour-series","status":"publish","type":"product","link":"https:\/\/birdie.lv\/en\/product\/star-thunderbird-calvin-heimburg-tour-series\/","title":{"rendered":"Innova Star Thunderbird &#8211; Calvin Heimburg Tour Series"},"content":{"rendered":"<p data-path-to-node=\"6\"><b data-path-to-node=\"6\" data-index-in-node=\"0\">Innova Star Thunderbird (Calvin Heimburg Tour Series)<\/b> ir rad\u012bts sp\u0113l\u0113t\u0101jiem, kuri mekl\u0113 maksim\u0101lu precizit\u0101ti un stabilit\u0101ti, kurai uzticas pa\u0161i lab\u0101kie. \u0160is ierobe\u017eot\u0101 laiduma modelis pied\u0101v\u0101 le\u0123end\u0101ro 9. \u0101truma kontroli apvienojum\u0101 ar paaugstin\u0101tu iztur\u012bbu pret v\u0113ju. Katrs \u0161\u012bs s\u0113rijas pirkums tie\u0161i atbalsta Kalvina Heimbura sezonas gaitas profesion\u0101laj\u0101 t\u016br\u0113.<\/p>\n<p data-path-to-node=\"7\"><b data-path-to-node=\"7\" data-index-in-node=\"0\">K\u0101p\u0113c izv\u0113l\u0113ties Heimburg Tour Series Thunderbird?<\/b><\/p>\n<ul data-path-to-node=\"8\">\n<li>\n<p data-path-to-node=\"8,0,0\"><b data-path-to-node=\"8,0,0\" data-index-in-node=\"0\">Paaugstin\u0101ta stabilit\u0101te:<\/b> Tour Series izdevumi parasti ir nedaudz &#8220;nikn\u0101ki&#8221; un stabil\u0101ki nek\u0101 standarta s\u0113rijas, padarot tos par izciliem r\u012bkiem jaud\u012bgiem metieniem bez riska, ka tie &#8220;p\u0101rgriez\u012bsies&#8221;.<\/p>\n<\/li>\n<li>\n<p data-path-to-node=\"8,1,0\"><b data-path-to-node=\"8,1,0\" data-index-in-node=\"0\">Le\u0123end\u0101rs Plan\u0113jums (Glide):<\/b> Thunderbird ir slavens ar savu sp\u0113ju &#8220;tur\u0113t gaisu&#8221;. Tas pied\u0101v\u0101 distances draivera lidojuma att\u0101lumu, saglab\u0101jot fairway draivera kontroli un precizit\u0101ti.<\/p>\n<\/li>\n<li>\n<p data-path-to-node=\"8,2,0\"><b data-path-to-node=\"8,2,0\" data-index-in-node=\"0\">Uzticams jebkur\u0101 l\u012bnij\u0101:<\/b> Pateicoties 0 pagriezienam (<i data-path-to-node=\"8,2,0\" data-index-in-node=\"53\">turn<\/i>), tas ir ide\u0101ls r\u012bks taisniem metieniem \u0161auros gaite\u0146os un prec\u012bziem hizeriem, kas vienm\u0113r nosl\u0113dzas ar prognoz\u0113jamu kritienu (<i data-path-to-node=\"8,2,0\" data-index-in-node=\"185\">fade<\/i>).<\/p>\n<\/li>\n<\/ul>\n<p data-path-to-node=\"9\"><b data-path-to-node=\"9\" data-index-in-node=\"0\">Star Plastmasa un Ekskluz\u012bvs dizains:<\/b> Katra Tour Series partija izce\u013cas ar unik\u0101lu kr\u0101su salikumu un \u012bpa\u0161u Kalvina Heimbura z\u012bmogu (<i data-path-to-node=\"9\" data-index-in-node=\"132\">stamp<\/i>). Star plastmasa nodro\u0161ina:<\/p>\n<ol start=\"1\" data-path-to-node=\"10\">\n<li>\n<p data-path-to-node=\"10,0,0\"><b data-path-to-node=\"10,0,0\" data-index-in-node=\"0\">Profesion\u0101lu sa\u0137eri:<\/b> Pat pie liela metiena \u0101truma disks rok\u0101 s\u0113\u017e stabili, sniedzot p\u0101rliec\u012bbu par izmetiena le\u0146\u0137i jebkuros laikapst\u0101k\u013cos.<\/p>\n<\/li>\n<li>\n<p data-path-to-node=\"10,1,0\"><b data-path-to-node=\"10,1,0\" data-index-in-node=\"0\">Kolekcion\u0101ra v\u0113rt\u012bbu:<\/b> \u0160ie izdevumi bie\u017ei k\u013c\u016bst par defic\u012btu, jo apvieno izcilu funkcionalit\u0101ti tras\u0113 ar vizu\u0101lu un emocion\u0101lu v\u0113rt\u012bbu.<\/p>\n<\/li>\n<\/ol>","protected":false},"excerpt":{"rendered":"<p><b data-path-to-node=\"17,0\" data-index-in-node=\"0\">Innova Star Thunderbird (Calvin Heimburg Tour Series)<\/b> pied\u0101v\u0101 elites l\u012bme\u0146a precizit\u0101ti un stabilit\u0101ti katr\u0101 metien\u0101. Ar lidojuma parametriem <b data-path-to-node=\"17,0\" data-index-in-node=\"142\">9 | 5 | 0 | 2<\/b>, \u0161is ierobe\u017eot\u0101 laiduma modelis ir rad\u012bts jaud\u012bgiem izmetieniem, nodro\u0161inot izcilu kontroli pat v\u0113jainos apst\u0101k\u013cos. Izv\u0113lies Kalvina Heimbura paraksta s\u0113riju, lai ieg\u016btu papildu stabilit\u0101ti, ekskluz\u012bvu dizainu un atbalst\u012btu profesion\u0101lo t\u016bri. Premium Star plastmasa garant\u0113 lab\u0101ko sa\u0137eri un ilgm\u016b\u017e\u012bbu.<\/p>","protected":false},"featured_media":3587,"template":"","meta":{"om_disable_all_campaigns":false},"product_brand":[53],"product_cat":[67,51],"product_tag":[],"class_list":{"0":"post-2703","1":"product","2":"type-product","3":"status-publish","4":"has-post-thumbnail","6":"product_brand-innova","7":"product_cat-distance-drivers","8":"product_cat-izpardosana","10":"first","11":"instock","12":"sale","13":"taxable","14":"shipping-taxable","15":"purchasable","16":"product-type-variable"},"aioseo_notices":[],"jetpack_sharing_enabled":true,"_links":{"self":[{"href":"https:\/\/birdie.lv\/en\/wp-json\/wp\/v2\/product\/2703","targetHints":{"allow":["GET"]}}],"collection":[{"href":"https:\/\/birdie.lv\/en\/wp-json\/wp\/v2\/product"}],"about":[{"href":"https:\/\/birdie.lv\/en\/wp-json\/wp\/v2\/types\/product"}],"version-history":[{"count":3,"href":"https:\/\/birdie.lv\/en\/wp-json\/wp\/v2\/product\/2703\/revisions"}],"predecessor-version":[{"id":5036,"href":"https:\/\/birdie.lv\/en\/wp-json\/wp\/v2\/product\/2703\/revisions\/5036"}],"wp:featuredmedia":[{"embeddable":true,"href":"https:\/\/birdie.lv\/en\/wp-json\/wp\/v2\/media\/3587"}],"wp:attachment":[{"href":"https:\/\/birdie.lv\/en\/wp-json\/wp\/v2\/media?parent=2703"}],"wp:term":[{"taxonomy":"product_brand","embeddable":true,"href":"https:\/\/birdie.lv\/en\/wp-json\/wp\/v2\/product_brand?post=2703"},{"taxonomy":"product_cat","embeddable":true,"href":"https:\/\/birdie.lv\/en\/wp-json\/wp\/v2\/product_cat?post=2703"},{"taxonomy":"product_tag","embeddable":true,"href":"https:\/\/birdie.lv\/en\/wp-json\/wp\/v2\/product_tag?post=2703"}],"curies":[{"name":"wp","href":"https:\/\/api.w.org\/{rel}","templated":true}]}}