{"id":2718,"date":"2025-09-06T14:44:07","date_gmt":"2025-09-06T14:44:07","guid":{"rendered":"https:\/\/birdie.lv\/?post_type=product&#038;p=2718"},"modified":"2026-04-10T09:24:51","modified_gmt":"2026-04-10T09:24:51","slug":"halo-star-destroyer","status":"publish","type":"product","link":"https:\/\/birdie.lv\/en\/product\/halo-star-destroyer\/","title":{"rendered":"Innova Halo Star Destroyer"},"content":{"rendered":"<p data-path-to-node=\"6\"><b data-path-to-node=\"6\" data-index-in-node=\"0\">Innova Halo Star Destroyer<\/b> ir jaudas un dizaina apvienojums, kas rad\u012bts sp\u0113l\u0113t\u0101jiem, kuriem parastais Destroyer \u0161\u0137iet &#8220;par m\u012bkstu&#8221;. \u0160is 12. \u0101truma modelis pied\u0101v\u0101 le\u0123end\u0101ro lidojuma trajektoriju ar paaugstin\u0101tu stabilit\u0101ti, padarot to par uzticam\u0101ko izv\u0113li t\u0101lajiem metientiem pat visizaicino\u0161\u0101kajos laikapst\u0101k\u013cos. Ar lidojuma parametriem <b data-path-to-node=\"6\" data-index-in-node=\"339\">12 | 5 | -1 | 3<\/b>, \u0161\u012b versija bie\u017ei izce\u013cas ar v\u0113l sp\u0113c\u012bg\u0101ku un prognoz\u0113jam\u0101ku nosl\u0113gumu.<\/p>\n<p data-path-to-node=\"7\"><b data-path-to-node=\"7\" data-index-in-node=\"0\">K\u0101p\u0113c Halo Star Destroyer ir \u012bpa\u0161s tav\u0101 som\u0101?<\/b><\/p>\n<ul data-path-to-node=\"8\">\n<li>\n<p data-path-to-node=\"8,0,0\"><b data-path-to-node=\"8,0,0\" data-index-in-node=\"0\">Paaugstin\u0101ta stabilit\u0101te:<\/b> Sal\u012bdzinot ar standarta Star plastmasu, Halo s\u0113rija ir izteikti &#8220;nikn\u0101ka&#8221;. T\u0101 nodro\u0161ina sp\u0113c\u012bg\u0101ku beigu kritienu (<i data-path-to-node=\"8,0,0\" data-index-in-node=\"140\">fade<\/i>) un ir gandr\u012bz im\u016bna pret sp\u0113c\u012bg\u0101m v\u0113ja br\u0101zm\u0101m.<\/p>\n<\/li>\n<li>\n<p data-path-to-node=\"8,1,0\"><b data-path-to-node=\"8,1,0\" data-index-in-node=\"0\">Maksim\u0101la jauda:<\/b> Izstr\u0101d\u0101ts elites l\u012bme\u0146a metiena \u0101trumam. Tas neizgriez\u012bsies pie agres\u012bviem izmetieniem, saglab\u0101jot savu l\u012bniju l\u012bdz pat lidojuma beig\u0101m.<\/p>\n<\/li>\n<li>\n<p data-path-to-node=\"8,2,0\"><b data-path-to-node=\"8,2,0\" data-index-in-node=\"0\">Unik\u0101ls Halo dizains:<\/b> Divu to\u0146u efekts padara katru eksempl\u0101ru par unik\u0101lu m\u0101kslas darbu, kas vizu\u0101li izce\u013cas jebkur\u0101 tras\u0113.<\/p>\n<\/li>\n<\/ul>\n<p data-path-to-node=\"9\"><b data-path-to-node=\"9\" data-index-in-node=\"0\">Halo Star Plastmasa \u2013 Iztur\u012bba bez kompromisiem:<\/b> \u0160\u012b premium materi\u0101la kombin\u0101cija pied\u0101v\u0101:<\/p>\n<ol start=\"1\" data-path-to-node=\"10\">\n<li>\n<p data-path-to-node=\"10,0,0\"><b data-path-to-node=\"10,0,0\" data-index-in-node=\"0\">Izcilu sa\u0137eri:<\/b> Neskatoties uz savu stingr\u012bbu, Halo Star plastmasa nodro\u0161ina p\u0101rliecino\u0161u tv\u0113rienu pat v\u0113s\u0101kos laikapst\u0101k\u013cos.<\/p>\n<\/li>\n<li>\n<p data-path-to-node=\"10,1,0\"><b data-path-to-node=\"10,1,0\" data-index-in-node=\"0\">Ilgm\u016b\u017e\u012bbu:<\/b> \u0160is ir viens no iztur\u012bg\u0101kajiem materi\u0101liem Innova kl\u0101st\u0101 \u2013 tas saglab\u0101s savu s\u0101kotn\u0113jo stabilit\u0101ti simtiem metienu garum\u0101, pat p\u0113c regul\u0101ras tik\u0161an\u0101s ar koku stumbriem.<\/p>\n<\/li>\n<\/ol>","protected":false},"excerpt":{"rendered":"<p><b data-path-to-node=\"17,0\" data-index-in-node=\"0\">Innova Halo Star Destroyer<\/b> pied\u0101v\u0101 stabilit\u0101tes un dizaina augst\u0101ko virsotni katr\u0101 metien\u0101. Ar lidojuma parametriem <b data-path-to-node=\"17,0\" data-index-in-node=\"116\">12 | 5 | -1 | 3<\/b>, \u0161\u012b ekskluz\u012bv\u0101 versija nodro\u0161ina liel\u0101ku jaudu un dro\u0161\u012bbu pretv\u0113j\u0101 nek\u0101 jebkad agr\u0101k. Premium Halo Star plastmasa garant\u0113 ne tikai unik\u0101lu vizu\u0101lo t\u0113lu, bet ar\u012b maksim\u0101lu iztur\u012bbu un sa\u0137eri. Ja mekl\u0113 uzticam\u0101ko r\u012bku t\u0101lajiem izmetieniem, Halo Destroyer ir tava vien\u012bg\u0101 izv\u0113le.<\/p>","protected":false},"featured_media":2721,"template":"","meta":{"om_disable_all_campaigns":false},"product_brand":[53],"product_cat":[48,67],"product_tag":[],"class_list":{"0":"post-2718","1":"product","2":"type-product","3":"status-publish","4":"has-post-thumbnail","6":"product_brand-innova","7":"product_cat-diski","8":"product_cat-distance-drivers","10":"first","11":"instock","12":"taxable","13":"shipping-taxable","14":"purchasable","15":"product-type-variable"},"aioseo_notices":[],"jetpack_sharing_enabled":true,"_links":{"self":[{"href":"https:\/\/birdie.lv\/en\/wp-json\/wp\/v2\/product\/2718","targetHints":{"allow":["GET"]}}],"collection":[{"href":"https:\/\/birdie.lv\/en\/wp-json\/wp\/v2\/product"}],"about":[{"href":"https:\/\/birdie.lv\/en\/wp-json\/wp\/v2\/types\/product"}],"version-history":[{"count":3,"href":"https:\/\/birdie.lv\/en\/wp-json\/wp\/v2\/product\/2718\/revisions"}],"predecessor-version":[{"id":5038,"href":"https:\/\/birdie.lv\/en\/wp-json\/wp\/v2\/product\/2718\/revisions\/5038"}],"wp:featuredmedia":[{"embeddable":true,"href":"https:\/\/birdie.lv\/en\/wp-json\/wp\/v2\/media\/2721"}],"wp:attachment":[{"href":"https:\/\/birdie.lv\/en\/wp-json\/wp\/v2\/media?parent=2718"}],"wp:term":[{"taxonomy":"product_brand","embeddable":true,"href":"https:\/\/birdie.lv\/en\/wp-json\/wp\/v2\/product_brand?post=2718"},{"taxonomy":"product_cat","embeddable":true,"href":"https:\/\/birdie.lv\/en\/wp-json\/wp\/v2\/product_cat?post=2718"},{"taxonomy":"product_tag","embeddable":true,"href":"https:\/\/birdie.lv\/en\/wp-json\/wp\/v2\/product_tag?post=2718"}],"curies":[{"name":"wp","href":"https:\/\/api.w.org\/{rel}","templated":true}]}}