{"id":2766,"date":"2025-09-06T17:13:11","date_gmt":"2025-09-06T17:13:11","guid":{"rendered":"https:\/\/birdie.lv\/?post_type=product&#038;p=2766"},"modified":"2026-03-27T19:07:56","modified_gmt":"2026-03-27T19:07:56","slug":"halo-star-wraith","status":"publish","type":"product","link":"https:\/\/birdie.lv\/en\/product\/halo-star-wraith\/","title":{"rendered":"Innova Halo Star Wraith"},"content":{"rendered":"<p><b data-path-to-node=\"18,0\" data-index-in-node=\"0\">Innova Halo Star Wraith<\/b> pied\u0101v\u0101 nep\u0101rsp\u0113jamu stabilit\u0101tes un distances apvienojumu katr\u0101 metien\u0101. Ar lidojuma parametriem <b data-path-to-node=\"18,0\" data-index-in-node=\"122\">11 | 5 | -1 | 3<\/b>, \u0161\u012b ekskluz\u012bv\u0101 versija nodro\u0161ina liel\u0101ku dro\u0161\u012bbu pretv\u0113j\u0101 un prognoz\u0113jamu nosl\u0113gumu. Premium Halo Star plastmasa garant\u0113 ne tikai unik\u0101lu vizu\u0101lo t\u0113lu, bet ar\u012b maksim\u0101lu iztur\u012bbu un izcilu sa\u0137eri. Ja mekl\u0113 uzticam\u0101ko r\u012bku t\u0101lajiem izmetieniem, Halo Wraith ir tava vien\u012bg\u0101 izv\u0113le.<\/p>","protected":false},"excerpt":{"rendered":"<p data-path-to-node=\"7\"><b data-path-to-node=\"7\" data-index-in-node=\"0\">Innova Halo Star Wraith<\/b> ir distances un kontroles augst\u0101k\u0101 virsotne. Ja mekl\u0113jat Wraith, kas sp\u0113j iztur\u0113t liel\u0101ku jaudu un agres\u012bv\u0101ku v\u0113ju nek\u0101 standarta versijas, Halo s\u0113rija ir tava pareiz\u0101 izv\u0113le. Ar lidojuma parametriem <b data-path-to-node=\"7\" data-index-in-node=\"224\">11 | 5 | -1 | 3<\/b>, \u0161is modelis apvieno distances draivera \u0101trumu ar fairway draivera precizit\u0101ti, padarot to par vienu no univers\u0101l\u0101kajiem r\u012bkiem jebkura pieredz\u0113ju\u0161a sp\u0113l\u0113t\u0101ja som\u0101.<\/p>\n<p data-path-to-node=\"8\"><b data-path-to-node=\"8\" data-index-in-node=\"0\">K\u0101p\u0113c Halo Star Wraith ir \u012bpa\u0161s tav\u0101 som\u0101?<\/b><\/p>\n<ul data-path-to-node=\"9\">\n<li>\n<p data-path-to-node=\"9,0,0\"><b data-path-to-node=\"9,0,0\" data-index-in-node=\"0\">Paaugstin\u0101ta stabilit\u0101te:<\/b> Halo plastmasas specifika padara \u0161o Wraith nedaudz &#8220;nikn\u0101ku&#8221;. Tas nodro\u0161ina dro\u0161\u0101ku lidojumu pretv\u0113j\u0101 un sp\u0113c\u012bg\u0101ku, prognoz\u0113jam\u0101ku nosl\u0113gumu (<i data-path-to-node=\"9,0,0\" data-index-in-node=\"168\">fade<\/i>).<\/p>\n<\/li>\n<li>\n<p data-path-to-node=\"9,1,0\"><b data-path-to-node=\"9,1,0\" data-index-in-node=\"0\">Maksim\u0101ls plan\u0113jums (Glide):<\/b> Pat ar palielin\u0101tu stabilit\u0101ti, Halo Star materi\u0101ls saglab\u0101 izcilu celtsp\u0113ju, \u013caujot diskam ilgsto\u0161i atrasties gais\u0101 un sasniegt iespaid\u012bgu distanci.<\/p>\n<\/li>\n<li>\n<p data-path-to-node=\"9,2,0\"><b data-path-to-node=\"9,2,0\" data-index-in-node=\"0\">Ekskluz\u012bvs Halo dizains:<\/b> Unik\u0101lais divu to\u0146u kr\u0101sojums padara katru eksempl\u0101ru par vizu\u0101lu m\u0101kslas darbu, kas izce\u013cas tras\u0113 un ir viegli paman\u0101ms jebkuros apst\u0101k\u013cos.<\/p>\n<\/li>\n<\/ul>\n<p data-path-to-node=\"10\"><b data-path-to-node=\"10\" data-index-in-node=\"0\">Halo Star Plastmasa \u2013 Premium sa\u0137ere un iztur\u012bba:<\/b> \u0160\u012b materi\u0101la kombin\u0101cija pied\u0101v\u0101:<\/p>\n<ol start=\"1\" data-path-to-node=\"11\">\n<li>\n<p data-path-to-node=\"11,0,0\"><b data-path-to-node=\"11,0,0\" data-index-in-node=\"0\">Izcilu kontroli:<\/b> Neskatoties uz stingr\u012bbu, Halo Star plastmasa nodro\u0161ina p\u0101rliecino\u0161u tv\u0113rienu, sniedzot dro\u0161\u012bbu katr\u0101 izmetien\u0101.<\/p>\n<\/li>\n<li>\n<p data-path-to-node=\"11,1,0\"><b data-path-to-node=\"11,1,0\" data-index-in-node=\"0\">Ilgm\u016b\u017e\u012bbu:<\/b> \u0160is ir viens no iztur\u012bg\u0101kajiem materi\u0101liem Innova kl\u0101st\u0101 \u2013 tas saglab\u0101s savas lidojuma \u012bpa\u0161\u012bbas simtiem metienu garum\u0101, pat p\u0113c intens\u012bvas lieto\u0161anas me\u017ea tras\u0113s.<\/p>\n<\/li>\n<\/ol>","protected":false},"featured_media":2773,"template":"","meta":{"om_disable_all_campaigns":false},"product_brand":[53],"product_cat":[48,67],"product_tag":[],"class_list":{"0":"post-2766","1":"product","2":"type-product","3":"status-publish","4":"has-post-thumbnail","6":"product_brand-innova","7":"product_cat-diski","8":"product_cat-distance-drivers","10":"first","11":"instock","12":"taxable","13":"shipping-taxable","14":"purchasable","15":"product-type-variable"},"aioseo_notices":[],"jetpack_sharing_enabled":true,"_links":{"self":[{"href":"https:\/\/birdie.lv\/en\/wp-json\/wp\/v2\/product\/2766","targetHints":{"allow":["GET"]}}],"collection":[{"href":"https:\/\/birdie.lv\/en\/wp-json\/wp\/v2\/product"}],"about":[{"href":"https:\/\/birdie.lv\/en\/wp-json\/wp\/v2\/types\/product"}],"version-history":[{"count":2,"href":"https:\/\/birdie.lv\/en\/wp-json\/wp\/v2\/product\/2766\/revisions"}],"predecessor-version":[{"id":5043,"href":"https:\/\/birdie.lv\/en\/wp-json\/wp\/v2\/product\/2766\/revisions\/5043"}],"wp:featuredmedia":[{"embeddable":true,"href":"https:\/\/birdie.lv\/en\/wp-json\/wp\/v2\/media\/2773"}],"wp:attachment":[{"href":"https:\/\/birdie.lv\/en\/wp-json\/wp\/v2\/media?parent=2766"}],"wp:term":[{"taxonomy":"product_brand","embeddable":true,"href":"https:\/\/birdie.lv\/en\/wp-json\/wp\/v2\/product_brand?post=2766"},{"taxonomy":"product_cat","embeddable":true,"href":"https:\/\/birdie.lv\/en\/wp-json\/wp\/v2\/product_cat?post=2766"},{"taxonomy":"product_tag","embeddable":true,"href":"https:\/\/birdie.lv\/en\/wp-json\/wp\/v2\/product_tag?post=2766"}],"curies":[{"name":"wp","href":"https:\/\/api.w.org\/{rel}","templated":true}]}}