{"id":2783,"date":"2025-09-06T17:28:45","date_gmt":"2025-09-06T17:28:45","guid":{"rendered":"https:\/\/birdie.lv\/?post_type=product&#038;p=2783"},"modified":"2026-03-27T19:09:10","modified_gmt":"2026-03-27T19:09:10","slug":"champion-rollo","status":"publish","type":"product","link":"https:\/\/birdie.lv\/en\/product\/champion-rollo\/","title":{"rendered":"Innova Champion Rollo"},"content":{"rendered":"<p data-path-to-node=\"7\"><b data-path-to-node=\"7\" data-index-in-node=\"0\">Innova Champion Rollo<\/b> ir unik\u0101ls papildin\u0101jums jebkura sp\u0113l\u0113t\u0101ja som\u0101, kur\u0161 mekl\u0113 risin\u0101jumu specifisk\u0101m tras\u0113m. Ar lidojuma parametriem <b data-path-to-node=\"7\" data-index-in-node=\"137\">6 | 6 | -4 | 1<\/b>, \u0161is vid\u0113j\u0101s distances r\u012bks izce\u013cas ar savu neparasto stabilit\u0101tes tr\u016bkumu (<i data-path-to-node=\"7\" data-index-in-node=\"228\">understability<\/i>). Tas ir rad\u012bts, lai pat sp\u0113l\u0113t\u0101ji ar maz\u0101ku metiena jaudu var\u0113tu viegli izpild\u012bt &#8220;roller&#8221; metienus vai gariem, kontrol\u0113tiem anhaizeriem.<\/p>\n<p data-path-to-node=\"8\"><b data-path-to-node=\"8\" data-index-in-node=\"0\">K\u0101p\u0113c Rollo ir neaizvietojams tav\u0101 som\u0101?<\/b><\/p>\n<ul data-path-to-node=\"9\">\n<li>\n<p data-path-to-node=\"9,0,0\"><b data-path-to-node=\"9,0,0\" data-index-in-node=\"0\">&#8220;Roller&#8221; speci\u0101lists:<\/b> Rollo ir rad\u012bts, lai piespiestu disku pie zemes un liktu tam ripot. Pateicoties -4 pagriezienam (<i data-path-to-node=\"9,0,0\" data-index-in-node=\"119\">turn<\/i>), tas \u0101tri un prognoz\u0113jami atrod kontaktu ar zemi un turpina distanci ripojot.<\/p>\n<\/li>\n<li>\n<p data-path-to-node=\"9,1,0\"><b data-path-to-node=\"9,1,0\" data-index-in-node=\"0\">Maksim\u0101ls plan\u0113jums (Glide):<\/b> Ar 6. l\u012bme\u0146a plan\u0113jumu tas gais\u0101 uzvedas k\u0101 paraugmodelis \u2013 ja to palai\u017e ar pietiekamu augstumu un hizeri (<i data-path-to-node=\"9,1,0\" data-index-in-node=\"136\">hyzer flip<\/i>), Rollo sp\u0113j veikt neticami garas un taisnas distances.<\/p>\n<\/li>\n<li>\n<p data-path-to-node=\"9,2,0\"><b data-path-to-node=\"9,2,0\" data-index-in-node=\"0\">Gl\u0101bi\u0146\u0161 me\u017ea tras\u0113s:<\/b> \u0160is ir izcils r\u012bks situ\u0101cij\u0101s, kur nepiecie\u0161ams metiens, kas sp\u0113c\u012bgi &#8220;sal\u016bzt&#8221; pa labi (labro\u010diem) bez lielas piep\u016bles, apejot \u0161\u0137\u0113r\u0161\u013cus tur, kur citi mode\u013ci nepiek\u013c\u016btu.<\/p>\n<\/li>\n<\/ul>\n<p data-path-to-node=\"10\"><b data-path-to-node=\"10\" data-index-in-node=\"0\">Champion Plastmasa \u2013 Skaidr\u012bba un iztur\u012bba:<\/b> Innova Champion materi\u0101ls ir paz\u012bstams ar savu caursp\u012bd\u012bgumu un izcilo kvalit\u0101ti:<\/p>\n<ol start=\"1\" data-path-to-node=\"11\">\n<li>\n<p data-path-to-node=\"11,0,0\"><b data-path-to-node=\"11,0,0\" data-index-in-node=\"0\">Nemain\u012bga stabilit\u0101te:<\/b> Champion plastmasa &#8220;iebraucas&#8221; visl\u0113n\u0101k no visiem materi\u0101liem, nodro\u0161inot, ka Rollo saglab\u0101s savu specifisko stabilit\u0101ti gadiem ilgi.<\/p>\n<\/li>\n<li>\n<p data-path-to-node=\"11,1,0\"><b data-path-to-node=\"11,1,0\" data-index-in-node=\"0\">Iztur\u012bba pret triecieniem:<\/b> T\u0101 k\u0101 Rollo bie\u017ei saskaras ar zemi un \u0161\u0137\u0113r\u0161\u013ciem, Champion materi\u0101la ciet\u012bba garant\u0113, ka diska malas nezaud\u0113s savu formu pat p\u0113c smagiem metieniem.<\/p>\n<\/li>\n<\/ol>","protected":false},"excerpt":{"rendered":"<p><b data-path-to-node=\"18,0\" data-index-in-node=\"0\">Innova Champion Rollo<\/b> ir rad\u012bts tiem, kuri v\u0113las p\u0101rvald\u012bt &#8220;roller&#8221; metienus ar nepieredz\u0113tu vieglumu. Ar lidojuma parametriem <b data-path-to-node=\"18,0\" data-index-in-node=\"127\">6 | 6 | -4 | 1<\/b>, \u0161is disks pied\u0101v\u0101 maksim\u0101lu pagriezienu un izcilu plan\u0113jumu, padarot to par perfektu r\u012bku tehnisk\u0101m me\u017ea tras\u0113m un ies\u0101c\u0113jiem, kuri v\u0113las palielin\u0101t distanci. Iztur\u012bg\u0101 Champion plastmasa garant\u0113 ilgm\u016b\u017e\u012bbu un nemain\u012bgas lidojuma \u012bpa\u0161\u012bbas simtiem metienu garum\u0101.<\/p>","protected":false},"featured_media":2785,"template":"","meta":{"om_disable_all_campaigns":false},"product_brand":[53],"product_cat":[65],"product_tag":[],"class_list":{"0":"post-2783","1":"product","2":"type-product","3":"status-publish","4":"has-post-thumbnail","6":"product_brand-innova","7":"product_cat-midrange","9":"first","10":"instock","11":"taxable","12":"shipping-taxable","13":"purchasable","14":"product-type-variable"},"aioseo_notices":[],"jetpack_sharing_enabled":true,"_links":{"self":[{"href":"https:\/\/birdie.lv\/en\/wp-json\/wp\/v2\/product\/2783","targetHints":{"allow":["GET"]}}],"collection":[{"href":"https:\/\/birdie.lv\/en\/wp-json\/wp\/v2\/product"}],"about":[{"href":"https:\/\/birdie.lv\/en\/wp-json\/wp\/v2\/types\/product"}],"version-history":[{"count":1,"href":"https:\/\/birdie.lv\/en\/wp-json\/wp\/v2\/product\/2783\/revisions"}],"predecessor-version":[{"id":5044,"href":"https:\/\/birdie.lv\/en\/wp-json\/wp\/v2\/product\/2783\/revisions\/5044"}],"wp:featuredmedia":[{"embeddable":true,"href":"https:\/\/birdie.lv\/en\/wp-json\/wp\/v2\/media\/2785"}],"wp:attachment":[{"href":"https:\/\/birdie.lv\/en\/wp-json\/wp\/v2\/media?parent=2783"}],"wp:term":[{"taxonomy":"product_brand","embeddable":true,"href":"https:\/\/birdie.lv\/en\/wp-json\/wp\/v2\/product_brand?post=2783"},{"taxonomy":"product_cat","embeddable":true,"href":"https:\/\/birdie.lv\/en\/wp-json\/wp\/v2\/product_cat?post=2783"},{"taxonomy":"product_tag","embeddable":true,"href":"https:\/\/birdie.lv\/en\/wp-json\/wp\/v2\/product_tag?post=2783"}],"curies":[{"name":"wp","href":"https:\/\/api.w.org\/{rel}","templated":true}]}}