{"id":2793,"date":"2025-09-06T17:31:11","date_gmt":"2025-09-06T17:31:11","guid":{"rendered":"https:\/\/birdie.lv\/?post_type=product&#038;p=2793"},"modified":"2026-03-27T19:10:23","modified_gmt":"2026-03-27T19:10:23","slug":"champion-tern","status":"publish","type":"product","link":"https:\/\/birdie.lv\/en\/product\/champion-tern\/","title":{"rendered":"Innova Champion Tern"},"content":{"rendered":"<p data-path-to-node=\"7\"><b data-path-to-node=\"7\" data-index-in-node=\"0\">Innova Champion Tern<\/b> ir rad\u012bts sp\u0113l\u0113t\u0101jiem, kuri v\u0113las sasniegt maksim\u0101lu distanci ar kontrol\u0113tu lidojuma trajektoriju. Ar lidojuma parametriem <b data-path-to-node=\"7\" data-index-in-node=\"144\">12 | 6 | -2 | 2<\/b>, \u0161is modelis izce\u013cas ar vienu no augst\u0101kajiem plan\u0113juma (<i data-path-to-node=\"7\" data-index-in-node=\"217\">glide<\/i>) r\u0101d\u012bt\u0101jiem vis\u0101 industrij\u0101. Tas ir izteikts &#8220;understable&#8221; distances draiveris, kas gais\u0101 veic skaistu un garu &#8220;S-curve&#8221; l\u012bniju, pal\u012bdzot sasniegt t\u0101l\u0101kos m\u0113r\u0137us ar maz\u0101ku piep\u016bli nek\u0101 Destroyer tipa mode\u013ciem.<\/p>\n<p data-path-to-node=\"8\"><b data-path-to-node=\"8\" data-index-in-node=\"0\">K\u0101p\u0113c Tern ir tavs lab\u0101kais distances sabiedrotais?<\/b><\/p>\n<ul data-path-to-node=\"9\">\n<li>\n<p data-path-to-node=\"9,0,0\"><b data-path-to-node=\"9,0,0\" data-index-in-node=\"0\">Fenomen\u0101ls Glide:<\/b> Ar 6. l\u012bme\u0146a plan\u0113jumu Tern burtiski &#8220;turas gais\u0101&#8221;. Tas ir ide\u0101ls metieniem pa v\u0113jam, kur nepiecie\u0161ams maksim\u0101ls lidojuma laiks.<\/p>\n<\/li>\n<li>\n<p data-path-to-node=\"9,1,0\"><b data-path-to-node=\"9,1,0\" data-index-in-node=\"0\">Pieejama distance:<\/b> Pateicoties -2 pagriezienam (<i data-path-to-node=\"9,1,0\" data-index-in-node=\"48\">turn<\/i>), sp\u0113l\u0113t\u0101ji ar vid\u0113ju metiena jaudu var viegli &#8220;atv\u0113rt&#8221; \u0161o modeli, pan\u0101kot pilnv\u0113rt\u012bgu lidojuma distanci bez nepiecie\u0161am\u012bbas p\u0113c elites l\u012bme\u0146a rokas \u0101truma.<\/p>\n<\/li>\n<li>\n<p data-path-to-node=\"9,2,0\"><b data-path-to-node=\"9,2,0\" data-index-in-node=\"0\">Champion stabilit\u0101te:<\/b> Champion plastmasa padara Tern nedaudz stabil\u0101ku un uzticam\u0101ku nek\u0101 citas s\u0113rijas. Tas noz\u012bm\u0113, ka disks tik \u0101tri &#8220;nep\u0101rgriez\u012bsies&#8221; un b\u016bs prognoz\u0113jam\u0101ks sp\u0113c\u012bg\u0101kos izmetienos.<\/p>\n<\/li>\n<\/ul>\n<p data-path-to-node=\"10\"><b data-path-to-node=\"10\" data-index-in-node=\"0\">Champion Plastmasa \u2013 Skaidr\u012bba un iztur\u012bba:<\/b> Innova Champion materi\u0101ls ir zelta standarts tiem, kuri nov\u0113rt\u0113 ilgm\u016b\u017e\u012bbu:<\/p>\n<ol start=\"1\" data-path-to-node=\"11\">\n<li>\n<p data-path-to-node=\"11,0,0\"><b data-path-to-node=\"11,0,0\" data-index-in-node=\"0\">L\u0113na &#8220;iebrauk\u0161an\u0101s&#8221;:<\/b> Champion materi\u0101ls saglab\u0101 savas s\u0101kotn\u0113j\u0101s lidojuma \u012bpa\u0161\u012bbas visilg\u0101k. Tavs Tern lidos tie\u0161i t\u0101pat ar\u012b p\u0113c simtiem metienu.<\/p>\n<\/li>\n<li>\n<p data-path-to-node=\"11,1,0\"><b data-path-to-node=\"11,1,0\" data-index-in-node=\"0\">Triecieniztur\u012bba:<\/b> Neatkar\u012bgi no t\u0101, vai tr\u0101p\u012bsi kokam vai akmenim, Champion plastmasa iztur\u0113s triecienu, saglab\u0101jot diska malu gludu un lidojumu prec\u012bzu.<\/p>\n<\/li>\n<\/ol>","protected":false},"excerpt":{"rendered":"<p><b data-path-to-node=\"18,0\" data-index-in-node=\"0\">Innova Champion Tern<\/b> ir distances meistars, kas pied\u0101v\u0101 nep\u0101rsp\u0113jamu plan\u0113jumu un vieglu kontroli t\u0101lajos izmetienos. Ar lidojuma parametriem <b data-path-to-node=\"18,0\" data-index-in-node=\"142\">12 | 6 | -2 | 2<\/b>, tas ir rad\u012bts, lai sasniegtu maksim\u0101lu &#8220;S-curve&#8221; trajektoriju pat ar vid\u0113ju metiena jaudu. Iztur\u012bg\u0101 Champion plastmasa garant\u0113, ka \u0161is disks saglab\u0101s savu stabilit\u0101ti un uzticam\u012bbu gadiem ilgi. Ja mekl\u0113 instrumentu jaunu distances rekordu uzst\u0101d\u012b\u0161anai, Tern ir tava pareiz\u0101 izv\u0113le.<\/p>","protected":false},"featured_media":2748,"template":"","meta":{"om_disable_all_campaigns":false},"product_brand":[53],"product_cat":[67],"product_tag":[],"class_list":{"0":"post-2793","1":"product","2":"type-product","3":"status-publish","4":"has-post-thumbnail","6":"product_brand-innova","7":"product_cat-distance-drivers","9":"first","10":"instock","11":"taxable","12":"shipping-taxable","13":"purchasable","14":"product-type-variable"},"aioseo_notices":[],"jetpack_sharing_enabled":true,"_links":{"self":[{"href":"https:\/\/birdie.lv\/en\/wp-json\/wp\/v2\/product\/2793","targetHints":{"allow":["GET"]}}],"collection":[{"href":"https:\/\/birdie.lv\/en\/wp-json\/wp\/v2\/product"}],"about":[{"href":"https:\/\/birdie.lv\/en\/wp-json\/wp\/v2\/types\/product"}],"version-history":[{"count":1,"href":"https:\/\/birdie.lv\/en\/wp-json\/wp\/v2\/product\/2793\/revisions"}],"predecessor-version":[{"id":5046,"href":"https:\/\/birdie.lv\/en\/wp-json\/wp\/v2\/product\/2793\/revisions\/5046"}],"wp:featuredmedia":[{"embeddable":true,"href":"https:\/\/birdie.lv\/en\/wp-json\/wp\/v2\/media\/2748"}],"wp:attachment":[{"href":"https:\/\/birdie.lv\/en\/wp-json\/wp\/v2\/media?parent=2793"}],"wp:term":[{"taxonomy":"product_brand","embeddable":true,"href":"https:\/\/birdie.lv\/en\/wp-json\/wp\/v2\/product_brand?post=2793"},{"taxonomy":"product_cat","embeddable":true,"href":"https:\/\/birdie.lv\/en\/wp-json\/wp\/v2\/product_cat?post=2793"},{"taxonomy":"product_tag","embeddable":true,"href":"https:\/\/birdie.lv\/en\/wp-json\/wp\/v2\/product_tag?post=2793"}],"curies":[{"name":"wp","href":"https:\/\/api.w.org\/{rel}","templated":true}]}}