{"id":2824,"date":"2025-09-06T17:56:52","date_gmt":"2025-09-06T17:56:52","guid":{"rendered":"https:\/\/birdie.lv\/?post_type=product&#038;p=2824"},"modified":"2026-03-27T19:15:58","modified_gmt":"2026-03-27T19:15:58","slug":"halo-star-gorgon","status":"publish","type":"product","link":"https:\/\/birdie.lv\/en\/product\/halo-star-gorgon\/","title":{"rendered":"Innova Halo Star Gorgon"},"content":{"rendered":"<p data-path-to-node=\"6\"><b class=\"\" data-path-to-node=\"6\" data-index-in-node=\"0\">Innova Halo Star Gorgon<\/b><span class=\"\"> ir rad\u012bts,<\/span><span class=\"\"> lai nojauktu robe\u017eas starp <\/span><i class=\"\" data-path-to-node=\"6\" data-index-in-node=\"62\">fairway<\/i><span class=\"\"> un <\/span><i class=\"\" data-path-to-node=\"6\" data-index-in-node=\"73\">distance<\/i><span class=\"\"> draiveriem.<\/span><span class=\"\"> Ar lidojuma parametriem <\/span><b class=\"\" data-path-to-node=\"6\" data-index-in-node=\"118\">10 | 6 | -2 | 1<\/b><span class=\"\">,<\/span><span class=\"\"> \u0161is modelis pied\u0101v\u0101 unik\u0101lu kombin\u0101ciju:<\/span><span class=\"\"> 10.<\/span><span class=\"\"> \u0101truma jaudu un 6.<\/span><span class=\"\"> l\u012bme\u0146a plan\u0113jumu (<\/span><i class=\"\" data-path-to-node=\"6\" data-index-in-node=\"217\">glide<\/i><span class=\"\">),<\/span><span class=\"\"> kas burtiski ne\u013cauj diskam piezem\u0113ties.<\/span><span class=\"\"> Ja mekl\u0113 instrumentu,<\/span><span class=\"\"> kas pal\u012bdz\u0113tu sasniegt t\u0101l\u0101kas distances ar maz\u0101ku piep\u016bli,<\/span><span class=\"\"> Gorgon ir tava jaun\u0101 slepen\u0101 izv\u0113le.<\/span><\/p>\n<p data-path-to-node=\"7\"><b class=\"\" data-path-to-node=\"7\" data-index-in-node=\"0\">K\u0101p\u0113c Halo Star Gorgon ir \u012bpa\u0161s tav\u0101 som\u0101?<\/b><\/p>\n<ul data-path-to-node=\"8\">\n<li>\n<p data-path-to-node=\"8,0,0\"><b class=\"\" data-path-to-node=\"8,0,0\" data-index-in-node=\"0\">Viegla distance:<\/b><span class=\"\"> Pateicoties -2 pagriezienam (<\/span><i class=\"\" data-path-to-node=\"8,0,0\" data-index-in-node=\"46\">turn<\/i><span class=\"\">),<\/span><span class=\"\"> \u0161is modelis ir \u013coti &#8220;pielaid\u012bgs&#8221; un viegli aktiviz\u0113jams pat sp\u0113l\u0113t\u0101jiem ar vid\u0113ju metiena jaudu.<\/span><span class=\"\"> Tas veic garu,<\/span><span class=\"\"> l\u0113nu &#8220;S-curve&#8221; lidojumu,<\/span><span class=\"\"> maksim\u0101li izmantojot katru gaisa pl\u016bsmu.<\/span><\/p>\n<\/li>\n<li>\n<p data-path-to-node=\"8,1,0\"><b class=\"\" data-path-to-node=\"8,1,0\" data-index-in-node=\"0\">Fenomen\u0101ls plan\u0113jums:<\/b><span class=\"\"> 6.<\/span><span class=\"\"> l\u012bme\u0146a <\/span><i class=\"\" data-path-to-node=\"8,1,0\" data-index-in-node=\"32\">glide<\/i><span class=\"\"> nodro\u0161ina,<\/span><span class=\"\"> ka disks paliek gais\u0101 ilg\u0101k nek\u0101 vairums citu 10.<\/span><span class=\"\"> \u0101truma mode\u013cu,<\/span><span class=\"\"> p\u0101rv\u0113r\u0161ot parastu metienu par tavu jauno distances rekordu.<\/span><\/p>\n<\/li>\n<li>\n<p data-path-to-node=\"8,2,0\"><b class=\"\" data-path-to-node=\"8,2,0\" data-index-in-node=\"0\">Hizer-flip meistars:<\/b><span class=\"\"> Pieredz\u0113ju\u0161iem sp\u0113l\u0113t\u0101jiem Gorgon ir izcils r\u012bks &#8220;hyzer-flip&#8221; metieniem \u0161aur\u0101s tras\u0113s \u2014 palaists ar le\u0146\u0137i,<\/span><span class=\"\"> tas iztaisnojas un lido t\u0101lu un taisni ar minim\u0101lu beigu kritienu.<\/span><\/p>\n<\/li>\n<\/ul>\n<p data-path-to-node=\"9\"><b class=\"\" data-path-to-node=\"9\" data-index-in-node=\"0\">Halo Star Plastmasa \u2013 Est\u0113tika un stabilit\u0101te:<\/b><span class=\"\"> Ekskluz\u012bv\u0101 Halo Star plastmasa Gorgon modelim pie\u0161\u0137ir:<\/span><\/p>\n<ol start=\"1\" data-path-to-node=\"10\">\n<li>\n<p data-path-to-node=\"10,0,0\"><b class=\"\" data-path-to-node=\"10,0,0\" data-index-in-node=\"0\">Papildu uzticam\u012bbu:<\/b><span class=\"\"> Halo s\u0113rija parasti ir nedaudz stabil\u0101ka par standarta Star versiju,<\/span><span class=\"\"> kas pal\u012bdz Gorgon saglab\u0101t savu l\u012bniju pat neliel\u0101 v\u0113j\u0101.<\/span><\/p>\n<\/li>\n<li>\n<p data-path-to-node=\"10,1,0\"><b class=\"\" data-path-to-node=\"10,1,0\" data-index-in-node=\"0\">Premium tv\u0113rienu:<\/b><span class=\"\"> Materi\u0101ls nodro\u0161ina izcilu sa\u0137eri jebkuros apst\u0101k\u013cos,<\/span><span class=\"\"> sniedzot p\u0101rliec\u012bbu par prec\u012bzu izmetiena br\u012bdi.<\/span><\/p>\n<\/li>\n<li>\n<p data-path-to-node=\"10,2,0\"><b class=\"\" data-path-to-node=\"10,2,0\" data-index-in-node=\"0\">Iespaid\u012bgu dizainu:<\/b><span class=\"\"> Divu to\u0146u kontrasts padara Gorgon par vienu no vizu\u0101li pievilc\u012bg\u0101kajiem mode\u013ciem tav\u0101 kolekcij\u0101.<\/span><\/p>\n<\/li>\n<\/ol>","protected":false},"excerpt":{"rendered":"<p><b data-path-to-node=\"17,0\" data-index-in-node=\"0\">Innova Halo Star Gorgon<\/b> ir distances meistars, kas pied\u0101v\u0101 nep\u0101rsp\u0113jamu plan\u0113jumu un vieglu kontroli. Ar lidojuma parametriem <b data-path-to-node=\"17,0\" data-index-in-node=\"126\">10 | 6 | -2 | 1<\/b>, tas ir ide\u0101ls r\u012bks, lai sasniegtu jaunas distances bez elites l\u012bme\u0146a rokas \u0101truma. Ekskluz\u012bv\u0101 Halo Star plastmasa nodro\u0161ina ne tikai unik\u0101lu vizu\u0101lo t\u0113lu, bet ar\u012b papildu stabilit\u0101ti un izcilu sa\u0137eri. Ja mekl\u0113 disku, kas &#8220;turas gais\u0101&#8221; m\u016b\u017e\u012bgi, Gorgon ir tava pareiz\u0101 izv\u0113le.<\/p>","protected":false},"featured_media":2779,"template":"","meta":{"om_disable_all_campaigns":false},"product_brand":[53],"product_cat":[48,67],"product_tag":[],"class_list":{"0":"post-2824","1":"product","2":"type-product","3":"status-publish","4":"has-post-thumbnail","6":"product_brand-innova","7":"product_cat-diski","8":"product_cat-distance-drivers","10":"first","11":"instock","12":"taxable","13":"shipping-taxable","14":"purchasable","15":"product-type-variable"},"aioseo_notices":[],"jetpack_sharing_enabled":true,"_links":{"self":[{"href":"https:\/\/birdie.lv\/en\/wp-json\/wp\/v2\/product\/2824","targetHints":{"allow":["GET"]}}],"collection":[{"href":"https:\/\/birdie.lv\/en\/wp-json\/wp\/v2\/product"}],"about":[{"href":"https:\/\/birdie.lv\/en\/wp-json\/wp\/v2\/types\/product"}],"version-history":[{"count":1,"href":"https:\/\/birdie.lv\/en\/wp-json\/wp\/v2\/product\/2824\/revisions"}],"predecessor-version":[{"id":5051,"href":"https:\/\/birdie.lv\/en\/wp-json\/wp\/v2\/product\/2824\/revisions\/5051"}],"wp:featuredmedia":[{"embeddable":true,"href":"https:\/\/birdie.lv\/en\/wp-json\/wp\/v2\/media\/2779"}],"wp:attachment":[{"href":"https:\/\/birdie.lv\/en\/wp-json\/wp\/v2\/media?parent=2824"}],"wp:term":[{"taxonomy":"product_brand","embeddable":true,"href":"https:\/\/birdie.lv\/en\/wp-json\/wp\/v2\/product_brand?post=2824"},{"taxonomy":"product_cat","embeddable":true,"href":"https:\/\/birdie.lv\/en\/wp-json\/wp\/v2\/product_cat?post=2824"},{"taxonomy":"product_tag","embeddable":true,"href":"https:\/\/birdie.lv\/en\/wp-json\/wp\/v2\/product_tag?post=2824"}],"curies":[{"name":"wp","href":"https:\/\/api.w.org\/{rel}","templated":true}]}}