{"id":2834,"date":"2025-09-06T18:05:06","date_gmt":"2025-09-06T18:05:06","guid":{"rendered":"https:\/\/birdie.lv\/?post_type=product&#038;p=2834"},"modified":"2026-04-06T18:08:58","modified_gmt":"2026-04-06T18:08:58","slug":"innova-star-mako3-kona-montgomery-tour-series-2025","status":"publish","type":"product","link":"https:\/\/birdie.lv\/en\/product\/innova-star-mako3-kona-montgomery-tour-series-2025\/","title":{"rendered":"Innova Star Mako3 Kona Montgomery Tour Series 2025"},"content":{"rendered":"<p data-path-to-node=\"6\"><b data-path-to-node=\"6\" data-index-in-node=\"0\">Innova Star Mako3 (Kona Montgomery Tour Series 2025)<\/b> ir precizit\u0101tes standarts, kam uzticas sp\u0113l\u0113t\u0101ji vis\u0101 pasaul\u0113. Ja mekl\u0113jat r\u012bku, kas lidos tie\u0161i tur, kur to s\u016bt\u0101t, bez lieka pagrieziena vai beigu kritiena, \u0161is 5. \u0101truma modelis ir tava lab\u0101k\u0101 izv\u0113le. Ar lidojuma parametriem <b data-path-to-node=\"6\" data-index-in-node=\"280\">5 | 5 | 0 | 0<\/b>, Mako3 ir viens no taisn\u0101k lidojo\u0161ajiem diskiem industrij\u0101, padarot to par neaizvietojamu sabiedroto \u0161aur\u0101s me\u017ea tras\u0113s un prec\u012bzos pieg\u0101jiena metienos.<\/p>\n<p data-path-to-node=\"7\"><b data-path-to-node=\"7\" data-index-in-node=\"0\">K\u0101p\u0113c Konas Montgomerijas 2025. gada Mako3 ir tav\u0101 som\u0101?<\/b><\/p>\n<ul data-path-to-node=\"8\">\n<li>\n<p data-path-to-node=\"8,0,0\"><b data-path-to-node=\"8,0,0\" data-index-in-node=\"0\">Absol\u016bta kontrole:<\/b> Pateicoties &#8220;Dead Straight&#8221; lidojumam, \u0161is modelis nepie\u013cauj nek\u0101das nob\u012bdes. Tas lidos prec\u012bzi pa to l\u012bniju, kur\u0101 to atlaid\u012bsiet \u2013 vai tas b\u016btu hizers, anhaizers vai taisns metiens.<\/p>\n<\/li>\n<li>\n<p data-path-to-node=\"8,1,0\"><b data-path-to-node=\"8,1,0\" data-index-in-node=\"0\">Maksim\u0101ls Plan\u0113jums (Glide):<\/b> Ar 5. l\u012bme\u0146a plan\u0113jumu Mako3 burtiski sl\u012bd cauri gaisam, sasniedzot iespaid\u012bgu distanci ar minim\u0101lu piep\u016bli, kas ir b\u016btiski, kontrol\u0113jot metiena precizit\u0101ti.<\/p>\n<\/li>\n<li>\n<p data-path-to-node=\"8,2,0\"><b data-path-to-node=\"8,2,0\" data-index-in-node=\"0\">Tehnikas skolot\u0101js:<\/b> \u0160is disks nekad nemelo. Tas ir lab\u0101kais r\u012bks, lai uzlabotu savu metiena tehniku, jo tas uzreiz par\u0101da visas k\u013c\u016bdas vai nepareizus atlai\u0161anas le\u0146\u0137us.<\/p>\n<\/li>\n<li>\n<p data-path-to-node=\"8,3,0\"><b data-path-to-node=\"8,3,0\" data-index-in-node=\"0\">Atbalsts sp\u0113l\u0113t\u0101jai:<\/b> Katrs Konas Montgomerijas paraksta s\u0113rijas pirkums sniedz tie\u0161u atbalstu vi\u0146as 2025. gada sezonas gait\u0101m profesion\u0101laj\u0101 t\u016br\u0113.<\/p>\n<\/li>\n<\/ul>\n<p data-path-to-node=\"9\"><b data-path-to-node=\"9\" data-index-in-node=\"0\">Star Plastmasa un 2025. gada ekskluzivit\u0101te:<\/b> 2025. gada izdevums izce\u013cas ar \u012bpa\u0161i pat\u012bkamu Star materi\u0101lu un unik\u0101lu Konas Montgomerijas dizainu. Tas nodro\u0161ina:<\/p>\n<ol start=\"1\" data-path-to-node=\"10\">\n<li>\n<p data-path-to-node=\"10,0,0\"><b data-path-to-node=\"10,0,0\" data-index-in-node=\"0\">Premium sa\u0137eri:<\/b> Star plastmasa ir paz\u012bstama ar savu elast\u012bbu un izcilo tv\u0113rienu jebkuros laikapst\u0101k\u013cos, sniedzot p\u0101rliec\u012bbu katr\u0101 izmetien\u0101.<\/p>\n<\/li>\n<li>\n<p data-path-to-node=\"10,1,0\"><b data-path-to-node=\"10,1,0\" data-index-in-node=\"0\">Iztur\u012bbu un stabilit\u0101ti:<\/b> Materi\u0101ls saglab\u0101 savas lidojuma \u012bpa\u0161\u012bbas \u013coti ilgi, nodro\u0161inot, ka tavs &#8220;taisn\u0101kais disks&#8221; paliek taisns ar\u012b p\u0113c neskait\u0101m\u0101m tras\u0113m.<\/p>\n<\/li>\n<\/ol>","protected":false},"excerpt":{"rendered":"<p><b data-path-to-node=\"17,0\" data-index-in-node=\"0\">Innova Star Mako3 (Kona Montgomery Tour Series 2025)<\/b> ir precizit\u0101tes iemiesojums katr\u0101 metien\u0101. Ar lidojuma parametriem <b data-path-to-node=\"17,0\" data-index-in-node=\"120\">5 | 5 | 0 | 0<\/b>, tas pied\u0101v\u0101 nep\u0101rsp\u0113jami taisnu lidojumu un izcilu plan\u0113jumu, padarot to par perfektu r\u012bku jebkuram prasmju l\u012bmenim. Izv\u0113lies Konas Montgomerijas 2025. gada paraksta s\u0113riju, lai ieg\u016btu lab\u0101ko sa\u0137eri, unik\u0101lu dizainu un atbalst\u012btu profesion\u0101lo sportu. Premium Star plastmasa garant\u0113 ilgm\u016b\u017e\u012bbu un nemain\u012bgu sniegumu tras\u0113.<\/p>","protected":false},"featured_media":2810,"template":"","meta":{"om_disable_all_campaigns":false},"product_brand":[53],"product_cat":[48,51,65],"product_tag":[],"class_list":{"0":"post-2834","1":"product","2":"type-product","3":"status-publish","4":"has-post-thumbnail","6":"product_brand-innova","7":"product_cat-diski","8":"product_cat-izpardosana","9":"product_cat-midrange","11":"first","12":"instock","13":"sale","14":"taxable","15":"shipping-taxable","16":"purchasable","17":"product-type-variable"},"aioseo_notices":[],"jetpack_sharing_enabled":true,"_links":{"self":[{"href":"https:\/\/birdie.lv\/en\/wp-json\/wp\/v2\/product\/2834","targetHints":{"allow":["GET"]}}],"collection":[{"href":"https:\/\/birdie.lv\/en\/wp-json\/wp\/v2\/product"}],"about":[{"href":"https:\/\/birdie.lv\/en\/wp-json\/wp\/v2\/types\/product"}],"version-history":[{"count":1,"href":"https:\/\/birdie.lv\/en\/wp-json\/wp\/v2\/product\/2834\/revisions"}],"predecessor-version":[{"id":5057,"href":"https:\/\/birdie.lv\/en\/wp-json\/wp\/v2\/product\/2834\/revisions\/5057"}],"wp:featuredmedia":[{"embeddable":true,"href":"https:\/\/birdie.lv\/en\/wp-json\/wp\/v2\/media\/2810"}],"wp:attachment":[{"href":"https:\/\/birdie.lv\/en\/wp-json\/wp\/v2\/media?parent=2834"}],"wp:term":[{"taxonomy":"product_brand","embeddable":true,"href":"https:\/\/birdie.lv\/en\/wp-json\/wp\/v2\/product_brand?post=2834"},{"taxonomy":"product_cat","embeddable":true,"href":"https:\/\/birdie.lv\/en\/wp-json\/wp\/v2\/product_cat?post=2834"},{"taxonomy":"product_tag","embeddable":true,"href":"https:\/\/birdie.lv\/en\/wp-json\/wp\/v2\/product_tag?post=2834"}],"curies":[{"name":"wp","href":"https:\/\/api.w.org\/{rel}","templated":true}]}}