{"id":2845,"date":"2025-09-06T18:18:08","date_gmt":"2025-09-06T18:18:08","guid":{"rendered":"https:\/\/birdie.lv\/?post_type=product&#038;p=2845"},"modified":"2026-04-04T13:57:06","modified_gmt":"2026-04-04T13:57:06","slug":"k1-malm","status":"publish","type":"product","link":"https:\/\/birdie.lv\/en\/product\/k1-malm\/","title":{"rendered":"Kastaplast K1 Malm"},"content":{"rendered":"<p data-path-to-node=\"6\"><b class=\"\" data-path-to-node=\"6\" data-index-in-node=\"0\">Kastaplast K1 Malm<\/b><span class=\"\"> ir rad\u012bts tiem,<\/span><span class=\"\"> kuriem nepiecie\u0161ama simtprocent\u012bga p\u0101rliec\u012bba par diska trajektoriju.<\/span><span class=\"\"> Ar lidojuma parametriem <\/span><b class=\"\" data-path-to-node=\"6\" data-index-in-node=\"129\">5 | 4 | 0 | 2<\/b><span class=\"\">,<\/span><span class=\"\"> \u0161is modelis aizpilda tuk\u0161umu starp taisno <\/span><i class=\"\" data-path-to-node=\"6\" data-index-in-node=\"186\">Svea<\/i><span class=\"\"> un \u012bpa\u0161i stabilo <\/span><i class=\"\" data-path-to-node=\"6\" data-index-in-node=\"208\">J\u00e4rn<\/i><span class=\"\">.<\/span><span class=\"\"> Malm ir &#8220;darba zirgs&#8221;,<\/span><span class=\"\"> kas nebaid\u0101s no v\u0113ja un vienm\u0113r nosl\u0113dz savu lidojumu ar kontrol\u0113tu un sp\u0113c\u012bgu kritienu (<\/span><i class=\"\" data-path-to-node=\"6\" data-index-in-node=\"326\">fade<\/i><span class=\"\">).<\/span><\/p>\n<p data-path-to-node=\"7\"><b class=\"\" data-path-to-node=\"7\" data-index-in-node=\"0\">K\u0101p\u0113c Kastaplast Malm ir oblig\u0101ts papildin\u0101jums tav\u0101 som\u0101?<\/b><\/p>\n<ul data-path-to-node=\"8\">\n<li>\n<p data-path-to-node=\"8,0,0\"><b class=\"\" data-path-to-node=\"8,0,0\" data-index-in-node=\"0\">Stabilit\u0101te un kontrole:<\/b><span class=\"\"> Malm ir izstr\u0101d\u0101ts t\u0101,<\/span><span class=\"\"> lai tas &#8220;netur\u0113tu&#8221; pagriezienu (<\/span><i class=\"\" data-path-to-node=\"8,0,0\" data-index-in-node=\"80\">turn<\/i><span class=\"\">).<\/span><span class=\"\"> Pat pie jaud\u012bgiem izmetieniem tas saglab\u0101 savu l\u012bniju,<\/span><span class=\"\"> padarot to par izcilu izv\u0113li gan <\/span><i class=\"\" data-path-to-node=\"8,0,0\" data-index-in-node=\"175\">backhand<\/i><span class=\"\">,<\/span><span class=\"\"> gan <\/span><i class=\"\" data-path-to-node=\"8,0,0\" data-index-in-node=\"189\">forehand<\/i><span class=\"\"> pieg\u0101jiena metieniem.<\/span><\/p>\n<\/li>\n<li>\n<p data-path-to-node=\"8,1,0\"><b class=\"\" data-path-to-node=\"8,1,0\" data-index-in-node=\"0\">Ergonomisks dizains:<\/b><span class=\"\"> T\u0101pat k\u0101 visi Kastaplast diski,<\/span><span class=\"\"> ar\u012b Malm izce\u013cas ar neticami \u0113rtu profilu un glud\u0101m mal\u0101m,<\/span><span class=\"\"> kas nodro\u0161ina t\u012bru un prec\u012bzu atlai\u0161anu katr\u0101 metien\u0101.<\/span><\/p>\n<\/li>\n<li>\n<p data-path-to-node=\"8,2,0\"><b class=\"\" data-path-to-node=\"8,2,0\" data-index-in-node=\"0\">V\u0113ja iztur\u012bba:<\/b><span class=\"\"> Pateicoties 2.<\/span><span class=\"\"> l\u012bme\u0146a <\/span><i class=\"\" data-path-to-node=\"8,2,0\" data-index-in-node=\"37\">fade<\/i><span class=\"\">,<\/span><span class=\"\"> \u0161is disks ir uzticams sabiedrotais br\u0101zmain\u0101 laik\u0101 \u2013 tas neizgriez\u012bsies un saglab\u0101s savu prognoz\u0113jamo piezem\u0113\u0161an\u0101s punktu.<\/span><\/p>\n<\/li>\n<\/ul>\n<p data-path-to-node=\"9\"><b class=\"\" data-path-to-node=\"9\" data-index-in-node=\"0\">K1 Plastmasa \u2013 Disku golfa &#8220;karaliene&#8221;:<\/b><span class=\"\"> Daudzi sp\u0113l\u0113t\u0101ji izv\u0113las Kastaplast tikai un vien\u012bgi K1 materi\u0101la d\u0113\u013c.<\/span><span class=\"\"> Tas pied\u0101v\u0101:<\/span><\/p>\n<ol start=\"1\" data-path-to-node=\"10\">\n<li>\n<p data-path-to-node=\"10,0,0\"><b class=\"\" data-path-to-node=\"10,0,0\" data-index-in-node=\"0\">Nep\u0101rsp\u0113jamu sa\u0137eri:<\/b><span class=\"\"> K1 plastmasa ir unik\u0101ls stingr\u012bbas un &#8220;lip\u012bguma&#8221; apvienojums,<\/span><span class=\"\"> kas nodro\u0161ina lab\u0101ko tv\u0113rienu industrij\u0101 pat mitros laikapst\u0101k\u013cos.<\/span><\/p>\n<\/li>\n<li>\n<p data-path-to-node=\"10,1,0\"><b class=\"\" data-path-to-node=\"10,1,0\" data-index-in-node=\"0\">Ilgm\u016b\u017e\u012bbu:<\/b><span class=\"\"> \u0160is materi\u0101ls ir \u0101rk\u0101rt\u012bgi iztur\u012bgs pret triecieniem,<\/span><span class=\"\"> saglab\u0101jot diska lidojuma \u012bpa\u0161\u012bbas nemain\u012bgas pat p\u0113c t\u016bksto\u0161iem metienu.<\/span><\/p>\n<\/li>\n<li>\n<p data-path-to-node=\"10,2,0\"><b class=\"\" data-path-to-node=\"10,2,0\" data-index-in-node=\"0\">Vizu\u0101lo izcil\u012bbu:<\/b><span class=\"\"> K1 plastmasai piem\u012bt rakstur\u012bgs sp\u012bdums un ko\u0161as kr\u0101sas,<\/span><span class=\"\"> kas padara Malm viegli paman\u0101mu tras\u0113.<\/span><\/p>\n<\/li>\n<\/ol>","protected":false},"excerpt":{"rendered":"<p><b data-path-to-node=\"17,0\" data-index-in-node=\"0\">Kastaplast K1 Malm<\/b> pied\u0101v\u0101 profesion\u0101lu stabilit\u0101ti un nep\u0101rsp\u0113jamu kvalit\u0101ti. Ar lidojuma parametriem <b data-path-to-node=\"17,0\" data-index-in-node=\"103\">5 | 4 | 0 | 2<\/b>, \u0161is vid\u0113j\u0101s distances disks ir rad\u012bts prec\u012bziem metieniem jebkuros laikapst\u0101k\u013cos. Izcil\u0101 K1 plastmasa garant\u0113 lab\u0101ko sa\u0137eri un ilgm\u016b\u017e\u012bbu, padarot Malm par uzticam\u0101ko r\u012bku tav\u0101 som\u0101, kad nepiecie\u0161ams kontrol\u0113ts un prognoz\u0113jams lidojums.<\/p>","protected":false},"featured_media":2817,"template":"","meta":{"om_disable_all_campaigns":false},"product_brand":[54],"product_cat":[66,301],"product_tag":[],"class_list":{"0":"post-2845","1":"product","2":"type-product","3":"status-publish","4":"has-post-thumbnail","6":"product_brand-kastaplast","7":"product_cat-fairway-drivers","8":"product_cat-kastaplast","10":"first","11":"instock","12":"taxable","13":"shipping-taxable","14":"purchasable","15":"product-type-variable"},"aioseo_notices":[],"jetpack_sharing_enabled":true,"_links":{"self":[{"href":"https:\/\/birdie.lv\/en\/wp-json\/wp\/v2\/product\/2845","targetHints":{"allow":["GET"]}}],"collection":[{"href":"https:\/\/birdie.lv\/en\/wp-json\/wp\/v2\/product"}],"about":[{"href":"https:\/\/birdie.lv\/en\/wp-json\/wp\/v2\/types\/product"}],"version-history":[{"count":1,"href":"https:\/\/birdie.lv\/en\/wp-json\/wp\/v2\/product\/2845\/revisions"}],"predecessor-version":[{"id":5058,"href":"https:\/\/birdie.lv\/en\/wp-json\/wp\/v2\/product\/2845\/revisions\/5058"}],"wp:featuredmedia":[{"embeddable":true,"href":"https:\/\/birdie.lv\/en\/wp-json\/wp\/v2\/media\/2817"}],"wp:attachment":[{"href":"https:\/\/birdie.lv\/en\/wp-json\/wp\/v2\/media?parent=2845"}],"wp:term":[{"taxonomy":"product_brand","embeddable":true,"href":"https:\/\/birdie.lv\/en\/wp-json\/wp\/v2\/product_brand?post=2845"},{"taxonomy":"product_cat","embeddable":true,"href":"https:\/\/birdie.lv\/en\/wp-json\/wp\/v2\/product_cat?post=2845"},{"taxonomy":"product_tag","embeddable":true,"href":"https:\/\/birdie.lv\/en\/wp-json\/wp\/v2\/product_tag?post=2845"}],"curies":[{"name":"wp","href":"https:\/\/api.w.org\/{rel}","templated":true}]}}