{"id":2858,"date":"2025-09-06T18:26:48","date_gmt":"2025-09-06T18:26:48","guid":{"rendered":"https:\/\/birdie.lv\/?post_type=product&#038;p=2858"},"modified":"2026-03-27T19:25:00","modified_gmt":"2026-03-27T19:25:00","slug":"alloy-function-gannon-buhr","status":"publish","type":"product","link":"https:\/\/birdie.lv\/en\/product\/alloy-function-gannon-buhr\/","title":{"rendered":"Discmania Alloy Function &#8211; Gannon Buhr"},"content":{"rendered":"<p data-path-to-node=\"6\"><b data-path-to-node=\"6\" data-index-in-node=\"0\">Discmania Alloy Function (Gannon Buhr Signature Series)<\/b> ir rad\u012bts, lai k\u013c\u016btu par tavu t\u0101l\u0101ko un taisn\u0101ko distances r\u012bku. Ar lidojuma parametriem <b data-path-to-node=\"6\" data-index-in-node=\"145\">12 | 6 | -4 | 1<\/b>, \u0161is disks pied\u0101v\u0101 ekstr\u0113mu plan\u0113jumu un augstu mazstabilit\u0101ti, padarot to par ide\u0101lu izv\u0113li &#8220;hyzer-flip&#8221; metieniem un gariem, kontrol\u0113tiem anhaizeriem. Ganona B\u016bra paraksta s\u0113rija apvieno \u010dempiona pras\u012bbas p\u0113c precizit\u0101tes ar jaun\u0101s <i data-path-to-node=\"6\" data-index-in-node=\"395\">Alloy<\/i> plastmasas izcilaj\u0101m \u012bpa\u0161\u012bb\u0101m.<\/p>\n<p data-path-to-node=\"7\"><b data-path-to-node=\"7\" data-index-in-node=\"0\">K\u0101p\u0113c Gannon Buhr Function ir tav\u0101 som\u0101?<\/b><\/p>\n<ul data-path-to-node=\"8\">\n<li>\n<p data-path-to-node=\"8,0,0\"><b data-path-to-node=\"8,0,0\" data-index-in-node=\"0\">&#8220;Easy Distance&#8221;:<\/b> Pateicoties -4 pagriezienam (<i data-path-to-node=\"8,0,0\" data-index-in-node=\"46\">turn<\/i>), Function ir viens no viegl\u0101k aktiviz\u0113jamajiem 12. \u0101truma draiveriem. Pat sp\u0113l\u0113t\u0101ji ar vid\u0113ju metiena jaudu var pan\u0101kt, ka disks &#8220;atveras&#8221; un veic pilnu lidojuma trajektoriju.<\/p>\n<\/li>\n<li>\n<p data-path-to-node=\"8,1,0\"><b data-path-to-node=\"8,1,0\" data-index-in-node=\"0\">Hizer-flip un Roller meistars:<\/b> Pieredz\u0113ju\u0161iem sp\u0113l\u0113t\u0101jiem \u0161is ir izcils r\u012bks gariem &#8220;roller&#8221; metieniem vai tehniskiem hizer-flipiem, kur disks p\u0113c iztaisno\u0161an\u0101s turpina l\u0113ni sl\u012bd\u0113t pa labi (labro\u010diem).<\/p>\n<\/li>\n<li>\n<p data-path-to-node=\"8,2,0\"><b data-path-to-node=\"8,2,0\" data-index-in-node=\"0\">Fenomen\u0101ls plan\u0113jums:<\/b> 6. l\u012bme\u0146a <i data-path-to-node=\"8,2,0\" data-index-in-node=\"32\">glide<\/i> nodro\u0161ina, ka disks burtiski &#8220;peld&#8221; gais\u0101, p\u0101rv\u0113r\u0161ot katru metienu iespaid\u012bg\u0101 distanc\u0113 pat neliel\u0101 v\u0113ja br\u0101zm\u0101.<\/p>\n<\/li>\n<\/ul>\n<p data-path-to-node=\"9\"><b data-path-to-node=\"9\" data-index-in-node=\"0\">Alloy Plastmasa \u2013 Jaunais standarts:<\/b> Discmania jaun\u0101 <i data-path-to-node=\"9\" data-index-in-node=\"53\">Alloy<\/i> plastmasa ir izstr\u0101d\u0101ta, lai pied\u0101v\u0101tu:<\/p>\n<ol start=\"1\" data-path-to-node=\"10\">\n<li>\n<p data-path-to-node=\"10,0,0\"><b data-path-to-node=\"10,0,0\" data-index-in-node=\"0\">Premium sa\u0137eri:<\/b> T\u0101 ir nedaudz m\u012bkst\u0101ka un atsper\u012bg\u0101ka par tradicion\u0101laj\u0101m cietaj\u0101m plastmas\u0101m, nodro\u0161inot perfektu kontroli pat mitros laikapst\u0101k\u013cos.<\/p>\n<\/li>\n<li>\n<p data-path-to-node=\"10,1,0\"><b data-path-to-node=\"10,1,0\" data-index-in-node=\"0\">Ilgm\u016b\u017e\u012bbu:<\/b> Neskatoties uz lielisko sa\u0137eri, materi\u0101ls ir \u0101rk\u0101rt\u012bgi iztur\u012bgs pret triecieniem, saglab\u0101jot diska unik\u0101lo lidojuma raksturu ilgtermi\u0146\u0101.<\/p>\n<\/li>\n<li>\n<p data-path-to-node=\"10,2,0\"><b data-path-to-node=\"10,2,0\" data-index-in-node=\"0\">Ekskluz\u012bvu est\u0113tiku:<\/b> Ganona B\u016bra s\u0113rija izce\u013cas ar unik\u0101lu z\u012bmogu un ko\u0161\u0101m kr\u0101s\u0101m, kas padara \u0161o disku par paman\u0101m\u0101ko elementu jebkur\u0101 som\u0101.<\/p>\n<\/li>\n<\/ol>","protected":false},"excerpt":{"rendered":"<p><b data-path-to-node=\"17,0\" data-index-in-node=\"0\">Discmania Alloy Function (Gannon Buhr Signature Series)<\/b> pied\u0101v\u0101 maksim\u0101lu distanci un neticamu plan\u0113jumu katr\u0101 metien\u0101. Ar lidojuma parametriem <b data-path-to-node=\"17,0\" data-index-in-node=\"144\">12 | 6 | -4 | 1<\/b>, \u0161is disks ir ide\u0101ls r\u012bks gariem &#8220;hyzer-flip&#8221; un &#8220;roller&#8221; metieniem. Jaun\u0101 Alloy plastmasa nodro\u0161ina izcilu sa\u0137eri un komfortu, savuk\u0101rt pasaules \u010dempiona Ganona B\u016bra paraksts garant\u0113 elites l\u012bme\u0146a sniegumu. Izv\u0113lies Function, lai sasniegtu t\u0101l\u0101kos m\u0113r\u0137us ar maz\u0101ku piep\u016bli.<\/p>","protected":false},"featured_media":2776,"template":"","meta":{"om_disable_all_campaigns":false},"product_brand":[52],"product_cat":[66],"product_tag":[],"class_list":{"0":"post-2858","1":"product","2":"type-product","3":"status-publish","4":"has-post-thumbnail","6":"product_brand-discmania","7":"product_cat-fairway-drivers","9":"first","10":"instock","11":"taxable","12":"shipping-taxable","13":"purchasable","14":"product-type-variable"},"aioseo_notices":[],"jetpack_sharing_enabled":true,"_links":{"self":[{"href":"https:\/\/birdie.lv\/en\/wp-json\/wp\/v2\/product\/2858","targetHints":{"allow":["GET"]}}],"collection":[{"href":"https:\/\/birdie.lv\/en\/wp-json\/wp\/v2\/product"}],"about":[{"href":"https:\/\/birdie.lv\/en\/wp-json\/wp\/v2\/types\/product"}],"version-history":[{"count":1,"href":"https:\/\/birdie.lv\/en\/wp-json\/wp\/v2\/product\/2858\/revisions"}],"predecessor-version":[{"id":5062,"href":"https:\/\/birdie.lv\/en\/wp-json\/wp\/v2\/product\/2858\/revisions\/5062"}],"wp:featuredmedia":[{"embeddable":true,"href":"https:\/\/birdie.lv\/en\/wp-json\/wp\/v2\/media\/2776"}],"wp:attachment":[{"href":"https:\/\/birdie.lv\/en\/wp-json\/wp\/v2\/media?parent=2858"}],"wp:term":[{"taxonomy":"product_brand","embeddable":true,"href":"https:\/\/birdie.lv\/en\/wp-json\/wp\/v2\/product_brand?post=2858"},{"taxonomy":"product_cat","embeddable":true,"href":"https:\/\/birdie.lv\/en\/wp-json\/wp\/v2\/product_cat?post=2858"},{"taxonomy":"product_tag","embeddable":true,"href":"https:\/\/birdie.lv\/en\/wp-json\/wp\/v2\/product_tag?post=2858"}],"curies":[{"name":"wp","href":"https:\/\/api.w.org\/{rel}","templated":true}]}}