{"id":2861,"date":"2025-09-06T18:32:43","date_gmt":"2025-09-06T18:32:43","guid":{"rendered":"https:\/\/birdie.lv\/?post_type=product&#038;p=2861"},"modified":"2026-03-31T06:37:50","modified_gmt":"2026-03-31T06:37:50","slug":"discmania-c-line-fd","status":"publish","type":"product","link":"https:\/\/birdie.lv\/en\/product\/discmania-c-line-fd\/","title":{"rendered":"Discmania C-line FD"},"content":{"rendered":"<p data-path-to-node=\"6\"><b data-path-to-node=\"6\" data-index-in-node=\"0\">Discmania C-line FD<\/b> ir defin\u012bcija tam, ko noz\u012bm\u0113 kontrol\u0113ta distance. Ar lidojuma parametriem <b data-path-to-node=\"6\" data-index-in-node=\"94\">7 | 6 | 0 | 1<\/b>, \u0161is disks ir rad\u012bts, lai lidotu taisni, ilgi un ar minim\u0101lu piep\u016bli. FD bija pirmais Discmania &#8220;Fairway Driver&#8221;, un tas joproj\u0101m ir nep\u0101rsp\u0113ts sav\u0101 kategorij\u0101. Tas ir ide\u0101ls r\u012bks, lai atrastu &#8220;gaite\u0146us&#8221; me\u017ea tras\u0113s vai veiktu prec\u012bzus metienus atkl\u0101tos laukos, kur k\u013c\u016bdas nav pie\u013caujamas.<\/p>\n<p data-path-to-node=\"7\"><b data-path-to-node=\"7\" data-index-in-node=\"0\">K\u0101p\u0113c C-line FD ir neaizvietojams tav\u0101 som\u0101?<\/b><\/p>\n<ul data-path-to-node=\"8\">\n<li>\n<p data-path-to-node=\"8,0,0\"><b data-path-to-node=\"8,0,0\" data-index-in-node=\"0\">Netiekams plan\u0113jums (Glide):<\/b> Ar 6. l\u012bme\u0146a plan\u0113jumu FD burtiski sl\u012bd cauri gaisam. Tas \u013cauj sasniegt distanci, ko parasti pied\u0101v\u0101 \u0101tr\u0101ki draiveri, saglab\u0101jot vid\u0113j\u0101s distances diska precizit\u0101ti.<\/p>\n<\/li>\n<li>\n<p data-path-to-node=\"8,1,0\"><b data-path-to-node=\"8,1,0\" data-index-in-node=\"0\">&#8220;Point-and-Shoot&#8221; kontrole:<\/b> FD lido tie\u0161i tur, kur tu to s\u016bti. Tam nav izteikta pagrieziena (<i data-path-to-node=\"8,1,0\" data-index-in-node=\"93\">turn<\/i>) vai agres\u012bva nosl\u0113guma (<i data-path-to-node=\"8,1,0\" data-index-in-node=\"123\">fade<\/i>), kas padara to par visuzticam\u0101ko r\u012bku taisniem metieniem.<\/p>\n<\/li>\n<li>\n<p data-path-to-node=\"8,2,0\"><b data-path-to-node=\"8,2,0\" data-index-in-node=\"0\">Univers\u0101ls visiem l\u012bme\u0146iem:<\/b> Ies\u0101c\u0113jiem tas pal\u012bdz\u0113s apg\u016bt taisnu lidojuma l\u012bniju, savuk\u0101rt profesion\u0101\u013ci to izmanto prec\u012bziem &#8220;hyzer-flip&#8221; metieniem vai gariem, kontrol\u0113tiem anhaizeriem.<\/p>\n<\/li>\n<\/ul>\n<p data-path-to-node=\"9\"><b data-path-to-node=\"9\" data-index-in-node=\"0\">C-line Plastmasa \u2013 Iztur\u012bba un caursp\u012bd\u012bgums:<\/b> Jaun\u0101 Discmania C-line plastmasa ir izstr\u0101d\u0101ta It\u0101lij\u0101, pied\u0101v\u0101jot augst\u0101ko kvalit\u0101ti:<\/p>\n<ol start=\"1\" data-path-to-node=\"10\">\n<li>\n<p data-path-to-node=\"10,0,0\"><b data-path-to-node=\"10,0,0\" data-index-in-node=\"0\">Ekstr\u0113ma iztur\u012bba:<\/b> \u0160\u012b ir visiztur\u012bg\u0101k\u0101 Discmania plastmasa. T\u0101 saglab\u0101s savus lidojuma parametrus gadiem ilgi, pat p\u0113c neskait\u0101m\u0101m sadursm\u0113m ar kokiem.<\/p>\n<\/li>\n<li>\n<p data-path-to-node=\"10,1,0\"><b data-path-to-node=\"10,1,0\" data-index-in-node=\"0\">Premium sa\u0137ere un izskats:<\/b> C-line izce\u013cas ar savu caursp\u012bd\u012bgumu un stingr\u012bbu. T\u0101 nodro\u0161ina konsekventu atlai\u0161anu un lielisku saj\u016btu rok\u0101 jebkuros apst\u0101k\u013cos.<\/p>\n<\/li>\n<li>\n<p data-path-to-node=\"10,2,0\"><b data-path-to-node=\"10,2,0\" data-index-in-node=\"0\">Paman\u0101m\u012bba:<\/b> Ko\u0161\u0101s un skaidr\u0101s kr\u0101sas padara FD viegli atrodamu jebkur\u0101 apvid\u016b.<\/p>\n<\/li>\n<\/ol>","protected":false},"excerpt":{"rendered":"<p><b data-path-to-node=\"17,0\" data-index-in-node=\"0\">Discmania C-line FD<\/b> ir le\u0123end\u0101rs precizit\u0101tes r\u012bks, kas pied\u0101v\u0101 nep\u0101rsp\u0113jami taisnu lidojumu un izcilu plan\u0113jumu. Ar lidojuma parametriem <b data-path-to-node=\"17,0\" data-index-in-node=\"138\">7 | 6 | 0 | 1<\/b>, tas ir ide\u0101ls sabiedrotais \u0161aur\u0101s tras\u0113s, kur nepiecie\u0161ama maksim\u0101la kontrole. Iztur\u012bg\u0101 C-line plastmasa garant\u0113, ka disks saglab\u0101s savas \u012bpa\u0161\u012bbas gadiem ilgi. Ja mekl\u0113 disku, kas lido tie\u0161i tur, kur to s\u016bti, FD ir tava vien\u012bg\u0101 izv\u0113le.<\/p>","protected":false},"featured_media":2772,"template":"","meta":{"om_disable_all_campaigns":false},"product_brand":[52],"product_cat":[66],"product_tag":[],"class_list":{"0":"post-2861","1":"product","2":"type-product","3":"status-publish","4":"has-post-thumbnail","6":"product_brand-discmania","7":"product_cat-fairway-drivers","9":"first","10":"instock","11":"taxable","12":"shipping-taxable","13":"purchasable","14":"product-type-variable"},"aioseo_notices":[],"jetpack_sharing_enabled":true,"_links":{"self":[{"href":"https:\/\/birdie.lv\/en\/wp-json\/wp\/v2\/product\/2861","targetHints":{"allow":["GET"]}}],"collection":[{"href":"https:\/\/birdie.lv\/en\/wp-json\/wp\/v2\/product"}],"about":[{"href":"https:\/\/birdie.lv\/en\/wp-json\/wp\/v2\/types\/product"}],"version-history":[{"count":2,"href":"https:\/\/birdie.lv\/en\/wp-json\/wp\/v2\/product\/2861\/revisions"}],"predecessor-version":[{"id":5066,"href":"https:\/\/birdie.lv\/en\/wp-json\/wp\/v2\/product\/2861\/revisions\/5066"}],"wp:featuredmedia":[{"embeddable":true,"href":"https:\/\/birdie.lv\/en\/wp-json\/wp\/v2\/media\/2772"}],"wp:attachment":[{"href":"https:\/\/birdie.lv\/en\/wp-json\/wp\/v2\/media?parent=2861"}],"wp:term":[{"taxonomy":"product_brand","embeddable":true,"href":"https:\/\/birdie.lv\/en\/wp-json\/wp\/v2\/product_brand?post=2861"},{"taxonomy":"product_cat","embeddable":true,"href":"https:\/\/birdie.lv\/en\/wp-json\/wp\/v2\/product_cat?post=2861"},{"taxonomy":"product_tag","embeddable":true,"href":"https:\/\/birdie.lv\/en\/wp-json\/wp\/v2\/product_tag?post=2861"}],"curies":[{"name":"wp","href":"https:\/\/api.w.org\/{rel}","templated":true}]}}