{"id":2864,"date":"2025-09-06T18:37:11","date_gmt":"2025-09-06T18:37:11","guid":{"rendered":"https:\/\/birdie.lv\/?post_type=product&#038;p=2864"},"modified":"2026-04-01T09:04:58","modified_gmt":"2026-04-01T09:04:58","slug":"opto-saint","status":"publish","type":"product","link":"https:\/\/birdie.lv\/en\/product\/opto-saint\/","title":{"rendered":"Latitude64 Opto Saint"},"content":{"rendered":"<p data-path-to-node=\"6\"><b data-path-to-node=\"6\" data-index-in-node=\"0\">Latitude 64 Opto Saint<\/b> ir rad\u012bts sp\u0113l\u0113t\u0101jiem, kuri mekl\u0113 maksim\u0101lu distanci, nezaud\u0113jot precizit\u0101ti. Ar lidojuma parametriem <b data-path-to-node=\"6\" data-index-in-node=\"125\">9 | 7 | -1 | 2<\/b>, \u0161is disks ir slavenas ar savu neticamo 7. l\u012bme\u0146a plan\u0113jumu (<i data-path-to-node=\"6\" data-index-in-node=\"201\">glide<\/i>). Tas burtiski &#8220;peld&#8221; gais\u0101, p\u0101rv\u0113r\u0161ot pat vid\u0113jas jaudas metienus iespaid\u012bg\u0101 att\u0101lum\u0101. Saint ir uzticams sabiedrotais gan atkl\u0101tos laukos, gan tehniskos me\u017ea gaite\u0146os.<\/p>\n<p data-path-to-node=\"7\"><b data-path-to-node=\"7\" data-index-in-node=\"0\">K\u0101p\u0113c Opto Saint ir neaizvietojams tav\u0101 som\u0101?<\/b><\/p>\n<ul data-path-to-node=\"8\">\n<li>\n<p data-path-to-node=\"8,0,0\"><b data-path-to-node=\"8,0,0\" data-index-in-node=\"0\">Ekstr\u0113ms Plan\u0113jums:<\/b> Ar vienu no augst\u0101kajiem <i data-path-to-node=\"8,0,0\" data-index-in-node=\"45\">glide<\/i> r\u0101d\u012bt\u0101jiem industrij\u0101, Saint pal\u012bdz sasniegt distanci, ko parasti pied\u0101v\u0101 tikai \u0101tr\u0101kie distances draiveri.<\/p>\n<\/li>\n<li>\n<p data-path-to-node=\"8,1,0\"><b data-path-to-node=\"8,1,0\" data-index-in-node=\"0\">Uzticama stabilit\u0101te:<\/b> Saint nav p\u0101rlieku agres\u012bvs, ta\u010du t\u0101 2. l\u012bme\u0146a nosl\u0113gums (<i data-path-to-node=\"8,1,0\" data-index-in-node=\"80\">fade<\/i>) garant\u0113 prognoz\u0113jamu piezem\u0113\u0161anos lidojuma beig\u0101s.<\/p>\n<\/li>\n<li>\n<p data-path-to-node=\"8,2,0\"><b data-path-to-node=\"8,2,0\" data-index-in-node=\"0\">Univers\u0101ls &#8220;Fairway&#8221; r\u012bks:<\/b> Tas ir pietiekami \u0101trs t\u0101liem izmetieniem, bet pietiekami kontrol\u0113jams, lai prec\u012bzi tr\u0101p\u012btu \u0161aur\u0101s tras\u0113s. Lielisks r\u012bks &#8220;hyzer-flip&#8221; metieniem, kas p\u0113c iztaisno\u0161an\u0101s turpina sl\u012bd\u0113t t\u0101lu uz priek\u0161u.<\/p>\n<\/li>\n<\/ul>\n<p data-path-to-node=\"9\"><b data-path-to-node=\"9\" data-index-in-node=\"0\">Opto Plastmasa \u2013 Caursp\u012bd\u012bga iztur\u012bba:<\/b> Latitude 64 Opto materi\u0101ls ir izstr\u0101d\u0101ts, lai iztur\u0113tu visgr\u016bt\u0101kos apst\u0101k\u013cus:<\/p>\n<ol start=\"1\" data-path-to-node=\"10\">\n<li>\n<p data-path-to-node=\"10,0,0\"><b data-path-to-node=\"10,0,0\" data-index-in-node=\"0\">Maksim\u0101la iztur\u012bba:<\/b> \u0160\u012b plastmasa ir rad\u012bta no polim\u0113riem, kas izmantoti aizsargstiklos un citos augstas iztur\u012bbas produktos. T\u0101 nemain\u012bs savu formu p\u0113c sadursm\u0113m ar kokiem.<\/p>\n<\/li>\n<li>\n<p data-path-to-node=\"10,1,0\"><b data-path-to-node=\"10,1,0\" data-index-in-node=\"0\">Konsekvence:<\/b> Opto s\u0113rijas diski saglab\u0101 savus lidojuma parametrus visilg\u0101k, nodro\u0161inot, ka tavs Saint lidos tie\u0161i t\u0101pat ar\u012b p\u0113c gada intens\u012bvas lieto\u0161anas.<\/p>\n<\/li>\n<li>\n<p data-path-to-node=\"10,2,0\"><b data-path-to-node=\"10,2,0\" data-index-in-node=\"0\">Lieliska sa\u0137ere:<\/b> Pat caursp\u012bd\u012bgaj\u0101 izpild\u012bjum\u0101 plastmasa nodro\u0161ina dro\u0161u tv\u0113rienu, sniedzot p\u0101rliec\u012bbu katr\u0101 metien\u0101.<\/p>\n<\/li>\n<\/ol>","protected":false},"excerpt":{"rendered":"<p><b data-path-to-node=\"17,0\" data-index-in-node=\"0\">Latitude 64 Opto Saint<\/b> ir kontrol\u0113tas distances meistars ar nep\u0101rsp\u0113jamu plan\u0113jumu. Ar lidojuma parametriem <b data-path-to-node=\"17,0\" data-index-in-node=\"108\">9 | 7 | -1 | 2<\/b>, tas pied\u0101v\u0101 viegli sasniedzamu t\u0101lu lidojumu un prognoz\u0113jamu nosl\u0113gumu. Iztur\u012bg\u0101 Opto plastmasa garant\u0113 ilgm\u016b\u017e\u012bbu un nemain\u012bgas \u012bpa\u0161\u012bbas simtiem metienu garum\u0101. Ja mekl\u0113 disku, kas burtiski sl\u012bd cauri gaisam un pal\u012bdz uzst\u0101d\u012bt jaunus distances rekordus me\u017ea tras\u0113s, Saint ir tava izv\u0113le.<\/p>","protected":false},"featured_media":2833,"template":"","meta":{"om_disable_all_campaigns":false},"product_brand":[58],"product_cat":[66],"product_tag":[],"class_list":{"0":"post-2864","1":"product","2":"type-product","3":"status-publish","4":"has-post-thumbnail","6":"product_brand-latitude64","7":"product_cat-fairway-drivers","9":"first","10":"instock","11":"taxable","12":"shipping-taxable","13":"purchasable","14":"product-type-variable"},"aioseo_notices":[],"jetpack_sharing_enabled":true,"_links":{"self":[{"href":"https:\/\/birdie.lv\/en\/wp-json\/wp\/v2\/product\/2864","targetHints":{"allow":["GET"]}}],"collection":[{"href":"https:\/\/birdie.lv\/en\/wp-json\/wp\/v2\/product"}],"about":[{"href":"https:\/\/birdie.lv\/en\/wp-json\/wp\/v2\/types\/product"}],"version-history":[{"count":1,"href":"https:\/\/birdie.lv\/en\/wp-json\/wp\/v2\/product\/2864\/revisions"}],"predecessor-version":[{"id":5067,"href":"https:\/\/birdie.lv\/en\/wp-json\/wp\/v2\/product\/2864\/revisions\/5067"}],"wp:featuredmedia":[{"embeddable":true,"href":"https:\/\/birdie.lv\/en\/wp-json\/wp\/v2\/media\/2833"}],"wp:attachment":[{"href":"https:\/\/birdie.lv\/en\/wp-json\/wp\/v2\/media?parent=2864"}],"wp:term":[{"taxonomy":"product_brand","embeddable":true,"href":"https:\/\/birdie.lv\/en\/wp-json\/wp\/v2\/product_brand?post=2864"},{"taxonomy":"product_cat","embeddable":true,"href":"https:\/\/birdie.lv\/en\/wp-json\/wp\/v2\/product_cat?post=2864"},{"taxonomy":"product_tag","embeddable":true,"href":"https:\/\/birdie.lv\/en\/wp-json\/wp\/v2\/product_tag?post=2864"}],"curies":[{"name":"wp","href":"https:\/\/api.w.org\/{rel}","templated":true}]}}