{"id":2867,"date":"2025-09-06T18:42:20","date_gmt":"2025-09-06T18:42:20","guid":{"rendered":"https:\/\/birdie.lv\/?post_type=product&#038;p=2867"},"modified":"2026-04-04T13:57:06","modified_gmt":"2026-04-04T13:57:06","slug":"opto-diamond","status":"publish","type":"product","link":"https:\/\/birdie.lv\/en\/product\/opto-diamond\/","title":{"rendered":"Latitude64 Opto Diamond"},"content":{"rendered":"<p data-path-to-node=\"6\"><b data-path-to-node=\"6\" data-index-in-node=\"0\">Latitude 64 Opto Diamond<\/b> ir rad\u012bts vienam m\u0113r\u0137im \u2013 padar\u012bt distanci pieejamu ikvienam. Ar lidojuma parametriem <b data-path-to-node=\"6\" data-index-in-node=\"111\">8 | 6 | -3 | 1<\/b>, \u0161is disks ir izteikti mazstabils (<i data-path-to-node=\"6\" data-index-in-node=\"161\">understable<\/i>), kas noz\u012bm\u0113, ka tas viegli &#8220;pace\u013cas&#8221; gais\u0101 un veic garu, sl\u012bpu lidojumu pat pie maza izmetiena \u0101truma. Diamond ir da\u013ca no Latitude 64 <i data-path-to-node=\"6\" data-index-in-node=\"308\">Easy-to-Use<\/i> l\u012bnijas, un tas parasti tiek ra\u017eots viegl\u0101kos svara kategorij\u0101s (145g\u2013159g), padarot to neticami viegli vad\u0101mu.<\/p>\n<p data-path-to-node=\"7\"><b data-path-to-node=\"7\" data-index-in-node=\"0\">K\u0101p\u0113c Opto Diamond ir oblig\u0101ts tav\u0101 som\u0101?<\/b><\/p>\n<ul data-path-to-node=\"8\">\n<li>\n<p data-path-to-node=\"8,0,0\"><b data-path-to-node=\"8,0,0\" data-index-in-node=\"0\">Maksim\u0101la distance ar mazu jaudu:<\/b> Pateicoties -3 pagriezienam (<i data-path-to-node=\"8,0,0\" data-index-in-node=\"63\">turn<\/i>), Diamond pal\u012bdz nov\u0113rst priek\u0161laic\u012bgu kritienu pa kreisi (labro\u010diem), \u013caujot diskam ilg\u0101k palikt taisn\u0101 lidojuma f\u0101z\u0113.<\/p>\n<\/li>\n<li>\n<p data-path-to-node=\"8,1,0\"><b data-path-to-node=\"8,1,0\" data-index-in-node=\"0\">Fenomen\u0101ls plan\u0113jums (Glide):<\/b> Ar 6. l\u012bme\u0146a plan\u0113jumu \u0161is disks izmanto katru gaisa pl\u016bsmu, lai &#8220;aizvilktu&#8221; tavu metienu t\u0101l\u0101k, nek\u0101 tu gaid\u012bji.<\/p>\n<\/li>\n<li>\n<p data-path-to-node=\"8,2,0\"><b data-path-to-node=\"8,2,0\" data-index-in-node=\"0\">Ide\u0101ls pirmais draiveris:<\/b> Ja vid\u0113j\u0101s distances diski (Mid-range) jau lido taisni, Diamond ir n\u0101kamais lo\u0123iskais solis, lai p\u0101rietu uz t\u0101l\u0101kiem metieniem bez tehnikas upur\u0113\u0161anas.<\/p>\n<\/li>\n<\/ul>\n<p data-path-to-node=\"9\"><b data-path-to-node=\"9\" data-index-in-node=\"0\">Opto Plastmasa \u2013 Iztur\u012bba un sa\u0137ere:<\/b> Opto materi\u0101ls ir viens no uzticam\u0101kajiem industrij\u0101, nodro\u0161inot:<\/p>\n<ol start=\"1\" data-path-to-node=\"10\">\n<li>\n<p data-path-to-node=\"10,0,0\"><b data-path-to-node=\"10,0,0\" data-index-in-node=\"0\">Ilgm\u016b\u017e\u012bbu:<\/b> Ies\u0101c\u0113jiem bie\u017e\u0101k gad\u0101s tr\u0101p\u012bt kokiem \u2013 Opto plastmasa ir rad\u012bta, lai iztur\u0113tu \u0161\u0101dus triecienus, nemainot diska lidojuma \u012bpa\u0161\u012bbas.<\/p>\n<\/li>\n<li>\n<p data-path-to-node=\"10,1,0\"><b data-path-to-node=\"10,1,0\" data-index-in-node=\"0\">Caursp\u012bd\u012bgu est\u0113tiku:<\/b> Diamond Opto versij\u0101 izskat\u0101s izcili, ar ko\u0161\u0101m, caursp\u012bd\u012bg\u0101m kr\u0101s\u0101m, kas pal\u012bdz disku viegli atrast z\u0101l\u0113 vai kr\u016bmos.<\/p>\n<\/li>\n<li>\n<p data-path-to-node=\"10,2,0\"><b data-path-to-node=\"10,2,0\" data-index-in-node=\"0\">P\u0101rliecino\u0161u tv\u0113rienu:<\/b> Materi\u0101ls nodro\u0161ina labu sa\u0137eri pat tad, ja disks k\u013c\u016bst nedaudz mitrs.<\/p>\n<\/li>\n<\/ol>","protected":false},"excerpt":{"rendered":"<p><b data-path-to-node=\"17,0\" data-index-in-node=\"0\">Latitude 64 Opto Diamond<\/b> ir ide\u0101ls distances disks sp\u0113l\u0113t\u0101jiem, kuri mekl\u0113 maksim\u0101lu lidojuma att\u0101lumu ar minim\u0101lu piep\u016bli. Ar parametriem <b data-path-to-node=\"17,0\" data-index-in-node=\"139\">8 | 6 | -3 | 1<\/b>, tas pied\u0101v\u0101 izcilu plan\u0113jumu un vieglu kontroli, padarot to par lab\u0101ko izv\u0113li ies\u0101c\u0113jiem, d\u0101m\u0101m un jaunie\u0161iem. Iztur\u012bg\u0101 Opto plastmasa un viegl\u0101ks svars nodro\u0161ina, ka Diamond k\u013c\u016bs par tavu uzticam\u0101ko r\u012bku jaunu distances rekordu sasnieg\u0161anai.<\/p>","protected":false},"featured_media":2760,"template":"","meta":{"om_disable_all_campaigns":false},"product_brand":[58],"product_cat":[66],"product_tag":[],"class_list":{"0":"post-2867","1":"product","2":"type-product","3":"status-publish","4":"has-post-thumbnail","6":"product_brand-latitude64","7":"product_cat-fairway-drivers","9":"first","10":"outofstock","11":"taxable","12":"shipping-taxable","13":"purchasable","14":"product-type-variable"},"aioseo_notices":[],"jetpack_sharing_enabled":true,"_links":{"self":[{"href":"https:\/\/birdie.lv\/en\/wp-json\/wp\/v2\/product\/2867","targetHints":{"allow":["GET"]}}],"collection":[{"href":"https:\/\/birdie.lv\/en\/wp-json\/wp\/v2\/product"}],"about":[{"href":"https:\/\/birdie.lv\/en\/wp-json\/wp\/v2\/types\/product"}],"version-history":[{"count":1,"href":"https:\/\/birdie.lv\/en\/wp-json\/wp\/v2\/product\/2867\/revisions"}],"predecessor-version":[{"id":5069,"href":"https:\/\/birdie.lv\/en\/wp-json\/wp\/v2\/product\/2867\/revisions\/5069"}],"wp:featuredmedia":[{"embeddable":true,"href":"https:\/\/birdie.lv\/en\/wp-json\/wp\/v2\/media\/2760"}],"wp:attachment":[{"href":"https:\/\/birdie.lv\/en\/wp-json\/wp\/v2\/media?parent=2867"}],"wp:term":[{"taxonomy":"product_brand","embeddable":true,"href":"https:\/\/birdie.lv\/en\/wp-json\/wp\/v2\/product_brand?post=2867"},{"taxonomy":"product_cat","embeddable":true,"href":"https:\/\/birdie.lv\/en\/wp-json\/wp\/v2\/product_cat?post=2867"},{"taxonomy":"product_tag","embeddable":true,"href":"https:\/\/birdie.lv\/en\/wp-json\/wp\/v2\/product_tag?post=2867"}],"curies":[{"name":"wp","href":"https:\/\/api.w.org\/{rel}","templated":true}]}}