{"id":2873,"date":"2025-09-06T18:49:10","date_gmt":"2025-09-06T18:49:10","guid":{"rendered":"https:\/\/birdie.lv\/?post_type=product&#038;p=2873"},"modified":"2026-03-27T19:34:16","modified_gmt":"2026-03-27T19:34:16","slug":"k1-lots","status":"publish","type":"product","link":"https:\/\/birdie.lv\/en\/product\/k1-lots\/","title":{"rendered":"Kastaplast K1 Lots"},"content":{"rendered":"<p data-path-to-node=\"6\"><b data-path-to-node=\"6\" data-index-in-node=\"0\">Kastaplast K1 Lots<\/b> ir rad\u012bts, lai k\u013c\u016btu par tavu uzticam\u0101ko sabiedroto jebkur\u0101 tras\u0113. Ar lidojuma parametriem <b data-path-to-node=\"6\" data-index-in-node=\"110\">9 | 5 | -1 | 2<\/b>, \u0161is disks pied\u0101v\u0101 perfektu l\u012bdzsvaru starp distanci un kontroli. Lots ir &#8220;taisni lidojo\u0161s&#8221; draiveris ar nelielu s\u0101kotn\u0113jo pagriezienu un uzticamu, prognoz\u0113jamu nosl\u0113gumu (<i data-path-to-node=\"6\" data-index-in-node=\"297\">fade<\/i>), padarot to par ide\u0101lu izv\u0113li metieniem, kur k\u013c\u016bd\u012bties nedr\u012bkst.<\/p>\n<p data-path-to-node=\"7\"><b data-path-to-node=\"7\" data-index-in-node=\"0\">K\u0101p\u0113c Kastaplast Lots ir oblig\u0101ts papildin\u0101jums tav\u0101 som\u0101?<\/b><\/p>\n<ul data-path-to-node=\"8\">\n<li>\n<p data-path-to-node=\"8,0,0\"><b data-path-to-node=\"8,0,0\" data-index-in-node=\"0\">&#8220;Darba zirgs&#8221; (Workhorse):<\/b> Lots ir izstr\u0101d\u0101ts t\u0101, lai tas sp\u0113tu notur\u0113t jebkuru l\u012bniju, kur\u0101 to s\u016bt\u0101t. Tas ir pietiekami stabils, lai iztur\u0113tu jaud\u012bgus metienus, bet taj\u0101 pa\u0161\u0101 laik\u0101 pietiekami pielaid\u012bgs, lai nodro\u0161in\u0101tu maksim\u0101lu distanci.<\/p>\n<\/li>\n<li>\n<p data-path-to-node=\"8,1,0\"><b data-path-to-node=\"8,1,0\" data-index-in-node=\"0\">L\u0101zera precizit\u0101te:<\/b> Pateicoties -1 pagriezienam (<i data-path-to-node=\"8,1,0\" data-index-in-node=\"49\">turn<\/i>), disks sp\u0113j veikt nelielu &#8220;S-curve&#8221; lidojumu, kas pal\u012bdz sasniegt liel\u0101ku att\u0101lumu, pirms tas maigi un prognoz\u0113jami piezem\u0113jas ar 2. l\u012bme\u0146a <i data-path-to-node=\"8,1,0\" data-index-in-node=\"195\">fade<\/i>.<\/p>\n<\/li>\n<li>\n<p data-path-to-node=\"8,2,0\"><b data-path-to-node=\"8,2,0\" data-index-in-node=\"0\">Univers\u0101ls visos apst\u0101k\u013cos:<\/b> Tas ir izcils r\u012bks gan <i data-path-to-node=\"8,2,0\" data-index-in-node=\"51\">backhand<\/i>, gan <i data-path-to-node=\"8,2,0\" data-index-in-node=\"65\">forehand<\/i> metieniem. T\u0101 aerodinamiskais profils un 9. \u0101trums padara to viegli vad\u0101mu ar\u012b br\u0101zmain\u0101 v\u0113j\u0101.<\/p>\n<\/li>\n<\/ul>\n<p data-path-to-node=\"9\"><b data-path-to-node=\"9\" data-index-in-node=\"0\">K1 Plastmasa \u2013 Zviedrijas premium kvalit\u0101te:<\/b> Kastaplast K1 materi\u0101ls ir k\u013cuvis par kulta objektu disku golfa pasaul\u0113. Tas pied\u0101v\u0101:<\/p>\n<ol start=\"1\" data-path-to-node=\"10\">\n<li>\n<p data-path-to-node=\"10,0,0\"><b data-path-to-node=\"10,0,0\" data-index-in-node=\"0\">Nep\u0101rsp\u0113jamu sa\u0137eri:<\/b> K1 plastmasa nodro\u0161ina unik\u0101lu, &#8220;lip\u012bgu&#8221; saj\u016btu rok\u0101, kas sniedz maksim\u0101lu p\u0101rliec\u012bbu metiena br\u012bd\u012b jebkuros laikapst\u0101k\u013cos.<\/p>\n<\/li>\n<li>\n<p data-path-to-node=\"10,1,0\"><b data-path-to-node=\"10,1,0\" data-index-in-node=\"0\">Iztur\u012bbu bez kompromisiem:<\/b> \u0160is materi\u0101ls ir \u0101rk\u0101rt\u012bgi iztur\u012bgs pret triecieniem, saglab\u0101jot diska lidojuma raksturu nemain\u012bgu gadiem ilgi.<\/p>\n<\/li>\n<li>\n<p data-path-to-node=\"10,2,0\"><b data-path-to-node=\"10,2,0\" data-index-in-node=\"0\">Ekskluz\u012bvu izskatu:<\/b> K1 plastmasas rakstur\u012bgais sp\u012bdums un ko\u0161\u0101s kr\u0101sas padara Lots par vizu\u0101li pievilc\u012bg\u0101ko un viegl\u0101k paman\u0101mo disku tras\u0113.<\/p>\n<\/li>\n<\/ol>","protected":false},"excerpt":{"rendered":"<p><b data-path-to-node=\"17,0\" data-index-in-node=\"0\">Kastaplast K1 Lots<\/b> ir univers\u0101l\u0101kais &#8220;fairway&#8221; draiveris, kas pied\u0101v\u0101 nep\u0101rsp\u0113jamu precizit\u0101ti un kontroli. Ar lidojuma parametriem <b data-path-to-node=\"17,0\" data-index-in-node=\"132\">9 | 5 | -1 | 2<\/b>, tas ir rad\u012bts, lai nodro\u0161in\u0101tu taisnu lidojumu ar uzticamu un prognoz\u0113jamu nosl\u0113gumu. Ekskluz\u012bv\u0101 K1 plastmasa garant\u0113 lab\u0101ko sa\u0137eri un ilgm\u016b\u017e\u012bbu industrij\u0101, padarot Lots par neaizvietojamu r\u012bku jebkura sp\u0113l\u0113t\u0101ja som\u0101. Ja mekl\u0113 disku, kas sp\u0113j izpild\u012bt jebkuru uzdevumu tras\u0113, Lots ir tava lab\u0101k\u0101 izv\u0113le.<\/p>","protected":false},"featured_media":2803,"template":"","meta":{"om_disable_all_campaigns":false},"product_brand":[54],"product_cat":[66,301],"product_tag":[],"class_list":{"0":"post-2873","1":"product","2":"type-product","3":"status-publish","4":"has-post-thumbnail","6":"product_brand-kastaplast","7":"product_cat-fairway-drivers","8":"product_cat-kastaplast","10":"first","11":"instock","12":"taxable","13":"shipping-taxable","14":"purchasable","15":"product-type-variable"},"aioseo_notices":[],"jetpack_sharing_enabled":true,"_links":{"self":[{"href":"https:\/\/birdie.lv\/en\/wp-json\/wp\/v2\/product\/2873","targetHints":{"allow":["GET"]}}],"collection":[{"href":"https:\/\/birdie.lv\/en\/wp-json\/wp\/v2\/product"}],"about":[{"href":"https:\/\/birdie.lv\/en\/wp-json\/wp\/v2\/types\/product"}],"version-history":[{"count":1,"href":"https:\/\/birdie.lv\/en\/wp-json\/wp\/v2\/product\/2873\/revisions"}],"predecessor-version":[{"id":5074,"href":"https:\/\/birdie.lv\/en\/wp-json\/wp\/v2\/product\/2873\/revisions\/5074"}],"wp:featuredmedia":[{"embeddable":true,"href":"https:\/\/birdie.lv\/en\/wp-json\/wp\/v2\/media\/2803"}],"wp:attachment":[{"href":"https:\/\/birdie.lv\/en\/wp-json\/wp\/v2\/media?parent=2873"}],"wp:term":[{"taxonomy":"product_brand","embeddable":true,"href":"https:\/\/birdie.lv\/en\/wp-json\/wp\/v2\/product_brand?post=2873"},{"taxonomy":"product_cat","embeddable":true,"href":"https:\/\/birdie.lv\/en\/wp-json\/wp\/v2\/product_cat?post=2873"},{"taxonomy":"product_tag","embeddable":true,"href":"https:\/\/birdie.lv\/en\/wp-json\/wp\/v2\/product_tag?post=2873"}],"curies":[{"name":"wp","href":"https:\/\/api.w.org\/{rel}","templated":true}]}}