{"id":2880,"date":"2025-09-07T05:41:54","date_gmt":"2025-09-07T05:41:54","guid":{"rendered":"https:\/\/birdie.lv\/?post_type=product&#038;p=2880"},"modified":"2026-03-27T19:36:09","modified_gmt":"2026-03-27T19:36:09","slug":"opto-river","status":"publish","type":"product","link":"https:\/\/birdie.lv\/en\/product\/opto-river\/","title":{"rendered":"Latitude64 Opto River"},"content":{"rendered":"<p data-path-to-node=\"6\"><b data-path-to-node=\"6\" data-index-in-node=\"0\">Latitude 64 Opto River<\/b> ir disks, kas defin\u0113 &#8220;fairway&#8221; draiveru kategoriju. Ar lidojuma parametriem <b data-path-to-node=\"6\" data-index-in-node=\"99\">7 | 7 | -1 | 1<\/b>, tas pied\u0101v\u0101 nep\u0101rsp\u0113jamu 7. l\u012bme\u0146a plan\u0113jumu (<i data-path-to-node=\"6\" data-index-in-node=\"161\">glide<\/i>), kas ir maksim\u0101lais iesp\u0113jamais r\u0101d\u012bt\u0101js. River ir rad\u012bts, lai sl\u012bd\u0113tu cauri gaisam ar minim\u0101lu piep\u016bli, padarot to par ide\u0101lu izv\u0113li sp\u0113l\u0113t\u0101jiem, kuri v\u0113las palielin\u0101t savu metiena att\u0101lumu, neizmantojot agres\u012bvus distances draiverus.<\/p>\n<p data-path-to-node=\"7\"><b data-path-to-node=\"7\" data-index-in-node=\"0\">K\u0101p\u0113c Opto River ir neaizvietojams tav\u0101 som\u0101?<\/b><\/p>\n<ul data-path-to-node=\"8\">\n<li>\n<p data-path-to-node=\"8,0,0\"><b data-path-to-node=\"8,0,0\" data-index-in-node=\"0\">Plan\u0113juma karalis:<\/b> Ar savu unik\u0101lo profilu River burtiski &#8220;no\u0137er&#8221; gaisu. Tas ir izcils r\u012bks metieniem pa v\u0113jam un situ\u0101cij\u0101s, kur nepiecie\u0161ams maksim\u0101ls lidojuma laiks ar prec\u012bzu piezem\u0113\u0161anos.<\/p>\n<\/li>\n<li>\n<p data-path-to-node=\"8,1,0\"><b data-path-to-node=\"8,1,0\" data-index-in-node=\"0\">Taisns un kontrol\u0113jams:<\/b> Pateicoties -1 pagriezienam un 1 nosl\u0113gumam (<i data-path-to-node=\"8,1,0\" data-index-in-node=\"69\">fade<\/i>), \u0161is disks lido \u013coti taisni. Tas ir izcils &#8220;point-and-shoot&#8221; r\u012bks, kas uzticami tur\u0113s doto l\u012bniju liel\u0101ko lidojuma da\u013cu.<\/p>\n<\/li>\n<li>\n<p data-path-to-node=\"8,2,0\"><b data-path-to-node=\"8,2,0\" data-index-in-node=\"0\">Pielaid\u012bgs raksturs:<\/b> River ir \u013coti &#8220;draudz\u012bgs&#8221; disks \u2013 tas pal\u012bdz\u0113s ies\u0101c\u0113jiem sasniegt jaunus distances rekordus, savuk\u0101rt pieredz\u0113ju\u0161i sp\u0113l\u0113t\u0101ji to izmantos gariem, kontrol\u0113tiem anhaizeriem un tehniskiem &#8220;hyzer-flip&#8221; metieniem.<\/p>\n<\/li>\n<\/ul>\n<p data-path-to-node=\"9\"><b data-path-to-node=\"9\" data-index-in-node=\"0\">Opto Plastmasa \u2013 Skaidr\u012bba un ilgm\u016b\u017e\u012bba:<\/b> Opto materi\u0101ls nodro\u0161ina augst\u0101ko kvalit\u0101tes standartu:<\/p>\n<ol start=\"1\" data-path-to-node=\"10\">\n<li>\n<p data-path-to-node=\"10,0,0\"><b data-path-to-node=\"10,0,0\" data-index-in-node=\"0\">Izcila iztur\u012bba:<\/b> River bie\u017ei tiek izmantots me\u017ea tras\u0113s. Opto plastmasa ir rad\u012bta, lai iztur\u0113tu triecienus pret kokiem, saglab\u0101jot savu le\u0123end\u0101ro plan\u0113jumu nemain\u012bgu gadiem ilgi.<\/p>\n<\/li>\n<li>\n<p data-path-to-node=\"10,1,0\"><b data-path-to-node=\"10,1,0\" data-index-in-node=\"0\">Premium sa\u0137ere:<\/b> Pat caursp\u012bd\u012bgaj\u0101 izpild\u012bjum\u0101 \u0161is materi\u0101ls nodro\u0161ina dro\u0161u un konsekventu tv\u0113rienu jebkuros laikapst\u0101k\u013cos.<\/p>\n<\/li>\n<li>\n<p data-path-to-node=\"10,2,0\"><b data-path-to-node=\"10,2,0\" data-index-in-node=\"0\">Vizu\u0101l\u0101 est\u0113tika:<\/b> Opto River ko\u0161\u0101s kr\u0101sas un caursp\u012bd\u012bgums padara to par vienu no skaist\u0101kajiem diskiem tav\u0101 som\u0101, ko ir viegli paman\u012bt jebkur\u0101 apvid\u016b.<\/p>\n<\/li>\n<\/ol>","protected":false},"excerpt":{"rendered":"<p><b data-path-to-node=\"17,0\" data-index-in-node=\"0\">Latitude 64 Opto River<\/b> ir plan\u0113juma meistars, kas pied\u0101v\u0101 nep\u0101rsp\u0113jamu kontroli un distanci. Ar lidojuma parametriem <b data-path-to-node=\"17,0\" data-index-in-node=\"117\">7 | 7 | -1 | 1<\/b>, \u0161is le\u0123end\u0101rais disks burtiski sl\u012bd cauri gaisam, padarot to par perfektu r\u012bku taisniem metieniem un jaunu distances rekordu sasnieg\u0161anai. Iztur\u012bg\u0101 Opto plastmasa garant\u0113 ilgm\u016b\u017e\u012bbu un izcilu sa\u0137eri. Ja mekl\u0113 disku, kas sp\u0113j &#8220;lidot m\u016b\u017e\u012bgi&#8221; un pal\u012bdz\u0113t tev tras\u0113, River ir tava lab\u0101k\u0101 izv\u0113le.<\/p>","protected":false},"featured_media":2753,"template":"","meta":{"om_disable_all_campaigns":false},"product_brand":[58],"product_cat":[66],"product_tag":[],"class_list":{"0":"post-2880","1":"product","2":"type-product","3":"status-publish","4":"has-post-thumbnail","6":"product_brand-latitude64","7":"product_cat-fairway-drivers","9":"first","10":"outofstock","11":"taxable","12":"shipping-taxable","13":"purchasable","14":"product-type-variable"},"aioseo_notices":[],"jetpack_sharing_enabled":true,"_links":{"self":[{"href":"https:\/\/birdie.lv\/en\/wp-json\/wp\/v2\/product\/2880","targetHints":{"allow":["GET"]}}],"collection":[{"href":"https:\/\/birdie.lv\/en\/wp-json\/wp\/v2\/product"}],"about":[{"href":"https:\/\/birdie.lv\/en\/wp-json\/wp\/v2\/types\/product"}],"version-history":[{"count":1,"href":"https:\/\/birdie.lv\/en\/wp-json\/wp\/v2\/product\/2880\/revisions"}],"predecessor-version":[{"id":5077,"href":"https:\/\/birdie.lv\/en\/wp-json\/wp\/v2\/product\/2880\/revisions\/5077"}],"wp:featuredmedia":[{"embeddable":true,"href":"https:\/\/birdie.lv\/en\/wp-json\/wp\/v2\/media\/2753"}],"wp:attachment":[{"href":"https:\/\/birdie.lv\/en\/wp-json\/wp\/v2\/media?parent=2880"}],"wp:term":[{"taxonomy":"product_brand","embeddable":true,"href":"https:\/\/birdie.lv\/en\/wp-json\/wp\/v2\/product_brand?post=2880"},{"taxonomy":"product_cat","embeddable":true,"href":"https:\/\/birdie.lv\/en\/wp-json\/wp\/v2\/product_cat?post=2880"},{"taxonomy":"product_tag","embeddable":true,"href":"https:\/\/birdie.lv\/en\/wp-json\/wp\/v2\/product_tag?post=2880"}],"curies":[{"name":"wp","href":"https:\/\/api.w.org\/{rel}","templated":true}]}}