{"id":2886,"date":"2025-09-07T05:54:35","date_gmt":"2025-09-07T05:54:35","guid":{"rendered":"https:\/\/birdie.lv\/?post_type=product&#038;p=2886"},"modified":"2026-04-09T13:46:05","modified_gmt":"2026-04-09T13:46:05","slug":"opto-sapphire","status":"publish","type":"product","link":"https:\/\/birdie.lv\/en\/product\/opto-sapphire\/","title":{"rendered":"Latitude64 Opto Sapphire"},"content":{"rendered":"<p data-path-to-node=\"6\"><b data-path-to-node=\"6\" data-index-in-node=\"0\">Latitude 64 Opto Sapphire<\/b> ir distances draiveris, kas nojauc barjeras. Ar lidojuma parametriem <b data-path-to-node=\"6\" data-index-in-node=\"95\">10 | 6 | -2 | 1.5<\/b>, tas ir izstr\u0101d\u0101ts k\u0101 da\u013ca no Latitude 64 &#8220;Easy-to-Use&#8221; l\u012bnijas. Tas noz\u012bm\u0113, ka pat sp\u0113l\u0113t\u0101ji ar vid\u0113ju metiena jaudu var sasniegt profesion\u0101lu distanci. Sapphire ir viegl\u0101ks, \u0101tr\u0101ks un ar fenomen\u0101lu plan\u0113jumu, padarot to par izcilu izv\u0113li p\u0101rejai no <i data-path-to-node=\"6\" data-index-in-node=\"364\">fairway<\/i> draiveriem uz nopietn\u0101kiem t\u0101lmetieniem.<\/p>\n<p data-path-to-node=\"7\"><b data-path-to-node=\"7\" data-index-in-node=\"0\">K\u0101p\u0113c Opto Sapphire ir oblig\u0101ts papildin\u0101jums tav\u0101 som\u0101?<\/b><\/p>\n<ul data-path-to-node=\"8\">\n<li>\n<p data-path-to-node=\"8,0,0\"><b data-path-to-node=\"8,0,0\" data-index-in-node=\"0\">Distance bez piep\u016bles:<\/b> Sapphire parasti tiek ra\u017eots svar\u0101 no 150g l\u012bdz 159g. Viegl\u0101ks svars \u013cauj sasniegt liel\u0101ku rot\u0101ciju un s\u0101kuma \u0101trumu, kas tie\u0161\u0101 veid\u0101 p\u0101rv\u0113r\u0161as metros tras\u0113.<\/p>\n<\/li>\n<li>\n<p data-path-to-node=\"8,1,0\"><b data-path-to-node=\"8,1,0\" data-index-in-node=\"0\">Ma\u0123isks plan\u0113jums (Glide):<\/b> Ar 6. l\u012bme\u0146a plan\u0113jumu \u0161is disks &#8220;atsak\u0101s&#8221; piezem\u0113ties. Tas maksim\u0101li izmanto katru gaisa pl\u016bsmu, lai uztur\u0113tu lidojuma trajektoriju p\u0113c iesp\u0113jas ilg\u0101k.<\/p>\n<\/li>\n<li>\n<p data-path-to-node=\"8,2,0\"><b data-path-to-node=\"8,2,0\" data-index-in-node=\"0\">Kontrol\u0113ts &#8220;S-Curve&#8221;:<\/b> Pateicoties -2 pagriezienam (<i data-path-to-node=\"8,2,0\" data-index-in-node=\"51\">turn<\/i>), Sapphire veic skaistu loku gais\u0101, pal\u012bdzot sp\u0113l\u0113t\u0101jiem ar l\u0113n\u0101ku roku izvair\u012bties no priek\u0161laic\u012bga kritiena (<i data-path-to-node=\"8,2,0\" data-index-in-node=\"167\">fade<\/i>).<\/p>\n<\/li>\n<\/ul>\n<p data-path-to-node=\"9\"><b data-path-to-node=\"9\" data-index-in-node=\"0\">Opto Plastmasa \u2013 Skaidr\u012bba un iztur\u012bba:<\/b> Opto materi\u0101ls ir Latitude 64 iztur\u012bbas standarts:<\/p>\n<ol start=\"1\" data-path-to-node=\"10\">\n<li>\n<p data-path-to-node=\"10,0,0\"><b data-path-to-node=\"10,0,0\" data-index-in-node=\"0\">Ilgm\u016b\u017e\u012bba:<\/b> Neskatoties uz diska vieglo svaru, Opto plastmasa ir \u0101rk\u0101rt\u012bgi iztur\u012bga pret triecieniem. Tavs Sapphire saglab\u0101s savas lidojuma \u012bpa\u0161\u012bbas pat p\u0113c intens\u012bvas sezonas.<\/p>\n<\/li>\n<li>\n<p data-path-to-node=\"10,1,0\"><b data-path-to-node=\"10,1,0\" data-index-in-node=\"0\">Premium tv\u0113riens:<\/b> Materi\u0101ls nodro\u0161ina dro\u0161u sa\u0137eri jebkuros laikapst\u0101k\u013cos, sniedzot p\u0101rliec\u012bbu metiena br\u012bd\u012b.<\/p>\n<\/li>\n<li>\n<p data-path-to-node=\"10,2,0\"><b data-path-to-node=\"10,2,0\" data-index-in-node=\"0\">Caursp\u012bd\u012bga est\u0113tika:<\/b> Caursp\u012bd\u012bg\u0101 plastmasa un ko\u0161\u0101s kr\u0101sas padara \u0161o disku ne tikai vizu\u0101li pievilc\u012bgu, bet ar\u012b viegli atrodamu jebkur\u0101 apvid\u016b.<\/p>\n<\/li>\n<\/ol>","protected":false},"excerpt":{"rendered":"<p><b data-path-to-node=\"17,0\" data-index-in-node=\"0\">Latitude 64 Opto Sapphire<\/b> ir distances draiveris, kas rad\u012bts, lai padar\u012btu t\u0101lmetienus pieejamus ikvienam. Ar parametriem <b data-path-to-node=\"17,0\" data-index-in-node=\"122\">10 | 6 | -2 | 1.5<\/b> un viegl\u0101ku svara konstrukciju, tas pied\u0101v\u0101 nep\u0101rsp\u0113jamu plan\u0113jumu un vieglu kontroli. Iztur\u012bg\u0101 Opto plastmasa nodro\u0161ina ilgm\u016b\u017e\u012bbu un izcilu sa\u0137eri, padarot Sapphire par perfektu izv\u0113li d\u0101m\u0101m, jaunie\u0161iem un ies\u0101c\u0113jiem, kuri v\u0113las palielin\u0101t savu metiena distanci bez papildu p\u016bl\u0113m.<\/p>","protected":false},"featured_media":2840,"template":"","meta":{"om_disable_all_campaigns":false},"product_brand":[58],"product_cat":[67],"product_tag":[],"class_list":{"0":"post-2886","1":"product","2":"type-product","3":"status-publish","4":"has-post-thumbnail","6":"product_brand-latitude64","7":"product_cat-distance-drivers","9":"first","10":"instock","11":"taxable","12":"shipping-taxable","13":"purchasable","14":"product-type-variable"},"aioseo_notices":[],"jetpack_sharing_enabled":true,"_links":{"self":[{"href":"https:\/\/birdie.lv\/en\/wp-json\/wp\/v2\/product\/2886","targetHints":{"allow":["GET"]}}],"collection":[{"href":"https:\/\/birdie.lv\/en\/wp-json\/wp\/v2\/product"}],"about":[{"href":"https:\/\/birdie.lv\/en\/wp-json\/wp\/v2\/types\/product"}],"version-history":[{"count":1,"href":"https:\/\/birdie.lv\/en\/wp-json\/wp\/v2\/product\/2886\/revisions"}],"predecessor-version":[{"id":5080,"href":"https:\/\/birdie.lv\/en\/wp-json\/wp\/v2\/product\/2886\/revisions\/5080"}],"wp:featuredmedia":[{"embeddable":true,"href":"https:\/\/birdie.lv\/en\/wp-json\/wp\/v2\/media\/2840"}],"wp:attachment":[{"href":"https:\/\/birdie.lv\/en\/wp-json\/wp\/v2\/media?parent=2886"}],"wp:term":[{"taxonomy":"product_brand","embeddable":true,"href":"https:\/\/birdie.lv\/en\/wp-json\/wp\/v2\/product_brand?post=2886"},{"taxonomy":"product_cat","embeddable":true,"href":"https:\/\/birdie.lv\/en\/wp-json\/wp\/v2\/product_cat?post=2886"},{"taxonomy":"product_tag","embeddable":true,"href":"https:\/\/birdie.lv\/en\/wp-json\/wp\/v2\/product_tag?post=2886"}],"curies":[{"name":"wp","href":"https:\/\/api.w.org\/{rel}","templated":true}]}}