{"id":2891,"date":"2025-09-07T06:01:43","date_gmt":"2025-09-07T06:01:43","guid":{"rendered":"https:\/\/birdie.lv\/?post_type=product&#038;p=2891"},"modified":"2026-03-27T19:40:40","modified_gmt":"2026-03-27T19:40:40","slug":"grand-grace","status":"publish","type":"product","link":"https:\/\/birdie.lv\/en\/product\/grand-grace\/","title":{"rendered":"Latitude64 Grand Grace"},"content":{"rendered":"<p data-path-to-node=\"6\"><b data-path-to-node=\"6\" data-index-in-node=\"0\">Latitude 64 Royal Grand Grace<\/b> ir izstr\u0101d\u0101ts, lai b\u016btu tavs galvenais distances draiveris situ\u0101cij\u0101s, kur precizit\u0101te ir tikpat svar\u012bga k\u0101 lidojuma att\u0101lums. Ar lidojuma parametriem <b data-path-to-node=\"6\" data-index-in-node=\"181\">11 | 6 | -1 | 2<\/b>, Grace pied\u0101v\u0101 &#8220;pielaid\u012bgu&#8221; stabilit\u0101ti \u2013 tas ir pietiekami \u0101trs gariem metieniem, bet taj\u0101 pa\u0161\u0101 laik\u0101 uzticams un prognoz\u0113jams lidojuma beig\u0101s. Tas bie\u017ei tiek sal\u012bdzin\u0101ts ar &#8220;iem\u012b\u013cotu un iem\u0113t\u0101tu&#8221; Wraith, kas jau no pirm\u0101s dienas lido nevainojami.<\/p>\n<p data-path-to-node=\"7\"><b data-path-to-node=\"7\" data-index-in-node=\"0\">K\u0101p\u0113c Royal Grand Grace ir oblig\u0101ts papildin\u0101jums tav\u0101 som\u0101?<\/b><\/p>\n<ul data-path-to-node=\"8\">\n<li>\n<p data-path-to-node=\"8,0,0\"><b data-path-to-node=\"8,0,0\" data-index-in-node=\"0\">Kontrol\u0113ta distance:<\/b> 11. \u0101trums ir &#8220;zelta vidusce\u013c\u0161&#8221; \u2013 tas prasa maz\u0101ku s\u0101kuma \u0101trumu nek\u0101 12. vai 13. \u0101truma diski, \u013caujot sp\u0113l\u0113t\u0101jam lab\u0101k koncentr\u0113ties uz tehniku un m\u0113r\u0137i.<\/p>\n<\/li>\n<li>\n<p data-path-to-node=\"8,1,0\"><b data-path-to-node=\"8,1,0\" data-index-in-node=\"0\">Fenomen\u0101ls plan\u0113jums (Glide):<\/b> Ar 6. l\u012bme\u0146a plan\u0113jumu Grace burtiski &#8220;no\u0137er&#8221; gaisu, nodro\u0161inot papildu metrus pat tad, ja metiens nav izpild\u012bts ar maksim\u0101lo jaudu.<\/p>\n<\/li>\n<li>\n<p data-path-to-node=\"8,2,0\"><b data-path-to-node=\"8,2,0\" data-index-in-node=\"0\">Gluda lidojuma trajektorija:<\/b> Nelielais -1 pagrieziens (<i data-path-to-node=\"8,2,0\" data-index-in-node=\"55\">turn<\/i>) \u013cauj diskam veikt maigu &#8220;S-curve&#8221; l\u012bniju, savuk\u0101rt 2. l\u012bme\u0146a nosl\u0113gums (<i data-path-to-node=\"8,2,0\" data-index-in-node=\"133\">fade<\/i>) garant\u0113 uzticamu piezem\u0113\u0161anos.<\/p>\n<\/li>\n<\/ul>\n<p data-path-to-node=\"9\"><b data-path-to-node=\"9\" data-index-in-node=\"0\">Royal Line Grand Plastmasa \u2013 Jaunais kvalit\u0101tes standarts:<\/b> Grand materi\u0101ls ir Latitude 64 tehnolo\u0123isk\u0101 virsotne:<\/p>\n<ol start=\"1\" data-path-to-node=\"10\">\n<li>\n<p data-path-to-node=\"10,0,0\"><b data-path-to-node=\"10,0,0\" data-index-in-node=\"0\">NexEdge tehnolo\u0123ija:<\/b> Diska apak\u0161\u0113j\u0101 mala ir nevainojami gluda bez jebk\u0101d\u0101m as\u0101m paliek\u0101m no ra\u017eo\u0161anas procesa. Tas nodro\u0161ina izcilu komfortu un t\u012bru atlai\u0161anu katr\u0101 metien\u0101.<\/p>\n<\/li>\n<li>\n<p data-path-to-node=\"10,1,0\"><b data-path-to-node=\"10,1,0\" data-index-in-node=\"0\">NexFeel sa\u0137ere:<\/b> Grand plastmasa pied\u0101v\u0101 perfektu l\u012bdzsvaru starp stingr\u012bbu un &#8220;lip\u012bgumu&#8221;, sniedzot p\u0101rliec\u012bbu pat mitros laikapst\u0101k\u013cos.<\/p>\n<\/li>\n<li>\n<p data-path-to-node=\"10,2,0\"><b data-path-to-node=\"10,2,0\" data-index-in-node=\"0\">Iztur\u012bba un elast\u012bba:<\/b> Materi\u0101ls ir \u0101rk\u0101rt\u012bgi iztur\u012bgs pret triecieniem, saglab\u0101jot savas lidojuma \u012bpa\u0161\u012bbas nemain\u012bgas \u013coti ilgu laiku.<\/p>\n<\/li>\n<\/ol>","protected":false},"excerpt":{"rendered":"<p><b data-path-to-node=\"17,0\" data-index-in-node=\"0\">Latitude 64 Royal Grand Grace<\/b> apvieno distances draivera jaudu ar neticamu kontroli un komfortu. Ar lidojuma parametriem <b data-path-to-node=\"17,0\" data-index-in-node=\"121\">11 | 6 | -1 | 2<\/b>, tas pied\u0101v\u0101 izcilu plan\u0113jumu un prognoz\u0113jamu trajektoriju jebkur\u0101 tras\u0113. Ekskluz\u012bv\u0101 Royal Grand plastmasa ar NexEdge tehnolo\u0123iju nodro\u0161ina glud\u0101ko malu un lab\u0101ko sa\u0137eri industrij\u0101. Ja mekl\u0113 uzticam\u0101ko r\u012bku t\u0101lajiem metieniem, Grace ir tava lab\u0101k\u0101 izv\u0113le.<\/p>","protected":false},"featured_media":2897,"template":"","meta":{"om_disable_all_campaigns":false},"product_brand":[58],"product_cat":[67],"product_tag":[],"class_list":{"0":"post-2891","1":"product","2":"type-product","3":"status-publish","4":"has-post-thumbnail","6":"product_brand-latitude64","7":"product_cat-distance-drivers","9":"first","10":"instock","11":"taxable","12":"shipping-taxable","13":"purchasable","14":"product-type-variable"},"aioseo_notices":[],"jetpack_sharing_enabled":true,"_links":{"self":[{"href":"https:\/\/birdie.lv\/en\/wp-json\/wp\/v2\/product\/2891","targetHints":{"allow":["GET"]}}],"collection":[{"href":"https:\/\/birdie.lv\/en\/wp-json\/wp\/v2\/product"}],"about":[{"href":"https:\/\/birdie.lv\/en\/wp-json\/wp\/v2\/types\/product"}],"version-history":[{"count":2,"href":"https:\/\/birdie.lv\/en\/wp-json\/wp\/v2\/product\/2891\/revisions"}],"predecessor-version":[{"id":5082,"href":"https:\/\/birdie.lv\/en\/wp-json\/wp\/v2\/product\/2891\/revisions\/5082"}],"wp:featuredmedia":[{"embeddable":true,"href":"https:\/\/birdie.lv\/en\/wp-json\/wp\/v2\/media\/2897"}],"wp:attachment":[{"href":"https:\/\/birdie.lv\/en\/wp-json\/wp\/v2\/media?parent=2891"}],"wp:term":[{"taxonomy":"product_brand","embeddable":true,"href":"https:\/\/birdie.lv\/en\/wp-json\/wp\/v2\/product_brand?post=2891"},{"taxonomy":"product_cat","embeddable":true,"href":"https:\/\/birdie.lv\/en\/wp-json\/wp\/v2\/product_cat?post=2891"},{"taxonomy":"product_tag","embeddable":true,"href":"https:\/\/birdie.lv\/en\/wp-json\/wp\/v2\/product_tag?post=2891"}],"curies":[{"name":"wp","href":"https:\/\/api.w.org\/{rel}","templated":true}]}}