{"id":2898,"date":"2025-09-07T06:16:50","date_gmt":"2025-09-07T06:16:50","guid":{"rendered":"https:\/\/birdie.lv\/?post_type=product&#038;p=2898"},"modified":"2026-03-28T07:10:37","modified_gmt":"2026-03-28T07:10:37","slug":"grand-rive","status":"publish","type":"product","link":"https:\/\/birdie.lv\/en\/product\/grand-rive\/","title":{"rendered":"Latitude64 Grand Rive"},"content":{"rendered":"<p data-path-to-node=\"6\"><b class=\"\" data-path-to-node=\"6\" data-index-in-node=\"0\">Latitude 64 Royal Grand Rive<\/b><span class=\"\"> ir bezkompromisa distances draiveris,<\/span><span class=\"\"> kas rad\u012bts,<\/span><span class=\"\"> lai domin\u0113tu tras\u0113.<\/span><span class=\"\"> Ar lidojuma parametriem <\/span><b class=\"\" data-path-to-node=\"6\" data-index-in-node=\"123\">13 | 5 | 0 | 3.5<\/b><span class=\"\">,<\/span><span class=\"\"> Rive ir stabils un uzticams r\u012bks,<\/span><span class=\"\"> kas sp\u0113j iztur\u0113t pat vissp\u0113c\u012bg\u0101kos izmetienus un br\u0101zmainu pretv\u0113ju.<\/span><span class=\"\"> Tas ir pirmais distances draiveris ekskluz\u012bvaj\u0101 <\/span><i class=\"\" data-path-to-node=\"6\" data-index-in-node=\"292\">Royal Line<\/i><span class=\"\"> s\u0113rij\u0101,<\/span><span class=\"\"> un tas \u0101tri k\u013cuvis par iecien\u012bt\u0101ko izv\u0113li profesion\u0101\u013cu som\u0101s vis\u0101 pasaul\u0113.<\/span><\/p>\n<p data-path-to-node=\"7\"><b class=\"\" data-path-to-node=\"7\" data-index-in-node=\"0\">K\u0101p\u0113c Royal Grand Rive ir tavs galvenais distances ierocis?<\/b><\/p>\n<ul data-path-to-node=\"8\">\n<li>\n<p data-path-to-node=\"8,0,0\"><b class=\"\" data-path-to-node=\"8,0,0\" data-index-in-node=\"0\">Stabilit\u0101te liel\u0101 \u0101trum\u0101:<\/b><span class=\"\"> Ar 13.<\/span><span class=\"\"> \u0101trumu un 0 pagriezienu (<\/span><i class=\"\" data-path-to-node=\"8,0,0\" data-index-in-node=\"58\">turn<\/i><span class=\"\">),<\/span><span class=\"\"> Rive neizgriez\u012bsies pie lielas jaudas.<\/span><span class=\"\"> Tas lido taisni un stabili,<\/span><span class=\"\"> nosl\u0113dzot trajektoriju ar sp\u0113c\u012bgu,<\/span><span class=\"\"> prognoz\u0113jamu 3.<\/span><span class=\"\">5 l\u012bme\u0146a kritienu (<\/span><i class=\"\" data-path-to-node=\"8,0,0\" data-index-in-node=\"201\">fade<\/i><span class=\"\">).<\/span><\/p>\n<\/li>\n<li>\n<p data-path-to-node=\"8,1,0\"><b class=\"\" data-path-to-node=\"8,1,0\" data-index-in-node=\"0\">Pretv\u0113ja karalis:<\/b><span class=\"\"> Pateicoties savai aerodinamikai un stabilit\u0101tei,<\/span><span class=\"\"> \u0161is disks ir uzticams pat visnelabv\u0113l\u012bg\u0101kajos laikapst\u0101k\u013cos.<\/span><span class=\"\"> Tas nezaud\u0113 savu l\u012bniju ar\u012b sp\u0113c\u012bg\u0101s v\u0113ja br\u0101zm\u0101s.<\/span><\/p>\n<\/li>\n<li>\n<p data-path-to-node=\"8,2,0\"><b class=\"\" data-path-to-node=\"8,2,0\" data-index-in-node=\"0\">Profesion\u0101\u013cu izv\u0113le:<\/b><span class=\"\"> Rive ir rad\u012bts sp\u0113l\u0113t\u0101jiem,<\/span><span class=\"\"> kuriem Destroyer tipa diski \u0161\u0137iet par mazstabiliem vai kuri mekl\u0113 konsekvent\u0101ku lidojumu t\u0101lajos hizeru metienos.<\/span><\/p>\n<\/li>\n<\/ul>\n<p data-path-to-node=\"9\"><b class=\"\" data-path-to-node=\"9\" data-index-in-node=\"0\">Royal Line Grand Plastmasa \u2013 In\u017eenierijas virsotne:<\/b><span class=\"\"> Grand materi\u0101ls un Royal s\u0113rijas ra\u017eo\u0161anas process nodro\u0161ina:<\/span><\/p>\n<ol start=\"1\" data-path-to-node=\"10\">\n<li>\n<p data-path-to-node=\"10,0,0\"><b class=\"\" data-path-to-node=\"10,0,0\" data-index-in-node=\"0\">NexEdge tehnolo\u0123ija:<\/b><span class=\"\"> Nevainojami gluda apak\u0161\u0113j\u0101 mala.<\/span><span class=\"\"> Nek\u0101du asu \u0161uvju vai diskomforta \u2013 tikai t\u012bra,<\/span><span class=\"\"> profesion\u0101la atlai\u0161ana katr\u0101 metien\u0101.<\/span><\/p>\n<\/li>\n<li>\n<p data-path-to-node=\"10,1,0\"><b class=\"\" data-path-to-node=\"10,1,0\" data-index-in-node=\"0\">NexFeel sa\u0137ere:<\/b><span class=\"\"> Grand plastmasa pied\u0101v\u0101 premium tv\u0113rienu,<\/span><span class=\"\"> kas apvieno stingr\u012bbu ar pat\u012bkamu,<\/span><span class=\"\"> nedaudz m\u012bkstu virsmu,<\/span><span class=\"\"> nodro\u0161inot kontroli jebkur\u0101 sezon\u0101.<\/span><\/p>\n<\/li>\n<li>\n<p data-path-to-node=\"10,2,0\"><b class=\"\" data-path-to-node=\"10,2,0\" data-index-in-node=\"0\">Nemain\u012bgs sniegums:<\/b><span class=\"\"> Royal l\u012bnijas diski tiek ra\u017eoti ar visaugst\u0101ko precizit\u0101ti,<\/span><span class=\"\"> nodro\u0161inot,<\/span><span class=\"\"> ka katrs Rive lidos tie\u0161i t\u0101,<\/span><span class=\"\"> k\u0101 tu to gaidi.<\/span><\/p>\n<\/li>\n<\/ol>","protected":false},"excerpt":{"rendered":"<p><b data-path-to-node=\"17,0\" data-index-in-node=\"0\">Latitude 64 Royal Grand Rive<\/b> ir jaud\u012bg\u0101kais distances draiveris Royal s\u0113rij\u0101, kas rad\u012bts elites l\u012bme\u0146a metieniem. Ar parametriem <b data-path-to-node=\"17,0\" data-index-in-node=\"129\">13 | 5 | 0 | 3.5<\/b>, tas pied\u0101v\u0101 izcilu stabilit\u0101ti pretv\u0113j\u0101 un prognoz\u0113jamu, sp\u0113c\u012bgu nosl\u0113gumu. Ekskluz\u012bv\u0101 Royal Grand plastmasa ar NexEdge tehnolo\u0123iju nodro\u0161ina glud\u0101ko malu un lab\u0101ko sa\u0137eri tirg\u016b. Ja mekl\u0113 disku, kas iztur\u0113s tavu maksim\u0101lo jaudu un sniegs maksim\u0101lu distanci, Rive ir tava pareiz\u0101 izv\u0113le.<\/p>","protected":false},"featured_media":2903,"template":"","meta":{"om_disable_all_campaigns":false},"product_brand":[58],"product_cat":[67],"product_tag":[],"class_list":{"0":"post-2898","1":"product","2":"type-product","3":"status-publish","4":"has-post-thumbnail","6":"product_brand-latitude64","7":"product_cat-distance-drivers","9":"first","10":"instock","11":"taxable","12":"shipping-taxable","13":"purchasable","14":"product-type-variable"},"aioseo_notices":[],"jetpack_sharing_enabled":true,"_links":{"self":[{"href":"https:\/\/birdie.lv\/en\/wp-json\/wp\/v2\/product\/2898","targetHints":{"allow":["GET"]}}],"collection":[{"href":"https:\/\/birdie.lv\/en\/wp-json\/wp\/v2\/product"}],"about":[{"href":"https:\/\/birdie.lv\/en\/wp-json\/wp\/v2\/types\/product"}],"version-history":[{"count":1,"href":"https:\/\/birdie.lv\/en\/wp-json\/wp\/v2\/product\/2898\/revisions"}],"predecessor-version":[{"id":5083,"href":"https:\/\/birdie.lv\/en\/wp-json\/wp\/v2\/product\/2898\/revisions\/5083"}],"wp:featuredmedia":[{"embeddable":true,"href":"https:\/\/birdie.lv\/en\/wp-json\/wp\/v2\/media\/2903"}],"wp:attachment":[{"href":"https:\/\/birdie.lv\/en\/wp-json\/wp\/v2\/media?parent=2898"}],"wp:term":[{"taxonomy":"product_brand","embeddable":true,"href":"https:\/\/birdie.lv\/en\/wp-json\/wp\/v2\/product_brand?post=2898"},{"taxonomy":"product_cat","embeddable":true,"href":"https:\/\/birdie.lv\/en\/wp-json\/wp\/v2\/product_cat?post=2898"},{"taxonomy":"product_tag","embeddable":true,"href":"https:\/\/birdie.lv\/en\/wp-json\/wp\/v2\/product_tag?post=2898"}],"curies":[{"name":"wp","href":"https:\/\/api.w.org\/{rel}","templated":true}]}}