{"id":2904,"date":"2025-09-07T06:31:48","date_gmt":"2025-09-07T06:31:48","guid":{"rendered":"https:\/\/birdie.lv\/?post_type=product&#038;p=2904"},"modified":"2026-04-06T15:07:32","modified_gmt":"2026-04-06T15:07:32","slug":"grand-sweep","status":"publish","type":"product","link":"https:\/\/birdie.lv\/en\/product\/grand-sweep\/","title":{"rendered":"Latitude64 Grand Sweep"},"content":{"rendered":"<p data-path-to-node=\"6\"><b data-path-to-node=\"6\" data-index-in-node=\"0\">Latitude 64 Royal Grand Sweep<\/b> ir izstr\u0101d\u0101ts, lai aizpild\u012btu kritisku robu tav\u0101 som\u0101 \u2014 starp taisni lidojo\u0161o <i data-path-to-node=\"6\" data-index-in-node=\"108\">Grace<\/i> un jaud\u012bgo <i data-path-to-node=\"6\" data-index-in-node=\"125\">Rive<\/i>. Ar lidojuma parametriem <b data-path-to-node=\"6\" data-index-in-node=\"155\">10 | 5 | 0 | 2<\/b>, Sweep pied\u0101v\u0101 nep\u0101rsp\u0113jamu uzticam\u012bbu. Tas ir disks, kas nebaid\u0101s no v\u0113ja un nepievils pie sp\u0113c\u012bgiem izmetieniem, vienm\u0113r nosl\u0113dzot lidojumu ar prognoz\u0113jamu un kontrol\u0113tu hizeru (<i data-path-to-node=\"6\" data-index-in-node=\"350\">fade<\/i>).<\/p>\n<p data-path-to-node=\"7\"><b data-path-to-node=\"7\" data-index-in-node=\"0\">K\u0101p\u0113c Royal Grand Sweep ir tavs jaunais precizit\u0101tes r\u012bks?<\/b><\/p>\n<ul data-path-to-node=\"8\">\n<li>\n<p data-path-to-node=\"8,0,0\"><b data-path-to-node=\"8,0,0\" data-index-in-node=\"0\">Stabilit\u0101te bez kompromisiem:<\/b> Sweep ir rad\u012bts, lai &#8220;tur\u0113tu&#8221; l\u012bniju. Pateicoties 0 pagriezienam (<i data-path-to-node=\"8,0,0\" data-index-in-node=\"96\">turn<\/i>), tas neizgriez\u012bsies pat pie liel\u0101kas jaudas, padarot to par izcilu izv\u0113li gan <i data-path-to-node=\"8,0,0\" data-index-in-node=\"180\">backhand<\/i>, gan <i data-path-to-node=\"8,0,0\" data-index-in-node=\"194\">forehand<\/i> metieniem.<\/p>\n<\/li>\n<li>\n<p data-path-to-node=\"8,1,0\"><b data-path-to-node=\"8,1,0\" data-index-in-node=\"0\">10. \u0101truma kontrole:<\/b> \u0160is \u0101trums pied\u0101v\u0101 distances draivera lidojuma att\u0101lumu, bet saglab\u0101 <i data-path-to-node=\"8,1,0\" data-index-in-node=\"90\">fairway<\/i> draivera vad\u0101m\u012bbu. Tas ir ide\u0101ls disks situ\u0101cij\u0101s, kur Destroyer tipa diski ir par \u0101tru, bet 7. \u0101truma diski nesasniedz m\u0113r\u0137i.<\/p>\n<\/li>\n<li>\n<p data-path-to-node=\"8,2,0\"><b data-path-to-node=\"8,2,0\" data-index-in-node=\"0\">Uzticams pretv\u0113j\u0101:<\/b> Pateicoties savam stabilajam raksturam un 2. l\u012bme\u0146a nosl\u0113gumam, Sweep lidos prognoz\u0113jami pat tad, ja tras\u0113 s\u0101k p\u016bst br\u0101zmains v\u0113j\u0161.<\/p>\n<\/li>\n<\/ul>\n<p data-path-to-node=\"9\"><b data-path-to-node=\"9\" data-index-in-node=\"0\">Royal Line Grand Plastmasa \u2013 NexEdge un NexFeel izcil\u012bba:<\/b> Sweep izmanto Latitude 64 augst\u0101k\u0101s klases ra\u017eo\u0161anas tehnolo\u0123ijas:<\/p>\n<ol start=\"1\" data-path-to-node=\"10\">\n<li>\n<p data-path-to-node=\"10,0,0\"><b data-path-to-node=\"10,0,0\" data-index-in-node=\"0\">NexEdge glud\u0101s malas:<\/b> Pateicoties speci\u0101lam ra\u017eo\u0161anas procesam, diska apak\u0161\u0113j\u0101 mala ir nevainojami gluda. Nek\u0101du asu \u0161uvju \u2014 tikai maksim\u0101ls komforts un t\u012bra atlai\u0161ana.<\/p>\n<\/li>\n<li>\n<p data-path-to-node=\"10,1,0\"><b data-path-to-node=\"10,1,0\" data-index-in-node=\"0\">NexFeel premium sa\u0137ere:<\/b> Grand plastmasa ir iztur\u012bga, bet taj\u0101 pa\u0161\u0101 laik\u0101 pat\u012bkami m\u012bksta un &#8220;lip\u012bga&#8221; rok\u0101, nodro\u0161inot lab\u0101ko tv\u0113rienu jebkuros laikapst\u0101k\u013cos.<\/p>\n<\/li>\n<li>\n<p data-path-to-node=\"10,2,0\"><b data-path-to-node=\"10,2,0\" data-index-in-node=\"0\">Nemain\u012bga kvalit\u0101te:<\/b> Royal s\u0113rijas diski tiek ra\u017eoti ar vismaz\u0101ko pielaidi vari\u0101cij\u0101m, t\u0101p\u0113c katrs Sweep lidos tie\u0161i t\u0101, k\u0101 tam paredz\u0113ts.<\/p>\n<\/li>\n<\/ol>","protected":false},"excerpt":{"rendered":"<p><b data-path-to-node=\"17,0\" data-index-in-node=\"0\">Latitude 64 Royal Grand Sweep<\/b> ir profesion\u0101las stabilit\u0101tes un kontroles apvienojums. Ar parametriem <b data-path-to-node=\"17,0\" data-index-in-node=\"101\">10 | 5 | 0 | 2<\/b>, tas ir ide\u0101ls r\u012bks sp\u0113l\u0113t\u0101jiem, kuriem nepiecie\u0161ams uzticams disks, kas neizgriez\u012bsies pie jaudas un vienm\u0113r nosl\u0113gs lidojumu ar prognoz\u0113jamu kritienu. Ekskluz\u012bv\u0101 Royal Grand plastmasa ar NexEdge tehnolo\u0123iju nodro\u0161ina glud\u0101ko malu un lab\u0101ko sa\u0137eri industrij\u0101. Ja mekl\u0113 &#8220;darba zirgu&#8221; distances kontrolei, Sweep ir tava pareiz\u0101 izv\u0113le.<\/p>","protected":false},"featured_media":2909,"template":"","meta":{"om_disable_all_campaigns":false},"product_brand":[58],"product_cat":[48,66],"product_tag":[],"class_list":{"0":"post-2904","1":"product","2":"type-product","3":"status-publish","4":"has-post-thumbnail","6":"product_brand-latitude64","7":"product_cat-diski","8":"product_cat-fairway-drivers","10":"first","11":"instock","12":"taxable","13":"shipping-taxable","14":"purchasable","15":"product-type-variable"},"aioseo_notices":[],"jetpack_sharing_enabled":true,"_links":{"self":[{"href":"https:\/\/birdie.lv\/en\/wp-json\/wp\/v2\/product\/2904","targetHints":{"allow":["GET"]}}],"collection":[{"href":"https:\/\/birdie.lv\/en\/wp-json\/wp\/v2\/product"}],"about":[{"href":"https:\/\/birdie.lv\/en\/wp-json\/wp\/v2\/types\/product"}],"version-history":[{"count":2,"href":"https:\/\/birdie.lv\/en\/wp-json\/wp\/v2\/product\/2904\/revisions"}],"predecessor-version":[{"id":5085,"href":"https:\/\/birdie.lv\/en\/wp-json\/wp\/v2\/product\/2904\/revisions\/5085"}],"wp:featuredmedia":[{"embeddable":true,"href":"https:\/\/birdie.lv\/en\/wp-json\/wp\/v2\/media\/2909"}],"wp:attachment":[{"href":"https:\/\/birdie.lv\/en\/wp-json\/wp\/v2\/media?parent=2904"}],"wp:term":[{"taxonomy":"product_brand","embeddable":true,"href":"https:\/\/birdie.lv\/en\/wp-json\/wp\/v2\/product_brand?post=2904"},{"taxonomy":"product_cat","embeddable":true,"href":"https:\/\/birdie.lv\/en\/wp-json\/wp\/v2\/product_cat?post=2904"},{"taxonomy":"product_tag","embeddable":true,"href":"https:\/\/birdie.lv\/en\/wp-json\/wp\/v2\/product_tag?post=2904"}],"curies":[{"name":"wp","href":"https:\/\/api.w.org\/{rel}","templated":true}]}}