{"id":2911,"date":"2025-09-07T06:45:36","date_gmt":"2025-09-07T06:45:36","guid":{"rendered":"https:\/\/birdie.lv\/?post_type=product&#038;p=2911"},"modified":"2026-03-28T07:12:51","modified_gmt":"2026-03-28T07:12:51","slug":"grand-brave","status":"publish","type":"product","link":"https:\/\/birdie.lv\/en\/product\/grand-brave\/","title":{"rendered":"Latitude64 Grand Brave"},"content":{"rendered":"<p data-path-to-node=\"6\"><b class=\"\" data-path-to-node=\"6\" data-index-in-node=\"0\">Latitude 64 Royal Grand Brave<\/b><span class=\"\"> ir distances draiveris,<\/span><span class=\"\"> kas rad\u012bts,<\/span><span class=\"\"> lai maksim\u0101li palielin\u0101tu tavu metiena att\u0101lumu ar minim\u0101lu piep\u016bli.<\/span><span class=\"\"> Ar lidojuma parametriem <\/span><b class=\"\" data-path-to-node=\"6\" data-index-in-node=\"159\">10 | 6 | -1 | 2<\/b><span class=\"\">,<\/span><span class=\"\"> Brave pied\u0101v\u0101 izcilu l\u012bdzsvaru starp \u0101trumu un vad\u0101m\u012bbu.<\/span><span class=\"\"> Tas ir nedaudz mazstabil\u0101ks (<\/span><i class=\"\" data-path-to-node=\"6\" data-index-in-node=\"262\">understable<\/i><span class=\"\">) nek\u0101 <\/span><i class=\"\" data-path-to-node=\"6\" data-index-in-node=\"280\">Grace<\/i><span class=\"\">,<\/span><span class=\"\"> padarot to par perfektu izv\u0113li &#8220;hyzer-flip&#8221; metieniem un gariem,<\/span><span class=\"\"> kontrol\u0113tiem &#8220;S-curve&#8221; lidojumiem.<\/span><\/p>\n<p data-path-to-node=\"7\"><b class=\"\" data-path-to-node=\"7\" data-index-in-node=\"0\">K\u0101p\u0113c Royal Grand Brave ir tavs jaunais distances favor\u012bts?<\/b><\/p>\n<ul data-path-to-node=\"8\">\n<li>\n<p data-path-to-node=\"8,0,0\"><b class=\"\" data-path-to-node=\"8,0,0\" data-index-in-node=\"0\">Plan\u0113juma meistars:<\/b><span class=\"\"> Ar 6.<\/span><span class=\"\"> l\u012bme\u0146a plan\u0113jumu (<\/span><i class=\"\" data-path-to-node=\"8,0,0\" data-index-in-node=\"44\">glide<\/i><span class=\"\">) Brave burtiski &#8220;no\u0137er&#8221; gaisu,<\/span><span class=\"\"> \u013caujot diskam palikt lidojum\u0101 ilg\u0101k un sasniegt t\u0101l\u0101kus m\u0113r\u0137us pat pie vid\u0113ja metiena \u0101truma.<\/span><\/p>\n<\/li>\n<li>\n<p data-path-to-node=\"8,1,0\"><b class=\"\" data-path-to-node=\"8,1,0\" data-index-in-node=\"0\">Pielaid\u012bga stabilit\u0101te:<\/b><span class=\"\"> -1 pagrieziens (<\/span><i class=\"\" data-path-to-node=\"8,1,0\" data-index-in-node=\"40\">turn<\/i><span class=\"\">) nodro\u0161ina,<\/span><span class=\"\"> ka disks maigi iztaisnojas un veic distanci palielino\u0161u loku,<\/span><span class=\"\"> savuk\u0101rt 2.<\/span><span class=\"\"> l\u012bme\u0146a nosl\u0113gums (<\/span><i class=\"\" data-path-to-node=\"8,1,0\" data-index-in-node=\"149\">fade<\/i><span class=\"\">) garant\u0113 uzticamu un prognoz\u0113jamu piezem\u0113\u0161anos.<\/span><\/p>\n<\/li>\n<li>\n<p data-path-to-node=\"8,2,0\"><b class=\"\" data-path-to-node=\"8,2,0\" data-index-in-node=\"0\">Ide\u0101ls p\u0101rejas disks:<\/b><span class=\"\"> Ja 7.<\/span><span class=\"\"> \u0101truma <\/span><i class=\"\" data-path-to-node=\"8,2,0\" data-index-in-node=\"35\">fairway<\/i><span class=\"\"> draiveri s\u0101k \u0161\u0137ist par l\u0113niem,<\/span><span class=\"\"> bet 12.<\/span><span class=\"\"> \u0101truma diski v\u0113l ir par &#8220;stipru&#8221;,<\/span><span class=\"\"> Brave 10.<\/span><span class=\"\"> \u0101trums ir ide\u0101ls solis aug\u0161up,<\/span><span class=\"\"> lai progres\u0113tu tav\u0101 sp\u0113l\u0113.<\/span><\/p>\n<\/li>\n<\/ul>\n<p data-path-to-node=\"9\"><b class=\"\" data-path-to-node=\"9\" data-index-in-node=\"0\">Royal Line Grand Plastmasa \u2013 NexEdge un NexFeel izcil\u012bba:<\/b><span class=\"\"> Brave izmanto Latitude 64 augst\u0101k\u0101s klases ra\u017eo\u0161anas tehnolo\u0123ijas,<\/span><span class=\"\"> kas to padara par vienu no \u0113rt\u0101kajiem diskiem pasaul\u0113:<\/span><\/p>\n<ol start=\"1\" data-path-to-node=\"10\">\n<li>\n<p data-path-to-node=\"10,0,0\"><b class=\"\" data-path-to-node=\"10,0,0\" data-index-in-node=\"0\">NexEdge glud\u0101s malas:<\/b><span class=\"\"> Pateicoties unik\u0101lam ra\u017eo\u0161anas procesam,<\/span><span class=\"\"> diska apak\u0161\u0113j\u0101 mala ir nevainojami gluda.<\/span><span class=\"\"> Nek\u0101du asu \u0161uvju \u2014 tikai maksim\u0101ls komforts un t\u012bra atlai\u0161ana katr\u0101 metien\u0101.<\/span><\/p>\n<\/li>\n<li>\n<p data-path-to-node=\"10,1,0\"><b class=\"\" data-path-to-node=\"10,1,0\" data-index-in-node=\"0\">NexFeel premium sa\u0137ere:<\/b><span class=\"\"> Grand plastmasa ir iztur\u012bga,<\/span><span class=\"\"> bet taj\u0101 pa\u0161\u0101 laik\u0101 pat\u012bkami m\u012bksta un &#8220;lip\u012bga&#8221; rok\u0101,<\/span><span class=\"\"> nodro\u0161inot lab\u0101ko tv\u0113rienu jebkuros laikapst\u0101k\u013cos.<\/span><\/p>\n<\/li>\n<li>\n<p data-path-to-node=\"10,2,0\"><b class=\"\" data-path-to-node=\"10,2,0\" data-index-in-node=\"0\">Augst\u0101k\u0101 precizit\u0101te:<\/b><span class=\"\"> Royal s\u0113rijas diski tiek ra\u017eoti ar vismaz\u0101ko pie\u013caujamo nob\u012bdi,<\/span><span class=\"\"> garant\u0113jot,<\/span><span class=\"\"> ka katrs Brave lidos tie\u0161i t\u0101,<\/span><span class=\"\"> k\u0101 tam paredz\u0113ts.<\/span><\/p>\n<\/li>\n<\/ol>","protected":false},"excerpt":{"rendered":"<p><b data-path-to-node=\"17,0\" data-index-in-node=\"0\">Latitude 64 Royal Grand Brave<\/b> pied\u0101v\u0101 elites l\u012bme\u0146a distanci un neticamu plan\u0113jumu. Ar parametriem <b data-path-to-node=\"17,0\" data-index-in-node=\"99\">10 | 6 | -1 | 2<\/b>, tas ir ide\u0101ls r\u012bks sp\u0113l\u0113t\u0101jiem, kuri v\u0113las palielin\u0101t savu metiena att\u0101lumu, saglab\u0101jot piln\u012bgu kontroli p\u0101r trajektoriju. Ekskluz\u012bv\u0101 Royal Grand plastmasa ar NexEdge tehnolo\u0123iju nodro\u0161ina glud\u0101ko malu un lab\u0101ko sa\u0137eri tirg\u016b. Izv\u0113lies Brave, lai sasniegtu t\u0101l\u0101kos m\u0113r\u0137us ar profesion\u0101lu komfortu un p\u0101rliec\u012bbu.<\/p>","protected":false},"featured_media":2908,"template":"","meta":{"om_disable_all_campaigns":false},"product_brand":[58],"product_cat":[48,66],"product_tag":[],"class_list":{"0":"post-2911","1":"product","2":"type-product","3":"status-publish","4":"has-post-thumbnail","6":"product_brand-latitude64","7":"product_cat-diski","8":"product_cat-fairway-drivers","10":"first","11":"instock","12":"taxable","13":"shipping-taxable","14":"purchasable","15":"product-type-variable"},"aioseo_notices":[],"jetpack_sharing_enabled":true,"_links":{"self":[{"href":"https:\/\/birdie.lv\/en\/wp-json\/wp\/v2\/product\/2911","targetHints":{"allow":["GET"]}}],"collection":[{"href":"https:\/\/birdie.lv\/en\/wp-json\/wp\/v2\/product"}],"about":[{"href":"https:\/\/birdie.lv\/en\/wp-json\/wp\/v2\/types\/product"}],"version-history":[{"count":2,"href":"https:\/\/birdie.lv\/en\/wp-json\/wp\/v2\/product\/2911\/revisions"}],"predecessor-version":[{"id":5086,"href":"https:\/\/birdie.lv\/en\/wp-json\/wp\/v2\/product\/2911\/revisions\/5086"}],"wp:featuredmedia":[{"embeddable":true,"href":"https:\/\/birdie.lv\/en\/wp-json\/wp\/v2\/media\/2908"}],"wp:attachment":[{"href":"https:\/\/birdie.lv\/en\/wp-json\/wp\/v2\/media?parent=2911"}],"wp:term":[{"taxonomy":"product_brand","embeddable":true,"href":"https:\/\/birdie.lv\/en\/wp-json\/wp\/v2\/product_brand?post=2911"},{"taxonomy":"product_cat","embeddable":true,"href":"https:\/\/birdie.lv\/en\/wp-json\/wp\/v2\/product_cat?post=2911"},{"taxonomy":"product_tag","embeddable":true,"href":"https:\/\/birdie.lv\/en\/wp-json\/wp\/v2\/product_tag?post=2911"}],"curies":[{"name":"wp","href":"https:\/\/api.w.org\/{rel}","templated":true}]}}