{"id":2917,"date":"2025-09-07T06:58:24","date_gmt":"2025-09-07T06:58:24","guid":{"rendered":"https:\/\/birdie.lv\/?post_type=product&#038;p=2917"},"modified":"2026-03-28T07:14:20","modified_gmt":"2026-03-28T07:14:20","slug":"k3-hard-reko","status":"publish","type":"product","link":"https:\/\/birdie.lv\/en\/product\/k3-hard-reko\/","title":{"rendered":"Kastaplast K3 HARD REKO"},"content":{"rendered":"<p data-path-to-node=\"6\"><b data-path-to-node=\"6\" data-index-in-node=\"0\">Kastaplast K3 Hard Reko<\/b> ir izstr\u0101d\u0101ts sp\u0113l\u0113t\u0101jiem, kuri nepie\u013cauj kompromisus groza tuvum\u0101. Ar lidojuma parametriem <b data-path-to-node=\"6\" data-index-in-node=\"116\">3 | 3 | 0 | 1<\/b>, Reko ir paz\u012bstams ar savu neticami taisno lidojumu un minim\u0101lo, bet prognoz\u0113jamo nosl\u0113gumu (<i data-path-to-node=\"6\" data-index-in-node=\"223\">fade<\/i>). Tas ir disks, kas lieliski &#8220;s\u0113\u017e&#8221; rok\u0101, pateicoties t\u0101 vid\u0113jam dzi\u013cumam un nelielajai apmales kant\u012btei (<i data-path-to-node=\"6\" data-index-in-node=\"333\">micro-bead<\/i>), nodro\u0161inot \u0113rtu tv\u0113rienu gan maz\u0101m, gan liel\u0101m plaukst\u0101m.<\/p>\n<p data-path-to-node=\"7\"><b data-path-to-node=\"7\" data-index-in-node=\"0\">K\u0101p\u0113c K3 Hard Reko ir oblig\u0101ts papildin\u0101jums tav\u0101 som\u0101?<\/b><\/p>\n<ul data-path-to-node=\"8\">\n<li>\n<p data-path-to-node=\"8,0,0\"><b data-path-to-node=\"8,0,0\" data-index-in-node=\"0\">Stingr\u012bba un p\u0101rliec\u012bba:<\/b> At\u0161\u0137ir\u012bb\u0101 no standarta K3 plastmasas, <i data-path-to-node=\"8,0,0\" data-index-in-node=\"63\">K3 Hard<\/i> versija ir iev\u0113rojami stingr\u0101ka. Tas ir kritiski svar\u012bgi karst\u0101 laik\u0101, lai disks ne\u0161\u0137istu p\u0101r\u0101k m\u012bksts, vai sp\u0113l\u0113t\u0101jiem, kuri dod priek\u0161roku cietam diskam stabil\u0101kai atlai\u0161anai no pirkstiem.<\/p>\n<\/li>\n<li>\n<p data-path-to-node=\"8,1,0\"><b data-path-to-node=\"8,1,0\" data-index-in-node=\"0\">Taisna trajektorija:<\/b> Reko lido tie\u0161i tur, kur tu to m\u0113r\u0137\u0113. Tas ir izcils r\u012bks ne tikai &#8220;puttiem&#8221;, bet ar\u012b prec\u012bziem pieg\u0101jiena metieniem (<i data-path-to-node=\"8,1,0\" data-index-in-node=\"138\">upshots<\/i>) un taisniem metieniem no &#8220;tee&#8221; laukuma.<\/p>\n<\/li>\n<li>\n<p data-path-to-node=\"8,2,0\"><b data-path-to-node=\"8,2,0\" data-index-in-node=\"0\">Aerodinamisks dizains:<\/b> T\u0101 gludais profils samazina gaisa pretest\u012bbu, \u013caujot diskam saglab\u0101t savu l\u012bniju pat neliel\u0101 v\u0113j\u0101.<\/p>\n<\/li>\n<\/ul>\n<p data-path-to-node=\"9\"><b data-path-to-node=\"9\" data-index-in-node=\"0\">K3 Hard Plastmasa \u2013 Lab\u0101k\u0101 sa\u0137ere industrij\u0101:<\/b> Kastaplast K3 materi\u0101ls ir le\u0123end\u0101rs savas sa\u0137eres d\u0113\u013c, un Hard versija pied\u0101v\u0101:<\/p>\n<ol start=\"1\" data-path-to-node=\"10\">\n<li>\n<p data-path-to-node=\"10,0,0\"><b data-path-to-node=\"10,0,0\" data-index-in-node=\"0\">Ekstr\u0113mu &#8220;Gripu&#8221;:<\/b> Pat ja disks ir mitrs vai rokas ir aukstas, K3 Hard nodro\u0161ina &#8220;lip\u012bgu&#8221; saj\u016btu, kas sniedz maksim\u0101lu kontroli.<\/p>\n<\/li>\n<li>\n<p data-path-to-node=\"10,1,0\"><b data-path-to-node=\"10,1,0\" data-index-in-node=\"0\">Ilgm\u016b\u017e\u012bbu un &#8220;Beat-in&#8221; potenci\u0101lu:<\/b> \u0160\u012b plastmasa ir iztur\u012bg\u0101ka pret skr\u0101p\u0113jumiem nek\u0101 standarta b\u0101zes plastmasas, ta\u010du laika gait\u0101 t\u0101 &#8220;iem\u0113t\u0101jas&#8221; (<i data-path-to-node=\"10,1,0\" data-index-in-node=\"146\">beat-in<\/i>), k\u013c\u016bstot par v\u0113l taisn\u0101ku un uzticam\u0101ku r\u012bku.<\/p>\n<\/li>\n<li>\n<p data-path-to-node=\"10,2,0\"><b data-path-to-node=\"10,2,0\" data-index-in-node=\"0\">Mat\u0113tu apdari:<\/b> K3 Hard virsma neatstaro gaismu un \u0161\u0137iet dabiska, kas pal\u012bdz fokus\u0113ties uz grozu bez liekiem trauc\u0113k\u013ciem.<\/p>\n<\/li>\n<\/ol>","protected":false},"excerpt":{"rendered":"<p><b data-path-to-node=\"17,0\" data-index-in-node=\"0\">Kastaplast K3 Hard Reko<\/b> ir precizit\u0101tes etalons groza tuvum\u0101. Ar parametriem <b data-path-to-node=\"17,0\" data-index-in-node=\"77\">3 | 3 | 0 | 1<\/b>, \u0161is &#8220;putter&#8221; disks pied\u0101v\u0101 taisnu lidojumu un maksim\u0101lu kontroli. <b data-path-to-node=\"17,0\" data-index-in-node=\"158\">K3 Hard<\/b> plastmasa nodro\u0161ina papildu stingr\u012bbu un le\u0123end\u0101ru sa\u0137eri, kas nepiecie\u0161ama konsekventai sp\u0113lei jebkuros laikapst\u0101k\u013cos. Ja mekl\u0113 uzticamu sabiedroto, kas &#8220;pie\u0137eras&#8221; groza \u0137\u0113d\u0113m un nepievi\u013c prec\u012bzos pieg\u0101jienos, Reko ir tava lab\u0101k\u0101 izv\u0113le.<\/p>","protected":false},"featured_media":2823,"template":"","meta":{"om_disable_all_campaigns":false},"product_brand":[54],"product_cat":[48,301,64],"product_tag":[],"class_list":{"0":"post-2917","1":"product","2":"type-product","3":"status-publish","4":"has-post-thumbnail","6":"product_brand-kastaplast","7":"product_cat-diski","8":"product_cat-kastaplast","9":"product_cat-putter-approach","11":"first","12":"instock","13":"taxable","14":"shipping-taxable","15":"purchasable","16":"product-type-variable"},"aioseo_notices":[],"jetpack_sharing_enabled":true,"_links":{"self":[{"href":"https:\/\/birdie.lv\/en\/wp-json\/wp\/v2\/product\/2917","targetHints":{"allow":["GET"]}}],"collection":[{"href":"https:\/\/birdie.lv\/en\/wp-json\/wp\/v2\/product"}],"about":[{"href":"https:\/\/birdie.lv\/en\/wp-json\/wp\/v2\/types\/product"}],"version-history":[{"count":2,"href":"https:\/\/birdie.lv\/en\/wp-json\/wp\/v2\/product\/2917\/revisions"}],"predecessor-version":[{"id":5089,"href":"https:\/\/birdie.lv\/en\/wp-json\/wp\/v2\/product\/2917\/revisions\/5089"}],"wp:featuredmedia":[{"embeddable":true,"href":"https:\/\/birdie.lv\/en\/wp-json\/wp\/v2\/media\/2823"}],"wp:attachment":[{"href":"https:\/\/birdie.lv\/en\/wp-json\/wp\/v2\/media?parent=2917"}],"wp:term":[{"taxonomy":"product_brand","embeddable":true,"href":"https:\/\/birdie.lv\/en\/wp-json\/wp\/v2\/product_brand?post=2917"},{"taxonomy":"product_cat","embeddable":true,"href":"https:\/\/birdie.lv\/en\/wp-json\/wp\/v2\/product_cat?post=2917"},{"taxonomy":"product_tag","embeddable":true,"href":"https:\/\/birdie.lv\/en\/wp-json\/wp\/v2\/product_tag?post=2917"}],"curies":[{"name":"wp","href":"https:\/\/api.w.org\/{rel}","templated":true}]}}