{"id":2922,"date":"2025-09-07T07:06:30","date_gmt":"2025-09-07T07:06:30","guid":{"rendered":"https:\/\/birdie.lv\/?post_type=product&#038;p=2922"},"modified":"2026-03-28T07:15:36","modified_gmt":"2026-03-28T07:15:36","slug":"k3-line-tuff","status":"publish","type":"product","link":"https:\/\/birdie.lv\/en\/product\/k3-line-tuff\/","title":{"rendered":"Kastaplast K3 LINE Tuff"},"content":{"rendered":"<p data-path-to-node=\"6\"><b data-path-to-node=\"6\" data-index-in-node=\"0\">Kastaplast K3 Tuff<\/b> ir rad\u012bts situ\u0101cij\u0101m, kur k\u013c\u016bd\u0101m nav vietas. Ar lidojuma parametriem <b data-path-to-node=\"6\" data-index-in-node=\"88\">4 | 2 | 0 | 3<\/b>, \u0161is disks pied\u0101v\u0101 agres\u012bvu stabilit\u0101ti, kas nepievils pat vissp\u0113c\u012bg\u0101kaj\u0101 pretv\u0113j\u0101. Tuff ir izstr\u0101d\u0101ts k\u0101 &#8220;uzticamais partneris&#8221; \u012bsiem, tehniskiem metieniem, kur nepiecie\u0161ams, lai disks p\u0113c lidojuma beig\u0101m strauji un prognoz\u0113jami piezem\u0113tos.<\/p>\n<p data-path-to-node=\"7\"><b data-path-to-node=\"7\" data-index-in-node=\"0\">K\u0101p\u0113c Kastaplast Tuff ir nepiecie\u0161ams tav\u0101 som\u0101?<\/b><\/p>\n<ul data-path-to-node=\"8\">\n<li>\n<p data-path-to-node=\"8,0,0\"><b data-path-to-node=\"8,0,0\" data-index-in-node=\"0\">Ekstr\u0113ma stabilit\u0101te:<\/b> Ar 3. l\u012bme\u0146a <i data-path-to-node=\"8,0,0\" data-index-in-node=\"35\">fade<\/i>, Tuff ir viens no stabil\u0101kajiem diskiem sav\u0101 klas\u0113. Tas neizgriez\u012bsies (<i data-path-to-node=\"8,0,0\" data-index-in-node=\"112\">turn<\/i>) pat pie jaud\u012bgiem <i data-path-to-node=\"8,0,0\" data-index-in-node=\"136\">forehand<\/i> metieniem, padarot to par izcilu r\u012bku &#8220;scramble&#8221; situ\u0101cij\u0101m un pieg\u0101jieniem ap \u0161\u0137\u0113r\u0161\u013ciem.<\/p>\n<\/li>\n<li>\n<p data-path-to-node=\"8,1,0\"><b data-path-to-node=\"8,1,0\" data-index-in-node=\"0\">Zems plan\u0113jums (Glide 2):<\/b> Tuff ir izstr\u0101d\u0101ts t\u0101, lai tas nep\u0101rlidotu m\u0113r\u0137i. T\u0101 mazais plan\u0113jums \u013cauj sp\u0113l\u0113t\u0101jam dro\u0161i mest ar liel\u0101ku jaudu, zinot, ka disks \u0101tri zaud\u0113s \u0101trumu un piezem\u0113sies tie\u0161i tur, kur pl\u0101nots.<\/p>\n<\/li>\n<li>\n<p data-path-to-node=\"8,2,0\"><b data-path-to-node=\"8,2,0\" data-index-in-node=\"0\">Forehand meistars:<\/b> T\u0101 plakanais profils un stingr\u0101 mala nodro\u0161ina neticami \u0113rtu un t\u012bru atlai\u0161anu s\u0101nmetieniem, sniedzot p\u0101rliec\u012bbu katr\u0101 tehnisk\u0101 pieg\u0101jien\u0101.<\/p>\n<\/li>\n<\/ul>\n<p data-path-to-node=\"9\"><b data-path-to-node=\"9\" data-index-in-node=\"0\">K3 Plastmasa \u2013 Le\u0123end\u0101r\u0101 Zviedrijas sa\u0137ere:<\/b> K3 l\u012bnija ir paz\u012bstama k\u0101 viena no lab\u0101kaj\u0101m b\u0101zes plastmas\u0101m pasaul\u0113:<\/p>\n<ol start=\"1\" data-path-to-node=\"10\">\n<li>\n<p data-path-to-node=\"10,0,0\"><b data-path-to-node=\"10,0,0\" data-index-in-node=\"0\">Nep\u0101rsp\u0113jams &#8220;Grips&#8221;:<\/b> K3 materi\u0101ls ir mat\u0113ts un nedaudz &#8220;lip\u012bgs&#8221;, nodro\u0161inot maksim\u0101lu kontroli pat tad, ja disks ir mitrs vai rokas ir aukstas.<\/p>\n<\/li>\n<li>\n<p data-path-to-node=\"10,1,0\"><b data-path-to-node=\"10,1,0\" data-index-in-node=\"0\">Triecienu absorbcija:<\/b> \u0160\u012b plastmasa lieliski sl\u0101p\u0113 ener\u0123iju piezem\u0113joties, kas pal\u012bdz Tuff palikt tur, kur tas nokritis, un samazina &#8220;roll-away&#8221; risku.<\/p>\n<\/li>\n<li>\n<p data-path-to-node=\"10,2,0\"><b data-path-to-node=\"10,2,0\" data-index-in-node=\"0\">Saj\u016bta un komforts:<\/b> K3 plastmasa rok\u0101 j\u016btas dabiski un dro\u0161i, kas ir kritiski svar\u012bgi prec\u012bzos pieg\u0101jiena metienos, kur saj\u016bta ir vissvar\u012bg\u0101k\u0101.<\/p>\n<\/li>\n<\/ol>","protected":false},"excerpt":{"rendered":"<p><b data-path-to-node=\"17,0\" data-index-in-node=\"0\">Kastaplast K3 Tuff<\/b> ir jaud\u012bgs un maksim\u0101li stabils pieg\u0101jiena disks, kas nebaid\u0101s no v\u0113ja. Ar parametriem <b data-path-to-node=\"17,0\" data-index-in-node=\"106\">4 | 2 | 0 | 3<\/b>, tas nodro\u0161ina prognoz\u0113jamu lidojumu un sp\u0113c\u012bgu nosl\u0113gumu katr\u0101 metien\u0101. Le\u0123end\u0101r\u0101 K3 plastmasa sniedz nep\u0101rsp\u0113jamu sa\u0137eri un komfortu, padarot Tuff par uzticam\u0101ko r\u012bku tehnisk\u0101m tras\u0113m un prec\u012bziem <i data-path-to-node=\"17,0\" data-index-in-node=\"319\">forehand<\/i> pieg\u0101jieniem. Ja mekl\u0113 stabilit\u0101ti, uz kuru vari pa\u013cauties jebkuros apst\u0101k\u013cos, Tuff ir tava lab\u0101k\u0101 izv\u0113le.<\/p>","protected":false},"featured_media":2846,"template":"","meta":{"om_disable_all_campaigns":false},"product_brand":[54],"product_cat":[48,301,64],"product_tag":[],"class_list":{"0":"post-2922","1":"product","2":"type-product","3":"status-publish","4":"has-post-thumbnail","6":"product_brand-kastaplast","7":"product_cat-diski","8":"product_cat-kastaplast","9":"product_cat-putter-approach","11":"first","12":"instock","13":"taxable","14":"shipping-taxable","15":"purchasable","16":"product-type-variable"},"aioseo_notices":[],"jetpack_sharing_enabled":true,"_links":{"self":[{"href":"https:\/\/birdie.lv\/en\/wp-json\/wp\/v2\/product\/2922","targetHints":{"allow":["GET"]}}],"collection":[{"href":"https:\/\/birdie.lv\/en\/wp-json\/wp\/v2\/product"}],"about":[{"href":"https:\/\/birdie.lv\/en\/wp-json\/wp\/v2\/types\/product"}],"version-history":[{"count":2,"href":"https:\/\/birdie.lv\/en\/wp-json\/wp\/v2\/product\/2922\/revisions"}],"predecessor-version":[{"id":5091,"href":"https:\/\/birdie.lv\/en\/wp-json\/wp\/v2\/product\/2922\/revisions\/5091"}],"wp:featuredmedia":[{"embeddable":true,"href":"https:\/\/birdie.lv\/en\/wp-json\/wp\/v2\/media\/2846"}],"wp:attachment":[{"href":"https:\/\/birdie.lv\/en\/wp-json\/wp\/v2\/media?parent=2922"}],"wp:term":[{"taxonomy":"product_brand","embeddable":true,"href":"https:\/\/birdie.lv\/en\/wp-json\/wp\/v2\/product_brand?post=2922"},{"taxonomy":"product_cat","embeddable":true,"href":"https:\/\/birdie.lv\/en\/wp-json\/wp\/v2\/product_cat?post=2922"},{"taxonomy":"product_tag","embeddable":true,"href":"https:\/\/birdie.lv\/en\/wp-json\/wp\/v2\/product_tag?post=2922"}],"curies":[{"name":"wp","href":"https:\/\/api.w.org\/{rel}","templated":true}]}}