{"id":2932,"date":"2025-09-07T07:18:11","date_gmt":"2025-09-07T07:18:11","guid":{"rendered":"https:\/\/birdie.lv\/?post_type=product&#038;p=2932"},"modified":"2026-04-09T09:40:48","modified_gmt":"2026-04-09T09:40:48","slug":"zero-medium-pure","status":"publish","type":"product","link":"https:\/\/birdie.lv\/en\/product\/zero-medium-pure\/","title":{"rendered":"Latitude 64 Zero Medium Pure"},"content":{"rendered":"<p data-path-to-node=\"6\"><b data-path-to-node=\"6\" data-index-in-node=\"0\">Latitude 64 Zero Medium Pure<\/b> ir izstr\u0101d\u0101ts, lai nodro\u0161in\u0101tu minim\u0101lu gaisa pretest\u012bbu un maksim\u0101lu precizit\u0101ti. Ar lidojuma parametriem <b data-path-to-node=\"6\" data-index-in-node=\"136\">3 | 3 | -0.5 | 0.5<\/b>, Pure ir defin\u0113jams k\u0101 &#8220;t\u012brs&#8221; (no k\u0101 ar\u012b c\u0113lies nosaukums) sav\u0101 lidojum\u0101. Tam nav izteikta s\u0101kotn\u0113j\u0101 pagrieziena vai sp\u0113c\u012bga beigu kritiena, padarot to par ide\u0101lu izv\u0113li metieniem, kur nepiecie\u0161ama absol\u016bta taisnvirziena kust\u012bba.<\/p>\n<p data-path-to-node=\"7\"><b data-path-to-node=\"7\" data-index-in-node=\"0\">K\u0101p\u0113c Zero Medium Pure ir oblig\u0101ts tav\u0101 som\u0101?<\/b><\/p>\n<ul data-path-to-node=\"8\">\n<li>\n<p data-path-to-node=\"8,0,0\"><b data-path-to-node=\"8,0,0\" data-index-in-node=\"0\">L\u0101zera precizit\u0101te:<\/b> Pure ir paz\u012bstams k\u0101 viens no taisn\u0101k lidojo\u0161ajiem diskiem tirg\u016b. Tas perfekti tur jebkuru l\u012bniju, kur\u0101 to izmetat \u2013 vai tas b\u016btu hizers, anhaizers vai taisns metiens cauri \u0161auram me\u017ea gaitenim.<\/p>\n<\/li>\n<li>\n<p data-path-to-node=\"8,1,0\"><b data-path-to-node=\"8,1,0\" data-index-in-node=\"0\">Pl\u0101ns un \u0113rts profils:<\/b> At\u0161\u0137ir\u012bb\u0101 no tradicion\u0101lajiem, dzi\u013cajiem p\u0101teriem, Pure ir pl\u0101n\u0101ks un bez apmales kant\u012btes (<i data-path-to-node=\"8,1,0\" data-index-in-node=\"115\">beadless<\/i>). Tas nodro\u0161ina t\u012bru atlai\u0161anu no plaukstas, kas ir \u012bpa\u0161i svar\u012bgi sp\u0113l\u0113t\u0101jiem ar maz\u0101k\u0101m plaukst\u0101m vai tiem, kuri dod priek\u0161roku &#8220;driving putter&#8221; metieniem.<\/p>\n<\/li>\n<li>\n<p data-path-to-node=\"8,2,0\"><b data-path-to-node=\"8,2,0\" data-index-in-node=\"0\">Univers\u0101ls r\u012bks:<\/b> Pure ir izcils gan metieniem groz\u0101 (<i data-path-to-node=\"8,2,0\" data-index-in-node=\"53\">putting<\/i>), gan pieg\u0101jieniem (<i data-path-to-node=\"8,2,0\" data-index-in-node=\"81\">approach<\/i>), gan t\u0101lmetieniem no &#8220;tee&#8221; laukuma l\u012bdz pat 100 metru distancei.<\/p>\n<\/li>\n<\/ul>\n<p data-path-to-node=\"9\"><b data-path-to-node=\"9\" data-index-in-node=\"0\">Zero Medium Plastmasa \u2013 Ide\u0101l\u0101 saj\u016bta:<\/b> Zero Medium ir popul\u0101r\u0101k\u0101 izv\u0113le starp Latitude 64 p\u0101teru plastmas\u0101m:<\/p>\n<ol start=\"1\" data-path-to-node=\"10\">\n<li>\n<p data-path-to-node=\"10,0,0\"><b data-path-to-node=\"10,0,0\" data-index-in-node=\"0\">L\u012bdzsvarota ciet\u012bba:<\/b> Medium versija pied\u0101v\u0101 perfektu vidusce\u013cu starp Zero Soft un Zero Hard. T\u0101 ir pietiekami stingra konsekventai atlai\u0161anai, bet taj\u0101 pa\u0161\u0101 laik\u0101 pietiekami elast\u012bga, lai nodro\u0161in\u0101tu izcilu sa\u0137eri.<\/p>\n<\/li>\n<li>\n<p data-path-to-node=\"10,1,0\"><b data-path-to-node=\"10,1,0\" data-index-in-node=\"0\">&#8220;Sticky&#8221; sa\u0137ere:<\/b> \u0160\u012b plastmasa burtiski &#8220;pie\u0137eras&#8221; pie groza \u0137\u0113d\u0113m, samazinot risku, ka disks izsl\u012bd\u0113s vai atl\u0113ks atpaka\u013c.<\/p>\n<\/li>\n<li>\n<p data-path-to-node=\"10,2,0\"><b data-path-to-node=\"10,2,0\" data-index-in-node=\"0\">Triecienu absorbcija:<\/b> Medium materi\u0101ls labi absorb\u0113 ener\u0123iju piezem\u0113joties, kas pal\u012bdz diskam palikt tur, kur tas nokritis, bez liekas ripo\u0161anas.<\/p>\n<\/li>\n<\/ol>","protected":false},"excerpt":{"rendered":"<p><b data-path-to-node=\"17,0\" data-index-in-node=\"0\">Latitude 64 Zero Medium Pure<\/b> ir rad\u012bts sp\u0113l\u0113t\u0101jiem, kuri nov\u0113rt\u0113 t\u012bru l\u012bniju un nep\u0101rsp\u0113jamu kontroli. Ar parametriem <b data-path-to-node=\"17,0\" data-index-in-node=\"118\">3 | 3 | -0.5 | 0.5<\/b>, \u0161is pl\u0101n\u0101 profila p\u0101teris pied\u0101v\u0101 taisn\u0101ko lidojumu industrij\u0101. <b data-path-to-node=\"17,0\" data-index-in-node=\"202\">Zero Medium<\/b> plastmasa nodro\u0161ina ide\u0101lu sa\u0137eri un komfortu, padarot Pure par uzticam\u0101ko r\u012bku gan prec\u012bziem metieniem groz\u0101, gan t\u0101lmetieniem no &#8220;tee&#8221;. Ja mekl\u0113 disku, kas lidos tie\u0161i tur, kur tu to m\u0113r\u0137\u0113, Pure ir tava lab\u0101k\u0101 izv\u0113le.<\/p>","protected":false},"featured_media":2821,"template":"","meta":{"om_disable_all_campaigns":false},"product_brand":[58],"product_cat":[48,64],"product_tag":[],"class_list":{"0":"post-2932","1":"product","2":"type-product","3":"status-publish","4":"has-post-thumbnail","6":"product_brand-latitude64","7":"product_cat-diski","8":"product_cat-putter-approach","10":"first","11":"instock","12":"taxable","13":"shipping-taxable","14":"purchasable","15":"product-type-variable"},"aioseo_notices":[],"jetpack_sharing_enabled":true,"_links":{"self":[{"href":"https:\/\/birdie.lv\/en\/wp-json\/wp\/v2\/product\/2932","targetHints":{"allow":["GET"]}}],"collection":[{"href":"https:\/\/birdie.lv\/en\/wp-json\/wp\/v2\/product"}],"about":[{"href":"https:\/\/birdie.lv\/en\/wp-json\/wp\/v2\/types\/product"}],"version-history":[{"count":1,"href":"https:\/\/birdie.lv\/en\/wp-json\/wp\/v2\/product\/2932\/revisions"}],"predecessor-version":[{"id":5093,"href":"https:\/\/birdie.lv\/en\/wp-json\/wp\/v2\/product\/2932\/revisions\/5093"}],"wp:featuredmedia":[{"embeddable":true,"href":"https:\/\/birdie.lv\/en\/wp-json\/wp\/v2\/media\/2821"}],"wp:attachment":[{"href":"https:\/\/birdie.lv\/en\/wp-json\/wp\/v2\/media?parent=2932"}],"wp:term":[{"taxonomy":"product_brand","embeddable":true,"href":"https:\/\/birdie.lv\/en\/wp-json\/wp\/v2\/product_brand?post=2932"},{"taxonomy":"product_cat","embeddable":true,"href":"https:\/\/birdie.lv\/en\/wp-json\/wp\/v2\/product_cat?post=2932"},{"taxonomy":"product_tag","embeddable":true,"href":"https:\/\/birdie.lv\/en\/wp-json\/wp\/v2\/product_tag?post=2932"}],"curies":[{"name":"wp","href":"https:\/\/api.w.org\/{rel}","templated":true}]}}