{"id":2936,"date":"2025-09-07T07:22:31","date_gmt":"2025-09-07T07:22:31","guid":{"rendered":"https:\/\/birdie.lv\/?post_type=product&#038;p=2936"},"modified":"2026-04-06T15:02:11","modified_gmt":"2026-04-06T15:02:11","slug":"zero-soft-pure-kopija","status":"publish","type":"product","link":"https:\/\/birdie.lv\/en\/product\/zero-soft-pure-kopija\/","title":{"rendered":"Latitude 64 Zero Soft Pure"},"content":{"rendered":"<p data-path-to-node=\"6\"><b data-path-to-node=\"6\" data-index-in-node=\"0\">Latitude 64 Zero Soft Pure<\/b> ir viena no popul\u0101r\u0101kaj\u0101m izv\u0113l\u0113m sp\u0113l\u0113t\u0101jiem, kuri mekl\u0113 taisn\u0101ko lidojuma l\u012bniju apvienojum\u0101 ar elast\u012bgu un uzticamu materi\u0101lu. Ar lidojuma parametriem <b data-path-to-node=\"6\" data-index-in-node=\"181\">3 | 3 | -0.5 | 0.5<\/b>, Pure pied\u0101v\u0101 neticami neitr\u0101lu trajektoriju. <b data-path-to-node=\"6\" data-index-in-node=\"246\">Zero Soft<\/b> plastmasa pie\u0161\u0137ir \u0161im modelim papildu priek\u0161roc\u012bbu \u2013 t\u0101 lieliski absorb\u0113 triecienus, padarot to par izcilu izv\u0113li gan prec\u012bziem metieniem groz\u0101, gan b\u012bstamiem pieg\u0101jieniem uz nog\u0101z\u0113m.<\/p>\n<p data-path-to-node=\"7\"><b data-path-to-node=\"7\" data-index-in-node=\"0\">K\u0101p\u0113c Zero Soft Pure ir neaizvietojams tav\u0101 som\u0101?<\/b><\/p>\n<ul data-path-to-node=\"8\">\n<li>\n<p data-path-to-node=\"8,0,0\"><b data-path-to-node=\"8,0,0\" data-index-in-node=\"0\">&#8220;Chain Magnet&#8221; efekts:<\/b> Pateicoties m\u012bkstajai un elast\u012bgajai plastmasai, Pure Zero Soft versij\u0101 daudz lab\u0101k &#8220;ie\u0137eras&#8221; groza \u0137\u0113d\u0113s. Tas samazina risku, ka disks atl\u0113ks atpaka\u013c (<i data-path-to-node=\"8,0,0\" data-index-in-node=\"175\">spit-out<\/i>) pat pie sp\u0113c\u012bg\u0101ka metiena.<\/p>\n<\/li>\n<li>\n<p data-path-to-node=\"8,1,0\"><b data-path-to-node=\"8,1,0\" data-index-in-node=\"0\">Taisn\u0101kais lidojums tirg\u016b:<\/b> Pure ir slaveni ar savu sp\u0113ju neizgriezties un neiekrist hizer\u012b. Tas lidos prec\u012bzi taj\u0101 le\u0146\u0137\u012b, kur\u0101 tu to izmet\u012bsi, padarot to par izcilu r\u012bku savas metiena tehnikas sl\u012bp\u0113\u0161anai.<\/p>\n<\/li>\n<li>\n<p data-path-to-node=\"8,2,0\"><b data-path-to-node=\"8,2,0\" data-index-in-node=\"0\">Dro\u0161i pieg\u0101jieni (Upshots):<\/b> Ja tras\u0113 ir cieta zeme vai nog\u0101zes, Zero Soft Pure p\u0113c trieciena pret zemi uzreiz apst\u0101jas. T\u0101 m\u012bkstais sast\u0101vs nov\u0113r\u0161 nev\u0113lamu ripo\u0161anu (<i data-path-to-node=\"8,2,0\" data-index-in-node=\"166\">roll-away<\/i>), ietaupot tev v\u0113rt\u012bgus soda punktus.<\/p>\n<\/li>\n<\/ul>\n<p data-path-to-node=\"9\"><b data-path-to-node=\"9\" data-index-in-node=\"0\">Zero Soft Plastmasa \u2013 Komforts un p\u0101rliec\u012bba:<\/b> Zero Soft ir Latitude 64 m\u012bkst\u0101k\u0101 b\u0101zes plastmasa, kas pied\u0101v\u0101:<\/p>\n<ol start=\"1\" data-path-to-node=\"10\">\n<li>\n<p data-path-to-node=\"10,0,0\"><b data-path-to-node=\"10,0,0\" data-index-in-node=\"0\">Ekstr\u0113mu sa\u0137eri (Grip):<\/b> Pat aukst\u0101, lietain\u0101 vai sniegot\u0101 laik\u0101 \u0161\u012b plastmasa saglab\u0101 savu elast\u012bbu un nodro\u0161ina p\u0101rliecino\u0161u tv\u0113rienu.<\/p>\n<\/li>\n<li>\n<p data-path-to-node=\"10,1,0\"><b data-path-to-node=\"10,1,0\" data-index-in-node=\"0\">Triecienu absorbcija:<\/b> Materi\u0101ls ir izstr\u0101d\u0101ts t\u0101, lai sl\u0101p\u0113tu ener\u0123iju, kas ir ide\u0101li piem\u0113rots &#8220;puttiem&#8221; un \u012bsiem pieg\u0101jieniem pie groza.<\/p>\n<\/li>\n<li>\n<p data-path-to-node=\"10,2,0\"><b data-path-to-node=\"10,2,0\" data-index-in-node=\"0\">Ergonomisks profils:<\/b> Pure ir pl\u0101ns p\u0101teris bez apmales kant\u012btes (<i data-path-to-node=\"10,2,0\" data-index-in-node=\"65\">beadless<\/i>), kas Zero Soft izpild\u012bjum\u0101 \u0161\u0137iet v\u0113l \u0113rt\u0101ks un viegl\u0101k kontrol\u0113jams.<\/p>\n<\/li>\n<\/ol>","protected":false},"excerpt":{"rendered":"<p><b data-path-to-node=\"17,0\" data-index-in-node=\"0\">Latitude 64 Zero Soft Pure<\/b> apvieno le\u0123end\u0101ro taisno lidojumu ar maksim\u0101lu sa\u0137eri un triecienu absorbciju. Ar parametriem <b data-path-to-node=\"17,0\" data-index-in-node=\"121\">3 | 3 | -0.5 | 0.5<\/b>, \u0161is pl\u0101n\u0101 profila p\u0101teris ir rad\u012bts prec\u012bziem metieniem jebkuros apst\u0101k\u013cos. <b data-path-to-node=\"17,0\" data-index-in-node=\"217\">Zero Soft<\/b> plastmasa nodro\u0161ina, ka disks uzticami &#8220;ie\u0137eras&#8221; groza \u0137\u0113d\u0113s un apst\u0101jas tie\u0161i pie m\u0113r\u0137a bez liekas ripo\u0161anas. Ja mekl\u0113 komfortu un kontroli, uz ko vari pa\u013cauties pat vissare\u017e\u0123\u012bt\u0101kaj\u0101s situ\u0101cij\u0101s, Zero Soft Pure ir tava lab\u0101k\u0101 izv\u0113le.<\/p>","protected":false},"featured_media":2822,"template":"","meta":{"om_disable_all_campaigns":false},"product_brand":[58],"product_cat":[48,64],"product_tag":[],"class_list":{"0":"post-2936","1":"product","2":"type-product","3":"status-publish","4":"has-post-thumbnail","6":"product_brand-latitude64","7":"product_cat-diski","8":"product_cat-putter-approach","10":"first","11":"instock","12":"taxable","13":"shipping-taxable","14":"purchasable","15":"product-type-variable"},"aioseo_notices":[],"jetpack_sharing_enabled":true,"_links":{"self":[{"href":"https:\/\/birdie.lv\/en\/wp-json\/wp\/v2\/product\/2936","targetHints":{"allow":["GET"]}}],"collection":[{"href":"https:\/\/birdie.lv\/en\/wp-json\/wp\/v2\/product"}],"about":[{"href":"https:\/\/birdie.lv\/en\/wp-json\/wp\/v2\/types\/product"}],"version-history":[{"count":2,"href":"https:\/\/birdie.lv\/en\/wp-json\/wp\/v2\/product\/2936\/revisions"}],"predecessor-version":[{"id":5094,"href":"https:\/\/birdie.lv\/en\/wp-json\/wp\/v2\/product\/2936\/revisions\/5094"}],"wp:featuredmedia":[{"embeddable":true,"href":"https:\/\/birdie.lv\/en\/wp-json\/wp\/v2\/media\/2822"}],"wp:attachment":[{"href":"https:\/\/birdie.lv\/en\/wp-json\/wp\/v2\/media?parent=2936"}],"wp:term":[{"taxonomy":"product_brand","embeddable":true,"href":"https:\/\/birdie.lv\/en\/wp-json\/wp\/v2\/product_brand?post=2936"},{"taxonomy":"product_cat","embeddable":true,"href":"https:\/\/birdie.lv\/en\/wp-json\/wp\/v2\/product_cat?post=2936"},{"taxonomy":"product_tag","embeddable":true,"href":"https:\/\/birdie.lv\/en\/wp-json\/wp\/v2\/product_tag?post=2936"}],"curies":[{"name":"wp","href":"https:\/\/api.w.org\/{rel}","templated":true}]}}