{"id":2943,"date":"2025-09-07T15:58:06","date_gmt":"2025-09-07T15:58:06","guid":{"rendered":"https:\/\/birdie.lv\/?post_type=product&#038;p=2943"},"modified":"2026-03-28T07:19:47","modified_gmt":"2026-03-28T07:19:47","slug":"paul-mcbeth-luna","status":"publish","type":"product","link":"https:\/\/birdie.lv\/en\/product\/paul-mcbeth-luna\/","title":{"rendered":"Discraft Paul McBeth Luna"},"content":{"rendered":"<p data-path-to-node=\"6\"><b data-path-to-node=\"6\" data-index-in-node=\"0\">Discraft Paul McBeth Luna<\/b> ir rad\u012bts, lai nodro\u0161in\u0101tu profesion\u0101lu precizit\u0101ti groza tuvum\u0101 un neticamu distanci no &#8220;tee&#8221; laukuma. Ar lidojuma parametriem <b data-path-to-node=\"6\" data-index-in-node=\"154\">3 | 3 | 0 | 3<\/b>, Luna pied\u0101v\u0101 unik\u0101lu kombin\u0101ciju: t\u0101 ir pietiekami neitr\u0101la taisniem metieniem, bet taj\u0101 pa\u0161\u0101 laik\u0101 pietiekami stabila, lai iztur\u0113tu lielu jaudu un v\u0113ja br\u0101zmas. Tas ir disks bez apmales kant\u012btes (<i data-path-to-node=\"6\" data-index-in-node=\"366\">beadless<\/i>), kas nodro\u0161ina nevainojami gludu atlai\u0161anu katr\u0101 metien\u0101.<\/p>\n<p data-path-to-node=\"7\"><b data-path-to-node=\"7\" data-index-in-node=\"0\">K\u0101p\u0113c Paul McBeth Luna ir oblig\u0101ts papildin\u0101jums tav\u0101 som\u0101?<\/b><\/p>\n<ul data-path-to-node=\"8\">\n<li>\n<p data-path-to-node=\"8,0,0\"><b data-path-to-node=\"8,0,0\" data-index-in-node=\"0\">&#8220;Driving Putter&#8221; ikona:<\/b> Luna ir slavena ar savu sp\u0113ju lidot neticami t\u0101lu. Daudzi sp\u0113l\u0113t\u0101ji to izmanto k\u0101 savu galveno metamo p\u0101teri, jo tas lieliski tur taisnu l\u012bniju ar uzticamu un prognoz\u0113jamu nosl\u0113gumu (<i data-path-to-node=\"8,0,0\" data-index-in-node=\"207\">fade<\/i>).<\/p>\n<\/li>\n<li>\n<p data-path-to-node=\"8,1,0\"><b data-path-to-node=\"8,1,0\" data-index-in-node=\"0\">\u010cempiona dizains:<\/b> Katrs Luna aspekts \u2013 no profila dzi\u013cuma l\u012bdz plastmasas tekst\u016brai \u2013 ir izstr\u0101d\u0101ts p\u0113c Pola Makbeta nor\u0101d\u012bjumiem, lai sniegtu p\u0101rliec\u012bbu jebkur\u0101 situ\u0101cij\u0101.<\/p>\n<\/li>\n<li>\n<p data-path-to-node=\"8,2,0\"><b data-path-to-node=\"8,2,0\" data-index-in-node=\"0\">V\u0113ja uzticam\u012bba:<\/b> Neskatoties uz t\u0101 lielo plan\u0113jumu, 3. l\u012bme\u0146a stabilit\u0101te (<i data-path-to-node=\"8,2,0\" data-index-in-node=\"75\">fade<\/i>) garant\u0113, ka disks neizgriez\u012bsies pie lielas jaudas un vienm\u0113r atrad\u012bs ce\u013cu uz m\u0113r\u0137i.<\/p>\n<\/li>\n<\/ul>\n<p data-path-to-node=\"9\"><b data-path-to-node=\"9\" data-index-in-node=\"0\">Plastmasu daudzveid\u012bba:<\/b> Luna ir pieejama vair\u0101kos ekskluz\u012bvos Discraft materi\u0101los:<\/p>\n<ol start=\"1\" data-path-to-node=\"10\">\n<li>\n<p data-path-to-node=\"10,0,0\"><b data-path-to-node=\"10,0,0\" data-index-in-node=\"0\">Jawbreaker Blend (Standarta):<\/b> \u0160is materi\u0101ls ir izstr\u0101d\u0101ts speci\u0101li Luna modelim. Tas ir m\u012bksts, nedaudz &#8220;lip\u012bgs&#8221; un nodro\u0161ina izcilu sa\u0137eri ar groza \u0137\u0113d\u0113m, vienlaikus saglab\u0101jot stingr\u012bbu konsekventai atlai\u0161anai.<\/p>\n<\/li>\n<li>\n<p data-path-to-node=\"10,1,0\"><b data-path-to-node=\"10,1,0\" data-index-in-node=\"0\">Big Z \/ Z \/ ESP:<\/b> \u0160\u012bs premium plastmasas versijas padara Lunu v\u0113l stabil\u0101ku un iztur\u012bg\u0101ku, p\u0101rv\u0113r\u0161ot to par neuzvaramu r\u012bku t\u0101lajiem &#8220;tee&#8221; metieniem me\u017ea tras\u0113s.<\/p>\n<\/li>\n<li>\n<p data-path-to-node=\"10,2,0\"><b data-path-to-node=\"10,2,0\" data-index-in-node=\"0\">Metallic Z \/ Crystal:<\/b> Bie\u017ei sastopamas limit\u0113tos izdevumos, pied\u0101v\u0101jot maksim\u0101lu stabilit\u0101ti un unik\u0101lu vizu\u0101lo est\u0113tiku.<\/p>\n<\/li>\n<\/ol>","protected":false},"excerpt":{"rendered":"<p><b data-path-to-node=\"17,0\" data-index-in-node=\"0\">Discraft Paul McBeth Luna<\/b> ir elites l\u012bme\u0146a p\u0101teris, kas rad\u012bts, lai domin\u0113tu tras\u0113. Ar parametriem <b data-path-to-node=\"17,0\" data-index-in-node=\"99\">3 | 3 | 0 | 3<\/b>, tas apvieno taisnu lidojumu ar uzticamu stabilit\u0101ti, padarot to par vienu no lab\u0101kajiem &#8220;driving putter&#8221; mode\u013ciem pasaul\u0113. Neatkar\u012bgi no t\u0101, vai veic iz\u0161\u0137iro\u0161u metienu groz\u0101 vai t\u0101lmetienu no &#8220;tee&#8221;, Luna nodro\u0161ina profesion\u0101lu kontroli un nevainojamu sa\u0137eri. Izv\u0113lies se\u0161k\u0101rt\u0113j\u0101 pasaules \u010dempiona rad\u012bto r\u012bku un pacel savu precizit\u0101ti jaun\u0101 l\u012bmen\u012b.<\/p>","protected":false},"featured_media":2947,"template":"","meta":{"om_disable_all_campaigns":false},"product_brand":[59],"product_cat":[48,362,64],"product_tag":[],"class_list":{"0":"post-2943","1":"product","2":"type-product","3":"status-publish","4":"has-post-thumbnail","6":"product_brand-discraft","7":"product_cat-diski","8":"product_cat-paul-mcbeth","9":"product_cat-putter-approach","11":"first","12":"instock","13":"taxable","14":"shipping-taxable","15":"purchasable","16":"product-type-variable"},"aioseo_notices":[],"jetpack_sharing_enabled":true,"_links":{"self":[{"href":"https:\/\/birdie.lv\/en\/wp-json\/wp\/v2\/product\/2943","targetHints":{"allow":["GET"]}}],"collection":[{"href":"https:\/\/birdie.lv\/en\/wp-json\/wp\/v2\/product"}],"about":[{"href":"https:\/\/birdie.lv\/en\/wp-json\/wp\/v2\/types\/product"}],"version-history":[{"count":1,"href":"https:\/\/birdie.lv\/en\/wp-json\/wp\/v2\/product\/2943\/revisions"}],"predecessor-version":[{"id":5097,"href":"https:\/\/birdie.lv\/en\/wp-json\/wp\/v2\/product\/2943\/revisions\/5097"}],"wp:featuredmedia":[{"embeddable":true,"href":"https:\/\/birdie.lv\/en\/wp-json\/wp\/v2\/media\/2947"}],"wp:attachment":[{"href":"https:\/\/birdie.lv\/en\/wp-json\/wp\/v2\/media?parent=2943"}],"wp:term":[{"taxonomy":"product_brand","embeddable":true,"href":"https:\/\/birdie.lv\/en\/wp-json\/wp\/v2\/product_brand?post=2943"},{"taxonomy":"product_cat","embeddable":true,"href":"https:\/\/birdie.lv\/en\/wp-json\/wp\/v2\/product_cat?post=2943"},{"taxonomy":"product_tag","embeddable":true,"href":"https:\/\/birdie.lv\/en\/wp-json\/wp\/v2\/product_tag?post=2943"}],"curies":[{"name":"wp","href":"https:\/\/api.w.org\/{rel}","templated":true}]}}