{"id":2957,"date":"2025-09-07T16:13:51","date_gmt":"2025-09-07T16:13:51","guid":{"rendered":"https:\/\/birdie.lv\/?post_type=product&#038;p=2957"},"modified":"2026-04-10T09:24:51","modified_gmt":"2026-04-10T09:24:51","slug":"esp-cigarra-anthony-barela","status":"publish","type":"product","link":"https:\/\/birdie.lv\/en\/product\/esp-cigarra-anthony-barela\/","title":{"rendered":"Discraft ESP Cigarra &#8211; Anthony Barela"},"content":{"rendered":"<p data-path-to-node=\"6\"><b data-path-to-node=\"6\" data-index-in-node=\"0\">Discraft ESP Cigarra<\/b> Anthony Barela s\u0113rij\u0101 ir disks, kas rad\u012bts, lai atvieglotu distanci un sniegtu nep\u0101rsp\u0113jamu kontroli \u0161aur\u0101s ej\u0101s. Ar lidojuma parametriem <b data-path-to-node=\"6\" data-index-in-node=\"159\">5 | 6 | -2 | 1<\/b>, Cigarra ir ide\u0101ls r\u012bks &#8220;hyzer-flip&#8221; metieniem un gariem, kontrol\u0113tiem anhaizeriem. Anthony Barela, kur\u0161 ir paz\u012bstams ar savu milz\u012bgo jaudu, izmanto \u0161o disku tehniskos me\u017ea metienos, kur nepiecie\u0161ams, lai disks l\u0113n\u0101m un prognoz\u0113jami &#8220;pagrieztos&#8221; pa labi (labro\u010diem).<\/p>\n<p data-path-to-node=\"7\"><b data-path-to-node=\"7\" data-index-in-node=\"0\">K\u0101p\u0113c Anthony Barela Cigarra ir tavs jaunais slepenais ierocis?<\/b><\/p>\n<ul data-path-to-node=\"8\">\n<li>\n<p data-path-to-node=\"8,0,0\"><b data-path-to-node=\"8,0,0\" data-index-in-node=\"0\">Fenomen\u0101ls plan\u0113jums (Glide 6):<\/b> Cigarra burtiski &#8220;peld&#8221; gais\u0101. Pateicoties augstajam plan\u0113juma r\u0101d\u012bt\u0101jam, tas sasniedz liel\u0101ku distanci ar maz\u0101ku piep\u016bli, padarot to par izcilu izv\u0113li gan pro sp\u0113l\u0113t\u0101jiem, gan amatieriem.<\/p>\n<\/li>\n<li>\n<p data-path-to-node=\"8,1,0\"><b data-path-to-node=\"8,1,0\" data-index-in-node=\"0\">&#8220;Hyzer-Flip&#8221; meistars:<\/b> \u0160is disks ir rad\u012bts, lai to palaistu ar hizeri, \u013caujot tam gais\u0101 iztaisnoties un lidot taisni k\u0101 bultai ar minim\u0101lu beigu kritienu.<\/p>\n<\/li>\n<li>\n<p data-path-to-node=\"8,2,0\"><b data-path-to-node=\"8,2,0\" data-index-in-node=\"0\">ESP Plastmasa \u2013 Premium sa\u0137ere un iztur\u012bba:<\/b> ESP materi\u0101ls pied\u0101v\u0101 izcilu l\u012bdzsvaru starp iztur\u012bbu un sa\u0137eri. Tas ir nedaudz m\u012bkst\u0101ks par Z plastmasu, sniedzot lab\u0101ku tv\u0113rienu, un taj\u0101 pa\u0161\u0101 laik\u0101 tas ir pietiekami iztur\u012bgs, lai saglab\u0101tu lidojuma parametrus p\u0113c sadursm\u0113m ar kokiem.<\/p>\n<\/li>\n<li>\n<p data-path-to-node=\"8,3,0\"><b data-path-to-node=\"8,3,0\" data-index-in-node=\"0\">2025 Team Series dizains:<\/b> Katrs disks ir vizu\u0101li unik\u0101ls ar ESP plastmasai rakstur\u012bgajiem kr\u0101su virpu\u013ciem un ofici\u0101lo Anthony Barela 2025. gada t\u016bres z\u012bmogu. Ieg\u0101d\u0101joties \u0161o disku, tu tie\u0161i atbalsti pasaules \u010dempionu vi\u0146a t\u016br\u0113.<\/p>\n<\/li>\n<\/ul>","protected":false},"excerpt":{"rendered":"<p><b data-path-to-node=\"15,0\" data-index-in-node=\"0\">Discraft ESP Cigarra Anthony Barela 2025<\/b> ir rad\u012bts precizit\u0101tei un maksim\u0101lam plan\u0113jumam. Ar parametriem <b data-path-to-node=\"15,0\" data-index-in-node=\"105\">5 | 6 | -2 | 1<\/b>, \u0161is mazstabilit\u0101tes vid\u0113j\u0101 r\u0101diusa disks ir ide\u0101ls r\u012bks tehnisk\u0101m me\u017ea tras\u0113m un gariem &#8220;S-curve&#8221; lidojumiem. Premium <b data-path-to-node=\"15,0\" data-index-in-node=\"239\">ESP<\/b> plastmasa nodro\u0161ina izcilu sa\u0137eri un unik\u0101lu est\u0113tiku, savuk\u0101rt augstais plan\u0113jums pal\u012bdz sasniegt distanci bez liekas piep\u016bles. Pacel savu sp\u0113li jaun\u0101 l\u012bmen\u012b ar pasaules \u010dempiona Anthony Barela ofici\u0101lo 2025. gada izv\u0113li.<\/p>","protected":false},"featured_media":3500,"template":"","meta":{"om_disable_all_campaigns":false},"product_brand":[59],"product_cat":[361,48,66,284],"product_tag":[],"class_list":{"0":"post-2957","1":"product","2":"type-product","3":"status-publish","4":"has-post-thumbnail","6":"product_brand-discraft","7":"product_cat-anthony-barela","8":"product_cat-diski","9":"product_cat-fairway-drivers","10":"product_cat-new","12":"first","13":"instock","14":"taxable","15":"shipping-taxable","16":"purchasable","17":"product-type-variable"},"aioseo_notices":[],"jetpack_sharing_enabled":true,"_links":{"self":[{"href":"https:\/\/birdie.lv\/en\/wp-json\/wp\/v2\/product\/2957","targetHints":{"allow":["GET"]}}],"collection":[{"href":"https:\/\/birdie.lv\/en\/wp-json\/wp\/v2\/product"}],"about":[{"href":"https:\/\/birdie.lv\/en\/wp-json\/wp\/v2\/types\/product"}],"version-history":[{"count":2,"href":"https:\/\/birdie.lv\/en\/wp-json\/wp\/v2\/product\/2957\/revisions"}],"predecessor-version":[{"id":5099,"href":"https:\/\/birdie.lv\/en\/wp-json\/wp\/v2\/product\/2957\/revisions\/5099"}],"wp:featuredmedia":[{"embeddable":true,"href":"https:\/\/birdie.lv\/en\/wp-json\/wp\/v2\/media\/3500"}],"wp:attachment":[{"href":"https:\/\/birdie.lv\/en\/wp-json\/wp\/v2\/media?parent=2957"}],"wp:term":[{"taxonomy":"product_brand","embeddable":true,"href":"https:\/\/birdie.lv\/en\/wp-json\/wp\/v2\/product_brand?post=2957"},{"taxonomy":"product_cat","embeddable":true,"href":"https:\/\/birdie.lv\/en\/wp-json\/wp\/v2\/product_cat?post=2957"},{"taxonomy":"product_tag","embeddable":true,"href":"https:\/\/birdie.lv\/en\/wp-json\/wp\/v2\/product_tag?post=2957"}],"curies":[{"name":"wp","href":"https:\/\/api.w.org\/{rel}","templated":true}]}}