{"id":2984,"date":"2025-09-07T16:39:36","date_gmt":"2025-09-07T16:39:36","guid":{"rendered":"https:\/\/birdie.lv\/?post_type=product&#038;p=2984"},"modified":"2026-03-28T07:22:45","modified_gmt":"2026-03-28T07:22:45","slug":"fuzed-line-scorch","status":"publish","type":"product","link":"https:\/\/birdie.lv\/en\/product\/fuzed-line-scorch\/","title":{"rendered":"Discraft FuZed Line Scorch"},"content":{"rendered":"<p data-path-to-node=\"6\"><b data-path-to-node=\"6\" data-index-in-node=\"0\">Discraft FuZed Line Scorch<\/b> ir rad\u012bts, lai nodro\u0161in\u0101tu &#8220;bezmaksas distanci&#8221; jebkura l\u012bme\u0146a sp\u0113l\u0113t\u0101jam. Ar lidojuma parametriem <b data-path-to-node=\"6\" data-index-in-node=\"126\">11 | 6 | -2 | 2<\/b>, Scorch ie\u0146em unik\u0101lu vietu Discraft katalog\u0101 \u2013 tas ir \u0101trs distances draiveris, kas lido k\u0101 iem\u0113t\u0101ts un uzticams <i data-path-to-node=\"6\" data-index-in-node=\"256\">fairway<\/i> draiveris. Pateicoties t\u0101 mazstabilit\u0101tei (<i data-path-to-node=\"6\" data-index-in-node=\"307\">understable<\/i>), tas ir izcils r\u012bks gariem &#8220;S-curve&#8221; lidojumiem un kontrol\u0113tiem metieniem pa v\u0113jam.<\/p>\n<p data-path-to-node=\"7\"><b data-path-to-node=\"7\" data-index-in-node=\"0\">K\u0101p\u0113c FuZed Scorch ir tavs jaunais distances favor\u012bts?<\/b><\/p>\n<ul data-path-to-node=\"8\">\n<li>\n<p data-path-to-node=\"8,0,0\"><b data-path-to-node=\"8,0,0\" data-index-in-node=\"0\">Plan\u0113juma \u010dempions (Glide 6):<\/b> Scorch ir paz\u012bstams ar savu sp\u0113ju &#8220;tur\u0113ties gais\u0101&#8221;. 6. l\u012bme\u0146a plan\u0113jums \u013cauj sp\u0113l\u0113t\u0101jiem ar vid\u0113ju rokas \u0101trumu sasniegt t\u0101dus att\u0101lumus, kas iepriek\u0161 bija iesp\u0113jami tikai ar \u0101tr\u0101kiem 13. \u0101truma diskiem.<\/p>\n<\/li>\n<li>\n<p data-path-to-node=\"8,1,0\"><b data-path-to-node=\"8,1,0\" data-index-in-node=\"0\">Perfekts &#8220;Hyzer-Flip&#8221;:<\/b> Palaid Scorch ar nelielu hizeri, un v\u0113ro, k\u0101 tas izl\u012bdzin\u0101s, veic maigu pagriezienu pa labi un nosl\u0113dz lidojumu ar prognoz\u0113jamu kritienu. Tas ir ide\u0101ls disks me\u017ea tras\u0113m, kur nepiecie\u0161ama distance \u0161aur\u0101 koridor\u0101.<\/p>\n<\/li>\n<li>\n<p data-path-to-node=\"8,2,0\"><b data-path-to-node=\"8,2,0\" data-index-in-node=\"0\">Pielaid\u012bgs raksturs:<\/b> At\u0161\u0137ir\u012bb\u0101 no agres\u012bvi stabilajiem draiveriem, Scorch pal\u012bdz sp\u0113l\u0113t\u0101jiem labot metiena k\u013c\u016bdas, nodro\u0161inot taisn\u0101ku trajektoriju pat pie nepiln\u012bgas tehnikas.<\/p>\n<\/li>\n<\/ul>\n<p data-path-to-node=\"9\"><b data-path-to-node=\"9\" data-index-in-node=\"0\">FuZed Plastmasa \u2013 N\u0101kam\u0101s paaudzes hibr\u012bds:<\/b> FuZed l\u012bnija ir Discraft in\u017eenierijas virsotne, kas apvieno:<\/p>\n<ol start=\"1\" data-path-to-node=\"10\">\n<li>\n<p data-path-to-node=\"10,0,0\"><b data-path-to-node=\"10,0,0\" data-index-in-node=\"0\">Z Line iztur\u012bbu:<\/b> Disks saglab\u0101s savus lidojuma parametrus un &#8220;hizer-flip&#8221; \u012bpa\u0161\u012bbas neticami ilgi, pat p\u0113c intens\u012bvas lieto\u0161anas.<\/p>\n<\/li>\n<li>\n<p data-path-to-node=\"10,1,0\"><b data-path-to-node=\"10,1,0\" data-index-in-node=\"0\">ESP Line sa\u0137eri:<\/b> Materi\u0101ls ir nedaudz m\u012bkst\u0101ks un sa\u0137er\u012bg\u0101ks nek\u0101 standarta Z plastmasa, sniedzot izcilu kontroli un p\u0101rliec\u012bbu pat mitros laikapst\u0101k\u013cos.<\/p>\n<\/li>\n<li>\n<p data-path-to-node=\"10,2,0\"><b data-path-to-node=\"10,2,0\" data-index-in-node=\"0\">Vizu\u0101lo est\u0113tiku:<\/b> FuZed plastmasai rakstur\u012bgs unik\u0101ls, puscaursp\u012bd\u012bgs &#8220;swirl&#8221; efekts, kas padara katru disku par unik\u0101lu m\u0101kslas darbu.<\/p>\n<\/li>\n<\/ol>","protected":false},"excerpt":{"rendered":"<p data-path-to-node=\"6\"><b data-path-to-node=\"17,0\" data-index-in-node=\"0\">Discraft FuZed Line Scorch<\/b> ir distances draiveris, kas rad\u012bts vieglam un garam lidojumam. Ar parametriem <b data-path-to-node=\"17,0\" data-index-in-node=\"105\">11 | 6 | -2 | 2<\/b>, tas pied\u0101v\u0101 nep\u0101rsp\u0113jamu plan\u0113jumu un kontrol\u0113tu &#8220;S-curve&#8221; trajektoriju. Jaun\u0101 hibr\u012bda <b data-path-to-node=\"17,0\" data-index-in-node=\"209\">FuZed<\/b> plastmasa apvieno le\u0123end\u0101ro Z iztur\u012bbu ar ESP izcilo sa\u0137eri, padarot \u0161o Scorch versiju par uzticam\u0101ko r\u012bku taviem t\u0101l\u0101kajiem metieniem. Ja mekl\u0113 disku, kas pal\u012bdz\u0113s sasniegt jaunus distances rekordus ar minim\u0101lu piep\u016bli, Scorch ir tava izv\u0113le.<\/p>","protected":false},"featured_media":3006,"template":"","meta":{"om_disable_all_campaigns":false},"product_brand":[59],"product_cat":[48,67,204],"product_tag":[],"class_list":{"0":"post-2984","1":"product","2":"type-product","3":"status-publish","4":"has-post-thumbnail","6":"product_brand-discraft","7":"product_cat-diski","8":"product_cat-distance-drivers","9":"product_cat-fuzed","11":"first","12":"instock","13":"taxable","14":"shipping-taxable","15":"purchasable","16":"product-type-variable"},"aioseo_notices":[],"jetpack_sharing_enabled":true,"_links":{"self":[{"href":"https:\/\/birdie.lv\/en\/wp-json\/wp\/v2\/product\/2984","targetHints":{"allow":["GET"]}}],"collection":[{"href":"https:\/\/birdie.lv\/en\/wp-json\/wp\/v2\/product"}],"about":[{"href":"https:\/\/birdie.lv\/en\/wp-json\/wp\/v2\/types\/product"}],"version-history":[{"count":2,"href":"https:\/\/birdie.lv\/en\/wp-json\/wp\/v2\/product\/2984\/revisions"}],"predecessor-version":[{"id":3187,"href":"https:\/\/birdie.lv\/en\/wp-json\/wp\/v2\/product\/2984\/revisions\/3187"}],"wp:featuredmedia":[{"embeddable":true,"href":"https:\/\/birdie.lv\/en\/wp-json\/wp\/v2\/media\/3006"}],"wp:attachment":[{"href":"https:\/\/birdie.lv\/en\/wp-json\/wp\/v2\/media?parent=2984"}],"wp:term":[{"taxonomy":"product_brand","embeddable":true,"href":"https:\/\/birdie.lv\/en\/wp-json\/wp\/v2\/product_brand?post=2984"},{"taxonomy":"product_cat","embeddable":true,"href":"https:\/\/birdie.lv\/en\/wp-json\/wp\/v2\/product_cat?post=2984"},{"taxonomy":"product_tag","embeddable":true,"href":"https:\/\/birdie.lv\/en\/wp-json\/wp\/v2\/product_tag?post=2984"}],"curies":[{"name":"wp","href":"https:\/\/api.w.org\/{rel}","templated":true}]}}