{"id":3045,"date":"2025-09-07T17:11:49","date_gmt":"2025-09-07T17:11:49","guid":{"rendered":"https:\/\/birdie.lv\/?post_type=product&#038;p=3045"},"modified":"2026-04-06T15:00:41","modified_gmt":"2026-04-06T15:00:41","slug":"esp-buzzz-paul-mcbeth-6x","status":"publish","type":"product","link":"https:\/\/birdie.lv\/en\/product\/esp-buzzz-paul-mcbeth-6x\/","title":{"rendered":"Discraft ESP Buzzz &#8211; Paul McBeth 6x"},"content":{"rendered":"<p data-path-to-node=\"6\"><b data-path-to-node=\"6\" data-index-in-node=\"0\">Discraft ESP Buzzz 6x Signature Series<\/b> ir vair\u0101k nek\u0101 tikai disks \u2013 tas ir simbols stabilit\u0101tei un uzvar\u0113t\u0101ja ment\u0101lit\u0101tei. Ar lidojuma parametriem <b data-path-to-node=\"6\" data-index-in-node=\"148\">5 | 4 | -1 | 1<\/b>, Buzzz ir slavens ar savu sp\u0113ju lidot neticami taisni jebkur\u0101 distanc\u0113. Neatkar\u012bgi no t\u0101, vai esi profesion\u0101lis vai ies\u0101c\u0113js, \u0161is disks &#8220;klausa&#8221; tavam metienam, perfekti noturot jebkuru le\u0146\u0137i (hizeri, anhaizeri vai taisnu l\u012bniju).<\/p>\n<p data-path-to-node=\"7\"><b data-path-to-node=\"7\" data-index-in-node=\"0\">K\u0101p\u0113c Paul McBeth 6x Buzzz ir nepiecie\u0161ams tav\u0101 som\u0101?<\/b><\/p>\n<ul data-path-to-node=\"8\">\n<li>\n<p data-path-to-node=\"8,0,0\"><b data-path-to-node=\"8,0,0\" data-index-in-node=\"0\">Ikoniska neitralit\u0101te:<\/b> Buzzz ir industrijas standarts &#8220;point-and-shoot&#8221; metieniem. Tam ir minim\u0101ls s\u0101kotn\u0113jais pagrieziens un maigs, prognoz\u0113jams nosl\u0113gums, kas padara to par uzticam\u0101ko r\u012bku \u0161aur\u0101s me\u017ea tras\u0113s.<\/p>\n<\/li>\n<li>\n<p data-path-to-node=\"8,1,0\"><b data-path-to-node=\"8,1,0\" data-index-in-node=\"0\">6x World Champion s\u0113rija:<\/b> \u0160is speci\u0101lais izdevums izce\u013cas ar unik\u0101lu z\u012bmogu (<i data-path-to-node=\"8,1,0\" data-index-in-node=\"77\">stamp<\/i>), kas svin Pola Makbeta v\u0113sturisko sasniegumu. Tas ir gan izcils sporta invent\u0101rs, gan v\u0113rt\u012bgs kolekcijas eksempl\u0101rs.<\/p>\n<\/li>\n<li>\n<p data-path-to-node=\"8,2,0\"><b data-path-to-node=\"8,2,0\" data-index-in-node=\"0\">ESP Plastmasa \u2013 Premium sa\u0137ere:<\/b> Discraft ESP materi\u0101ls ir paz\u012bstams ar savu izcilo l\u012bdzsvaru starp iztur\u012bbu un sa\u0137eri. Tas rok\u0101 j\u016btas dro\u0161i un &#8220;lip\u012bgi&#8221;, nodro\u0161inot maksim\u0101lu kontroli pat mitros laikapst\u0101k\u013cos.<\/p>\n<\/li>\n<li>\n<p data-path-to-node=\"8,3,0\"><b data-path-to-node=\"8,3,0\" data-index-in-node=\"0\">Vizu\u0101l\u0101 est\u0113tika:<\/b> ESP plastmasas &#8220;Swirl&#8221; efekts padara katru disku neatk\u0101rtojamu \u2013 nav divu vien\u0101du kr\u0101su salikumu, kas pie\u0161\u0137ir tavam komplektam person\u012bbu.<\/p>\n<\/li>\n<\/ul>","protected":false},"excerpt":{"rendered":"<p><b data-path-to-node=\"15,0\" data-index-in-node=\"0\">Discraft ESP Buzzz Paul McBeth 6x<\/b> ir pasaul\u0113 atz\u012bt\u0101kais vid\u0113j\u0101 r\u0101diusa disks, kas velt\u012bts se\u0161k\u0101rt\u0113j\u0101 \u010dempiona pan\u0101kumiem. Ar parametriem <b data-path-to-node=\"15,0\" data-index-in-node=\"137\">5 | 4 | -1 | 1<\/b>, tas pied\u0101v\u0101 nep\u0101rsp\u0113jamu taisnvirziena stabilit\u0101ti un precizit\u0101ti. Premium <b data-path-to-node=\"15,0\" data-index-in-node=\"228\">ESP<\/b> plastmasa nodro\u0161ina elites l\u012bme\u0146a sa\u0137eri un unik\u0101lu vizu\u0101lo &#8220;swirl&#8221; dizainu. Ja mekl\u0113 uzticam\u0101ko disku sav\u0101 som\u0101, kas lidos tie\u0161i tur, kur to m\u0113r\u0137\u0113si, \u0161is \u010dempiona s\u0113rijas Buzzz ir tava lab\u0101k\u0101 izv\u0113le.<\/p>","protected":false},"featured_media":3059,"template":"","meta":{"om_disable_all_campaigns":false},"product_brand":[59],"product_cat":[48,65,362],"product_tag":[],"class_list":{"0":"post-3045","1":"product","2":"type-product","3":"status-publish","4":"has-post-thumbnail","6":"product_brand-discraft","7":"product_cat-diski","8":"product_cat-midrange","9":"product_cat-paul-mcbeth","11":"first","12":"outofstock","13":"taxable","14":"shipping-taxable","15":"purchasable","16":"product-type-variable"},"aioseo_notices":[],"jetpack_sharing_enabled":true,"_links":{"self":[{"href":"https:\/\/birdie.lv\/en\/wp-json\/wp\/v2\/product\/3045","targetHints":{"allow":["GET"]}}],"collection":[{"href":"https:\/\/birdie.lv\/en\/wp-json\/wp\/v2\/product"}],"about":[{"href":"https:\/\/birdie.lv\/en\/wp-json\/wp\/v2\/types\/product"}],"version-history":[{"count":2,"href":"https:\/\/birdie.lv\/en\/wp-json\/wp\/v2\/product\/3045\/revisions"}],"predecessor-version":[{"id":5103,"href":"https:\/\/birdie.lv\/en\/wp-json\/wp\/v2\/product\/3045\/revisions\/5103"}],"wp:featuredmedia":[{"embeddable":true,"href":"https:\/\/birdie.lv\/en\/wp-json\/wp\/v2\/media\/3059"}],"wp:attachment":[{"href":"https:\/\/birdie.lv\/en\/wp-json\/wp\/v2\/media?parent=3045"}],"wp:term":[{"taxonomy":"product_brand","embeddable":true,"href":"https:\/\/birdie.lv\/en\/wp-json\/wp\/v2\/product_brand?post=3045"},{"taxonomy":"product_cat","embeddable":true,"href":"https:\/\/birdie.lv\/en\/wp-json\/wp\/v2\/product_cat?post=3045"},{"taxonomy":"product_tag","embeddable":true,"href":"https:\/\/birdie.lv\/en\/wp-json\/wp\/v2\/product_tag?post=3045"}],"curies":[{"name":"wp","href":"https:\/\/api.w.org\/{rel}","templated":true}]}}