{"id":3062,"date":"2025-09-07T17:22:49","date_gmt":"2025-09-07T17:22:49","guid":{"rendered":"https:\/\/birdie.lv\/?post_type=product&#038;p=3062"},"modified":"2026-04-06T18:10:36","modified_gmt":"2026-04-06T18:10:36","slug":"ulibarri-captains-special-blend-raptor","status":"publish","type":"product","link":"https:\/\/birdie.lv\/en\/product\/ulibarri-captains-special-blend-raptor\/","title":{"rendered":"Discraft Ulibarri Captain&#8217;s Special Blend Raptor"},"content":{"rendered":"<p data-path-to-node=\"6\"><b class=\"\" data-path-to-node=\"6\" data-index-in-node=\"0\">Discraft Raptor<\/b><span class=\"\"> Paul Ulibarri kaptei\u0146a s\u0113rij\u0101 ir disks,<\/span><span class=\"\"> kas nepievi\u013c pat visstipr\u0101kaj\u0101 pretv\u0113j\u0101.<\/span><span class=\"\"> Ar lidojuma parametriem <\/span><b class=\"\" data-path-to-node=\"6\" data-index-in-node=\"121\">9 | 4 | 0 | 3<\/b><span class=\"\">,<\/span><span class=\"\"> Raptor pied\u0101v\u0101 agres\u012bvu un uzticamu stabilit\u0101ti.<\/span><span class=\"\"> Tas ir izstr\u0101d\u0101ts,<\/span><span class=\"\"> lai aizpild\u012btu robu starp \u0101trajiem distances draiveriem un vid\u0113j\u0101 r\u0101diusa diskiem,<\/span><span class=\"\"> sniedzot sp\u0113l\u0113t\u0101jam p\u0101rliec\u012bbu par to,<\/span><span class=\"\"> ka disks p\u0113c lidojuma beig\u0101m vienm\u0113r &#8220;iekrit\u012bs&#8221; hizer\u012b.<\/span><\/p>\n<p data-path-to-node=\"7\"><b class=\"\" data-path-to-node=\"7\" data-index-in-node=\"0\">K\u0101p\u0113c Captain\u2019s Special Blend Raptor ir tavs jaunais favor\u012bts?<\/b><\/p>\n<ul data-path-to-node=\"8\">\n<li>\n<p data-path-to-node=\"8,0,0\"><b class=\"\" data-path-to-node=\"8,0,0\" data-index-in-node=\"0\">Uzticam\u012bba v\u0113ja br\u0101zm\u0101s:<\/b><span class=\"\"> \u0160is Raptor ir rad\u012bts,<\/span><span class=\"\"> lai c\u012bn\u012btos ar v\u0113ju.<\/span><span class=\"\"> T\u0101 3.<\/span><span class=\"\"> l\u012bme\u0146a beigu kritiens (<\/span><i class=\"\" data-path-to-node=\"8,0,0\" data-index-in-node=\"97\">fade<\/i><span class=\"\">) garant\u0113,<\/span><span class=\"\"> ka disks neizgriez\u012bsies (<\/span><i class=\"\" data-path-to-node=\"8,0,0\" data-index-in-node=\"137\">turn<\/i><span class=\"\">) pat pie jaud\u012bgiem metieniem,<\/span><span class=\"\"> padarot to par perfektu r\u012bku &#8220;flex&#8221; metieniem un asiem hizeriem.<\/span><\/p>\n<\/li>\n<li>\n<p data-path-to-node=\"8,1,0\"><b class=\"\" data-path-to-node=\"8,1,0\" data-index-in-node=\"0\">Forehand meistars:<\/b><span class=\"\"> Pateicoties savam plakanajam profilam un \u0113rtajai apmalei,<\/span><span class=\"\"> Raptor ir daudzu sp\u0113l\u0113t\u0101ju pirm\u0101 izv\u0113le s\u0101nmetieniem (<\/span><i class=\"\" data-path-to-node=\"8,1,0\" data-index-in-node=\"131\">forehand<\/i><span class=\"\">).<\/span><span class=\"\"> Tas nodro\u0161ina t\u012bru atlai\u0161anu un prognoz\u0113jamu distanci katr\u0101 izmetien\u0101.<\/span><\/p>\n<\/li>\n<li>\n<p data-path-to-node=\"8,2,0\"><b class=\"\" data-path-to-node=\"8,2,0\" data-index-in-node=\"0\">&#8220;Captain\u2019s Special Blend&#8221; Plastmasa:<\/b><span class=\"\"> \u0160is ir unik\u0101ls polim\u0113ru mais\u012bjums,<\/span><span class=\"\"> kas rad\u012bts speci\u0101li Paul Ulibarri s\u0113rijai.<\/span><span class=\"\"> Tas apvieno <\/span><b class=\"\" data-path-to-node=\"8,2,0\" data-index-in-node=\"127\">ESP<\/b><span class=\"\"> plastmasas sa\u0137eri ar <\/span><b class=\"\" data-path-to-node=\"8,2,0\" data-index-in-node=\"152\">Z<\/b><span class=\"\"> l\u012bnijas iztur\u012bbu un stingr\u012bbu.<\/span><span class=\"\"> Rezult\u0101t\u0101 disks rok\u0101 j\u016btas &#8220;premium&#8221; l\u012bmen\u012b \u2013 tas ir pietiekami sa\u0137er\u012bgs dro\u0161am tv\u0113rienam un pietiekami iztur\u012bgs,<\/span><span class=\"\"> lai saglab\u0101tu stabilit\u0101ti p\u0113c sadursm\u0113m ar \u0161\u0137\u0113r\u0161\u013ciem.<\/span><\/p>\n<\/li>\n<li>\n<p data-path-to-node=\"8,3,0\"><b class=\"\" data-path-to-node=\"8,3,0\" data-index-in-node=\"0\">Paul Ulibarri Signature Series:<\/b><span class=\"\"> Ieg\u0101d\u0101joties \u0161o disku,<\/span><span class=\"\"> tu atbalsti vienu no disku golfa liel\u0101kaj\u0101m person\u012bb\u0101m un treneriem.<\/span><span class=\"\"> Ekskluz\u012bvais z\u012bmogs un kr\u0101su p\u0101rejas padara katru eksempl\u0101ru par unik\u0101lu kolekcijas v\u0113rt\u012bbu.<\/span><\/p>\n<\/li>\n<\/ul>","protected":false},"excerpt":{"rendered":"<p><b data-path-to-node=\"15,0\" data-index-in-node=\"0\">Discraft Ulibarri Captain\u2019s Special Blend Raptor<\/b> ir stabilit\u0101tes etalons, kas rad\u012bts sadarb\u012bb\u0101 ar Paul Ulibarri. Ar parametriem <b data-path-to-node=\"15,0\" data-index-in-node=\"128\">9 | 4 | 0 | 3<\/b>, \u0161is disks pied\u0101v\u0101 agres\u012bvu un prognoz\u0113jamu lidojumu pat sp\u0113c\u012bg\u0101kajos v\u0113ja apst\u0101k\u013cos. Ekskluz\u012bvais <b data-path-to-node=\"15,0\" data-index-in-node=\"241\">Captain\u2019s Special Blend<\/b> materi\u0101ls nodro\u0161ina elites l\u012bme\u0146a sa\u0137eri un maksim\u0101lu iztur\u012bbu. Ja mekl\u0113 uzticam\u0101ko r\u012bku prec\u012bziem hizeriem un jaud\u012bgiem <i data-path-to-node=\"15,0\" data-index-in-node=\"386\">forehand<\/i> metieniem, \u0161is speci\u0101lizlaiduma Raptor ir tava lab\u0101k\u0101 izv\u0113le.<\/p>","protected":false},"featured_media":3067,"template":"","meta":{"om_disable_all_campaigns":false},"product_brand":[59],"product_cat":[48,66,51],"product_tag":[],"class_list":{"0":"post-3062","1":"product","2":"type-product","3":"status-publish","4":"has-post-thumbnail","6":"product_brand-discraft","7":"product_cat-diski","8":"product_cat-fairway-drivers","9":"product_cat-izpardosana","11":"first","12":"instock","13":"sale","14":"taxable","15":"shipping-taxable","16":"purchasable","17":"product-type-variable"},"aioseo_notices":[],"jetpack_sharing_enabled":true,"_links":{"self":[{"href":"https:\/\/birdie.lv\/en\/wp-json\/wp\/v2\/product\/3062","targetHints":{"allow":["GET"]}}],"collection":[{"href":"https:\/\/birdie.lv\/en\/wp-json\/wp\/v2\/product"}],"about":[{"href":"https:\/\/birdie.lv\/en\/wp-json\/wp\/v2\/types\/product"}],"version-history":[{"count":2,"href":"https:\/\/birdie.lv\/en\/wp-json\/wp\/v2\/product\/3062\/revisions"}],"predecessor-version":[{"id":5104,"href":"https:\/\/birdie.lv\/en\/wp-json\/wp\/v2\/product\/3062\/revisions\/5104"}],"wp:featuredmedia":[{"embeddable":true,"href":"https:\/\/birdie.lv\/en\/wp-json\/wp\/v2\/media\/3067"}],"wp:attachment":[{"href":"https:\/\/birdie.lv\/en\/wp-json\/wp\/v2\/media?parent=3062"}],"wp:term":[{"taxonomy":"product_brand","embeddable":true,"href":"https:\/\/birdie.lv\/en\/wp-json\/wp\/v2\/product_brand?post=3062"},{"taxonomy":"product_cat","embeddable":true,"href":"https:\/\/birdie.lv\/en\/wp-json\/wp\/v2\/product_cat?post=3062"},{"taxonomy":"product_tag","embeddable":true,"href":"https:\/\/birdie.lv\/en\/wp-json\/wp\/v2\/product_tag?post=3062"}],"curies":[{"name":"wp","href":"https:\/\/api.w.org\/{rel}","templated":true}]}}