{"id":3069,"date":"2025-09-07T17:29:31","date_gmt":"2025-09-07T17:29:31","guid":{"rendered":"https:\/\/birdie.lv\/?post_type=product&#038;p=3069"},"modified":"2026-04-06T18:10:47","modified_gmt":"2026-04-06T18:10:47","slug":"z-swirl-force-ricky-wysocki-2025","status":"publish","type":"product","link":"https:\/\/birdie.lv\/en\/product\/z-swirl-force-ricky-wysocki-2025\/","title":{"rendered":"Discraft Z Swirl Force &#8211; Ricky Wysocki 2025"},"content":{"rendered":"<p data-path-to-node=\"6\"><b data-path-to-node=\"6\" data-index-in-node=\"0\">Discraft Z Swirl Force 2025<\/b> ir rad\u012bts vienam m\u0113r\u0137im \u2013 domin\u0113t distanc\u0113, nezaud\u0113jot kontroli. Ar lidojuma parametriem <b data-path-to-node=\"6\" data-index-in-node=\"117\">12 | 5 | 0 | 3<\/b>, Force ir industrijas standarts &#8220;overstable&#8221; distances draiveru kategorij\u0101. Rikijs Visockis, kur\u0161 ir paz\u012bstams ar savu agres\u012bvo sp\u0113les stilu un neticamo jaudu, izmanto \u0161o disku situ\u0101cij\u0101s, kur nepiecie\u0161ams maksim\u0101ls lidojuma att\u0101lums ar garant\u0113tu, sp\u0113c\u012bgu nosl\u0113gumu (<i data-path-to-node=\"6\" data-index-in-node=\"399\">fade<\/i>).<\/p>\n<p data-path-to-node=\"7\"><b data-path-to-node=\"7\" data-index-in-node=\"0\">K\u0101p\u0113c Ricky Wysocki 2025 Force ir tavs jaunais distances ierocis?<\/b><\/p>\n<ul data-path-to-node=\"8\">\n<li>\n<p data-path-to-node=\"8,0,0\"><b data-path-to-node=\"8,0,0\" data-index-in-node=\"0\">Bezbail\u012bba pretv\u0113j\u0101:<\/b> Force ir disks, kas neizgriez\u012bsies (<i data-path-to-node=\"8,0,0\" data-index-in-node=\"57\">turn<\/i>) pat sp\u0113c\u012bg\u0101kaj\u0101s v\u0113ja br\u0101zm\u0101s. T\u0101 0. l\u012bme\u0146a stabilit\u0101te s\u0101kuma f\u0101z\u0113 un 3. l\u012bme\u0146a nosl\u0113gums padara to par uzticam\u0101ko izv\u0113li atkl\u0101tos laukumos.<\/p>\n<\/li>\n<li>\n<p data-path-to-node=\"8,1,0\"><b data-path-to-node=\"8,1,0\" data-index-in-node=\"0\">Maksim\u0101la distance jaud\u012bgiem metieniem:<\/b> Ja tavs metiena \u0101trums ir pietiekams, Force pied\u0101v\u0101 iespaid\u012bgu plan\u0113jumu (<i data-path-to-node=\"8,1,0\" data-index-in-node=\"114\">glide 5<\/i>), kas \u013cauj diskam veikt lielu att\u0101lumu, pirms iest\u0101jas progres\u012bvais hizers.<\/p>\n<\/li>\n<li>\n<p data-path-to-node=\"8,2,0\"><b data-path-to-node=\"8,2,0\" data-index-in-node=\"0\">Z Swirl Plastmasa \u2013 Elites iztur\u012bba un stils:<\/b> 2025. gada Team Series izmanto uzlabotu Z Swirl sast\u0101vu. Z plastmasa ir Discraft visiztur\u012bg\u0101kais materi\u0101ls, kas saglab\u0101 stabilit\u0101ti gadiem ilgi, savuk\u0101rt &#8220;Swirl&#8221; efekts nodro\u0161ina unik\u0101lu, vizu\u0101li satrieco\u0161u izskatu katram eksempl\u0101ram.<\/p>\n<\/li>\n<li>\n<p data-path-to-node=\"8,3,0\"><b data-path-to-node=\"8,3,0\" data-index-in-node=\"0\">\u010cempiona paraksta s\u0113rija:<\/b> Uz diska ir ofici\u0101lais Rikija Visocka 2025. gada t\u016bres z\u012bmogs. Ieg\u0101d\u0101joties \u0161o disku, tu tie\u0161i atbalsti vienu no visu laiku lab\u0101kajiem sp\u0113l\u0113t\u0101jiem vi\u0146a ce\u013c\u0101 uz jauniem tituliem.<\/p>\n<\/li>\n<\/ul>","protected":false},"excerpt":{"rendered":"<p><b data-path-to-node=\"15,0\" data-index-in-node=\"0\">Discraft Z Swirl Force Ricky Wysocki 2025<\/b> ir elites distances draiveris, kas rad\u012bts sp\u0113kam un stabilit\u0101tei. Ar parametriem <b data-path-to-node=\"15,0\" data-index-in-node=\"123\">12 | 5 | 0 | 3<\/b>, tas pied\u0101v\u0101 nepiek\u0101p\u012bgu lidojuma trajektoriju pat vissare\u017e\u0123\u012bt\u0101kajos v\u0113ja apst\u0101k\u013cos. Ekskluz\u012bv\u0101 2025. gada <b data-path-to-node=\"15,0\" data-index-in-node=\"245\">Z Swirl<\/b> plastmasa nodro\u0161ina maksim\u0101lu iztur\u012bbu un unik\u0101lu vizu\u0101lo est\u0113tiku. Ja mekl\u0113 disku, kas sp\u0113j iztur\u0113t tavu jaud\u012bg\u0101ko metienu un vienm\u0113r uzticami nosl\u0113gt lidojumu, Rikija Visocka ofici\u0101l\u0101 izv\u0113le ir rad\u012bta tie\u0161i tev.<\/p>","protected":false},"featured_media":3073,"template":"","meta":{"om_disable_all_campaigns":false},"product_brand":[59],"product_cat":[48,67,51],"product_tag":[],"class_list":{"0":"post-3069","1":"product","2":"type-product","3":"status-publish","4":"has-post-thumbnail","6":"product_brand-discraft","7":"product_cat-diski","8":"product_cat-distance-drivers","9":"product_cat-izpardosana","11":"first","12":"instock","13":"sale","14":"taxable","15":"shipping-taxable","16":"purchasable","17":"product-type-variable"},"aioseo_notices":[],"jetpack_sharing_enabled":true,"_links":{"self":[{"href":"https:\/\/birdie.lv\/en\/wp-json\/wp\/v2\/product\/3069","targetHints":{"allow":["GET"]}}],"collection":[{"href":"https:\/\/birdie.lv\/en\/wp-json\/wp\/v2\/product"}],"about":[{"href":"https:\/\/birdie.lv\/en\/wp-json\/wp\/v2\/types\/product"}],"version-history":[{"count":2,"href":"https:\/\/birdie.lv\/en\/wp-json\/wp\/v2\/product\/3069\/revisions"}],"predecessor-version":[{"id":5106,"href":"https:\/\/birdie.lv\/en\/wp-json\/wp\/v2\/product\/3069\/revisions\/5106"}],"wp:featuredmedia":[{"embeddable":true,"href":"https:\/\/birdie.lv\/en\/wp-json\/wp\/v2\/media\/3073"}],"wp:attachment":[{"href":"https:\/\/birdie.lv\/en\/wp-json\/wp\/v2\/media?parent=3069"}],"wp:term":[{"taxonomy":"product_brand","embeddable":true,"href":"https:\/\/birdie.lv\/en\/wp-json\/wp\/v2\/product_brand?post=3069"},{"taxonomy":"product_cat","embeddable":true,"href":"https:\/\/birdie.lv\/en\/wp-json\/wp\/v2\/product_cat?post=3069"},{"taxonomy":"product_tag","embeddable":true,"href":"https:\/\/birdie.lv\/en\/wp-json\/wp\/v2\/product_tag?post=3069"}],"curies":[{"name":"wp","href":"https:\/\/api.w.org\/{rel}","templated":true}]}}