{"id":3075,"date":"2025-09-07T17:33:37","date_gmt":"2025-09-07T17:33:37","guid":{"rendered":"https:\/\/birdie.lv\/?post_type=product&#038;p=3075"},"modified":"2026-03-28T07:41:01","modified_gmt":"2026-03-28T07:41:01","slug":"paige-pierce-esp-nuke-signature-series","status":"publish","type":"product","link":"https:\/\/birdie.lv\/en\/product\/paige-pierce-esp-nuke-signature-series\/","title":{"rendered":"Discraft Paige Pierce ESP Nuke Signature Series"},"content":{"rendered":"<p data-path-to-node=\"6\"><b data-path-to-node=\"6\" data-index-in-node=\"0\">Discraft ESP Nuke<\/b> Peid\u017eas P\u012brsas s\u0113rij\u0101 ir disks, kas rad\u012bts, lai nojauktu distances robe\u017eas. Ar lidojuma parametriem <b data-path-to-node=\"6\" data-index-in-node=\"118\">13 | 5 | -1 | 3<\/b>, Nuke pied\u0101v\u0101 unik\u0101lu \u0101truma un plan\u0113juma kombin\u0101ciju. T\u0101 plat\u0101 apmale (<i data-path-to-node=\"6\" data-index-in-node=\"206\">rim<\/i>) nodro\u0161ina aerodinamisku efektivit\u0101ti, kas nepiecie\u0161ama, lai sasniegtu elites l\u012bme\u0146a att\u0101lumus. Lai gan Nuke ir \u0101trs, t\u0101 -1 pagrieziens (<i data-path-to-node=\"6\" data-index-in-node=\"347\">turn<\/i>) pie\u0161\u0137ir tam nelielu pielaid\u012bbu, \u013caujot pieredz\u0113ju\u0161iem sp\u0113l\u0113t\u0101jiem izveidot garas, distanci palielino\u0161as &#8220;S-curve&#8221; trajektorijas.<\/p>\n<p data-path-to-node=\"7\"><b data-path-to-node=\"7\" data-index-in-node=\"0\">K\u0101p\u0113c Paige Pierce Signature Nuke ir nepiecie\u0161ams tav\u0101 som\u0101?<\/b><\/p>\n<ul data-path-to-node=\"8\">\n<li>\n<p data-path-to-node=\"8,0,0\"><b data-path-to-node=\"8,0,0\" data-index-in-node=\"0\">Elites distance:<\/b> Nuke ir izstr\u0101d\u0101ts sp\u0113l\u0113t\u0101jiem, kuri v\u0113las sasniegt 120+ metru distanci. T\u0101 13. \u0101trums prasa sp\u0113c\u012bgu metienu, ta\u010du rezult\u0101ts ir viens no t\u0101l\u0101kajiem lidojumiem disku golfa pasaul\u0113.<\/p>\n<\/li>\n<li>\n<p data-path-to-node=\"8,1,0\"><b data-path-to-node=\"8,1,0\" data-index-in-node=\"0\">Kontrol\u0113ta jauda:<\/b> 3. l\u012bme\u0146a nosl\u0113gums (<i data-path-to-node=\"8,1,0\" data-index-in-node=\"39\">fade<\/i>) garant\u0113, ka pat p\u0113c gara lidojuma disks uzticami &#8220;atgriez\u012bsies&#8221; hizer\u012b. Tas padara Nuke par uzticamu izv\u0113li gan atkl\u0101tos laukumos, gan metienos pret m\u0113renu v\u0113ju.<\/p>\n<\/li>\n<li>\n<p data-path-to-node=\"8,2,0\"><b data-path-to-node=\"8,2,0\" data-index-in-node=\"0\">ESP Plastmasa \u2013 Izcila sa\u0137ere un &#8220;Swirl&#8221; est\u0113tika:<\/b> Paige Pierce s\u0113rijas ESP plastmasa ir \u012bpa\u0161i atlas\u012bta, lai sniegtu lab\u0101ko iesp\u0113jamo sa\u0137eri. T\u0101 ir nedaudz m\u012bkst\u0101ka nek\u0101 Z plastmasa, nodro\u0161inot p\u0101rliecino\u0161u tv\u0113rienu pat liel\u0101 \u0101trum\u0101. Katrs disks ir unik\u0101ls ar kr\u0101\u0161\u0146\u0101m kr\u0101su p\u0101rej\u0101m.<\/p>\n<\/li>\n<li>\n<p data-path-to-node=\"8,3,0\"><b data-path-to-node=\"8,3,0\" data-index-in-node=\"0\">\u010cempiones iedvesma:<\/b> Peid\u017ea P\u012brsa ir paz\u012bstama ar savu sp\u0113ju mest neticami t\u0101lu, neskatoties uz savu augumu. Nuke ir viens no vi\u0146as galvenajiem instrumentiem, lai domin\u0113tu garaj\u0101s tras\u0113s, un \u0161is paraksta s\u0113rijas disks \u013cauj tev izmantot to pa\u0161u tehnolo\u0123iju.<\/p>\n<\/li>\n<\/ul>","protected":false},"excerpt":{"rendered":"<p><b data-path-to-node=\"15,0\" data-index-in-node=\"0\">Discraft Paige Pierce ESP Nuke Signature Series<\/b> ir rad\u012bts vienam m\u0113r\u0137im \u2013 maksim\u0101lai distancei. Ar parametriem <b data-path-to-node=\"15,0\" data-index-in-node=\"111\">13 | 5 | -1 | 3<\/b>, \u0161is \u0101trais distances draiveris pied\u0101v\u0101 jaudu un stabilit\u0101ti, k\u0101du pieprasa elites l\u012bme\u0146a sp\u0113l\u0113t\u0101ji. Premium <b data-path-to-node=\"15,0\" data-index-in-node=\"236\">ESP<\/b> plastmasa nodro\u0161ina izcilu sa\u0137eri un unik\u0101lu vizu\u0101lo &#8220;swirl&#8221; dizainu. Ja mekl\u0113 disku, kas sp\u0113j transform\u0113t tavu metiena jaudu iespaid\u012bgos metros, Peid\u017eas P\u012brsas ofici\u0101l\u0101 izv\u0113le ir tavs lab\u0101kais sabiedrotais.<\/p>","protected":false},"featured_media":3081,"template":"","meta":{"om_disable_all_campaigns":false},"product_brand":[59],"product_cat":[48,67],"product_tag":[],"class_list":{"0":"post-3075","1":"product","2":"type-product","3":"status-publish","4":"has-post-thumbnail","6":"product_brand-discraft","7":"product_cat-diski","8":"product_cat-distance-drivers","10":"first","11":"instock","12":"taxable","13":"shipping-taxable","14":"purchasable","15":"product-type-variable"},"aioseo_notices":[],"jetpack_sharing_enabled":true,"_links":{"self":[{"href":"https:\/\/birdie.lv\/en\/wp-json\/wp\/v2\/product\/3075","targetHints":{"allow":["GET"]}}],"collection":[{"href":"https:\/\/birdie.lv\/en\/wp-json\/wp\/v2\/product"}],"about":[{"href":"https:\/\/birdie.lv\/en\/wp-json\/wp\/v2\/types\/product"}],"version-history":[{"count":1,"href":"https:\/\/birdie.lv\/en\/wp-json\/wp\/v2\/product\/3075\/revisions"}],"predecessor-version":[{"id":5107,"href":"https:\/\/birdie.lv\/en\/wp-json\/wp\/v2\/product\/3075\/revisions\/5107"}],"wp:featuredmedia":[{"embeddable":true,"href":"https:\/\/birdie.lv\/en\/wp-json\/wp\/v2\/media\/3081"}],"wp:attachment":[{"href":"https:\/\/birdie.lv\/en\/wp-json\/wp\/v2\/media?parent=3075"}],"wp:term":[{"taxonomy":"product_brand","embeddable":true,"href":"https:\/\/birdie.lv\/en\/wp-json\/wp\/v2\/product_brand?post=3075"},{"taxonomy":"product_cat","embeddable":true,"href":"https:\/\/birdie.lv\/en\/wp-json\/wp\/v2\/product_cat?post=3075"},{"taxonomy":"product_tag","embeddable":true,"href":"https:\/\/birdie.lv\/en\/wp-json\/wp\/v2\/product_tag?post=3075"}],"curies":[{"name":"wp","href":"https:\/\/api.w.org\/{rel}","templated":true}]}}