{"id":3083,"date":"2025-09-07T17:56:17","date_gmt":"2025-09-07T17:56:17","guid":{"rendered":"https:\/\/birdie.lv\/?post_type=product&#038;p=3083"},"modified":"2026-04-06T18:09:25","modified_gmt":"2026-04-06T18:09:25","slug":"2025-adam-hammes-tour-series-zone","status":"publish","type":"product","link":"https:\/\/birdie.lv\/en\/product\/2025-adam-hammes-tour-series-zone\/","title":{"rendered":"Discraft 2025 Adam Hammes Tour Series Zone"},"content":{"rendered":"<p data-path-to-node=\"6\"><b data-path-to-node=\"6\" data-index-in-node=\"0\">Discraft 2025 Tour Series Zone<\/b> \u0100dama Hemesa izpild\u012bjum\u0101 ir disks, kuram uzticas profesion\u0101\u013ci, kad k\u013c\u016bd\u0101m nav vietas. Ar lidojuma parametriem <b data-path-to-node=\"6\" data-index-in-node=\"141\">4 | 3 | 0 | 3<\/b>, Zone pied\u0101v\u0101 absol\u016btu prognoz\u0113jam\u012bbu. \u0160is 2025. gada izlaidums ir \u012bpa\u0161i izstr\u0101d\u0101ts, lai iztur\u0113tu agres\u012bvus metienus, nodro\u0161inot, ka disks neizgrie\u017eas pat sp\u0113c\u012bg\u0101 pretv\u0113j\u0101 vai pie liela rot\u0101cijas \u0101truma.<\/p>\n<p data-path-to-node=\"7\"><b data-path-to-node=\"7\" data-index-in-node=\"0\">K\u0101p\u0113c Adam Hammes 2025 Zone ir tavs lab\u0101kais r\u012bks pieg\u0101jieniem?<\/b><\/p>\n<ul data-path-to-node=\"8\">\n<li>\n<p data-path-to-node=\"8,0,0\"><b data-path-to-node=\"8,0,0\" data-index-in-node=\"0\">&#8220;Forehand&#8221; un &#8220;Backhand&#8221; uzticam\u012bba:<\/b> Zone plakanais profils un sekl\u0101 apmale padara to par izcilu izv\u0113li s\u0101nmetieniem (<i data-path-to-node=\"8,0,0\" data-index-in-node=\"118\">forehand<\/i>). \u0100dams Hemess ir paz\u012bstams ar savu prec\u012bzo pieg\u0101jienu sp\u0113li, un \u0161is disks ir vi\u0146a galvenais instruments punktu g\u016b\u0161anai.<\/p>\n<\/li>\n<li>\n<p data-path-to-node=\"8,1,0\"><b data-path-to-node=\"8,1,0\" data-index-in-node=\"0\">Agres\u012bvs &#8220;Fade&#8221;:<\/b> At\u0161\u0137ir\u012bb\u0101 no citiem pieg\u0101jiena diskiem, Hammes Zone ir slavena ar savu sp\u0113c\u012bgo un \u0101tro nosl\u0113gumu (<i data-path-to-node=\"8,1,0\" data-index-in-node=\"115\">fade<\/i>). Tas \u013cauj sp\u0113l\u0113t\u0101jiem dro\u0161i m\u0113r\u0137\u0113t s\u0101\u0146us no groza, zinot, ka disks vienm\u0113r &#8220;atgriez\u012bsies&#8221; pie m\u0113r\u0137a.<\/p>\n<\/li>\n<li>\n<p data-path-to-node=\"8,2,0\"><b data-path-to-node=\"8,2,0\" data-index-in-node=\"0\">2025. gada Premium materi\u0101ls:<\/b> \u0160\u012bs sezonas Tour Series disks ir izgatavots no \u012bpa\u0161a plastmasas mais\u012bjuma, kas apvieno elites sa\u0137eri ar maksim\u0101lu iztur\u012bbu. Tas ir nedaudz stingr\u0101ks nek\u0101 standarta ESP, nodro\u0161inot konsekventu atlai\u0161anu un ilgu m\u016b\u017eu pat akme\u0146ain\u0101s tras\u0113s.<\/p>\n<\/li>\n<li>\n<p data-path-to-node=\"8,3,0\"><b data-path-to-node=\"8,3,0\" data-index-in-node=\"0\">Ekskluz\u012bvs dizains un atbalsts:<\/b> Katrs disks ir unik\u0101ls ar kr\u0101\u0161\u0146\u0101m kr\u0101su p\u0101rej\u0101m un ofici\u0101lo \u0100dama Hemesa 2025. gada t\u016bres z\u012bmogu. Ieg\u0101d\u0101joties \u0161o disku, tu tie\u0161i atbalsti \u0100dama dal\u012bbu profesion\u0101laj\u0101 t\u016br\u0113.<\/p>\n<\/li>\n<\/ul>","protected":false},"excerpt":{"rendered":"<p><b data-path-to-node=\"15,0\" data-index-in-node=\"0\">Discraft Adam Hammes Tour Series Zone 2025<\/b> ir stabilit\u0101tes simbols, kas rad\u012bts elites l\u012bme\u0146a precizit\u0101tei. Ar parametriem <b data-path-to-node=\"15,0\" data-index-in-node=\"122\">4 | 3 | 0 | 3<\/b>, tas pied\u0101v\u0101 nepiek\u0101p\u012bgu lidojuma trajektoriju un prognoz\u0113jamu nosl\u0113gumu jebkuros apst\u0101k\u013cos. Ekskluz\u012bvais 2025. gada plastmasas sast\u0101vs nodro\u0161ina nevainojamu sa\u0137eri un unik\u0101lu vizu\u0101lo est\u0113tiku. Ja mekl\u0113 uzticam\u0101ko disku s\u0101nmetieniem un kontrol\u0113tiem hizeru pieg\u0101jieniem, \u0100dama Hemesa ofici\u0101l\u0101 izv\u0113le ir tavs lab\u0101kais sabiedrotais.<\/p>","protected":false},"featured_media":3090,"template":"","meta":{"om_disable_all_campaigns":false},"product_brand":[59],"product_cat":[48,51,64],"product_tag":[],"class_list":{"0":"post-3083","1":"product","2":"type-product","3":"status-publish","4":"has-post-thumbnail","6":"product_brand-discraft","7":"product_cat-diski","8":"product_cat-izpardosana","9":"product_cat-putter-approach","11":"first","12":"instock","13":"sale","14":"taxable","15":"shipping-taxable","16":"purchasable","17":"product-type-variable"},"aioseo_notices":[],"jetpack_sharing_enabled":true,"_links":{"self":[{"href":"https:\/\/birdie.lv\/en\/wp-json\/wp\/v2\/product\/3083","targetHints":{"allow":["GET"]}}],"collection":[{"href":"https:\/\/birdie.lv\/en\/wp-json\/wp\/v2\/product"}],"about":[{"href":"https:\/\/birdie.lv\/en\/wp-json\/wp\/v2\/types\/product"}],"version-history":[{"count":2,"href":"https:\/\/birdie.lv\/en\/wp-json\/wp\/v2\/product\/3083\/revisions"}],"predecessor-version":[{"id":5109,"href":"https:\/\/birdie.lv\/en\/wp-json\/wp\/v2\/product\/3083\/revisions\/5109"}],"wp:featuredmedia":[{"embeddable":true,"href":"https:\/\/birdie.lv\/en\/wp-json\/wp\/v2\/media\/3090"}],"wp:attachment":[{"href":"https:\/\/birdie.lv\/en\/wp-json\/wp\/v2\/media?parent=3083"}],"wp:term":[{"taxonomy":"product_brand","embeddable":true,"href":"https:\/\/birdie.lv\/en\/wp-json\/wp\/v2\/product_brand?post=3083"},{"taxonomy":"product_cat","embeddable":true,"href":"https:\/\/birdie.lv\/en\/wp-json\/wp\/v2\/product_cat?post=3083"},{"taxonomy":"product_tag","embeddable":true,"href":"https:\/\/birdie.lv\/en\/wp-json\/wp\/v2\/product_tag?post=3083"}],"curies":[{"name":"wp","href":"https:\/\/api.w.org\/{rel}","templated":true}]}}