{"id":3091,"date":"2025-09-07T18:06:22","date_gmt":"2025-09-07T18:06:22","guid":{"rendered":"https:\/\/birdie.lv\/?post_type=product&#038;p=3091"},"modified":"2026-03-28T07:27:53","modified_gmt":"2026-03-28T07:27:53","slug":"axiom-hex","status":"publish","type":"product","link":"https:\/\/birdie.lv\/en\/product\/axiom-hex\/","title":{"rendered":"Axiom Hex"},"content":{"rendered":"<p data-path-to-node=\"6\"><b data-path-to-node=\"6\" data-index-in-node=\"0\">Axiom Hex<\/b> ir defin\u012bcija v\u0101rdam &#8220;uzticam\u012bba&#8221;. Ar lidojuma parametriem <b data-path-to-node=\"6\" data-index-in-node=\"69\">5 | 5 | -1 | 1<\/b>, \u0161is disks ie\u0146em vietu starp taisn\u0101k lidojo\u0161ajiem diskiem industrij\u0101. Tas ir izstr\u0101d\u0101ts, lai notur\u0113tu jebkuru l\u012bniju, kur\u0101 to izmetat \u2013 no prec\u012bziem hizeriem l\u012bdz gariem, kontrol\u0113tiem anhaizeriem. Pateicoties zemajam profilam un \u0113rtajai apmalei, Hex sniedz izcilu saj\u016btu plaukst\u0101, nodro\u0161inot t\u012bru atlai\u0161anu katr\u0101 metien\u0101.<\/p>\n<p data-path-to-node=\"7\"><b data-path-to-node=\"7\" data-index-in-node=\"0\">K\u0101p\u0113c Axiom Hex ir oblig\u0101ts papildin\u0101jums tavai somai?<\/b><\/p>\n<ul data-path-to-node=\"8\">\n<li>\n<p data-path-to-node=\"8,0,0\"><b data-path-to-node=\"8,0,0\" data-index-in-node=\"0\">GYRO\u00ae Overmold tehnolo\u0123ija:<\/b> Axiom diskiem ir unik\u0101la divu da\u013cu konstrukcija. Smag\u0101k\u0101 plastmasa diska mal\u0101 palielina inerci, kas noz\u012bm\u0113, ka disks ilg\u0101k saglab\u0101 savu rot\u0101ciju un lidojuma l\u012bniju, nodro\u0161inot izcilu plan\u0113jumu un stabilit\u0101ti.<\/p>\n<\/li>\n<li>\n<p data-path-to-node=\"8,1,0\"><b data-path-to-node=\"8,1,0\" data-index-in-node=\"0\">&#8220;L\u0101zera&#8221; taisnums:<\/b> Hex ir slavens ar savu sp\u0113ju neizgriezties un neiekrist sp\u0113c\u012bg\u0101 hizer\u012b. Tas lidos taisni tik ilgi, cik vien iesp\u0113jams, nosl\u0113dzot lidojumu ar pavisam maigu un prognoz\u0113jamu kritienu.<\/p>\n<\/li>\n<li>\n<p data-path-to-node=\"8,2,0\"><b data-path-to-node=\"8,2,0\" data-index-in-node=\"0\">Univers\u0101ls pielietojums:<\/b> Tas ir ide\u0101ls disks me\u017ea tras\u0113m, kur nepiecie\u0161ama precizit\u0101te \u0161auros gaite\u0146os, k\u0101 ar\u012b atkl\u0101tiem laukumiem, kur vajadz\u012bga maksim\u0101la kontrole vid\u0113j\u0101s distanc\u0113s (60\u2013100 m).<\/p>\n<\/li>\n<li>\n<p data-path-to-node=\"8,3,0\"><b data-path-to-node=\"8,3,0\" data-index-in-node=\"0\">Vizu\u0101l\u0101 est\u0113tika:<\/b> Axiom ir paz\u012bstams ar sav\u0101m ko\u0161aj\u0101m kr\u0101su kombin\u0101cij\u0101m starp diska centru un malu (<i data-path-to-node=\"8,3,0\" data-index-in-node=\"101\">rim<\/i>), padarot Hex par vienu no skaist\u0101kajiem diskiem tav\u0101 som\u0101.<\/p>\n<\/li>\n<\/ul>\n<p data-path-to-node=\"9\"><b data-path-to-node=\"9\" data-index-in-node=\"0\">Plastmasu izv\u0113le:<\/b><\/p>\n<ol start=\"1\" data-path-to-node=\"10\">\n<li>\n<p data-path-to-node=\"10,0,0\"><b data-path-to-node=\"10,0,0\" data-index-in-node=\"0\">Neutron:<\/b> Popul\u0101r\u0101k\u0101 izv\u0113le. Pied\u0101v\u0101 izcilu iztur\u012bbu un premium sa\u0137eri jebkuros laikapst\u0101k\u013cos.<\/p>\n<\/li>\n<li>\n<p data-path-to-node=\"10,1,0\"><b data-path-to-node=\"10,1,0\" data-index-in-node=\"0\">Proton:<\/b> Ciet\u0101ka un caursp\u012bd\u012bga plastmasa, kas parasti ir nedaudz stabil\u0101ka un saglab\u0101 savus parametrus gadiem ilgi.<\/p>\n<\/li>\n<li>\n<p data-path-to-node=\"10,2,0\"><b data-path-to-node=\"10,2,0\" data-index-in-node=\"0\">Fission:<\/b> Izmanto mikro-burbul\u012b\u0161u tehnolo\u0123iju, lai palielin\u0101tu GYRO efektu, pied\u0101v\u0101jot v\u0113l liel\u0101ku plan\u0113jumu un pieejam\u012bbu viegl\u0101kos svaros.<\/p>\n<\/li>\n<\/ol>","protected":false},"excerpt":{"rendered":"<p><b data-path-to-node=\"17,0\" data-index-in-node=\"0\">Axiom Hex<\/b> ir vid\u0113j\u0101 r\u0101diusa disks, kas rad\u012bts absol\u016btai kontrolei. Ar parametriem <b data-path-to-node=\"17,0\" data-index-in-node=\"82\">5 | 5 | -1 | 1<\/b>, tas pied\u0101v\u0101 neticami taisnu lidojuma trajektoriju un izcilu plan\u0113jumu, pateicoties inovat\u012bvajai <b data-path-to-node=\"17,0\" data-index-in-node=\"194\">GYRO\u00ae Overmold<\/b> tehnolo\u0123ijai. Zemais profils un premium plastmasas nodro\u0161ina nevainojamu sa\u0137eri un komfortu katr\u0101 metien\u0101. Ja mekl\u0113 disku, kas prec\u012bzi izpild\u012bs tavu iecer\u0113to l\u012bniju un k\u013c\u016bs par uzticam\u0101ko r\u012bku tav\u0101 arsen\u0101l\u0101, Axiom Hex ir tava lab\u0101k\u0101 izv\u0113le.<\/p>","protected":false},"featured_media":3104,"template":"","meta":{"om_disable_all_campaigns":false},"product_brand":[226],"product_cat":[48,65],"product_tag":[],"class_list":{"0":"post-3091","1":"product","2":"type-product","3":"status-publish","4":"has-post-thumbnail","6":"product_brand-axiom","7":"product_cat-diski","8":"product_cat-midrange","10":"first","11":"instock","12":"taxable","13":"shipping-taxable","14":"purchasable","15":"product-type-variable"},"aioseo_notices":[],"jetpack_sharing_enabled":true,"_links":{"self":[{"href":"https:\/\/birdie.lv\/en\/wp-json\/wp\/v2\/product\/3091","targetHints":{"allow":["GET"]}}],"collection":[{"href":"https:\/\/birdie.lv\/en\/wp-json\/wp\/v2\/product"}],"about":[{"href":"https:\/\/birdie.lv\/en\/wp-json\/wp\/v2\/types\/product"}],"version-history":[{"count":2,"href":"https:\/\/birdie.lv\/en\/wp-json\/wp\/v2\/product\/3091\/revisions"}],"predecessor-version":[{"id":5110,"href":"https:\/\/birdie.lv\/en\/wp-json\/wp\/v2\/product\/3091\/revisions\/5110"}],"wp:featuredmedia":[{"embeddable":true,"href":"https:\/\/birdie.lv\/en\/wp-json\/wp\/v2\/media\/3104"}],"wp:attachment":[{"href":"https:\/\/birdie.lv\/en\/wp-json\/wp\/v2\/media?parent=3091"}],"wp:term":[{"taxonomy":"product_brand","embeddable":true,"href":"https:\/\/birdie.lv\/en\/wp-json\/wp\/v2\/product_brand?post=3091"},{"taxonomy":"product_cat","embeddable":true,"href":"https:\/\/birdie.lv\/en\/wp-json\/wp\/v2\/product_cat?post=3091"},{"taxonomy":"product_tag","embeddable":true,"href":"https:\/\/birdie.lv\/en\/wp-json\/wp\/v2\/product_tag?post=3091"}],"curies":[{"name":"wp","href":"https:\/\/api.w.org\/{rel}","templated":true}]}}