{"id":3108,"date":"2025-09-07T18:24:53","date_gmt":"2025-09-07T18:24:53","guid":{"rendered":"https:\/\/birdie.lv\/?post_type=product&#038;p=3108"},"modified":"2026-04-09T09:40:48","modified_gmt":"2026-04-09T09:40:48","slug":"neutron-trail","status":"publish","type":"product","link":"https:\/\/birdie.lv\/en\/product\/neutron-trail\/","title":{"rendered":"MVP Neutron Trail"},"content":{"rendered":"<p data-path-to-node=\"6\"><b data-path-to-node=\"6\" data-index-in-node=\"0\">MVP Neutron Trail<\/b> ie\u0146em unik\u0101lu vietu disku golfa som\u0101. Ar lidojuma parametriem <b data-path-to-node=\"6\" data-index-in-node=\"80\">10 | 5 | -1 | 1<\/b>, tas ir defin\u0113jams k\u0101 &#8220;kontrol\u0113jams distances draiveris&#8221;. Trail pied\u0101v\u0101 perfektu l\u012bdzsvaru \u2013 tas ir pietiekami \u0101trs, lai sasniegtu iespaid\u012bgas distances, bet taj\u0101 pa\u0161\u0101 laik\u0101 pietiekami stabils un prognoz\u0113jams, lai to var\u0113tu izmantot prec\u012bziem metieniem tras\u0113. Izmantojot inovat\u012bvo <b data-path-to-node=\"6\" data-index-in-node=\"377\">GYRO\u00ae Overmold<\/b> tehnolo\u0123iju, Trail saglab\u0101 savu rot\u0101ciju ilg\u0101k, nodro\u0161inot taisnu lidojumu ar maigu nosl\u0113gumu.<\/p>\n<p data-path-to-node=\"7\"><b data-path-to-node=\"7\" data-index-in-node=\"0\">K\u0101p\u0113c MVP Trail ir oblig\u0101ts papildin\u0101jums tavai somai?<\/b><\/p>\n<ul data-path-to-node=\"8\">\n<li>\n<p data-path-to-node=\"8,0,0\"><b data-path-to-node=\"8,0,0\" data-index-in-node=\"0\">GYRO\u00ae Overmold tehnolo\u0123ija:<\/b> Smag\u0101k\u0101 mala palielina diska inerci, kas noz\u012bm\u0113, ka Trail &#8220;pretojas&#8221; gaisa pretest\u012bbai un saglab\u0101 savu plan\u0113jumu ilg\u0101k nek\u0101 standarta vienas plastmasas diski.<\/p>\n<\/li>\n<li>\n<p data-path-to-node=\"8,1,0\"><b data-path-to-node=\"8,1,0\" data-index-in-node=\"0\">Univers\u0101ls &#8220;Hyzer-Flip&#8221; disks:<\/b> Sp\u0113l\u0113t\u0101jiem ar liel\u0101ku jaudu Trail ir ide\u0101ls r\u012bks &#8220;hyzer-flip&#8221; metieniem \u2013 palaists ar nelielu hizeri, tas izl\u012bdzin\u0101s un lido taisni k\u0101 bulta.<\/p>\n<\/li>\n<li>\n<p data-path-to-node=\"8,2,0\"><b data-path-to-node=\"8,2,0\" data-index-in-node=\"0\">Pielaid\u012bgs raksturs:<\/b> Trail ir izstr\u0101d\u0101ts, lai b\u016btu &#8220;taisni lidojo\u0161s draiveris&#8221;. T\u0101 -1 pagrieziens un 1 nosl\u0113gums (<i data-path-to-node=\"8,2,0\" data-index-in-node=\"114\">fade<\/i>) noz\u012bm\u0113, ka disks nep\u0101riet agres\u012bv\u0101 hizer\u012b p\u0101r\u0101k agri, \u013caujot sasniegt maksim\u0101lu distanci ar maz\u0101ku piep\u016bli.<\/p>\n<\/li>\n<li>\n<p data-path-to-node=\"8,3,0\"><b data-path-to-node=\"8,3,0\" data-index-in-node=\"0\">Ergonomisks 10. \u0101truma profils:<\/b> 10. \u0101truma apmale (<i data-path-to-node=\"8,3,0\" data-index-in-node=\"51\">rim<\/i>) ir ide\u0101li piem\u0113rota liel\u0101kajai da\u013cai plaukstu izm\u0113ru. T\u0101 nav p\u0101r\u0101k plata, nodro\u0161inot komfortablu tv\u0113rienu gan <i data-path-to-node=\"8,3,0\" data-index-in-node=\"166\">backhand<\/i>, gan <i data-path-to-node=\"8,3,0\" data-index-in-node=\"180\">forehand<\/i> metieniem.<\/p>\n<\/li>\n<\/ul>\n<p data-path-to-node=\"9\"><b data-path-to-node=\"9\" data-index-in-node=\"0\">Neutron Plastmasa \u2013 Premium kvalit\u0101te:<\/b> Neutron ir MVP vispopul\u0101r\u0101k\u0101 premium plastmasa:<\/p>\n<ol start=\"1\" data-path-to-node=\"10\">\n<li>\n<p data-path-to-node=\"10,0,0\"><b data-path-to-node=\"10,0,0\" data-index-in-node=\"0\">Izcila iztur\u012bba:<\/b> \u0160is disks saglab\u0101s savus lidojuma parametrus pat p\u0113c neskait\u0101m\u0101m sadursm\u0113m ar \u0161\u0137\u0113r\u0161\u013ciem.<\/p>\n<\/li>\n<li>\n<p data-path-to-node=\"10,1,0\"><b data-path-to-node=\"10,1,0\" data-index-in-node=\"0\">Nevainojama sa\u0137ere:<\/b> Pat mitros laikapst\u0101k\u013cos Neutron plastmasa nodro\u0161ina dro\u0161u un konsekventu tv\u0113rienu.<\/p>\n<\/li>\n<li>\n<p data-path-to-node=\"10,2,0\"><b data-path-to-node=\"10,2,0\" data-index-in-node=\"0\">Ko\u0161as kr\u0101sas:<\/b> Neutron materi\u0101ls izce\u013cas ar ko\u0161iem, necaursp\u012bd\u012bgiem to\u0146iem, kas padara disku viegli paman\u0101mu tras\u0113.<\/p>\n<\/li>\n<\/ol>","protected":false},"excerpt":{"rendered":"<p><b data-path-to-node=\"17,0\" data-index-in-node=\"0\">MVP Neutron Trail<\/b> ir rad\u012bts, lai sniegtu tev maksim\u0101lu distanci ar nep\u0101rsp\u0113jamu kontroli. Ar parametriem <b data-path-to-node=\"17,0\" data-index-in-node=\"105\">10 | 5 | -1 | 1<\/b>, \u0161is disks pied\u0101v\u0101 taisnu lidojuma trajektoriju un izcilu plan\u0113jumu, pateicoties le\u0123end\u0101rajai <b data-path-to-node=\"17,0\" data-index-in-node=\"215\">GYRO\u00ae Overmold<\/b> tehnolo\u0123ijai. Premium <b data-path-to-node=\"17,0\" data-index-in-node=\"252\">Neutron<\/b> plastmasa nodro\u0161ina maksim\u0101lu iztur\u012bbu un elites l\u012bme\u0146a sa\u0137eri jebkuros apst\u0101k\u013cos. Neatkar\u012bgi no t\u0101, vai esi ies\u0101c\u0113js, kas mekl\u0113 savu pirmo distances draiveri, vai profesion\u0101lis, kam nepiecie\u0161ama precizit\u0101te, MVP Trail ir tava lab\u0101k\u0101 izv\u0113le.<\/p>","protected":false},"featured_media":3119,"template":"","meta":{"om_disable_all_campaigns":false},"product_brand":[57],"product_cat":[48,67],"product_tag":[],"class_list":{"0":"post-3108","1":"product","2":"type-product","3":"status-publish","4":"has-post-thumbnail","6":"product_brand-mvp","7":"product_cat-diski","8":"product_cat-distance-drivers","10":"first","11":"instock","12":"taxable","13":"shipping-taxable","14":"purchasable","15":"product-type-variable"},"aioseo_notices":[],"jetpack_sharing_enabled":true,"_links":{"self":[{"href":"https:\/\/birdie.lv\/en\/wp-json\/wp\/v2\/product\/3108","targetHints":{"allow":["GET"]}}],"collection":[{"href":"https:\/\/birdie.lv\/en\/wp-json\/wp\/v2\/product"}],"about":[{"href":"https:\/\/birdie.lv\/en\/wp-json\/wp\/v2\/types\/product"}],"version-history":[{"count":1,"href":"https:\/\/birdie.lv\/en\/wp-json\/wp\/v2\/product\/3108\/revisions"}],"predecessor-version":[{"id":5111,"href":"https:\/\/birdie.lv\/en\/wp-json\/wp\/v2\/product\/3108\/revisions\/5111"}],"wp:featuredmedia":[{"embeddable":true,"href":"https:\/\/birdie.lv\/en\/wp-json\/wp\/v2\/media\/3119"}],"wp:attachment":[{"href":"https:\/\/birdie.lv\/en\/wp-json\/wp\/v2\/media?parent=3108"}],"wp:term":[{"taxonomy":"product_brand","embeddable":true,"href":"https:\/\/birdie.lv\/en\/wp-json\/wp\/v2\/product_brand?post=3108"},{"taxonomy":"product_cat","embeddable":true,"href":"https:\/\/birdie.lv\/en\/wp-json\/wp\/v2\/product_cat?post=3108"},{"taxonomy":"product_tag","embeddable":true,"href":"https:\/\/birdie.lv\/en\/wp-json\/wp\/v2\/product_tag?post=3108"}],"curies":[{"name":"wp","href":"https:\/\/api.w.org\/{rel}","templated":true}]}}