{"id":3431,"date":"2025-09-27T05:08:44","date_gmt":"2025-09-27T05:08:44","guid":{"rendered":"https:\/\/birdie.lv\/?post_type=product&#038;p=3431"},"modified":"2026-04-06T18:21:24","modified_gmt":"2026-04-06T18:21:24","slug":"esp-malita-prototype","status":"publish","type":"product","link":"https:\/\/birdie.lv\/en\/product\/esp-malita-prototype\/","title":{"rendered":"Discraft ESP Malita &#8211; Prototype"},"content":{"rendered":"<p data-path-to-node=\"6\"><b data-path-to-node=\"6\" data-index-in-node=\"0\">Discraft ESP Malta (Prototype)<\/b> ir rad\u012bts sp\u0113l\u0113t\u0101jiem, kuriem nepiecie\u0161ama absol\u016bta uzticam\u012bba un sp\u0113c\u012bgs nosl\u0113gums (<i data-path-to-node=\"6\" data-index-in-node=\"116\">fade<\/i>). Ar lidojuma parametriem <b data-path-to-node=\"6\" data-index-in-node=\"147\">5 | 4 | 1 | 3<\/b>, Malta pied\u0101v\u0101 neparastu stabilit\u0101tes kombin\u0101ciju \u2013 tas ir nedaudz l\u0113n\u0101ks par distances draiveriem, bet sp\u0113j iztur\u0113t tikpat lielu jaudu bez &#8220;izgrie\u0161an\u0101s&#8221;. T\u0101 unik\u0101lais, sal\u012bdzino\u0161i mazais diametrs un izteikt\u0101 apmales kant\u012bte (<i data-path-to-node=\"6\" data-index-in-node=\"387\">bead<\/i>) nodro\u0161ina agres\u012bvu trajektoriju, kas ir ide\u0101li piem\u0113rota prec\u012bziem hizeru metieniem.<\/p>\n<p data-path-to-node=\"7\"><b data-path-to-node=\"7\" data-index-in-node=\"0\">K\u0101p\u0113c Malta Prototype ir ekskluz\u012bvs papildin\u0101jums tavai somai?<\/b><\/p>\n<ul data-path-to-node=\"8\">\n<li>\n<p data-path-to-node=\"8,0,0\"><b data-path-to-node=\"8,0,0\" data-index-in-node=\"0\">&#8220;Prototype&#8221; statuss:<\/b> \u0160is ir pirmais Malta izlaidums, kas padara to par \u012bpa\u0161i k\u0101rotu eksempl\u0101ru kolekcion\u0101riem un Pola Makbeta faniem. Prototipa stadijas diski bie\u017ei izce\u013cas ar nedaudz unik\u0101l\u0101k\u0101m lidojuma \u012bpa\u0161\u012bb\u0101m un \u012bpa\u0161u vizu\u0101lo z\u012bmogu.<\/p>\n<\/li>\n<li>\n<p data-path-to-node=\"8,1,0\"><b data-path-to-node=\"8,1,0\" data-index-in-node=\"0\">Stabilit\u0101te v\u0113j\u0101:<\/b> Malta ir tavs lab\u0101kais draugs dien\u0101s, kad p\u016b\u0161 br\u0101zmains v\u0113j\u0161. T\u0101 3. l\u012bme\u0146a beigu kritiens garant\u0113, ka disks vienm\u0113r atrad\u012bs ce\u013cu atpaka\u013c uz m\u0113r\u0137i, nevis aizlidos t\u0101lu pa v\u0113jam.<\/p>\n<\/li>\n<li>\n<p data-path-to-node=\"8,2,0\"><b data-path-to-node=\"8,2,0\" data-index-in-node=\"0\">Kompakts dizains:<\/b> At\u0161\u0137ir\u012bb\u0101 no tradicion\u0101lajiem vid\u0113j\u0101 r\u0101diusa diskiem (k\u0101 <i data-path-to-node=\"8,2,0\" data-index-in-node=\"75\">Buzzz<\/i>), Maltai ir maz\u0101ks diametrs, kas sniedz unik\u0101lu saj\u016btu plaukst\u0101 un \u013cauj to viegl\u0101k kontrol\u0113t jaud\u012bgos metienos.<\/p>\n<\/li>\n<li>\n<p data-path-to-node=\"8,3,0\"><b data-path-to-node=\"8,3,0\" data-index-in-node=\"0\">ESP Plastmasa \u2013 Premium &#8220;Swirl&#8221; sa\u0137ere:<\/b> ESP materi\u0101ls ir paz\u012bstams ar savu iztur\u012bbu un izcilo sa\u0137eri. Prototipa s\u0113rij\u0101 ESP plastmasa bie\u017ei ir ar \u012bpa\u0161i izteiktiem kr\u0101su virpu\u013ciem, padarot katru disku par unik\u0101lu m\u0101kslas darbu.<\/p>\n<\/li>\n<\/ul>","protected":false},"excerpt":{"rendered":"<p><b data-path-to-node=\"15,0\" data-index-in-node=\"0\">Discraft ESP Malta Prototype<\/b> ir elites l\u012bme\u0146a vid\u0113j\u0101 r\u0101diusa disks, kas rad\u012bts sadarb\u012bb\u0101 ar se\u0161k\u0101rt\u0113jo pasaules \u010dempionu Polu Makbetu. Ar parametriem <b data-path-to-node=\"15,0\" data-index-in-node=\"150\">5 | 4 | 1 | 3<\/b>, tas pied\u0101v\u0101 nepiek\u0101p\u012bgu stabilit\u0101ti un prognoz\u0113jamu lidojumu pat sp\u0113c\u012bg\u0101kaj\u0101 v\u0113j\u0101. Ekskluz\u012bvais <b data-path-to-node=\"15,0\" data-index-in-node=\"261\">Prototype<\/b> izlaidums ar premium <b data-path-to-node=\"15,0\" data-index-in-node=\"292\">ESP<\/b> plastmasu nodro\u0161ina izcilu sa\u0137eri un unik\u0101lu vizu\u0101lo est\u0113tiku. Ja mekl\u0113 uzticam\u0101ko r\u012bku jaud\u012bgiem hizeru metieniem, \u0161is speci\u0101lizlaiduma disks ir tava lab\u0101k\u0101 izv\u0113le.<\/p>","protected":false},"featured_media":3447,"template":"","meta":{"om_disable_all_campaigns":false},"product_brand":[59],"product_cat":[48,51,65,362],"product_tag":[],"class_list":{"0":"post-3431","1":"product","2":"type-product","3":"status-publish","4":"has-post-thumbnail","6":"product_brand-discraft","7":"product_cat-diski","8":"product_cat-izpardosana","9":"product_cat-midrange","10":"product_cat-paul-mcbeth","12":"first","13":"instock","14":"sale","15":"taxable","16":"shipping-taxable","17":"purchasable","18":"product-type-variable"},"aioseo_notices":[],"jetpack_sharing_enabled":true,"_links":{"self":[{"href":"https:\/\/birdie.lv\/en\/wp-json\/wp\/v2\/product\/3431","targetHints":{"allow":["GET"]}}],"collection":[{"href":"https:\/\/birdie.lv\/en\/wp-json\/wp\/v2\/product"}],"about":[{"href":"https:\/\/birdie.lv\/en\/wp-json\/wp\/v2\/types\/product"}],"version-history":[{"count":2,"href":"https:\/\/birdie.lv\/en\/wp-json\/wp\/v2\/product\/3431\/revisions"}],"predecessor-version":[{"id":5112,"href":"https:\/\/birdie.lv\/en\/wp-json\/wp\/v2\/product\/3431\/revisions\/5112"}],"wp:featuredmedia":[{"embeddable":true,"href":"https:\/\/birdie.lv\/en\/wp-json\/wp\/v2\/media\/3447"}],"wp:attachment":[{"href":"https:\/\/birdie.lv\/en\/wp-json\/wp\/v2\/media?parent=3431"}],"wp:term":[{"taxonomy":"product_brand","embeddable":true,"href":"https:\/\/birdie.lv\/en\/wp-json\/wp\/v2\/product_brand?post=3431"},{"taxonomy":"product_cat","embeddable":true,"href":"https:\/\/birdie.lv\/en\/wp-json\/wp\/v2\/product_cat?post=3431"},{"taxonomy":"product_tag","embeddable":true,"href":"https:\/\/birdie.lv\/en\/wp-json\/wp\/v2\/product_tag?post=3431"}],"curies":[{"name":"wp","href":"https:\/\/api.w.org\/{rel}","templated":true}]}}