{"id":3459,"date":"2025-09-27T05:44:36","date_gmt":"2025-09-27T05:44:36","guid":{"rendered":"https:\/\/birdie.lv\/?post_type=product&#038;p=3459"},"modified":"2026-03-27T19:36:28","modified_gmt":"2026-03-27T19:36:28","slug":"esp-athena-paul-mcbeth","status":"publish","type":"product","link":"https:\/\/birdie.lv\/en\/product\/esp-athena-paul-mcbeth\/","title":{"rendered":"Discraft ESP Athena &#8211; Paul McBeth"},"content":{"rendered":"<h5 data-path-to-node=\"7\"><b data-path-to-node=\"7\" data-index-in-node=\"0\">K\u0101p\u0113c Paul McBeth ESP Athena ir tavs n\u0101kamais &#8220;darba zirgs&#8221;?<\/b><\/h5>\n<ul data-path-to-node=\"8\">\n<li>\n<p data-path-to-node=\"8,0,0\"><b data-path-to-node=\"8,0,0\" data-index-in-node=\"0\">Perfekta kontrole un stabilit\u0101te:<\/b> Athena ir izstr\u0101d\u0101ta, lai tiktu gal\u0101 ar sp\u0113c\u012bg\u0101kajiem metieniem, nezaud\u0113jot savu l\u012bniju. T\u0101 stabilit\u0101te nodro\u0161ina, ka disks lido taisni pat lielos \u0101trumos, nosl\u0113dzoties ar paredzamu un uzticamu <i data-path-to-node=\"8,0,0\" data-index-in-node=\"228\">fade<\/i>.<\/p>\n<\/li>\n<li>\n<p data-path-to-node=\"8,1,0\"><b data-path-to-node=\"8,1,0\" data-index-in-node=\"0\">&#8220;Mazais br\u0101lis&#8221; Anax modelim:<\/b> Ja tev pat\u012bk Discraft Anax lidojuma trajektorija, bet nepiecie\u0161ams l\u0113n\u0101ks un kontrol\u0113jam\u0101ks disks \u012bs\u0101k\u0101m distanc\u0113m, Athena ir ide\u0101la izv\u0113le. T\u0101 \u013cauj manipul\u0113t ar daudzveid\u012bg\u0101m l\u012bnij\u0101m jebkuros laikapst\u0101k\u013cos.<\/p>\n<\/li>\n<li>\n<p data-path-to-node=\"8,2,0\"><b data-path-to-node=\"8,2,0\" data-index-in-node=\"0\">Premium ESP plastika:<\/b> \u0160is materi\u0101ls ir slavens ar savu iztur\u012bbu un izcilo sa\u0137eri. ESP plastika nodro\u0161ina, ka Athena laika gait\u0101 &#8220;beatojas&#8221; (nolietojas) l\u0113n\u0101m, saglab\u0101jot savu <i data-path-to-node=\"8,2,0\" data-index-in-node=\"175\">overstable<\/i> raksturu ilg\u0101k nek\u0101 b\u0101zes materi\u0101li.<\/p>\n<\/li>\n<li>\n<p data-path-to-node=\"8,3,0\"><b data-path-to-node=\"8,3,0\" data-index-in-node=\"0\">Uz priek\u0161u v\u0113rsts nosl\u0113gums:<\/b> At\u0161\u0137ir\u012bb\u0101 no diskiem, kas lidojuma beig\u0101s strauji &#8220;kr\u012bt&#8221; s\u0101nis, Athena pied\u0101v\u0101 &#8220;forward-penetrating&#8221; hyzer fini\u0161u, pal\u012bdzot ieg\u016bt papildu metrus pat piezem\u0113\u0161an\u0101s f\u0101z\u0113.<\/p>\n<\/li>\n<\/ul>\n<hr data-path-to-node=\"9\" \/>\n<h5 data-path-to-node=\"10\"><b data-path-to-node=\"10\" data-index-in-node=\"0\">Ofici\u0101lais Discraft raksturojums par Athena<\/b><\/h5>\n<blockquote data-path-to-node=\"11\">\n<p data-path-to-node=\"11,0\">\u201cIepaz\u012bstin\u0101m ar sesto disku Paul McBeth l\u012bnij\u0101. \u0160is 7. \u0101truma draiveris ir paredz\u0113ts kontrol\u0113tiem metieniem ar uzticamu nosl\u0113gumu. K\u0101 saka pats Pauls: \u2018Discraft fairway draiveri ir visvair\u0101k nenov\u0113rt\u0113tie disku golf\u0101, bet Athena perfekti aizpilda ni\u0161u, kas l\u012bdz \u0161im bija tuk\u0161a.\u2019\u201d<\/p>\n<\/blockquote>","protected":false},"excerpt":{"rendered":"<p data-path-to-node=\"5\"><b class=\"\" data-path-to-node=\"5\" data-index-in-node=\"0\">Discraft Athena<\/b><span class=\"\"> ir sestais disks ekskluz\u012bvaj\u0101 Paula Makbeta s\u0113rij\u0101.<\/span><span class=\"\"> Ar lidojuma parametriem <\/span><b class=\"\" data-path-to-node=\"5\" data-index-in-node=\"92\">[7\/5\/0\/2]<\/b><span class=\"\">,<\/span><span class=\"\"> \u0161is <\/span><b class=\"\" data-path-to-node=\"5\" data-index-in-node=\"107\">fairway draiveris<\/b><span class=\"\"> pied\u0101v\u0101 izcilu stabilit\u0101ti un taisnu lidojumu,<\/span><span class=\"\"> aizpildot kritisku ni\u0161u starp <\/span><i class=\"\" data-path-to-node=\"5\" data-index-in-node=\"202\">midrange<\/i><span class=\"\"> diskiem un jaud\u012bgajiem distances draiveriem.<\/span><\/p>\n","protected":false},"featured_media":3458,"template":"","meta":{"om_disable_all_campaigns":false},"product_brand":[59],"product_cat":[48,66,284,362],"product_tag":[],"class_list":{"0":"post-3459","1":"product","2":"type-product","3":"status-publish","4":"has-post-thumbnail","6":"product_brand-discraft","7":"product_cat-diski","8":"product_cat-fairway-drivers","9":"product_cat-new","10":"product_cat-paul-mcbeth","12":"first","13":"instock","14":"taxable","15":"shipping-taxable","16":"purchasable","17":"product-type-variable"},"aioseo_notices":[],"jetpack_sharing_enabled":true,"_links":{"self":[{"href":"https:\/\/birdie.lv\/en\/wp-json\/wp\/v2\/product\/3459","targetHints":{"allow":["GET"]}}],"collection":[{"href":"https:\/\/birdie.lv\/en\/wp-json\/wp\/v2\/product"}],"about":[{"href":"https:\/\/birdie.lv\/en\/wp-json\/wp\/v2\/types\/product"}],"version-history":[{"count":1,"href":"https:\/\/birdie.lv\/en\/wp-json\/wp\/v2\/product\/3459\/revisions"}],"predecessor-version":[{"id":5078,"href":"https:\/\/birdie.lv\/en\/wp-json\/wp\/v2\/product\/3459\/revisions\/5078"}],"wp:featuredmedia":[{"embeddable":true,"href":"https:\/\/birdie.lv\/en\/wp-json\/wp\/v2\/media\/3458"}],"wp:attachment":[{"href":"https:\/\/birdie.lv\/en\/wp-json\/wp\/v2\/media?parent=3459"}],"wp:term":[{"taxonomy":"product_brand","embeddable":true,"href":"https:\/\/birdie.lv\/en\/wp-json\/wp\/v2\/product_brand?post=3459"},{"taxonomy":"product_cat","embeddable":true,"href":"https:\/\/birdie.lv\/en\/wp-json\/wp\/v2\/product_cat?post=3459"},{"taxonomy":"product_tag","embeddable":true,"href":"https:\/\/birdie.lv\/en\/wp-json\/wp\/v2\/product_tag?post=3459"}],"curies":[{"name":"wp","href":"https:\/\/api.w.org\/{rel}","templated":true}]}}