{"id":3506,"date":"2025-09-27T07:01:00","date_gmt":"2025-09-27T07:01:00","guid":{"rendered":"https:\/\/birdie.lv\/?post_type=product&#038;p=3506"},"modified":"2026-03-27T19:34:58","modified_gmt":"2026-03-27T19:34:58","slug":"electron-medium-pixel","status":"publish","type":"product","link":"https:\/\/birdie.lv\/en\/product\/electron-medium-pixel\/","title":{"rendered":"Axiom Electron Medium Pixel"},"content":{"rendered":"<h5 data-path-to-node=\"7\"><b data-path-to-node=\"7\" data-index-in-node=\"0\">K\u0101p\u0113c Axiom Pixel ir jaunais standarts puteru pasaul\u0113?<\/b><\/h5>\n<ul data-path-to-node=\"8\">\n<li>\n<p data-path-to-node=\"8,0,0\"><b data-path-to-node=\"8,0,0\" data-index-in-node=\"0\">Simona Lizotes &#8220;Putters&#8221; izv\u0113le:<\/b> Pixel ir gadiem ilgas pieredzes kulmin\u0101cija. Simons to izmanto k\u0101 savu galveno puteri turn\u012bros, pateicoties t\u0101 sp\u0113jai notur\u0113t taisnu l\u012bniju ar minim\u0101lu <i data-path-to-node=\"8,0,0\" data-index-in-node=\"185\">fade<\/i> pat no liela att\u0101luma (C2 zona).<\/p>\n<\/li>\n<li>\n<p data-path-to-node=\"8,1,0\"><b data-path-to-node=\"8,1,0\" data-index-in-node=\"0\">Jaunais Electron plastmasas blends:<\/b> Pixel palai\u0161ana iez\u012bm\u0113 jaunu \u0113ru MVP\/Axiom b\u0101zes plastik\u0101. Uzlabot\u0101 Electron plastmasa ir &#8220;lip\u012bg\u0101ka&#8221;, nodro\u0161ina lab\u0101ku sa\u0137eri un pied\u0101v\u0101 v\u0113l maig\u0101ku <i data-path-to-node=\"8,1,0\" data-index-in-node=\"185\">Soft<\/i> versiju, kas burtiski ie\u0137eras groza \u0137\u0113d\u0113s.<\/p>\n<\/li>\n<li>\n<p data-path-to-node=\"8,2,0\"><b data-path-to-node=\"8,2,0\" data-index-in-node=\"0\">Maksim\u0101ls Glide 4:<\/b> Reti kur\u0161 puteris pied\u0101v\u0101 tik lielu plan\u0113juma koeficientu pie tik maza \u0101truma. Tas noz\u012bm\u0113, ka Pixel &#8220;peld&#8221; pa gaisu ilg\u0101k, prasot maz\u0101ku piep\u016bli, lai sasniegtu grozu no distances.<\/p>\n<\/li>\n<li>\n<p data-path-to-node=\"8,3,0\"><b data-path-to-node=\"8,3,0\" data-index-in-node=\"0\">Dzi\u013c\u0161 profils un Micro-bead:<\/b> Diska dizains nodro\u0161ina piln\u012bgu plaukstas piepild\u012bjumu un konsekventu izmetienu. Neliel\u0101 apmale (<i data-path-to-node=\"8,3,0\" data-index-in-node=\"126\">micro-bead<\/i>) apak\u0161\u0101 pal\u012bdz saglab\u0101t diska stabilit\u0101ti un lidojuma \u012bpa\u0161\u012bbas ilg\u0101k\u0101 laika posm\u0101.<\/p>\n<\/li>\n<\/ul>\n<hr data-path-to-node=\"9\" \/>\n<h5 data-path-to-node=\"10\"><b data-path-to-node=\"10\" data-index-in-node=\"0\">Ofici\u0101lais Axiom Discs raksturojums par Pixel<\/b><\/h5>\n<blockquote data-path-to-node=\"11\">\n<p data-path-to-node=\"11,0\">\u201cPixel ir ofici\u0101li kl\u0101t! Ar parametriem <b data-path-to-node=\"11,0\" data-index-in-node=\"40\">[2\/4\/0\/0.5]<\/b>, tas ir taisns un stabils disks, kas uzticami tur jebkuru l\u012bniju. Neatkar\u012bgi no t\u0101, vai met no <i data-path-to-node=\"11,0\" data-index-in-node=\"147\">tee<\/i> vai atrodies uz za\u013c\u0101s zonas, Pixel izce\u013cas ar pietiekamu plan\u0113jumu, lai non\u0101ktu tie\u0161i m\u0113r\u0137\u012b. Tas ir 7x DGPT uzvar\u0113t\u0101ja Simona Lizotes galvenais instruments \u2013 pacel savu sp\u0113li n\u0101kamaj\u0101 l\u012bmen\u012b!\u201d<\/p>\n<\/blockquote>\n","protected":false},"excerpt":{"rendered":"<p><b data-path-to-node=\"5\" data-index-in-node=\"0\">Axiom Pixel<\/b> ir Simona Lizotes (<i data-path-to-node=\"5\" data-index-in-node=\"31\">Simon Lizotte<\/i>) paraksta s\u0113rijas puteris ar lidojuma parametriem <b data-path-to-node=\"5\" data-index-in-node=\"95\">[2\/4\/0\/0.5]<\/b>. \u0160is dzi\u013c\u0101 profila disks ar <i data-path-to-node=\"5\" data-index-in-node=\"135\">micro-bead<\/i> ir rad\u012bts maksim\u0101lam plan\u0113jumam (<i data-path-to-node=\"5\" data-index-in-node=\"179\">glide<\/i>) un taisnam lidojumam, k\u013c\u016bstot par galveno izv\u0113li gan prec\u012bziem metieniem groz\u0101, gan kontrol\u0113tiem metieniem no starta laukuma.<\/p>\n","protected":false},"featured_media":3519,"template":"","meta":{"om_disable_all_campaigns":false},"product_brand":[226],"product_cat":[48,284,64],"product_tag":[],"class_list":{"0":"post-3506","1":"product","2":"type-product","3":"status-publish","4":"has-post-thumbnail","6":"product_brand-axiom","7":"product_cat-diski","8":"product_cat-new","9":"product_cat-putter-approach","11":"first","12":"instock","13":"taxable","14":"shipping-taxable","15":"purchasable","16":"product-type-variable"},"aioseo_notices":[],"jetpack_sharing_enabled":true,"_links":{"self":[{"href":"https:\/\/birdie.lv\/en\/wp-json\/wp\/v2\/product\/3506","targetHints":{"allow":["GET"]}}],"collection":[{"href":"https:\/\/birdie.lv\/en\/wp-json\/wp\/v2\/product"}],"about":[{"href":"https:\/\/birdie.lv\/en\/wp-json\/wp\/v2\/types\/product"}],"version-history":[{"count":1,"href":"https:\/\/birdie.lv\/en\/wp-json\/wp\/v2\/product\/3506\/revisions"}],"predecessor-version":[{"id":5075,"href":"https:\/\/birdie.lv\/en\/wp-json\/wp\/v2\/product\/3506\/revisions\/5075"}],"wp:featuredmedia":[{"embeddable":true,"href":"https:\/\/birdie.lv\/en\/wp-json\/wp\/v2\/media\/3519"}],"wp:attachment":[{"href":"https:\/\/birdie.lv\/en\/wp-json\/wp\/v2\/media?parent=3506"}],"wp:term":[{"taxonomy":"product_brand","embeddable":true,"href":"https:\/\/birdie.lv\/en\/wp-json\/wp\/v2\/product_brand?post=3506"},{"taxonomy":"product_cat","embeddable":true,"href":"https:\/\/birdie.lv\/en\/wp-json\/wp\/v2\/product_cat?post=3506"},{"taxonomy":"product_tag","embeddable":true,"href":"https:\/\/birdie.lv\/en\/wp-json\/wp\/v2\/product_tag?post=3506"}],"curies":[{"name":"wp","href":"https:\/\/api.w.org\/{rel}","templated":true}]}}