{"id":3590,"date":"2025-10-18T09:35:26","date_gmt":"2025-10-18T09:35:26","guid":{"rendered":"https:\/\/birdie.lv\/?post_type=product&#038;p=3590"},"modified":"2026-04-06T18:11:17","modified_gmt":"2026-04-06T18:11:17","slug":"proto-glow-halo-champion-firebird-n-sexton","status":"publish","type":"product","link":"https:\/\/birdie.lv\/en\/product\/proto-glow-halo-champion-firebird-n-sexton\/","title":{"rendered":"Innova Proto Glow Halo Champion Firebird N.Sexton"},"content":{"rendered":"<h5 data-path-to-node=\"7\"><b data-path-to-node=\"7\" data-index-in-node=\"0\">K\u0101p\u0113c Nate Sexton Firebird ir popul\u0101r\u0101kais disks pasaul\u0113?<\/b><\/h5>\n<ul data-path-to-node=\"8\">\n<li>\n<p data-path-to-node=\"8,0,0\"><b data-path-to-node=\"8,0,0\" data-index-in-node=\"0\">Perfekta stabilit\u0101tes kontrole:<\/b> At\u0161\u0137ir\u012bb\u0101 no standarta Firebird, Sexton versija ir nedaudz &#8220;m\u012bkst\u0101ka&#8221; stabilit\u0101tes zi\u0146\u0101, padarot to par ide\u0101lu r\u012bku prec\u012bziem <i data-path-to-node=\"8,0,0\" data-index-in-node=\"158\">forehand<\/i> un <i data-path-to-node=\"8,0,0\" data-index-in-node=\"170\">backhand<\/i> metieniem, kuriem nepiecie\u0161ams uzticams, bet ne p\u0101rlieku agres\u012bvs nosl\u0113gums.<\/p>\n<\/li>\n<li>\n<p data-path-to-node=\"8,1,0\"><b data-path-to-node=\"8,1,0\" data-index-in-node=\"0\">Proto Glow Halo Champion plastika:<\/b> \u0160is 2025. gada jaunums apvieno iztur\u012bgo Champion caursp\u012bd\u012bgumu ar Halo s\u0113rijas kontrast\u0113jo\u0161o malu un jaud\u012bgu <b data-path-to-node=\"8,1,0\" data-index-in-node=\"144\">Proto Glow<\/b> efektu. Disks izskat\u0101s iespaid\u012bgi gan dienas gaism\u0101, gan nakts turn\u012bros.<\/p>\n<\/li>\n<li>\n<p data-path-to-node=\"8,2,0\"><b data-path-to-node=\"8,2,0\" data-index-in-node=\"0\">Univers\u0101ls arsen\u0101ls:<\/b> \u0160is disks ir &#8220;darba zirgs&#8221; jebkur\u0101 situ\u0101cij\u0101 \u2013 tas ir perfekts <i data-path-to-node=\"8,2,0\" data-index-in-node=\"84\">spike hyzer<\/i>, gariem <i data-path-to-node=\"8,2,0\" data-index-in-node=\"104\">flex<\/i> metieniem un <i data-path-to-node=\"8,2,0\" data-index-in-node=\"122\">overhead<\/i> (tomahawk\/thumber) tehnikai. Tas ir disks, uz kuru vari pa\u013cauties pat sp\u0113c\u012bg\u0101kaj\u0101 pretv\u0113j\u0101.<\/p>\n<\/li>\n<li>\n<p data-path-to-node=\"8,3,0\"><b data-path-to-node=\"8,3,0\" data-index-in-node=\"0\">Kolekcion\u0101ra v\u0113rt\u012bba:<\/b> Katrs Nate Sexton t\u016bres s\u0113rijas gads k\u013c\u016bst par kolekcion\u0101ru iecien\u012btu objektu. Ieg\u0101d\u0101joties \u0161o disku, tu tie\u0161i atbalsti viena no visu laiku popul\u0101r\u0101k\u0101 sp\u0113l\u0113t\u0101ja un koment\u0113t\u0101ja dal\u012bbu turn\u012bros.<\/p>\n<\/li>\n<\/ul>\n<hr data-path-to-node=\"9\" \/>\n<h5 data-path-to-node=\"10\"><b data-path-to-node=\"10\" data-index-in-node=\"0\">Ofici\u0101lais Innova Discs raksturojums<\/b><\/h5>\n<blockquote data-path-to-node=\"11\">\n<p data-path-to-node=\"11,0\">\u201cFirebird kombin\u0101cija ar izcilu \u0101trumu un stabilit\u0101ti \u013cauj metienus pret v\u0113ju veikt p\u0101rliecino\u0161i. \u0160is disks ir rad\u012bts profesion\u0101la l\u012bme\u0146a sp\u0113l\u0113t\u0101jiem un ir k\u013cuvis par iecien\u012bt\u0101ko izv\u0113li <i data-path-to-node=\"11,0\" data-index-in-node=\"186\">sidearm<\/i> un garajiem <i data-path-to-node=\"11,0\" data-index-in-node=\"206\">flex<\/i> metieniem. Nate Sexton s\u0113rija turpina \u0161o trad\u012bciju ar v\u0113l nebiju\u0161u plastikas inov\u0101ciju.\u201d<\/p>\n<\/blockquote>","protected":false},"excerpt":{"rendered":"<p><b data-path-to-node=\"5\" data-index-in-node=\"0\">Nate Sexton Firebird<\/b> ir le\u0123end\u0101rs, <i data-path-to-node=\"5\" data-index-in-node=\"35\">overstable<\/i> <b data-path-to-node=\"5\" data-index-in-node=\"46\">fairway draiveris<\/b> ar lidojuma parametriem <b data-path-to-node=\"5\" data-index-in-node=\"88\">[9\/3\/0\/4]<\/b>. 2025. gada t\u016bres s\u0113rijas izlaidums ir izgatavots no ekskluz\u012bv\u0101s <b data-path-to-node=\"5\" data-index-in-node=\"163\">Proto Glow Halo Champion<\/b> plastikas, nodro\u0161inot nep\u0101rsp\u0113jamu stabilit\u0101ti, izcilu sp\u012bd\u0113\u0161anu tums\u0101 un profesion\u0101la l\u012bme\u0146a kontroli jebkuros apst\u0101k\u013cos.<\/p>\n","protected":false},"featured_media":3595,"template":"","meta":{"om_disable_all_campaigns":false},"product_brand":[53],"product_cat":[48,67,51,284],"product_tag":[],"class_list":{"0":"post-3590","1":"product","2":"type-product","3":"status-publish","4":"has-post-thumbnail","6":"product_brand-innova","7":"product_cat-diski","8":"product_cat-distance-drivers","9":"product_cat-izpardosana","10":"product_cat-new","12":"first","13":"instock","14":"sale","15":"taxable","16":"shipping-taxable","17":"purchasable","18":"product-type-variable"},"aioseo_notices":[],"jetpack_sharing_enabled":true,"_links":{"self":[{"href":"https:\/\/birdie.lv\/en\/wp-json\/wp\/v2\/product\/3590","targetHints":{"allow":["GET"]}}],"collection":[{"href":"https:\/\/birdie.lv\/en\/wp-json\/wp\/v2\/product"}],"about":[{"href":"https:\/\/birdie.lv\/en\/wp-json\/wp\/v2\/types\/product"}],"version-history":[{"count":2,"href":"https:\/\/birdie.lv\/en\/wp-json\/wp\/v2\/product\/3590\/revisions"}],"predecessor-version":[{"id":5072,"href":"https:\/\/birdie.lv\/en\/wp-json\/wp\/v2\/product\/3590\/revisions\/5072"}],"wp:featuredmedia":[{"embeddable":true,"href":"https:\/\/birdie.lv\/en\/wp-json\/wp\/v2\/media\/3595"}],"wp:attachment":[{"href":"https:\/\/birdie.lv\/en\/wp-json\/wp\/v2\/media?parent=3590"}],"wp:term":[{"taxonomy":"product_brand","embeddable":true,"href":"https:\/\/birdie.lv\/en\/wp-json\/wp\/v2\/product_brand?post=3590"},{"taxonomy":"product_cat","embeddable":true,"href":"https:\/\/birdie.lv\/en\/wp-json\/wp\/v2\/product_cat?post=3590"},{"taxonomy":"product_tag","embeddable":true,"href":"https:\/\/birdie.lv\/en\/wp-json\/wp\/v2\/product_tag?post=3590"}],"curies":[{"name":"wp","href":"https:\/\/api.w.org\/{rel}","templated":true}]}}