{"id":3600,"date":"2025-10-18T09:42:43","date_gmt":"2025-10-18T09:42:43","guid":{"rendered":"https:\/\/birdie.lv\/?post_type=product&#038;p=3600"},"modified":"2026-04-06T18:09:46","modified_gmt":"2026-04-06T18:09:46","slug":"proto-glow-halo-star-mamba-juliana-korver","status":"publish","type":"product","link":"https:\/\/birdie.lv\/en\/product\/proto-glow-halo-star-mamba-juliana-korver\/","title":{"rendered":"Innova Proto Glow Halo Star Mamba Juliana Korver"},"content":{"rendered":"<h5 data-path-to-node=\"7\"><b data-path-to-node=\"7\" data-index-in-node=\"0\">K\u0101p\u0113c Juliana Korver Proto Glow Mamba ir tavs n\u0101kamais distances r\u012bks?<\/b><\/h5>\n<ul data-path-to-node=\"8\">\n<li>\n<p data-path-to-node=\"8,0,0\"><b data-path-to-node=\"8,0,0\" data-index-in-node=\"0\">Proto Glow Halo Star plastika:<\/b> \u0160is ir 2025.\/2026. gada jaunums, kas apvieno le\u0123end\u0101ro Halo Star est\u0113tiku (kontrast\u0113jo\u0161a mala) ar uzlabotu <b data-path-to-node=\"8,0,0\" data-index-in-node=\"138\">Proto Glow<\/b> sp\u012bd\u0113\u0161anas tehnolo\u0123iju un premium sa\u0137eri. Tas ne tikai izskat\u0101s fantastiski, bet ir ar\u012b viegli atrodams kr\u0113slas stund\u0101s.<\/p>\n<\/li>\n<li>\n<p data-path-to-node=\"8,1,0\"><b data-path-to-node=\"8,1,0\" data-index-in-node=\"0\">Maksim\u0101la distance ies\u0101c\u0113jiem:<\/b> Pateicoties ekstr\u0113majam <i data-path-to-node=\"8,1,0\" data-index-in-node=\"55\">-5 turn<\/i> r\u0101d\u012bt\u0101jam, Mamba ir viens no pateic\u012bg\u0101kajiem distances draiveriem sp\u0113l\u0113t\u0101jiem ar vid\u0113ju metiena jaudu. Tas pal\u012bdz diskam notur\u0113ties gais\u0101 ilg\u0101k, veidojot skaistu &#8220;S&#8221; veida lidojuma trajektoriju.<\/p>\n<\/li>\n<li>\n<p data-path-to-node=\"8,2,0\"><b data-path-to-node=\"8,2,0\" data-index-in-node=\"0\">Profesion\u0101\u013cu &#8220;Roller&#8221; un &#8220;Turnover&#8221; disks:<\/b> Pieredz\u0113ju\u0161i sp\u0113l\u0113t\u0101ji, k\u0101 5x pasaules \u010dempione Juliana Korver, izmanto Mamba kontrol\u0113tiem <i data-path-to-node=\"8,2,0\" data-index-in-node=\"134\">turnover<\/i> metieniem, kas nekad neiztaisnojas, vai gariem, prec\u012bziem <i data-path-to-node=\"8,2,0\" data-index-in-node=\"201\">rolleriem<\/i>.<\/p>\n<\/li>\n<li>\n<p data-path-to-node=\"8,3,0\"><b data-path-to-node=\"8,3,0\" data-index-in-node=\"0\">Iespaid\u012bgs Glide 6:<\/b> Mamba burtiski &#8220;atsak\u0101s&#8221; krist zem\u0113. T\u0101 plan\u0113jums \u013cauj sasniegt distances, kas parasti pras\u012btu daudz liel\u0101ku fizisko sp\u0113ku un \u0101trumu.<\/p>\n<\/li>\n<\/ul>\n<hr data-path-to-node=\"9\" \/>\n<h5 data-path-to-node=\"10\"><b data-path-to-node=\"10\" data-index-in-node=\"0\">Ofici\u0101lais Innova Discs raksturojums<\/b><\/h5>\n<blockquote data-path-to-node=\"11\">\n<p data-path-to-node=\"11,0\">\u201cJuliana Korver desmitgad\u0113m ilgi ir pilnveidojusi disku lidojuma m\u0101kslu. Kad vi\u0146ai nepiecie\u0161ams maksimuma distances disks, kas papildina vi\u0146as tehniku un precizit\u0101ti, vi\u0146a izv\u0113las Tour Series Halo Star Mamba. Tas ir atsl\u0113ga p\u0101rsteidzo\u0161ai distancei ar gludu un kontrol\u0113tu sp\u0113ku.\u201d<\/p>\n<\/blockquote>","protected":false},"excerpt":{"rendered":"<p data-path-to-node=\"5\"><b class=\"\" data-path-to-node=\"5\" data-index-in-node=\"0\">Innova Mamba<\/b><span class=\"\"> ir viens no popul\u0101r\u0101kajiem <\/span><i class=\"\" data-path-to-node=\"5\" data-index-in-node=\"40\">understable<\/i><span class=\"\"> distances draiveriem pasaul\u0113,<\/span><span class=\"\"> un \u0161\u012b <\/span><b class=\"\" data-path-to-node=\"5\" data-index-in-node=\"88\">Juliana Korver Tour Series<\/b><span class=\"\"> versija pace\u013c to jaun\u0101 l\u012bmen\u012b.<\/span><span class=\"\"> Ar lidojuma parametriem <\/span><b class=\"\" data-path-to-node=\"5\" data-index-in-node=\"170\">[11\/6\/-5\/1]<\/b><span class=\"\">,<\/span><span class=\"\"> disks pied\u0101v\u0101 neticamu plan\u0113jumu (<\/span><i class=\"\" data-path-to-node=\"5\" data-index-in-node=\"217\">glide<\/i><span class=\"\">) un vieglu pagriezienu (<\/span><i class=\"\" data-path-to-node=\"5\" data-index-in-node=\"247\">turn<\/i><span class=\"\">),<\/span><span class=\"\"> padarot to par ide\u0101lu izv\u0113li maksim\u0101lam att\u0101lumam.<\/span><\/p>\n","protected":false},"featured_media":3605,"template":"","meta":{"om_disable_all_campaigns":false},"product_brand":[53],"product_cat":[48,67,51],"product_tag":[],"class_list":{"0":"post-3600","1":"product","2":"type-product","3":"status-publish","4":"has-post-thumbnail","6":"product_brand-innova","7":"product_cat-diski","8":"product_cat-distance-drivers","9":"product_cat-izpardosana","11":"first","12":"instock","13":"sale","14":"taxable","15":"shipping-taxable","16":"purchasable","17":"product-type-variable"},"aioseo_notices":[],"jetpack_sharing_enabled":true,"_links":{"self":[{"href":"https:\/\/birdie.lv\/en\/wp-json\/wp\/v2\/product\/3600","targetHints":{"allow":["GET"]}}],"collection":[{"href":"https:\/\/birdie.lv\/en\/wp-json\/wp\/v2\/product"}],"about":[{"href":"https:\/\/birdie.lv\/en\/wp-json\/wp\/v2\/types\/product"}],"version-history":[{"count":4,"href":"https:\/\/birdie.lv\/en\/wp-json\/wp\/v2\/product\/3600\/revisions"}],"predecessor-version":[{"id":5071,"href":"https:\/\/birdie.lv\/en\/wp-json\/wp\/v2\/product\/3600\/revisions\/5071"}],"wp:featuredmedia":[{"embeddable":true,"href":"https:\/\/birdie.lv\/en\/wp-json\/wp\/v2\/media\/3605"}],"wp:attachment":[{"href":"https:\/\/birdie.lv\/en\/wp-json\/wp\/v2\/media?parent=3600"}],"wp:term":[{"taxonomy":"product_brand","embeddable":true,"href":"https:\/\/birdie.lv\/en\/wp-json\/wp\/v2\/product_brand?post=3600"},{"taxonomy":"product_cat","embeddable":true,"href":"https:\/\/birdie.lv\/en\/wp-json\/wp\/v2\/product_cat?post=3600"},{"taxonomy":"product_tag","embeddable":true,"href":"https:\/\/birdie.lv\/en\/wp-json\/wp\/v2\/product_tag?post=3600"}],"curies":[{"name":"wp","href":"https:\/\/api.w.org\/{rel}","templated":true}]}}