{"id":3609,"date":"2025-10-18T09:51:52","date_gmt":"2025-10-18T09:51:52","guid":{"rendered":"https:\/\/birdie.lv\/?post_type=product&#038;p=3609"},"modified":"2026-04-06T18:19:20","modified_gmt":"2026-04-06T18:19:20","slug":"tour-series-aviar","status":"publish","type":"product","link":"https:\/\/birdie.lv\/en\/product\/tour-series-aviar\/","title":{"rendered":"Innova Tour Series Aviar"},"content":{"rendered":"<h5 data-path-to-node=\"7\"><b data-path-to-node=\"7\" data-index-in-node=\"0\">K\u0101p\u0113c Innova Tour Series Aviar ir &#8220;must-have&#8221; tav\u0101 som\u0101?<\/b><\/h5>\n<ul data-path-to-node=\"8\">\n<li>\n<p data-path-to-node=\"8,0,0\"><b data-path-to-node=\"8,0,0\" data-index-in-node=\"0\">Le\u0123end\u0101r\u0101 KC Pro plastmasa:<\/b> \u0160is izlaidums apvieno cieto un st\u012bvo KC Pro stila plastmasu ar klasisko <i data-path-to-node=\"8,0,0\" data-index-in-node=\"100\">beadless<\/i> Aviar formu. \u0160\u012b kombin\u0101cija nodro\u0161ina vienu no t\u012br\u0101kajiem un konsekvent\u0101kajiem izmetieniem tirg\u016b, ko nov\u0113rt\u0113 elites sp\u0113l\u0113t\u0101ji.<\/p>\n<\/li>\n<li>\n<p data-path-to-node=\"8,1,0\"><b data-path-to-node=\"8,1,0\" data-index-in-node=\"0\">Univers\u0101ls &#8220;darba zirgs&#8221;:<\/b> Tour Series Aviar ir izcils gan metieniem pa grozu (<i data-path-to-node=\"8,1,0\" data-index-in-node=\"78\">putting<\/i>), gan jaud\u012bgiem metieniem no starta laukuma (<i data-path-to-node=\"8,1,0\" data-index-in-node=\"131\">tee<\/i>). S\u0101kotn\u0113ji tas lido taisni ar maigu <i data-path-to-node=\"8,1,0\" data-index-in-node=\"172\">fade<\/i>, bet laika gait\u0101 k\u013c\u016bst par perfektu <i data-path-to-node=\"8,1,0\" data-index-in-node=\"213\">hyzer-flip<\/i> un <i data-path-to-node=\"8,1,0\" data-index-in-node=\"227\">flippable approach<\/i> disku.<\/p>\n<\/li>\n<li>\n<p data-path-to-node=\"8,2,0\"><b data-path-to-node=\"8,2,0\" data-index-in-node=\"0\">T\u012bra saj\u016bta un kontrole:<\/b> Pateicoties tam, ka diskam nav apak\u0161\u0113j\u0101s apmales (<i data-path-to-node=\"8,2,0\" data-index-in-node=\"75\">beadless<\/i>), tas perfekti iegulst rok\u0101, nodro\u0161inot maksim\u0101lu p\u0101rliec\u012bbu gan <i data-path-to-node=\"8,2,0\" data-index-in-node=\"149\">backhand<\/i>, gan <i data-path-to-node=\"8,2,0\" data-index-in-node=\"163\">forehand<\/i> pieg\u0101jienos.<\/p>\n<\/li>\n<li>\n<p data-path-to-node=\"8,3,0\"><b data-path-to-node=\"8,3,0\" data-index-in-node=\"0\">Atbalsts profesion\u0101\u013ciem:<\/b> Ieg\u0101d\u0101joties \u0161o disku, tu tie\u0161i atbalsti Innova t\u016bres sp\u0113l\u0113t\u0101jus (Team Star un Team Champion), pal\u012bdzot vi\u0146iem start\u0113t presti\u017e\u0101kajos pasaules turn\u012bros.<\/p>\n<\/li>\n<\/ul>\n<hr data-path-to-node=\"9\" \/>\n<h5 data-path-to-node=\"10\"><b data-path-to-node=\"10\" data-index-in-node=\"0\">Ofici\u0101lais Innova Discs raksturojums<\/b><\/h5>\n<blockquote data-path-to-node=\"11\">\n<p data-path-to-node=\"11,0\">\u201cFanu iecien\u012btais un joproj\u0101m #1 \u2013 PnA (Putt &amp; Approach) Aviar KC Pro materi\u0101l\u0101 atgrie\u017eas v\u0113lreiz. \u0160is disks ir rad\u012bts sp\u0113l\u0113t\u0101jiem visos prasmju l\u012bme\u0146os, pied\u0101v\u0101jot uzticam\u012bbu un kontroli, kas padar\u012bjusi Aviar par zelta standartu disku golfa pasaul\u0113.\u201d<\/p>\n<\/blockquote>","protected":false},"excerpt":{"rendered":"<p><b data-path-to-node=\"5\" data-index-in-node=\"0\">Innova Aviar<\/b> ir visu laiku popul\u0101r\u0101kais puteris disku golfa v\u0113stur\u0113, un \u0161\u012b <b data-path-to-node=\"5\" data-index-in-node=\"75\">Tour Series<\/b> versija pace\u013c to jaun\u0101 l\u012bmen\u012b. Ar lidojuma parametriem <b data-path-to-node=\"5\" data-index-in-node=\"142\">[2\/3\/0\/1]<\/b>, \u0161is <i data-path-to-node=\"5\" data-index-in-node=\"157\">beadless<\/i> (bez apmales apak\u0161\u0101) disks pied\u0101v\u0101 taisnu lidojumu, izcilu plan\u0113jumu (<i data-path-to-node=\"5\" data-index-in-node=\"236\">glide<\/i>) un profesion\u0101la l\u012bme\u0146a sa\u0137eri.<\/p>\n","protected":false},"featured_media":3614,"template":"","meta":{"om_disable_all_campaigns":false},"product_brand":[53],"product_cat":[48,51,64],"product_tag":[],"class_list":{"0":"post-3609","1":"product","2":"type-product","3":"status-publish","4":"has-post-thumbnail","6":"product_brand-innova","7":"product_cat-diski","8":"product_cat-izpardosana","9":"product_cat-putter-approach","11":"first","12":"instock","13":"sale","14":"taxable","15":"shipping-taxable","16":"purchasable","17":"product-type-variable"},"aioseo_notices":[],"jetpack_sharing_enabled":true,"_links":{"self":[{"href":"https:\/\/birdie.lv\/en\/wp-json\/wp\/v2\/product\/3609","targetHints":{"allow":["GET"]}}],"collection":[{"href":"https:\/\/birdie.lv\/en\/wp-json\/wp\/v2\/product"}],"about":[{"href":"https:\/\/birdie.lv\/en\/wp-json\/wp\/v2\/types\/product"}],"version-history":[{"count":2,"href":"https:\/\/birdie.lv\/en\/wp-json\/wp\/v2\/product\/3609\/revisions"}],"predecessor-version":[{"id":5064,"href":"https:\/\/birdie.lv\/en\/wp-json\/wp\/v2\/product\/3609\/revisions\/5064"}],"wp:featuredmedia":[{"embeddable":true,"href":"https:\/\/birdie.lv\/en\/wp-json\/wp\/v2\/media\/3614"}],"wp:attachment":[{"href":"https:\/\/birdie.lv\/en\/wp-json\/wp\/v2\/media?parent=3609"}],"wp:term":[{"taxonomy":"product_brand","embeddable":true,"href":"https:\/\/birdie.lv\/en\/wp-json\/wp\/v2\/product_brand?post=3609"},{"taxonomy":"product_cat","embeddable":true,"href":"https:\/\/birdie.lv\/en\/wp-json\/wp\/v2\/product_cat?post=3609"},{"taxonomy":"product_tag","embeddable":true,"href":"https:\/\/birdie.lv\/en\/wp-json\/wp\/v2\/product_tag?post=3609"}],"curies":[{"name":"wp","href":"https:\/\/api.w.org\/{rel}","templated":true}]}}